{"id":1915,"date":"2022-09-27T17:09:55","date_gmt":"2022-09-27T17:09:55","guid":{"rendered":"https:\/\/feelcaboverde.com\/?page_id=1915"},"modified":"2023-04-02T12:14:41","modified_gmt":"2023-04-02T12:14:41","slug":"fogo","status":"publish","type":"page","link":"https:\/\/feelcaboverde.com\/es\/fuego\/","title":{"rendered":"Fogo"},"content":{"rendered":"<div data-elementor-type=\"wp-page\" data-elementor-id=\"1915\" class=\"elementor elementor-1915\">\n\t\t\t\t\t\t\t<div class=\"elementor-element elementor-element-680395d e-container--column e-container\" data-id=\"680395d\" data-element_type=\"container\">\t\t\t\t<div class=\"elementor-element elementor-element-e595508 elementor--h-position-center elementor--v-position-middle elementor-arrows-position-inside elementor-pagination-position-inside elementor-widget elementor-widget-slides\" data-id=\"e595508\" data-element_type=\"widget\" data-settings=\"{&quot;navigation&quot;:&quot;both&quot;,&quot;autoplay&quot;:&quot;yes&quot;,&quot;pause_on_hover&quot;:&quot;yes&quot;,&quot;pause_on_interaction&quot;:&quot;yes&quot;,&quot;autoplay_speed&quot;:5000,&quot;infinite&quot;:&quot;yes&quot;,&quot;transition&quot;:&quot;slide&quot;,&quot;transition_speed&quot;:500}\" data-widget_type=\"slides.default\">\n\t\t\t\t<div class=\"elementor-widget-container\">\n\t\t\t<style>\/*! elementor-pro - v3.5.2 - 28-11-2021 *\/\n.elementor-slides .swiper-slide-bg{-webkit-background-size:cover;background-size:cover;background-position:50%;background-repeat:no-repeat;min-width:100%;min-height:100%}.elementor-slides .swiper-slide-inner{background-repeat:no-repeat;background-position:50%;position:absolute;top:0;left:0;bottom:0;right:0;padding:50px;margin:auto}.elementor-slides .swiper-slide-inner,.elementor-slides .swiper-slide-inner:hover{color:#fff;display:-webkit-box;display:-ms-flexbox;display:flex}.elementor-slides .swiper-slide-inner .elementor-background-overlay{position:absolute;z-index:0;top:0;bottom:0;left:0;right:0}.elementor-slides .swiper-slide-inner .elementor-slide-content{position:relative;z-index:1;width:100%}.elementor-slides .swiper-slide-inner .elementor-slide-heading{font-size:35px;font-weight:700;line-height:1}.elementor-slides .swiper-slide-inner .elementor-slide-description{font-size:17px;line-height:1.4}.elementor-slides .swiper-slide-inner .elementor-slide-description:not(:last-child),.elementor-slides .swiper-slide-inner .elementor-slide-heading:not(:last-child){margin-bottom:30px}.elementor-slides .swiper-slide-inner .elementor-slide-button{border:2px solid #fff;color:#fff;background:transparent;display:inline-block}.elementor-slides .swiper-slide-inner .elementor-slide-button,.elementor-slides .swiper-slide-inner .elementor-slide-button:hover{background:transparent;color:inherit;text-decoration:none}.elementor--v-position-top .swiper-slide-inner{-webkit-box-align:start;-ms-flex-align:start;align-items:flex-start}.elementor--v-position-bottom .swiper-slide-inner{-webkit-box-align:end;-ms-flex-align:end;align-items:flex-end}.elementor--v-position-middle .swiper-slide-inner{-webkit-box-align:center;-ms-flex-align:center;align-items:center}.elementor--h-position-left .swiper-slide-inner{-webkit-box-pack:start;-ms-flex-pack:start;justify-content:flex-start}.elementor--h-position-right .swiper-slide-inner{-webkit-box-pack:end;-ms-flex-pack:end;justify-content:flex-end}.elementor--h-position-center .swiper-slide-inner{-webkit-box-pack:center;-ms-flex-pack:center;justify-content:center}body.rtl .elementor-widget-slides .elementor-swiper-button-next{left:10px;right:auto}body.rtl .elementor-widget-slides .elementor-swiper-button-prev{right:10px;left:auto}.elementor-slides-wrapper div:not(.swiper-slide)>.swiper-slide-inner{display:none}@media (max-width:767px){.elementor-slides .swiper-slide-inner{padding:30px}.elementor-slides .swiper-slide-inner .elementor-slide-heading{font-size:23px;line-height:1;margin-bottom:15px}.elementor-slides .swiper-slide-inner .elementor-slide-description{font-size:13px;line-height:1.4;margin-bottom:15px}}<\/style>\t\t<div class=\"elementor-swiper\">\n\t\t\t<div class=\"elementor-slides-wrapper elementor-main-swiper swiper-container\" dir=\"ltr\" data-animation=\"\">\n\t\t\t\t<div class=\"swiper-wrapper elementor-slides\">\n\t\t\t\t\t\t\t\t\t\t<div class=\"elementor-repeater-item-0b8d762 swiper-slide\"><div class=\"swiper-slide-bg elementor-ken-burns elementor-ken-burns--in\"><\/div><div class=\"swiper-slide-inner\" ><div class=\"swiper-slide-contents\"><\/div><\/div><\/div><div class=\"elementor-repeater-item-d56afb1 swiper-slide\"><div class=\"swiper-slide-bg elementor-ken-burns elementor-ken-burns--in\"><\/div><div class=\"swiper-slide-inner\" ><div class=\"swiper-slide-contents\"><\/div><\/div><\/div><div class=\"elementor-repeater-item-302cf13 swiper-slide\"><div class=\"swiper-slide-bg elementor-ken-burns elementor-ken-burns--in\"><\/div><div class=\"swiper-slide-inner\" ><div class=\"swiper-slide-contents\"><\/div><\/div><\/div><div class=\"elementor-repeater-item-795d139 swiper-slide\"><div class=\"swiper-slide-bg elementor-ken-burns elementor-ken-burns--in\"><\/div><div class=\"swiper-slide-inner\" ><div class=\"swiper-slide-contents\"><\/div><\/div><\/div>\t\t\t\t<\/div>\n\t\t\t\t\t\t\t\t\t\t\t\t\t\t\t<div class=\"swiper-pagination\"><\/div>\n\t\t\t\t\t\t\t\t\t\t\t\t\t\t\t\t<div class=\"elementor-swiper-button elementor-swiper-button-prev\">\n\t\t\t\t\t\t\t<svg aria-hidden=\"true\" class=\"e-font-icon-svg e-eicon-chevron-left\"><use xlink:href=\"#eicon-chevron-left\" \/><\/svg>\t\t\t\t\t\t\t<span class=\"elementor-screen-only\">Anterior<\/span>\n\t\t\t\t\t\t<\/div>\n\t\t\t\t\t\t<div class=\"elementor-swiper-button elementor-swiper-button-next\">\n\t\t\t\t\t\t\t<svg aria-hidden=\"true\" class=\"e-font-icon-svg e-eicon-chevron-right\"><use xlink:href=\"#eicon-chevron-right\" \/><\/svg>\t\t\t\t\t\t\t<span class=\"elementor-screen-only\">Siguiente<\/span>\n\t\t\t\t\t\t<\/div>\n\t\t\t\t\t\t\t\t\t\t\t\t<\/div>\n\t\t<\/div>\n\t\t\t\t<\/div>\n\t\t\t\t<\/div>\n\t\t<\/div>\t\t<section data-particle_enable=\"false\" data-particle-mobile-disabled=\"false\" class=\"elementor-section elementor-top-section elementor-element elementor-element-4fe6f1b elementor-section-boxed elementor-section-height-default elementor-section-height-default elementor-invisible\" data-id=\"4fe6f1b\" data-element_type=\"section\" data-settings=\"{&quot;motion_fx_motion_fx_scrolling&quot;:&quot;yes&quot;,&quot;animation&quot;:&quot;zoomIn&quot;,&quot;motion_fx_devices&quot;:[&quot;desktop&quot;,&quot;tablet&quot;,&quot;mobile&quot;]}\">\n\t\t\t\t\t\t<div class=\"elementor-container elementor-column-gap-default\">\n\t\t\t\t\t<div class=\"elementor-column elementor-col-100 elementor-top-column elementor-element elementor-element-351c9a8\" data-id=\"351c9a8\" data-element_type=\"column\">\n\t\t\t<div class=\"elementor-widget-wrap elementor-element-populated\">\n\t\t\t\t\t\t\t\t<section data-particle_enable=\"false\" data-particle-mobile-disabled=\"false\" class=\"elementor-section elementor-inner-section elementor-element elementor-element-b585a59 elementor-section-boxed elementor-section-height-default elementor-section-height-default\" data-id=\"b585a59\" data-element_type=\"section\">\n\t\t\t\t\t\t<div class=\"elementor-container elementor-column-gap-default\">\n\t\t\t\t\t<div class=\"elementor-column elementor-col-100 elementor-inner-column elementor-element elementor-element-08e3431\" data-id=\"08e3431\" data-element_type=\"column\">\n\t\t\t<div class=\"elementor-widget-wrap elementor-element-populated\">\n\t\t\t\t\t\t\t\t<div class=\"elementor-element elementor-element-a628d03 elementor-widget elementor-widget-heading\" data-id=\"a628d03\" data-element_type=\"widget\" data-widget_type=\"heading.default\">\n\t\t\t\t<div class=\"elementor-widget-container\">\n\t\t\t<style>\/*! elementor - v3.7.1 - 14-08-2022 *\/\n.elementor-heading-title{padding:0;margin:0;line-height:1}.elementor-widget-heading .elementor-heading-title[class*=elementor-size-]>a{color:inherit;font-size:inherit;line-height:inherit}.elementor-widget-heading .elementor-heading-title.elementor-size-small{font-size:15px}.elementor-widget-heading .elementor-heading-title.elementor-size-medium{font-size:19px}.elementor-widget-heading .elementor-heading-title.elementor-size-large{font-size:29px}.elementor-widget-heading .elementor-heading-title.elementor-size-xl{font-size:39px}.elementor-widget-heading .elementor-heading-title.elementor-size-xxl{font-size:59px}<\/style><h2 class=\"elementor-heading-title elementor-size-default\">Isla del Fuego<\/h2>\t\t<\/div>\n\t\t\t\t<\/div>\n\t\t\t\t<div class=\"elementor-element elementor-element-e86f908 elementor-widget elementor-widget-text-editor\" data-id=\"e86f908\" data-element_type=\"widget\" data-widget_type=\"text-editor.default\">\n\t\t\t\t<div class=\"elementor-widget-container\">\n\t\t\t<style>\/*! elementor - v3.7.1 - 14-08-2022 *\/\n.elementor-widget-text-editor.elementor-drop-cap-view-stacked .elementor-drop-cap{background-color:#818a91;color:#fff}.elementor-widget-text-editor.elementor-drop-cap-view-framed .elementor-drop-cap{color:#818a91;border:3px solid;background-color:transparent}.elementor-widget-text-editor:not(.elementor-drop-cap-view-default) .elementor-drop-cap{margin-top:8px}.elementor-widget-text-editor:not(.elementor-drop-cap-view-default) .elementor-drop-cap-letter{width:1em;height:1em}.elementor-widget-text-editor .elementor-drop-cap{float:left;text-align:center;line-height:1;font-size:50px}.elementor-widget-text-editor .elementor-drop-cap-letter{display:inline-block}<\/style>\t\t\t\t<p>La isla de Fogo no tiene rival en belleza. Toma su nombre del imponente Pico do Fogo, un volc\u00e1n que se eleva 2.829 metros sobre el nivel del mar, lo que lo convierte en el punto m\u00e1s alto del archipi\u00e9lago y en una de las siete maravillas del pa\u00eds.<\/p>\n<p>A pesar de la reciente historia de actividad, una comunidad resistente vive alrededor de la monta\u00f1a ardiente en la ciudad de Ch\u00e3 das Caldeiras. Son los hijos del coloso de lava que se niegan a abandonar lo que les da vida: \u00a1el propio volc\u00e1n! Algunos de ellos viven en funcos, casas cil\u00edndricas construidas con el material expulsado durante las erupciones.<\/p>\n<p>Ch\u00e3 das Caldeiras posee una belleza \u00fanica, en la que contrastan los tonos grises volc\u00e1nicos con el verde denso de la vegetaci\u00f3n. Su suelo rico en minerales permite el cultivo de uvas utilizadas en la producci\u00f3n de vinos locales. Adem\u00e1s de uvas, en las laderas del volc\u00e1n crecen membrillos, higos, manzanas, granadas, melocotones y melones, frutos de la lava. Ch\u00e3 das Caldeira tambi\u00e9n alberga varias especies de plantas end\u00e9micas, algunas raras y en peligro de extinci\u00f3n.<\/p>\n<p>La ciudad de S\u00e3o Filipe, la tercera m\u00e1s antigua del archipi\u00e9lago, es el mayor n\u00facleo urbano de la isla. Dotada de una rica historia, bella arquitectura y fascinantes paisajes, esta ciudad merece ser apreciada. Su arquitectura se caracteriza por los sobrados, sello de su historia colonial.<\/p>\n<p>Bordeando el suroeste de la ciudad se encuentra la playa <em>Fonti Bila<\/em> o playa de Senhora da Encarna\u00e7\u00e3o, una inmensa playa volc\u00e1nica negra. Sus fuertes olas rompen en encaje blanco sobre la arena negra, creando un contraste perfecto. Durante el d\u00eda, el sol abrasador en su apogeo revela los peque\u00f1os cristales de la arena negra. <em>Fonti Bila<\/em>. Al atardecer, la magn\u00edfica puesta de sol de color rosa anaranjado sobre esta playa es un espect\u00e1culo ineludible de la naturaleza.<\/p>\n<p>Otras visitas obligadas en S\u00e3o Filipe son la Casa da Mem\u00f3ria, un museo que conserva recuerdos tanto de la isla volc\u00e1nica como del resto del pa\u00eds; la casa das bandeiras, un importante s\u00edmbolo del folclore de la isla; el legendario Cemit\u00e9rio de Brancos, con sus historias; y, por \u00faltimo, el mercado local, donde el delicioso aroma de los productos frescos se mezcla con la calidez de los lugare\u00f1os y el criollo mel\u00f3dico de las vendedoras que gritan \"levar um cusa\".<\/p>\n<p>Los foguenses son un pueblo festivo. En mayo celebran <a href=\"https:\/\/maravilhasdecaboverde.cv\/nho-sao-filipe\/\" rel=\"nofollow noopener\" target=\"_blank\">Fiesta de San Felipe<\/a> y S\u00e3o Jo\u00e3o, en junio, re\u00fanen a multitudes en algunos de los mayores acontecimientos culturales del pa\u00eds. Durante estos festivales podr\u00e1 asistir a intr\u00e9pidas carreras de caballos y saborear la<em> Djagacida<\/em>un plato t\u00edpico de Fogo.<\/p>\n<p>Una visita a esta isla s\u00f3lo est\u00e1 completa tras un ba\u00f1o en las piscinas naturales de Salinas. No puede irse sin tomar un caf\u00e9 local en Mosteiros o degustar el vino t\u00edpico de la isla. <em>manecom<\/em> y queso de cabra en forma de seta.<\/p>\n<p><strong>La isla de Fogo es pura sinestesia. D\u00e9jese envolver por su calidez.<\/strong><\/p>\t\t\t\t\t\t<\/div>\n\t\t\t\t<\/div>\n\t\t\t\t\t<\/div>\n\t\t<\/div>\n\t\t\t\t\t\t\t<\/div>\n\t\t<\/section>\n\t\t\t\t\t<\/div>\n\t\t<\/div>\n\t\t\t\t\t\t\t<\/div>\n\t\t<\/section>\n\t\t\t\t\t\t\t<\/div>","protected":false},"excerpt":{"rendered":"<p>Anterior Siguiente La isla de Fogo La isla de Fogo es de una belleza incomparable. Toma su nombre del imponente Pico do Fogo, un volc\u00e1n que se eleva 2.829 metros sobre el nivel del mar, lo que lo convierte en el punto m\u00e1s alto del archipi\u00e9lago y en una de las siete maravillas del pa\u00eds. A pesar de su reciente historia de actividad, [...]<\/p>","protected":false},"author":1,"featured_media":0,"parent":0,"menu_order":0,"comment_status":"closed","ping_status":"closed","template":"elementor_header_footer","meta":{"footnotes":""},"categories":[],"tags":[],"class_list":["post-1915","page","type-page","status-publish","hentry"],"_links":{"self":[{"href":"https:\/\/feelcaboverde.com\/es\/wp-json\/wp\/v2\/pages\/1915","targetHints":{"allow":["GET"]}}],"collection":[{"href":"https:\/\/feelcaboverde.com\/es\/wp-json\/wp\/v2\/pages"}],"about":[{"href":"https:\/\/feelcaboverde.com\/es\/wp-json\/wp\/v2\/types\/page"}],"author":[{"embeddable":true,"href":"https:\/\/feelcaboverde.com\/es\/wp-json\/wp\/v2\/users\/1"}],"replies":[{"embeddable":true,"href":"https:\/\/feelcaboverde.com\/es\/wp-json\/wp\/v2\/comments?post=1915"}],"version-history":[{"count":11,"href":"https:\/\/feelcaboverde.com\/es\/wp-json\/wp\/v2\/pages\/1915\/revisions"}],"predecessor-version":[{"id":4258,"href":"https:\/\/feelcaboverde.com\/es\/wp-json\/wp\/v2\/pages\/1915\/revisions\/4258"}],"wp:attachment":[{"href":"https:\/\/feelcaboverde.com\/es\/wp-json\/wp\/v2\/media?parent=1915"}],"wp:term":[{"taxonomy":"category","embeddable":true,"href":"https:\/\/feelcaboverde.com\/es\/wp-json\/wp\/v2\/categories?post=1915"},{"taxonomy":"post_tag","embeddable":true,"href":"https:\/\/feelcaboverde.com\/es\/wp-json\/wp\/v2\/tags?post=1915"}],"curies":[{"name":"wp","href":"https:\/\/api.w.org\/{rel}","templated":true}]}}