{"id":1623,"date":"2022-09-23T11:12:32","date_gmt":"2022-09-23T11:12:32","guid":{"rendered":"https:\/\/feelcaboverde.com\/?page_id=1623"},"modified":"2024-09-03T10:24:56","modified_gmt":"2024-09-03T10:24:56","slug":"sobre-nos","status":"publish","type":"page","link":"https:\/\/feelcaboverde.com\/es\/sobre-nosotros\/","title":{"rendered":"Qui\u00e9nes somos"},"content":{"rendered":"<div data-elementor-type=\"wp-page\" data-elementor-id=\"1623\" class=\"elementor elementor-1623\">\n\t\t\t\t\t\t\t\t\t<section data-particle_enable=\"false\" data-particle-mobile-disabled=\"false\" class=\"elementor-section elementor-top-section elementor-element elementor-element-143098ea elementor-section-boxed elementor-section-height-default elementor-section-height-default\" data-id=\"143098ea\" data-element_type=\"section\">\n\t\t\t\t\t\t<div class=\"elementor-container elementor-column-gap-default\">\n\t\t\t\t\t<div class=\"elementor-column elementor-col-100 elementor-top-column elementor-element elementor-element-6da1a6dd\" data-id=\"6da1a6dd\" data-element_type=\"column\">\n\t\t\t<div class=\"elementor-widget-wrap elementor-element-populated\">\n\t\t\t\t\t\t\t\t<div class=\"elementor-element elementor-element-723fceb elementor-widget elementor-widget-heading\" data-id=\"723fceb\" data-element_type=\"widget\" data-widget_type=\"heading.default\">\n\t\t\t\t<div class=\"elementor-widget-container\">\n\t\t\t<style>\/*! elementor - v3.7.1 - 14-08-2022 *\/\n.elementor-heading-title{padding:0;margin:0;line-height:1}.elementor-widget-heading .elementor-heading-title[class*=elementor-size-]>a{color:inherit;font-size:inherit;line-height:inherit}.elementor-widget-heading .elementor-heading-title.elementor-size-small{font-size:15px}.elementor-widget-heading .elementor-heading-title.elementor-size-medium{font-size:19px}.elementor-widget-heading .elementor-heading-title.elementor-size-large{font-size:29px}.elementor-widget-heading .elementor-heading-title.elementor-size-xl{font-size:39px}.elementor-widget-heading .elementor-heading-title.elementor-size-xxl{font-size:59px}<\/style><h2 class=\"elementor-heading-title elementor-size-default\">\u00bfQui\u00e9n est\u00e1 detr\u00e1s de Feel Cabo Verde?<\/h2>\t\t<\/div>\n\t\t\t\t<\/div>\n\t\t\t\t<div class=\"elementor-element elementor-element-239c031f elementor-widget elementor-widget-text-editor\" data-id=\"239c031f\" data-element_type=\"widget\" data-widget_type=\"text-editor.default\">\n\t\t\t\t<div class=\"elementor-widget-container\">\n\t\t\t<style>\/*! elementor - v3.7.1 - 14-08-2022 *\/\n.elementor-widget-text-editor.elementor-drop-cap-view-stacked .elementor-drop-cap{background-color:#818a91;color:#fff}.elementor-widget-text-editor.elementor-drop-cap-view-framed .elementor-drop-cap{color:#818a91;border:3px solid;background-color:transparent}.elementor-widget-text-editor:not(.elementor-drop-cap-view-default) .elementor-drop-cap{margin-top:8px}.elementor-widget-text-editor:not(.elementor-drop-cap-view-default) .elementor-drop-cap-letter{width:1em;height:1em}.elementor-widget-text-editor .elementor-drop-cap{float:left;text-align:center;line-height:1;font-size:50px}.elementor-widget-text-editor .elementor-drop-cap-letter{display:inline-block}<\/style>\t\t\t\t<p>Un grupo de j\u00f3venes caboverdianos perdidamente enamorados de Cabo Verde y deseosos de compartir con el mundo lo mejor de este pa\u00eds.<\/p><p>Nuestro principal objetivo es reforzar el turismo comunitario en Cabo Verde, ya que creemos que puede ayudar a crear \"mejores lugares para que la gente viva y mejores lugares para que la gente visite\".<\/p><p><strong>Nuestra idea<\/strong>El sitio web de Cabo Verde es una fuente de informaci\u00f3n amplia y fiable para todo aquel que desee saber m\u00e1s sobre Cabo Verde, con especial atenci\u00f3n a la informaci\u00f3n relacionada con los viajes, gracias a la combinaci\u00f3n de nuestros conocimientos como residentes, nuestra experiencia en viajes a todas las islas (\u00a1incluida la isla desierta de Santa Luzia!), la informaci\u00f3n obtenida de los miembros de la comunidad, los datos oficiales de las autoridades nacionales y los conocimientos especializados de los gu\u00edas tur\u00edsticos locales.<\/p>\t\t\t\t\t\t<\/div>\n\t\t\t\t<\/div>\n\t\t\t\t\t<\/div>\n\t\t<\/div>\n\t\t\t\t\t\t\t<\/div>\n\t\t<\/section>\n\t\t<div class=\"elementor-element elementor-element-944e0c4 e-container--row e-container\" data-id=\"944e0c4\" data-element_type=\"container\">\t\t<div class=\"elementor-element elementor-element-6c5c1dd e-container--column e-container\" data-id=\"6c5c1dd\" data-element_type=\"container\" data-settings=\"{&quot;background_background&quot;:&quot;classic&quot;}\">\t\t\t\t<div class=\"elementor-element elementor-element-8a9a38e elementor-widget elementor-widget-heading\" data-id=\"8a9a38e\" data-element_type=\"widget\" data-widget_type=\"heading.default\">\n\t\t\t\t<div class=\"elementor-widget-container\">\n\t\t\t<h2 class=\"elementor-heading-title elementor-size-default\">Misi\u00f3n<\/h2>\t\t<\/div>\n\t\t\t\t<\/div>\n\t\t\t\t<div class=\"elementor-element elementor-element-efeb281 elementor-widget elementor-widget-heading\" data-id=\"efeb281\" data-element_type=\"widget\" data-widget_type=\"heading.default\">\n\t\t\t\t<div class=\"elementor-widget-container\">\n\t\t\t<h2 class=\"elementor-heading-title elementor-size-default\">Ayudar a cualquier persona, en cualquier lugar, a planificar su viaje a Cabo Verde con tranquilidad y disfrutar de lo mejor que ofrecen las islas.\n<\/h2>\t\t<\/div>\n\t\t\t\t<\/div>\n\t\t<\/div><div class=\"elementor-element elementor-element-daa3717 e-container--column e-container\" data-id=\"daa3717\" data-element_type=\"container\" data-settings=\"{&quot;background_background&quot;:&quot;classic&quot;}\">\t\t\t\t<div class=\"elementor-element elementor-element-877a3f6 elementor-widget elementor-widget-heading\" data-id=\"877a3f6\" data-element_type=\"widget\" data-widget_type=\"heading.default\">\n\t\t\t\t<div class=\"elementor-widget-container\">\n\t\t\t<h2 class=\"elementor-heading-title elementor-size-default\">Visi\u00f3n<\/h2>\t\t<\/div>\n\t\t\t\t<\/div>\n\t\t\t\t<div class=\"elementor-element elementor-element-dd547d0 elementor-widget elementor-widget-heading\" data-id=\"dd547d0\" data-element_type=\"widget\" data-widget_type=\"heading.default\">\n\t\t\t\t<div class=\"elementor-widget-container\">\n\t\t\t<h2 class=\"elementor-heading-title elementor-size-default\">Ser la fuente de informaci\u00f3n tur\u00edstica m\u00e1s completa y fiable sobre Cabo Verde.\n<\/h2>\t\t<\/div>\n\t\t\t\t<\/div>\n\t\t<\/div><\/div>\t\t<section data-particle_enable=\"false\" data-particle-mobile-disabled=\"false\" class=\"elementor-section elementor-top-section elementor-element elementor-element-66f43af elementor-section-boxed elementor-section-height-default elementor-section-height-default\" data-id=\"66f43af\" data-element_type=\"section\">\n\t\t\t\t\t\t<div class=\"elementor-container elementor-column-gap-default\">\n\t\t\t\t\t<div class=\"elementor-column elementor-col-100 elementor-top-column elementor-element elementor-element-e0ffbab\" data-id=\"e0ffbab\" data-element_type=\"column\">\n\t\t\t<div class=\"elementor-widget-wrap elementor-element-populated\">\n\t\t\t\t\t\t\t\t<div class=\"elementor-element elementor-element-a48b0c4 elementor-widget elementor-widget-heading\" data-id=\"a48b0c4\" data-element_type=\"widget\" data-widget_type=\"heading.default\">\n\t\t\t\t<div class=\"elementor-widget-container\">\n\t\t\t<h2 class=\"elementor-heading-title elementor-size-default\">Intentamos cumplir nuestra misi\u00f3n:<\/h2>\t\t<\/div>\n\t\t\t\t<\/div>\n\t\t\t\t<div class=\"elementor-element elementor-element-7c1b6c7 elementor-widget elementor-widget-text-editor\" data-id=\"7c1b6c7\" data-element_type=\"widget\" data-widget_type=\"text-editor.default\">\n\t\t\t\t<div class=\"elementor-widget-container\">\n\t\t\t\t\t\t\t<ul><li>Proporcionar la informaci\u00f3n m\u00e1s completa y actualizada sobre Cabo Verde y sus servicios relacionados con los viajes.<\/li><li>Mediante asociaciones con organizaciones de viajes fiables para ofrecer a los viajeros la mejor relaci\u00f3n calidad-precio.<\/li><li>Demostrando que Cabo Verde es mucho m\u00e1s que un destino de sol y playa.<\/li><li>Destacar el papel de los residentes locales y las diferentes experiencias en el archipi\u00e9lago.<\/li><\/ul>\t\t\t\t\t\t<\/div>\n\t\t\t\t<\/div>\n\t\t\t\t\t<\/div>\n\t\t<\/div>\n\t\t\t\t\t\t\t<\/div>\n\t\t<\/section>\n\t\t\t\t<section data-particle_enable=\"false\" data-particle-mobile-disabled=\"false\" class=\"elementor-section elementor-top-section elementor-element elementor-element-e9cb2db elementor-section-boxed elementor-section-height-default elementor-section-height-default\" data-id=\"e9cb2db\" data-element_type=\"section\">\n\t\t\t\t\t\t<div class=\"elementor-container elementor-column-gap-default\">\n\t\t\t\t\t<div class=\"elementor-column elementor-col-100 elementor-top-column elementor-element elementor-element-38bc073\" data-id=\"38bc073\" data-element_type=\"column\">\n\t\t\t<div class=\"elementor-widget-wrap elementor-element-populated\">\n\t\t\t\t\t\t\t\t<div class=\"elementor-element elementor-element-1b3dff9 elementor-widget elementor-widget-heading\" data-id=\"1b3dff9\" data-element_type=\"widget\" data-widget_type=\"heading.default\">\n\t\t\t\t<div class=\"elementor-widget-container\">\n\t\t\t<h2 class=\"elementor-heading-title elementor-size-default\">Cabo Verde est\u00e1 en el centro de nuestros valores fundamentales: <\/h2>\t\t<\/div>\n\t\t\t\t<\/div>\n\t\t\t\t\t<\/div>\n\t\t<\/div>\n\t\t\t\t\t\t\t<\/div>\n\t\t<\/section>\n\t\t<div class=\"elementor-element elementor-element-6c48620 e-container--row e-container\" data-id=\"6c48620\" data-element_type=\"container\">\t\t<div class=\"elementor-element elementor-element-5d71a25 e-container--column e-container\" data-id=\"5d71a25\" data-element_type=\"container\">\t\t\t\t<div class=\"elementor-element elementor-element-0934448 eael-infobox-content-align-center eael-infobox-icon-bg-shape-none eael-infobox-icon-hover-bg-shape-none elementor-widget elementor-widget-eael-info-box\" data-id=\"0934448\" data-element_type=\"widget\" data-widget_type=\"eael-info-box.default\">\n\t\t\t\t<div class=\"elementor-widget-container\">\n\t\t\t                    <div class=\"eael-infobox\">\n                    <div class=\"infobox-icon eael-icon-only\">\n\n            \n                            <div class=\"infobox-icon-wrap\">\n                    <i class=\"\"><\/i>                <\/div>\n            \n            \n        <\/div>\n            <div class=\"infobox-content eael-icon-only\">\n            <h4 class=\"title\">Compromiso<\/h4>\n                                                                        <p><p>Nos comprometemos a colaborar con las comunidades, gu\u00edas locales y organizaciones para sacar a la luz lo mejor de las islas, aprovechando nuestra experiencia como residentes. Tambi\u00e9n nos comprometemos a convertirnos en la fuente de informaci\u00f3n en l\u00ednea m\u00e1s completa sobre Cabo Verde.<\/p><\/p>\n                                                                            <\/div>\n    <\/div>\t\t<\/div>\n\t\t\t\t<\/div>\n\t\t<\/div><div class=\"elementor-element elementor-element-ec8bddb e-container--column e-container\" data-id=\"ec8bddb\" data-element_type=\"container\">\t\t\t\t<div class=\"elementor-element elementor-element-d8b33ce eael-infobox-content-align-center eael-infobox-icon-bg-shape-none eael-infobox-icon-hover-bg-shape-none elementor-widget elementor-widget-eael-info-box\" data-id=\"d8b33ce\" data-element_type=\"widget\" data-widget_type=\"eael-info-box.default\">\n\t\t\t\t<div class=\"elementor-widget-container\">\n\t\t\t                    <div class=\"eael-infobox\">\n                    <div class=\"infobox-icon eael-icon-only\">\n\n            \n                            <div class=\"infobox-icon-wrap\">\n                    <i class=\"\"><\/i>                <\/div>\n            \n            \n        <\/div>\n            <div class=\"infobox-content eael-icon-only\">\n            <h4 class=\"title\">Autenticidad<\/h4>\n                                                                        <p><p>Nos esforzamos por promover oportunidades en las que pueda conectar de verdad con la gente y el lugar que visita. Los caboverdianos son conocidos por su Morabeza (acogimiento y hospitalidad) y queremos asegurarnos de que lo sientas de verdad cuando nos visites.<\/p><\/p>\n                                                                            <\/div>\n    <\/div>\t\t<\/div>\n\t\t\t\t<\/div>\n\t\t<\/div><\/div><div class=\"elementor-element elementor-element-7369346 e-container--row e-container\" data-id=\"7369346\" data-element_type=\"container\">\t\t<div class=\"elementor-element elementor-element-faed545 e-container--column e-container\" data-id=\"faed545\" data-element_type=\"container\">\t\t\t\t<div class=\"elementor-element elementor-element-9a01602 eael-infobox-content-align-center eael-infobox-icon-bg-shape-none eael-infobox-icon-hover-bg-shape-none elementor-widget elementor-widget-eael-info-box\" data-id=\"9a01602\" data-element_type=\"widget\" data-widget_type=\"eael-info-box.default\">\n\t\t\t\t<div class=\"elementor-widget-container\">\n\t\t\t                    <div class=\"eael-infobox\">\n                    <div class=\"infobox-icon eael-icon-only\">\n\n            \n                            <div class=\"infobox-icon-wrap\">\n                    <i class=\"\"><\/i>                <\/div>\n            \n            \n        <\/div>\n            <div class=\"infobox-content eael-icon-only\">\n            <h4 class=\"title\">Saldo<\/h4>\n                                                                        <p><p>Las pr\u00e1cticas tur\u00edsticas insostenibles pueden causar m\u00e1s perjuicios que beneficios a las comunidades locales. Para evitarlo, nos esforzamos por encontrar un equilibrio que pueda beneficiar al visitante sin perjudicar al turismo local. Para ello, fomentamos pr\u00e1cticas y comportamientos de viaje que minimicen las repercusiones sociales, econ\u00f3micas, culturales y medioambientales negativas y maximicen las positivas. Suscribimos la m\u00e1xima de que el turismo debe crear \"mejores lugares para que la gente viva y mejores lugares para que la gente visite\", \u00a1en ese orden! (Harold Goodwin)<\/p><\/p>\n                                                                            <\/div>\n    <\/div>\t\t<\/div>\n\t\t\t\t<\/div>\n\t\t<\/div><div class=\"elementor-element elementor-element-42ff364 e-container--column e-container\" data-id=\"42ff364\" data-element_type=\"container\">\t\t\t\t<div class=\"elementor-element elementor-element-6c98696 eael-infobox-content-align-center eael-infobox-icon-bg-shape-none eael-infobox-icon-hover-bg-shape-none elementor-widget elementor-widget-eael-info-box\" data-id=\"6c98696\" data-element_type=\"widget\" data-widget_type=\"eael-info-box.default\">\n\t\t\t\t<div class=\"elementor-widget-container\">\n\t\t\t                    <div class=\"eael-infobox\">\n                    <div class=\"infobox-icon eael-icon-only\">\n\n            \n                            <div class=\"infobox-icon-wrap\">\n                    <i class=\"\"><\/i>                <\/div>\n            \n            \n        <\/div>\n            <div class=\"infobox-content eael-icon-only\">\n            <h4 class=\"title\">Optimismo<\/h4>\n                                                                        <p><p>Todo empieza con la actitud, y es m\u00e1s probable que tengamos \u00e9xito si esa actitud es positiva. En FeelCV, el optimismo alimenta nuestro trabajo y nos ayuda a progresar, mirando al futuro con entusiasmo y mente abierta. El optimismo es siempre un elemento fundamental de nuestro equipaje.<\/p><\/p>\n                                                                            <\/div>\n    <\/div>\t\t<\/div>\n\t\t\t\t<\/div>\n\t\t<\/div><\/div><div class=\"elementor-element elementor-element-ada136e e-container--row e-container\" data-id=\"ada136e\" data-element_type=\"container\">\t\t<div class=\"elementor-element elementor-element-0d2d482 e-container--column e-container\" data-id=\"0d2d482\" data-element_type=\"container\">\t\t\t\t<div class=\"elementor-element elementor-element-4a5e67d eael-infobox-content-align-center eael-infobox-icon-bg-shape-none eael-infobox-icon-hover-bg-shape-none elementor-widget elementor-widget-eael-info-box\" data-id=\"4a5e67d\" data-element_type=\"widget\" data-widget_type=\"eael-info-box.default\">\n\t\t\t\t<div class=\"elementor-widget-container\">\n\t\t\t                    <div class=\"eael-infobox\">\n                    <div class=\"infobox-icon eael-icon-only\">\n\n            \n                            <div class=\"infobox-icon-wrap\">\n                    <i class=\"\"><\/i>                <\/div>\n            \n            \n        <\/div>\n            <div class=\"infobox-content eael-icon-only\">\n            <h4 class=\"title\">Versatilidad<\/h4>\n                                                                        <p><p>\u00a1Cabo Verde tiene algo para cada perfil! Nos centramos en ofrecerle lo mejor y m\u00e1s aut\u00e9ntico de nuestro pa\u00eds para que pueda adaptar su viaje a su personalidad y deseos.<\/p><\/p>\n                                                                            <\/div>\n    <\/div>\t\t<\/div>\n\t\t\t\t<\/div>\n\t\t<\/div><div class=\"elementor-element elementor-element-cba68b1 e-container--column e-container\" data-id=\"cba68b1\" data-element_type=\"container\">\t\t\t\t<div class=\"elementor-element elementor-element-69ecb3d eael-infobox-content-align-center eael-infobox-icon-bg-shape-none eael-infobox-icon-hover-bg-shape-none elementor-widget elementor-widget-eael-info-box\" data-id=\"69ecb3d\" data-element_type=\"widget\" data-widget_type=\"eael-info-box.default\">\n\t\t\t\t<div class=\"elementor-widget-container\">\n\t\t\t                    <div class=\"eael-infobox\">\n                    <div class=\"infobox-icon eael-icon-only\">\n\n            \n                            <div class=\"infobox-icon-wrap\">\n                    <i class=\"\"><\/i>                <\/div>\n            \n            \n        <\/div>\n            <div class=\"infobox-content eael-icon-only\">\n            <h4 class=\"title\">Experiencia<\/h4>\n                                                                        <p><p>Nos basamos en nuestra amplia experiencia y conocimientos, acumulados como residentes y viajeros habituales en Cabo Verde, para ofrecer la mejor informaci\u00f3n y los mejores recursos para ayudar a los visitantes a disfrutar de la experiencia m\u00e1s excepcional en nuestras islas.<\/p><\/p>\n                                                                            <\/div>\n    <\/div>\t\t<\/div>\n\t\t\t\t<\/div>\n\t\t<\/div><\/div><div class=\"elementor-element elementor-element-09ab992 e-container--row e-container\" data-id=\"09ab992\" data-element_type=\"container\">\t\t<div class=\"elementor-element elementor-element-359dab9 e-container--column e-container\" data-id=\"359dab9\" data-element_type=\"container\">\t\t\t\t<div class=\"elementor-element elementor-element-29a35a2 eael-infobox-content-align-center eael-infobox-icon-bg-shape-none eael-infobox-icon-hover-bg-shape-none elementor-widget elementor-widget-eael-info-box\" data-id=\"29a35a2\" data-element_type=\"widget\" data-widget_type=\"eael-info-box.default\">\n\t\t\t\t<div class=\"elementor-widget-container\">\n\t\t\t                    <div class=\"eael-infobox\">\n                    <div class=\"infobox-icon eael-icon-only\">\n\n            \n                            <div class=\"infobox-icon-wrap\">\n                    <i class=\"\"><\/i>                <\/div>\n            \n            \n        <\/div>\n            <div class=\"infobox-content eael-icon-only\">\n            <h4 class=\"title\">Respetar<\/h4>\n                                                                        <p><p>Respetando el modo de vida, las culturas y las tradiciones que encontramos en nuestros viajes a las islas, conseguimos vivir experiencias aut\u00e9nticas e inolvidables en Cabo Verde. Y como tambi\u00e9n respetamos y valoramos a nuestros lectores, \u00a1queremos guiarles para que ellos tambi\u00e9n puedan disfrutar respetuosamente de lo mejor de Cabo Verde!<\/p><\/p>\n                                                                            <\/div>\n    <\/div>\t\t<\/div>\n\t\t\t\t<\/div>\n\t\t<\/div><div class=\"elementor-element elementor-element-80a19f3 e-container--column e-container\" data-id=\"80a19f3\" data-element_type=\"container\">\t\t\t\t<div class=\"elementor-element elementor-element-e334589 eael-infobox-content-align-center eael-infobox-icon-bg-shape-none eael-infobox-icon-hover-bg-shape-none elementor-widget elementor-widget-eael-info-box\" data-id=\"e334589\" data-element_type=\"widget\" data-widget_type=\"eael-info-box.default\">\n\t\t\t\t<div class=\"elementor-widget-container\">\n\t\t\t                    <div class=\"eael-infobox\">\n                    <div class=\"infobox-icon eael-icon-only\">\n\n            \n                            <div class=\"infobox-icon-wrap\">\n                    <i class=\"\"><\/i>                <\/div>\n            \n            \n        <\/div>\n            <div class=\"infobox-content eael-icon-only\">\n            <h4 class=\"title\">Desarrollo<\/h4>\n                                                                        <p><p>El turismo es actualmente la principal herramienta de desarrollo de Cabo Verde. Sin embargo, para que aporte progreso social y beneficios a la poblaci\u00f3n local, las comunidades deben participar activamente y empoderarse en esta industria. La participaci\u00f3n y el desarrollo de las comunidades son los principales motores de nuestro trabajo.<\/p><\/p>\n                                                                            <\/div>\n    <\/div>\t\t<\/div>\n\t\t\t\t<\/div>\n\t\t<\/div><\/div><div class=\"elementor-element elementor-element-8719d92 e-container--row e-container\" data-id=\"8719d92\" data-element_type=\"container\">\t\t<div class=\"elementor-element elementor-element-46f90e6 e-container--column e-container\" data-id=\"46f90e6\" data-element_type=\"container\">\t\t\t\t<div class=\"elementor-element elementor-element-c540980 eael-infobox-content-align-center eael-infobox-icon-bg-shape-none eael-infobox-icon-hover-bg-shape-none elementor-widget elementor-widget-eael-info-box\" data-id=\"c540980\" data-element_type=\"widget\" data-widget_type=\"eael-info-box.default\">\n\t\t\t\t<div class=\"elementor-widget-container\">\n\t\t\t                    <div class=\"eael-infobox\">\n                    <div class=\"infobox-icon eael-icon-only\">\n\n            \n                            <div class=\"infobox-icon-wrap\">\n                    <i class=\"\"><\/i>                <\/div>\n            \n            \n        <\/div>\n            <div class=\"infobox-content eael-icon-only\">\n            <h4 class=\"title\">Excelencia<\/h4>\n                                                                        <p><p>Nos esforzamos por ser los socios m\u00e1s profesionales y receptivos en los viajes de nuestros lectores, utilizando nuestros conocimientos, experiencia y red para ofrecer las mejores gu\u00edas, servicios e informaci\u00f3n sobre nuestras islas.<\/p><\/p>\n                                                                            <\/div>\n    <\/div>\t\t<\/div>\n\t\t\t\t<\/div>\n\t\t<\/div><div class=\"elementor-element elementor-element-16a0e52 e-container--column e-container\" data-id=\"16a0e52\" data-element_type=\"container\">\t\t<\/div><\/div>\t\t\t\t\t<\/div>","protected":false},"excerpt":{"rendered":"<p>\u00bfQui\u00e9n est\u00e1 detr\u00e1s de Feel Cabo Verde? Un grupo de j\u00f3venes caboverdianos perdidamente enamorados de Cabo Verde y que quieren compartir lo mejor de este pa\u00eds con el mundo. Nuestro principal objetivo es fortalecer el turismo comunitario en Cabo Verde, ya que creemos que esto puede ayudar a crear \"mejores lugares para la gente [...].<\/p>","protected":false},"author":1,"featured_media":0,"parent":0,"menu_order":0,"comment_status":"closed","ping_status":"closed","template":"","meta":{"footnotes":""},"categories":[],"tags":[],"class_list":["post-1623","page","type-page","status-publish","hentry"],"_links":{"self":[{"href":"https:\/\/feelcaboverde.com\/es\/wp-json\/wp\/v2\/pages\/1623","targetHints":{"allow":["GET"]}}],"collection":[{"href":"https:\/\/feelcaboverde.com\/es\/wp-json\/wp\/v2\/pages"}],"about":[{"href":"https:\/\/feelcaboverde.com\/es\/wp-json\/wp\/v2\/types\/page"}],"author":[{"embeddable":true,"href":"https:\/\/feelcaboverde.com\/es\/wp-json\/wp\/v2\/users\/1"}],"replies":[{"embeddable":true,"href":"https:\/\/feelcaboverde.com\/es\/wp-json\/wp\/v2\/comments?post=1623"}],"version-history":[{"count":76,"href":"https:\/\/feelcaboverde.com\/es\/wp-json\/wp\/v2\/pages\/1623\/revisions"}],"predecessor-version":[{"id":4967,"href":"https:\/\/feelcaboverde.com\/es\/wp-json\/wp\/v2\/pages\/1623\/revisions\/4967"}],"wp:attachment":[{"href":"https:\/\/feelcaboverde.com\/es\/wp-json\/wp\/v2\/media?parent=1623"}],"wp:term":[{"taxonomy":"category","embeddable":true,"href":"https:\/\/feelcaboverde.com\/es\/wp-json\/wp\/v2\/categories?post=1623"},{"taxonomy":"post_tag","embeddable":true,"href":"https:\/\/feelcaboverde.com\/es\/wp-json\/wp\/v2\/tags?post=1623"}],"curies":[{"name":"wp","href":"https:\/\/api.w.org\/{rel}","templated":true}]}}