{"id":1154,"date":"2022-05-27T14:19:19","date_gmt":"2022-05-27T14:19:19","guid":{"rendered":"https:\/\/feelcaboverde.com\/?page_id=1154"},"modified":"2025-03-01T22:36:22","modified_gmt":"2025-03-01T22:36:22","slug":"vistos-passaportes","status":"publish","type":"page","link":"https:\/\/feelcaboverde.com\/es\/visados-y-pasaportes\/","title":{"rendered":"Visados y pasaportes"},"content":{"rendered":"<div data-elementor-type=\"wp-page\" data-elementor-id=\"1154\" class=\"elementor elementor-1154\">\n\t\t\t\t\t\t\t\t\t<section data-particle_enable=\"false\" data-particle-mobile-disabled=\"false\" class=\"elementor-section elementor-top-section elementor-element elementor-element-43b54aea elementor-section-boxed elementor-section-height-default elementor-section-height-default\" data-id=\"43b54aea\" data-element_type=\"section\">\n\t\t\t\t\t\t<div class=\"elementor-container elementor-column-gap-default\">\n\t\t\t\t\t<div class=\"elementor-column elementor-col-100 elementor-top-column elementor-element elementor-element-6e42e8a5\" data-id=\"6e42e8a5\" data-element_type=\"column\">\n\t\t\t<div class=\"elementor-widget-wrap elementor-element-populated\">\n\t\t\t\t\t\t\t\t<div class=\"elementor-element elementor-element-56626ddb elementor-widget elementor-widget-text-editor\" data-id=\"56626ddb\" data-element_type=\"widget\" data-widget_type=\"text-editor.default\">\n\t\t\t\t<div class=\"elementor-widget-container\">\n\t\t\t<style>\/*! elementor - v3.7.1 - 14-08-2022 *\/\n.elementor-widget-text-editor.elementor-drop-cap-view-stacked .elementor-drop-cap{background-color:#818a91;color:#fff}.elementor-widget-text-editor.elementor-drop-cap-view-framed .elementor-drop-cap{color:#818a91;border:3px solid;background-color:transparent}.elementor-widget-text-editor:not(.elementor-drop-cap-view-default) .elementor-drop-cap{margin-top:8px}.elementor-widget-text-editor:not(.elementor-drop-cap-view-default) .elementor-drop-cap-letter{width:1em;height:1em}.elementor-widget-text-editor .elementor-drop-cap{float:left;text-align:center;line-height:1;font-size:50px}.elementor-widget-text-editor .elementor-drop-cap-letter{display:inline-block}<\/style>\t\t\t\t<h3><b>Visado para Cabo Verde: Gu\u00eda completa y actualizada para viajeros<\/b><\/h3><p><span style=\"font-weight: 400;\">\u00bfEst\u00e1 planeando un viaje a <a href=\"https:\/\/feelcaboverde.com\/es\/cabo-verde\/\">Cabo Verde<\/a>? Averig\u00fce cu\u00e1les son los requisitos de entrada en Cabo Verde, incluida la necesidad de visado para Cabo Verde, pasaporte, preinscripci\u00f3n obligatoria y <a href=\"https:\/\/feelcaboverde.com\/es\/impuestos-y-tasas-para-visitantes\/\">impuestos<\/a>. En esta gu\u00eda actualizada encontrar\u00e1 todo lo que necesita para evitar contratiempos y disfrutar de su viaje con tranquilidad.<\/span><\/p><p><span style=\"font-weight: 400;\">\u00a0<\/span><\/p><h4><b><span style=\"background-color: transparent; color: var( --e-global-color-text ); font-family: var( --e-global-typography-text-font-family ), Sans-serif; text-align: var(--text-align);\">1.\u00a0<\/span><span style=\"background-color: transparent; color: var( --e-global-color-text ); font-family: var( --e-global-typography-text-font-family ), Sans-serif; text-align: var(--text-align);\">Validez del pasaporte<\/span><\/b><\/h4><p><span style=\"font-weight: 400;\">Para viajar a Cabo Verde, su pasaporte debe tener una validez m\u00ednima de 6 meses a partir de la fecha de entrada en el pa\u00eds. Aseg\u00farese de que su pasaporte cumple este requisito antes de viajar.<\/span><\/p><p><span style=\"font-weight: 400;\">\u00a0<\/span><\/p><h4><b><span style=\"background-color: transparent; color: var( --e-global-color-text ); font-family: var( --e-global-typography-text-font-family ), Sans-serif; text-align: var(--text-align);\">2.\u00a0<\/span><span style=\"background-color: transparent; color: var( --e-global-color-text ); font-family: var( --e-global-typography-text-font-family ), Sans-serif; text-align: var(--text-align);\">Tipos de visado para Cabo Verde<\/span><\/b><\/h4><p><span style=\"font-weight: 400;\">Cabo Verde ofrece diferentes tipos de visado, seg\u00fan el motivo del viaje y la duraci\u00f3n de la estancia:<\/span><\/p><ul><li style=\"font-weight: 400;\" aria-level=\"1\"><b>Visado de turista para Cabo Verde:<\/b><span style=\"font-weight: 400;\"> Concedida para viajes tur\u00edsticos y cruceros. V\u00e1lida durante 90 d\u00edas, con posibilidad de pr\u00f3rroga por otros 90 d\u00edas.<\/span><\/li><\/ul><ul><li style=\"font-weight: 400;\" aria-level=\"1\"><b>Visado de tr\u00e1nsito:<\/b><span style=\"font-weight: 400;\"> Concedido a pasajeros en tr\u00e1nsito durante 4 d\u00edas, prorrogables una vez.<\/span><\/li><\/ul><ul><li style=\"font-weight: 400;\" aria-level=\"1\"><b>Visado oficial, diplom\u00e1tico o de cortes\u00eda: <\/b><span style=\"font-weight: 400;\">V\u00e1lido durante 90 d\u00edas, le permite permanecer en el pa\u00eds hasta 30 d\u00edas y puede ser v\u00e1lido para m\u00faltiples entradas.<\/span><\/li><\/ul><ul><li style=\"font-weight: 400;\" aria-level=\"1\"><b>Visado temporal: <\/b><span style=\"font-weight: 400;\">Para viajes cortos, como de negocios, culturales, tratamientos m\u00e9dicos o visitas familiares. El visado puede ser ordinario o de entradas m\u00faltiples, con una duraci\u00f3n m\u00e1xima de 180 d\u00edas.<\/span><\/li><\/ul><ul><li style=\"font-weight: 400;\" aria-level=\"1\"><b>Visado de residencia: <\/b><span style=\"font-weight: 400;\">Se concede a los extranjeros que desean vivir en Cabo Verde. Pueden solicitarlo quienes deseen trabajar, estudiar o reunirse con la familia. Este visado tiene una validez de 6 meses y puede renovarse.<\/span><\/li><\/ul><p><span style=\"font-weight: 400;\">Solicitudes de <\/span><b>visado de residencia<\/b><span style=\"font-weight: 400;\"> deben realizarse directamente en Cabo Verde, aunque pueden iniciarse en las embajadas u oficinas consulares, que las remiten a la Direcci\u00f3n de Extranjer\u00eda y Fronteras (DEF) para su an\u00e1lisis y decisi\u00f3n.<\/span><\/p><p><span style=\"font-weight: 400;\">\u00a0<\/span><\/p><h4><b><span style=\"background-color: transparent; color: var( --e-global-color-text ); font-family: var( --e-global-typography-text-font-family ), Sans-serif; text-align: var(--text-align);\">3.\u00a0<\/span><span style=\"background-color: transparent; color: var( --e-global-color-text ); font-family: var( --e-global-typography-text-font-family ), Sans-serif; text-align: var(--text-align);\">Exenci\u00f3n de visado para Cabo Verde<\/span><\/b><\/h4><p><span style=\"font-weight: 400;\">Los ciudadanos de los pa\u00edses que no necesitan visado para entrar en Cabo Verde son:<\/span><\/p><ul><li style=\"font-weight: 400;\" aria-level=\"1\"><b>Uni\u00f3n Europea<\/b><span style=\"font-weight: 400;\">: Los ciudadanos de <a href=\"https:\/\/european-union.europa.eu\/index_en\" rel=\"nofollow noopener\" target=\"_blank\">Uni\u00f3n Europea<\/a>incluido el Reino Unido (tras el Brexit), son <\/span><b>entrada sin visado en el pa\u00eds para estancias de hasta 30 d\u00edas<\/b><span style=\"font-weight: 400;\">.<\/span><\/li><\/ul><ul><li style=\"font-weight: 400;\" aria-level=\"1\"><b>Ciudadanos de la CEDEAO:<\/b><span style=\"font-weight: 400;\"> Los ciudadanos de los pa\u00edses miembros de la Comunidad Econ\u00f3mica de los Estados de \u00c1frica Occidental (<a href=\"https:\/\/ecowas.int\/sobre-a-cedeao\/?lang=pt-pt\" rel=\"nofollow noopener\" target=\"_blank\">CEDEAO<\/a>) est\u00e1n exentos de visado hasta 90 d\u00edas. Para permanecer m\u00e1s de 90 d\u00edas en Cabo Verde, hay que solicitar una pr\u00f3rroga de visado o un visado o permiso de residencia.<\/span><\/li><\/ul><ul><li style=\"font-weight: 400;\" aria-level=\"1\"><b>Acuerdos bilaterales:<\/b><span style=\"font-weight: 400;\"> Algunos <a href=\"https:\/\/portalconsular.mnec.gov.cv\/documents\/20126\/0\/paisesisentosvistos.pdf\/88183686-6688-1679-87b4-26b04f18110e\" rel=\"nofollow noopener\" target=\"_blank\">pa\u00edses<\/a> con acuerdos espec\u00edficos con Cabo Verde tambi\u00e9n est\u00e1n exentos de la obligaci\u00f3n de visado.\u00a0<\/span><\/li><\/ul><p><span style=\"font-weight: 400;\">\u00bfQuiere comprobar si su pa\u00eds est\u00e1 en la lista de exenci\u00f3n de visado? Consulte la <\/span><a href=\"https:\/\/portalconsular.mnec.gov.cv\/documents\/20126\/0\/paisesisentosvistos.pdf\/88183686-6688-1679-87b4-26b04f18110e\" rel=\"nofollow noopener\" target=\"_blank\"><span style=\"font-weight: 400;\">Portal consular de Cabo Verde<\/span><\/a><span style=\"font-weight: 400;\">.<\/span><\/p><p><b>Otros <\/b><a href=\"https:\/\/portalconsular.mnec.gov.cv\/perguntas-frequentes\" rel=\"nofollow noopener\" target=\"_blank\"><b>Exenci\u00f3n de visado<\/b><\/a><b> a Cabo Verde:<\/b><\/p><ul><li style=\"font-weight: 400;\" aria-level=\"1\"><span style=\"font-weight: 400;\">Las personas nacidas en Cabo Verde y sus c\u00f3nyuges y descendientes, previa presentaci\u00f3n de documentos (certificado de nacimiento, pasaporte, certificado de matrimonio u otro documento) que demuestren su vinculaci\u00f3n con Cabo Verde (por ejemplo, haber nacido, estar casado o ser hijo de padre o madre nacidos en Cabo Verde).<\/span><\/li><li style=\"font-weight: 400;\" aria-level=\"1\"><span style=\"font-weight: 400;\">Extranjeros con permiso de residencia en vigor.<\/span><\/li><li style=\"font-weight: 400;\" aria-level=\"1\"><span style=\"font-weight: 400;\">C\u00f3nsules honorarios y agentes consulares de Cabo Verde de nacionalidad extranjera.<\/span><\/li><li style=\"font-weight: 400;\" aria-level=\"1\"><span style=\"font-weight: 400;\">Extranjeros titulares de un documento de identidad como funcionario o agente de una misi\u00f3n extranjera u organizaci\u00f3n internacional, expedido por el departamento gubernamental responsable de las relaciones exteriores en Cabo Verde.<\/span><\/li><li style=\"font-weight: 400;\" aria-level=\"1\"><span style=\"font-weight: 400;\">Extranjeros con un documento de viaje de refugiado<\/span><\/li><\/ul><div><b style=\"color: inherit; font-family: inherit; font-size: 1.5rem; text-align: var(--text-align);\">\u00a0<\/b><\/div><div><b style=\"color: inherit; font-family: inherit; font-size: 1.5rem; text-align: var(--text-align);\">4.\u00a0<span style=\"background-color: transparent; color: var( --e-global-color-text ); font-family: var( --e-global-typography-text-font-family ), Sans-serif; text-align: var(--text-align);\">Formulario de prerregistro obligatorio para entrar en Cabo Verde<\/span><\/b><\/div><p><span style=\"font-weight: 400;\">Todos los viajeros, incluidos los titulares de pasaportes diplom\u00e1ticos o de servicio, deber\u00e1n cumplimentar el formulario de prerregistro al menos 5 d\u00edas antes de la fecha de entrada en Cabo Verde en la plataforma <\/span><span style=\"font-weight: 400;\"><a href=\"https:\/\/registration.cv.zetes.com\/\" rel=\"nofollow noopener\" target=\"_blank\">EASE<\/a><\/span><span style=\"font-weight: 400;\">. El prerregistro incluye informaci\u00f3n sobre el pasaporte, la fecha de entrada, la <a href=\"https:\/\/feelcaboverde.com\/es\/vuelos-a-cabo-verde\/\">n\u00famero de vuelo<\/a>la fecha de salida y el lugar de alojamiento.\u00a0<\/span><\/p><p><span style=\"font-weight: 400;\">El objetivo de este proceso es realizar un control de seguridad previo de los viajeros por parte de las autoridades nacionales.<\/span><\/p><p><span style=\"font-weight: 400;\">Si el viajero no se ha preinscrito, puede hacerlo a su llegada. En ese momento, tambi\u00e9n abonar\u00e1 el <a href=\"https:\/\/portalconsular.mnec.gov.cv\/perguntas-frequentes\" rel=\"nofollow noopener\" target=\"_blank\">tasa de seguridad aeroportuaria<\/a> (TSA).<\/span><\/p><p><span style=\"font-weight: 400;\">Todos los pasajeros deben pagar el <a href=\"https:\/\/feelcaboverde.com\/es\/impuestos-y-tasas-para-visitantes\/\">Tasa de seguridad aeroportuaria<\/a>. La tasa para vuelos internacionales es de 3.400 ECV (aproximadamente 31 euros o 35 d\u00f3lares). Sin embargo, algunas categor\u00edas est\u00e1n exentas, entre ellas:<\/span><\/p><ul><li style=\"font-weight: 400;\" aria-level=\"1\"><span style=\"font-weight: 400;\">Ciudadanos caboverdianos, sus c\u00f3nyuges y descendientes (con prueba documental);<\/span><\/li><li style=\"font-weight: 400;\" aria-level=\"1\"><span style=\"font-weight: 400;\">Ni\u00f1os menores de 2 a\u00f1os;<\/span><\/li><li style=\"font-weight: 400;\" aria-level=\"1\"><span style=\"font-weight: 400;\">Pasajeros en misi\u00f3n oficial en aeronaves gubernamentales;<\/span><\/li><li style=\"font-weight: 400;\" aria-level=\"1\"><span style=\"font-weight: 400;\">Pasajeros en tr\u00e1nsito en aeropuertos nacionales;<\/span><\/li><li style=\"font-weight: 400;\" aria-level=\"1\"><span style=\"font-weight: 400;\">Pasajeros de vuelos que regresan al aeropuerto por razones t\u00e9cnicas o de fuerza mayor.<\/span><\/li><\/ul><div>\u00a0<\/div><h4><b>5.\u00a0<span style=\"background-color: transparent; color: var( --e-global-color-text ); font-family: var( --e-global-typography-text-font-family ), Sans-serif; text-align: var(--text-align);\">\u00a0Visado a la llegada a Cabo Verde<\/span><\/b><\/h4><p><span style=\"font-weight: 400;\">Los ciudadanos de algunos pa\u00edses pueden obtener un visado a la llegada en los aeropuertos internacionales de Sal, Boa Vista, S\u00e3o Vicente y Santiago.\u00a0\u00a0<\/span><\/p><p><b>\u00bfPreguntas sobre los visados a la llegada a Cabo Verde?<\/b><span style=\"font-weight: 400;\"> P\u00f3ngase en contacto con <\/span><b>embajada o consulado m\u00e1s cercano<\/b><span style=\"font-weight: 400;\"> para obtener informaci\u00f3n actualizada.<\/span><\/p><p><b style=\"background-color: transparent; color: var( --e-global-color-text ); font-family: var( --e-global-typography-text-font-family ), Sans-serif; text-align: var(--text-align);\">\u00a0<\/b><\/p><h4><b><span style=\"background-color: transparent; color: var( --e-global-color-text ); font-family: var( --e-global-typography-text-font-family ), Sans-serif; text-align: var(--text-align);\">6.\u00a0<\/span><span style=\"background-color: transparent; color: var( --e-global-color-text ); font-family: var( --e-global-typography-text-font-family ), Sans-serif; text-align: var(--text-align);\">Normativa aduanera<\/span><\/b><\/h4><p><span style=\"font-weight: 400;\">En <a href=\"https:\/\/feelcaboverde.com\/es\/aduanas-y-regulaciones-cabo-verde\/\">Normativa aduanera de Cabo Verde<\/a> regulan la entrada de mercanc\u00edas en el pa\u00eds. Para m\u00e1s informaci\u00f3n sobre lo que puede entrar, consulte la p\u00e1gina oficial de las normas aduaneras de Cabo Verde.<\/span><\/p><ul><li aria-level=\"1\"><b>\u00a0Requisitos de vacunaci\u00f3n<\/b><\/li><\/ul><p><span style=\"font-weight: 400;\">Los ciudadanos procedentes de pa\u00edses afectados por la fiebre amarilla deben presentar una prueba de vacunaci\u00f3n. Para los dem\u00e1s pa\u00edses, no hay vacunaci\u00f3n obligatoria.<\/span><\/p><p><b>Nota (descargo de responsabilidad):<\/b><span style=\"font-weight: 400;\"> La informaci\u00f3n aqu\u00ed presentada puede cambiar a medida que las autoridades de Cabo Verde actualicen las normas. Para obtener detalles actualizados o aclarar dudas, se aconseja a los viajeros que se pongan en contacto con la Embajada o Consulado de Cabo Verde m\u00e1s cercano o consulten el Portal Consular de Cabo Verde.<\/span><\/p><h4><b>Conclusi\u00f3n<\/b><\/h4><p><span style=\"font-weight: 400;\">Planificar su viaje al archipi\u00e9lago de Morabeza requiere <\/span><b>atenci\u00f3n a los requisitos de entrada, incluidos pasaporte, visado de Cabo Verde, preinscripci\u00f3n y tasas<\/b><span style=\"font-weight: 400;\">. Aseg\u00farese de comprobar los requisitos de visado seg\u00fan su nacionalidad y de cumplir todos los requisitos antes de viajar. Preinscripci\u00f3n en la plataforma <\/span><a href=\"https:\/\/registration.cv.zetes.com\/\" rel=\"nofollow noopener\" target=\"_blank\"><span style=\"font-weight: 400;\">EASE <\/span><\/a><span style=\"font-weight: 400;\">es obligatorio para todos los visitantes y debe hacerse con al menos 5 d\u00edas de antelaci\u00f3n.<\/span><\/p><p><span style=\"font-weight: 400;\">Siguiendo esta gu\u00eda y prepar\u00e1ndose con antelaci\u00f3n, podr\u00e1 aprovechar al m\u00e1ximo las maravillas que ofrece Cabo Verde, desde su <\/span><a href=\"https:\/\/feelcaboverde.com\/es\/playa-de-santa-maria-isla-de-sal\/\"><b>playas paradis\u00edacas<\/b><\/a><span style=\"font-weight: 400;\"> e <\/span><a href=\"https:\/\/feelcaboverde.com\/es\/volcan-de-fogo-isla-de-fogo\/\"><b>paisajes volc\u00e1nicos<\/b><\/a><span style=\"font-weight: 400;\"> hasta su <\/span><a href=\"https:\/\/feelcaboverde.com\/es\/arte-y-cultura\/\"><b>una cultura rica y vibrante<\/b><\/a><span style=\"font-weight: 400;\">.<\/span><\/p>\t\t\t\t\t\t<\/div>\n\t\t\t\t<\/div>\n\t\t\t\t\t<\/div>\n\t\t<\/div>\n\t\t\t\t\t\t\t<\/div>\n\t\t<\/section>\n\t\t\t\t\t\t\t<\/div>","protected":false},"excerpt":{"rendered":"<p>Visado para Cabo Verde: Gu\u00eda completa y actualizada para viajeros \u00bfEst\u00e1 planeando un viaje a Cabo Verde? Averig\u00fce cu\u00e1les son los requisitos de entrada en Cabo Verde, incluida la necesidad de visado para Cabo Verde, pasaporte, preinscripci\u00f3n obligatoria y tasas. En esta gu\u00eda actualizada, encontrar\u00e1 todo lo necesario para evitar contratiempos y disfrutar de su [...]<\/p>","protected":false},"author":1,"featured_media":0,"parent":0,"menu_order":0,"comment_status":"closed","ping_status":"closed","template":"","meta":{"footnotes":""},"categories":[],"tags":[],"class_list":["post-1154","page","type-page","status-publish","hentry"],"_links":{"self":[{"href":"https:\/\/feelcaboverde.com\/es\/wp-json\/wp\/v2\/pages\/1154","targetHints":{"allow":["GET"]}}],"collection":[{"href":"https:\/\/feelcaboverde.com\/es\/wp-json\/wp\/v2\/pages"}],"about":[{"href":"https:\/\/feelcaboverde.com\/es\/wp-json\/wp\/v2\/types\/page"}],"author":[{"embeddable":true,"href":"https:\/\/feelcaboverde.com\/es\/wp-json\/wp\/v2\/users\/1"}],"replies":[{"embeddable":true,"href":"https:\/\/feelcaboverde.com\/es\/wp-json\/wp\/v2\/comments?post=1154"}],"version-history":[{"count":35,"href":"https:\/\/feelcaboverde.com\/es\/wp-json\/wp\/v2\/pages\/1154\/revisions"}],"predecessor-version":[{"id":5420,"href":"https:\/\/feelcaboverde.com\/es\/wp-json\/wp\/v2\/pages\/1154\/revisions\/5420"}],"wp:attachment":[{"href":"https:\/\/feelcaboverde.com\/es\/wp-json\/wp\/v2\/media?parent=1154"}],"wp:term":[{"taxonomy":"category","embeddable":true,"href":"https:\/\/feelcaboverde.com\/es\/wp-json\/wp\/v2\/categories?post=1154"},{"taxonomy":"post_tag","embeddable":true,"href":"https:\/\/feelcaboverde.com\/es\/wp-json\/wp\/v2\/tags?post=1154"}],"curies":[{"name":"wp","href":"https:\/\/api.w.org\/{rel}","templated":true}]}}