{"id":1103,"date":"2022-05-27T14:07:17","date_gmt":"2022-05-27T14:07:17","guid":{"rendered":"https:\/\/feelcaboverde.com\/?page_id=1103"},"modified":"2023-04-02T22:08:13","modified_gmt":"2023-04-02T22:08:13","slug":"seguranca-pessoal","status":"publish","type":"page","link":"https:\/\/feelcaboverde.com\/es\/seguridad-personal-cabo-verde\/","title":{"rendered":"Seguridad personal"},"content":{"rendered":"<div data-elementor-type=\"wp-page\" data-elementor-id=\"1103\" class=\"elementor elementor-1103\">\n\t\t\t\t\t\t\t\t\t<section data-particle_enable=\"false\" data-particle-mobile-disabled=\"false\" class=\"elementor-section elementor-top-section elementor-element elementor-element-43b54aea elementor-section-boxed elementor-section-height-default elementor-section-height-default\" data-id=\"43b54aea\" data-element_type=\"section\">\n\t\t\t\t\t\t<div class=\"elementor-container elementor-column-gap-default\">\n\t\t\t\t\t<div class=\"elementor-column elementor-col-100 elementor-top-column elementor-element elementor-element-6e42e8a5\" data-id=\"6e42e8a5\" data-element_type=\"column\">\n\t\t\t<div class=\"elementor-widget-wrap elementor-element-populated\">\n\t\t\t\t\t\t\t\t<div class=\"elementor-element elementor-element-56626ddb elementor-widget elementor-widget-text-editor\" data-id=\"56626ddb\" data-element_type=\"widget\" data-widget_type=\"text-editor.default\">\n\t\t\t\t<div class=\"elementor-widget-container\">\n\t\t\t<style>\/*! elementor - v3.7.1 - 14-08-2022 *\/\n.elementor-widget-text-editor.elementor-drop-cap-view-stacked .elementor-drop-cap{background-color:#818a91;color:#fff}.elementor-widget-text-editor.elementor-drop-cap-view-framed .elementor-drop-cap{color:#818a91;border:3px solid;background-color:transparent}.elementor-widget-text-editor:not(.elementor-drop-cap-view-default) .elementor-drop-cap{margin-top:8px}.elementor-widget-text-editor:not(.elementor-drop-cap-view-default) .elementor-drop-cap-letter{width:1em;height:1em}.elementor-widget-text-editor .elementor-drop-cap{float:left;text-align:center;line-height:1;font-size:50px}.elementor-widget-text-editor .elementor-drop-cap-letter{display:inline-block}<\/style>\t\t\t\t<p>Cabo Verde es un destino tur\u00edstico conocido por la hospitalidad de sus habitantes. Sin embargo, como en cualquier parte del mundo, la seguridad personal es una preocupaci\u00f3n importante para los visitantes.\u00a0<\/p><p>En este art\u00edculo, le daremos consejos y pautas \u00fatiles sobre seguridad personal en Cabo Verde, incluyendo c\u00f3mo evitar situaciones peligrosas, proteger sus pertenencias y qu\u00e9 hacer en caso de emergencia. Con esta informaci\u00f3n, podr\u00e1 disfrutar m\u00e1s tranquilamente de sus vacaciones y aprovechar todo lo que le ofrece este hermoso pa\u00eds.<\/p><h3>\u00a0<\/h3><h3>Delincuencia en Cabo Verde<\/h3><p>En general, el \u00edndice de delincuencia en Cabo Verde es <a href=\"https:\/\/www.osac.gov\/Country\/CaboVerde\/Content\/Detail\/Report\/33002b2a-1d03-4702-afe8-18d3928452a5\" rel=\"nofollow noopener\" target=\"_blank\">bajo<\/a>. Seg\u00fan <a href=\"https:\/\/ocindex.net\/assets\/downloads\/english\/ocindex_profile_cabo_verde.pdf\" rel=\"nofollow noopener\" target=\"_blank\">\u00edndice mundial de delincuencia organizada<\/a>El pa\u00eds figura entre los 50 con menor \u00edndice de delincuencia y mayor resistencia a la misma.<\/p><figure id=\"attachment_4509\" aria-describedby=\"caption-attachment-4509\" style=\"width: 386px\" class=\"wp-caption aligncenter\"><img decoding=\"async\" class=\"wp-image-4509\" src=\"http:\/\/feelcaboverde.com\/wp-content\/uploads\/2023\/04\/score-de-criminalidade.png\" alt=\"Cabo Verde PUNTUACI\u00d3N DE CRIMINALIDAD\" width=\"386\" height=\"401\" srcset=\"https:\/\/feelcaboverde.com\/wp-content\/uploads\/2023\/04\/score-de-criminalidade.png 750w, https:\/\/feelcaboverde.com\/wp-content\/uploads\/2023\/04\/score-de-criminalidade-289x300.png 289w\" sizes=\"(max-width: 386px) 100vw, 386px\" \/><figcaption id=\"caption-attachment-4509\" class=\"wp-caption-text\"><div>\u00a0<\/div><div>\u00cdndice de criminalidad en Cabo Verde. <a href=\"https:\/\/ocindex.net\/country\/cabo_verde\" rel=\"nofollow noopener\" target=\"_blank\">\u00cdndice Global de Delincuencia Organizada<\/a><\/div><\/figcaption><\/figure><p><span style=\"color: inherit; font-family: inherit; font-size: 1.75rem; text-align: var(--text-align);\">\u00a0<\/span><\/p><h3>Pautas de seguridad personal en Cabo Verde<\/h3><p>Sin embargo, a pesar de que Cabo Verde se encuentra entre los <a href=\"https:\/\/www.travelriskmap.com\/#\/planner\/map\/security\" rel=\"nofollow noopener\" target=\"_blank\">pa\u00edses m\u00e1s seguros para los viajeros<\/a>Hay noticias de turistas que han sido v\u00edctimas de robos y hurtos. Para evitar posibles incidentes durante su estancia, los turistas deben tomar algunas precauciones generales de seguridad:<\/p><ul><li>En playas o actividades al aire libre, mantenga sus pertenencias a la vista. Esto tambi\u00e9n se aplica a lugares concurridos como mercados, festivales o eventos.<\/li><li>Aproveche las hermosas playas desiertas y la <em>senderismo<\/em> Sin embargo, si desea aventurarse por su cuenta, consulte con su hotel la seguridad de estos lugares. Lo ideal es que las actividades en zonas aisladas se hagan en compa\u00f1\u00eda de un residente local.<\/li><li>Evite llevar grandes cantidades de dinero en efectivo, joyas ostentosas o equipos caros, a menos que sea extremadamente necesario.<\/li><li>Lleve consigo copias de su pasaporte y otros documentos de viaje, dejando los originales en un lugar seguro\/hotel.<\/li><li>Tras las actividades nocturnas, lo mejor es regresar al alojamiento en taxi.<\/li><li>En caso de posible agresi\u00f3n, \u00a1evita resistirte! Avisa inmediatamente a la polic\u00eda (el n\u00famero de emergencias es el 112).<\/li><\/ul><h3><strong>\u00a0<\/strong><\/h3><h3>Preguntas m\u00e1s frecuentes<\/h3><p style=\"padding-left: 40px;\">1. \u00bfEs Cabo Verde seguro para los turistas?<\/p><p>S\u00ed, Cabo Verde se encuentra entre los <a href=\"https:\/\/www.travelriskmap.com\/#\/planner\/map\/security\" rel=\"nofollow noopener\" target=\"_blank\">pa\u00edses m\u00e1s seguros para los viajeros<\/a>Junto a territorios como Noruega, Dinamarca y Groenlandia, Andorra, Eslovenia, M\u00f3naco, San Marino, Suiza, Luxemburgo, Islandia y Finlandia.<\/p><p style=\"padding-left: 40px;\">2. \u00bfC\u00f3mo es la delincuencia en Cabo Verde?<\/p><p>La delincuencia en Cabo Verde en general es <a href=\"https:\/\/www.osac.gov\/Country\/CaboVerde\/Content\/Detail\/Report\/33002b2a-1d03-4702-afe8-18d3928452a5\" rel=\"nofollow noopener\" target=\"_blank\">bajo<\/a>. La mayor\u00eda de los delitos se cometen para obtener un beneficio econ\u00f3mico inmediato (como el carterismo, el atraco y el robo a mano armada). Debes estar especialmente atento en lugares aislados, mal iluminados y por la noche.<\/p><p style=\"padding-left: 40px;\">3. \u00bfCu\u00e1l es la isla m\u00e1s peligrosa de Cabo Verde?<\/p><p>En general, las islas de Cabo Verde no son peligrosas. Sin embargo, como consecuencia de la r\u00e1pida urbanizaci\u00f3n y el desempleo, la delincuencia ha aumentado en los \u00faltimos a\u00f1os, sobre todo en la ciudad de Praia. La ciudad de Mindelo y las islas de Sal y Boavista (las m\u00e1s tur\u00edsticas) tambi\u00e9n han experimentado un aumento, pero en menor medida.<\/p><p>En respuesta, el Gobierno caboverdiano ha puesto en marcha <a href=\"https:\/\/www.governo.cv\/cidade-segura-governo-inaugura-centro-de-comando-de-s-vicente\/\" rel=\"nofollow noopener\" target=\"_blank\">mide <\/a>para salvaguardar la seguridad nacional de quienes viven en el pa\u00eds y de los visitantes.<\/p>\t\t\t\t\t\t<\/div>\n\t\t\t\t<\/div>\n\t\t\t\t\t<\/div>\n\t\t<\/div>\n\t\t\t\t\t\t\t<\/div>\n\t\t<\/section>\n\t\t\t\t\t\t\t<\/div>","protected":false},"excerpt":{"rendered":"<p>En general, el \u00edndice de delincuencia en Cabo Verde es bajo. Seg\u00fan el \u00cdndice Global del Crimen Organizado, el pa\u00eds se encuentra entre los 50 con menor \u00edndice de delincuencia y mayor resistencia contra el crimen. \u00cdndice de criminalidad de Cabo Verde. Fuente: \u00cdndice Global del Crimen Organizado. Sin embargo, a pesar [...]<\/p>","protected":false},"author":1,"featured_media":0,"parent":0,"menu_order":0,"comment_status":"closed","ping_status":"closed","template":"","meta":{"footnotes":""},"categories":[],"tags":[],"class_list":["post-1103","page","type-page","status-publish","hentry"],"_links":{"self":[{"href":"https:\/\/feelcaboverde.com\/es\/wp-json\/wp\/v2\/pages\/1103","targetHints":{"allow":["GET"]}}],"collection":[{"href":"https:\/\/feelcaboverde.com\/es\/wp-json\/wp\/v2\/pages"}],"about":[{"href":"https:\/\/feelcaboverde.com\/es\/wp-json\/wp\/v2\/types\/page"}],"author":[{"embeddable":true,"href":"https:\/\/feelcaboverde.com\/es\/wp-json\/wp\/v2\/users\/1"}],"replies":[{"embeddable":true,"href":"https:\/\/feelcaboverde.com\/es\/wp-json\/wp\/v2\/comments?post=1103"}],"version-history":[{"count":18,"href":"https:\/\/feelcaboverde.com\/es\/wp-json\/wp\/v2\/pages\/1103\/revisions"}],"predecessor-version":[{"id":4523,"href":"https:\/\/feelcaboverde.com\/es\/wp-json\/wp\/v2\/pages\/1103\/revisions\/4523"}],"wp:attachment":[{"href":"https:\/\/feelcaboverde.com\/es\/wp-json\/wp\/v2\/media?parent=1103"}],"wp:term":[{"taxonomy":"category","embeddable":true,"href":"https:\/\/feelcaboverde.com\/es\/wp-json\/wp\/v2\/categories?post=1103"},{"taxonomy":"post_tag","embeddable":true,"href":"https:\/\/feelcaboverde.com\/es\/wp-json\/wp\/v2\/tags?post=1103"}],"curies":[{"name":"wp","href":"https:\/\/api.w.org\/{rel}","templated":true}]}}