{"id":1057,"date":"2022-05-27T13:51:12","date_gmt":"2022-05-27T13:51:12","guid":{"rendered":"https:\/\/feelcaboverde.com\/?page_id=1057"},"modified":"2023-12-22T01:10:39","modified_gmt":"2023-12-22T01:10:39","slug":"lgbt-em-cabo-verde","status":"publish","type":"page","link":"https:\/\/feelcaboverde.com\/es\/lgbt-en-cabo-verde\/","title":{"rendered":"LGBT+ en Cabo Verde"},"content":{"rendered":"<div data-elementor-type=\"wp-page\" data-elementor-id=\"1057\" class=\"elementor elementor-1057\">\n\t\t\t\t\t\t\t\t\t<section data-particle_enable=\"false\" data-particle-mobile-disabled=\"false\" class=\"elementor-section elementor-top-section elementor-element elementor-element-43b54aea elementor-section-boxed elementor-section-height-default elementor-section-height-default\" data-id=\"43b54aea\" data-element_type=\"section\">\n\t\t\t\t\t\t<div class=\"elementor-container elementor-column-gap-default\">\n\t\t\t\t\t<div class=\"elementor-column elementor-col-100 elementor-top-column elementor-element elementor-element-6e42e8a5\" data-id=\"6e42e8a5\" data-element_type=\"column\">\n\t\t\t<div class=\"elementor-widget-wrap elementor-element-populated\">\n\t\t\t\t\t\t\t\t<div class=\"elementor-element elementor-element-56626ddb elementor-widget elementor-widget-text-editor\" data-id=\"56626ddb\" data-element_type=\"widget\" data-widget_type=\"text-editor.default\">\n\t\t\t\t<div class=\"elementor-widget-container\">\n\t\t\t<style>\/*! elementor - v3.7.1 - 14-08-2022 *\/\n.elementor-widget-text-editor.elementor-drop-cap-view-stacked .elementor-drop-cap{background-color:#818a91;color:#fff}.elementor-widget-text-editor.elementor-drop-cap-view-framed .elementor-drop-cap{color:#818a91;border:3px solid;background-color:transparent}.elementor-widget-text-editor:not(.elementor-drop-cap-view-default) .elementor-drop-cap{margin-top:8px}.elementor-widget-text-editor:not(.elementor-drop-cap-view-default) .elementor-drop-cap-letter{width:1em;height:1em}.elementor-widget-text-editor .elementor-drop-cap{float:left;text-align:center;line-height:1;font-size:50px}.elementor-widget-text-editor .elementor-drop-cap-letter{display:inline-block}<\/style>\t\t\t\t<p>Cabo Verde es cada vez m\u00e1s favorable al colectivo LGBT, siendo pionero en \u00c1frica a la hora de reconocer los derechos de la comunidad LGBT+.&nbsp;<\/p>\n<p><\/p>\n<h3>Derechos LGBT+ en Cabo Verde<\/h3>\n<p>Las relaciones entre hombres y mujeres del mismo sexo son legales en el pa\u00eds desde 2004. Fue el segundo territorio africano en reconocer legalmente este derecho, s\u00f3lo precedido por Sud\u00e1frica.<\/p>\n<p>En materia laboral, la discriminaci\u00f3n por orientaci\u00f3n sexual est\u00e1 tipificada como delito desde 2008.<\/p>\n<p>En 2018, <strong>Ca<\/strong><strong>bo Verde se convirti\u00f3 en el primer pa\u00eds africano en firmar la Coalici\u00f3n por la Igualdad de Derechos<\/strong> (<em>Coalici\u00f3n por la Igualdad de Derechos<\/em> - ERC), organizaci\u00f3n intergubernamental de 42 Estados miembros dedicada a proteger los derechos de las personas LGBTI (lesbianas, gays, bisexuales, transexuales e intersexuales).<\/p>\n<p><\/p>\n<h3>Movimiento LGBT+ en Cabo Verde<\/h3>\n<p>El pa\u00eds cuenta actualmente con tres organizaciones oficiales LGBTI: el <a href=\"https:\/\/www.facebook.com\/agcv17\/\" rel=\"nofollow noopener\" target=\"_blank\">Asociaci\u00f3n Gay de Cabo Verde<\/a>, <a href=\"https:\/\/www.facebook.com\/profile.php?id=100068039619259\" rel=\"nofollow noopener\" target=\"_blank\">Asociaci\u00f3n Rainbow<\/a> y <a href=\"https:\/\/www.facebook.com\/associacaolgbtidapraia\/\" rel=\"nofollow noopener\" target=\"_blank\">Asociaci\u00f3n LGBTI de Praia<\/a>.<\/p>\n<p>A pesar de los avances conseguidos hasta ahora, las parejas LGBT+ siguen enfrent\u00e1ndose a algunos retos legales que no experimentan los heterosexuales, como el hecho de que la ley a\u00fan no reconozca las uniones o matrimonios entre personas del mismo sexo.  Las encuestas sociales con miembros de la comunidad apuntan a que todav\u00eda existe cierta <a href=\"https:\/\/www.researchgate.net\/publication\/308634032_Hipocrisia_a_visao_dos_gays_cabo-verdianos_sobre_o_seu_proprio_sistema_de_genero\" rel=\"nofollow noopener\" target=\"_blank\">hipocres\u00eda hacia la comunidad LGBTI<\/a> en la sociedad caboverdiana porque, aunque la homosexualidad est\u00e1 culturalmente aceptada, se espera que las relaciones o manifestaciones homosexuales sean discretas. Adem\u00e1s, la sociedad caboverdiana sigue siendo considerablemente patriarcal, machista y heteronormativa.<\/p>\n<p><strong>&nbsp;<\/strong><\/p>\n<h3>Preguntas m\u00e1s frecuentes<\/h3>\n<p style=\"padding-left: 40px;\"><strong>1.<\/strong> \u00bfEs seguro visitar Cabo Verde siendo lesbiana, gay, bisexual, transexual, queer o intersexual?<\/p>\n<p>Datos de <a href=\"https:\/\/afrobarometer.org\/publications\/ad362-all-together-africans-tolerant-ethnic-religious-national-not-sexual-differences\" rel=\"nofollow noopener\" target=\"_blank\">Afrobar\u00f3metro<\/a> indican que Cabo Verde es el pa\u00eds m\u00e1s tolerante con la comunidad LGTB+ del continente africano, ya que 80% de los caboverdianos encuestados revelaron que ser\u00edan receptivos o no les importar\u00eda tener un vecino homosexual. Los informes sobre parejas homosexuales en <a href=\"https:\/\/www.tripadvisor.co.uk\/ShowTopic-g482848-i10796-k8105268-Is_sal_cape_verde_gay_friendly-Santa_Maria_Ilha_do_Sal.html\" rel=\"nofollow noopener\" target=\"_blank\">tripadvisor<\/a> afirman no haber experimentado ning\u00fan problema por ser LGBT+ durante su visita a las islas.<\/p>\n<p style=\"padding-left: 40px;\"><strong>2.<\/strong> \u00bfExisten locales de ocio LGBT+ (bares, restaurantes, discotecas, etc.) en Cabo Verde?<\/p>\n<p>Hasta el momento no conocemos establecimientos de ocio (bares, restaurantes, discotecas, etc.) dirigidos espec\u00edficamente al p\u00fablico LGBT+ en Cabo Verde.<\/p>\n<p style=\"padding-left: 40px;\"><strong>3.<\/strong> \u00bfQu\u00e9 islas son m\u00e1s receptivas a la comunidad LGBT?<\/p>\n<p>Seg\u00fan observaciones personales, el nivel de receptividad hacia las personas LGBT+ en general no parece variar mucho entre la mayor\u00eda de las islas. Sin embargo, las ciudades de Mindelo (S\u00e3o Vicente), Santa Maria (Sal) y Praia (Santiago), al ser m\u00e1s cosmopolitas, tienden a ser m\u00e1s liberales con las personas LGBT+.<\/p>\n<p>A todos, <strong><a href=\"https:\/\/feelcaboverde.com\/es\/sao-vicente\/\">S\u00e3o Vicente<\/a> es sin duda la isla m\u00e1s LGBT-friendly de Cabo Verde<\/strong>Ya se ha dicho que <a href=\"https:\/\/www.euronews.com\/culture\/2021\/04\/08\/how-a-small-cape-verde-island-became-an-lgtbi-oasis-in-africa\" rel=\"nofollow noopener\" target=\"_blank\">Oasis LGBT en \u00c1frica<\/a>\u00a1! En 2013 se organiz\u00f3 en la isla el primer desfile del orgullo LGBT del pa\u00eds.<\/p>\n<p><strong>Curiosidad<\/strong>Tchinda Andrade, natural de S\u00e3o Vicente, fue el primer homosexual que se declar\u00f3 p\u00fablicamente como tal en Cabo Verde, en un peri\u00f3dico local en 1998. Fue un hito importante en el reconocimiento de la comunidad LGBT+ en el pa\u00eds. \"Tchindas\" era y sigue siendo, aunque en menor medida, el nombre popular que se da a los homosexuales en la isla de S\u00e3o Vicente. A <a href=\"https:\/\/www.tchindas.com\/pt-br\/\" rel=\"nofollow noopener\" target=\"_blank\">interesante largometraje<\/a> La pel\u00edcula de 2015 cuenta un poco sobre la historia y las experiencias de las personas LGBT+ en S\u00e3o Vicente.<\/p>\t\t\t\t\t\t<\/div>\n\t\t\t\t<\/div>\n\t\t\t\t\t<\/div>\n\t\t<\/div>\n\t\t\t\t\t\t\t<\/div>\n\t\t<\/section>\n\t\t\t\t\t\t\t<\/div>","protected":false},"excerpt":{"rendered":"<p>Cabo Verde es cada vez m\u00e1s favorable al colectivo LGBT y pionero en \u00c1frica en el reconocimiento de sus derechos. Derechos LGBT+ en Cabo Verde Las relaciones homosexuales entre hombres y mujeres son legales en el pa\u00eds desde 2004. Fue el segundo territorio africano en reconocer este derecho [...].<\/p>","protected":false},"author":1,"featured_media":0,"parent":0,"menu_order":0,"comment_status":"closed","ping_status":"closed","template":"","meta":{"footnotes":""},"categories":[],"tags":[],"class_list":["post-1057","page","type-page","status-publish","hentry"],"_links":{"self":[{"href":"https:\/\/feelcaboverde.com\/es\/wp-json\/wp\/v2\/pages\/1057","targetHints":{"allow":["GET"]}}],"collection":[{"href":"https:\/\/feelcaboverde.com\/es\/wp-json\/wp\/v2\/pages"}],"about":[{"href":"https:\/\/feelcaboverde.com\/es\/wp-json\/wp\/v2\/types\/page"}],"author":[{"embeddable":true,"href":"https:\/\/feelcaboverde.com\/es\/wp-json\/wp\/v2\/users\/1"}],"replies":[{"embeddable":true,"href":"https:\/\/feelcaboverde.com\/es\/wp-json\/wp\/v2\/comments?post=1057"}],"version-history":[{"count":15,"href":"https:\/\/feelcaboverde.com\/es\/wp-json\/wp\/v2\/pages\/1057\/revisions"}],"predecessor-version":[{"id":4890,"href":"https:\/\/feelcaboverde.com\/es\/wp-json\/wp\/v2\/pages\/1057\/revisions\/4890"}],"wp:attachment":[{"href":"https:\/\/feelcaboverde.com\/es\/wp-json\/wp\/v2\/media?parent=1057"}],"wp:term":[{"taxonomy":"category","embeddable":true,"href":"https:\/\/feelcaboverde.com\/es\/wp-json\/wp\/v2\/categories?post=1057"},{"taxonomy":"post_tag","embeddable":true,"href":"https:\/\/feelcaboverde.com\/es\/wp-json\/wp\/v2\/tags?post=1057"}],"curies":[{"name":"wp","href":"https:\/\/api.w.org\/{rel}","templated":true}]}}