{"id":1045,"date":"2022-05-27T13:45:54","date_gmt":"2022-05-27T13:45:54","guid":{"rendered":"https:\/\/feelcaboverde.com\/?page_id=1045"},"modified":"2023-04-02T18:07:02","modified_gmt":"2023-04-02T18:07:02","slug":"internet","status":"publish","type":"page","link":"https:\/\/feelcaboverde.com\/es\/internet-en-cabo-verde\/","title":{"rendered":"Internet"},"content":{"rendered":"<div data-elementor-type=\"wp-page\" data-elementor-id=\"1045\" class=\"elementor elementor-1045\">\n\t\t\t\t\t\t\t\t\t<section data-particle_enable=\"false\" data-particle-mobile-disabled=\"false\" class=\"elementor-section elementor-top-section elementor-element elementor-element-43b54aea elementor-section-boxed elementor-section-height-default elementor-section-height-default\" data-id=\"43b54aea\" data-element_type=\"section\">\n\t\t\t\t\t\t<div class=\"elementor-container elementor-column-gap-default\">\n\t\t\t\t\t<div class=\"elementor-column elementor-col-100 elementor-top-column elementor-element elementor-element-6e42e8a5\" data-id=\"6e42e8a5\" data-element_type=\"column\">\n\t\t\t<div class=\"elementor-widget-wrap elementor-element-populated\">\n\t\t\t\t\t\t\t\t<div class=\"elementor-element elementor-element-56626ddb elementor-widget elementor-widget-text-editor\" data-id=\"56626ddb\" data-element_type=\"widget\" data-widget_type=\"text-editor.default\">\n\t\t\t\t<div class=\"elementor-widget-container\">\n\t\t\t<style>\/*! elementor - v3.7.1 - 14-08-2022 *\/\n.elementor-widget-text-editor.elementor-drop-cap-view-stacked .elementor-drop-cap{background-color:#818a91;color:#fff}.elementor-widget-text-editor.elementor-drop-cap-view-framed .elementor-drop-cap{color:#818a91;border:3px solid;background-color:transparent}.elementor-widget-text-editor:not(.elementor-drop-cap-view-default) .elementor-drop-cap{margin-top:8px}.elementor-widget-text-editor:not(.elementor-drop-cap-view-default) .elementor-drop-cap-letter{width:1em;height:1em}.elementor-widget-text-editor .elementor-drop-cap{float:left;text-align:center;line-height:1;font-size:50px}.elementor-widget-text-editor .elementor-drop-cap-letter{display:inline-block}<\/style>\t\t\t\t<h3>Internet en Cabo Verde<\/h3><p>Cabo Verde dispone de Internet a trav\u00e9s de datos m\u00f3viles, WiFi y banda ancha fija.<\/p><p>La tasa de penetraci\u00f3n de Internet (nivel de acceso) en el pa\u00eds se sit\u00faa en torno a los 80%, seg\u00fan el <a href=\"https:\/\/www.arme.cv\/index.php?option=com_jdownloads&amp;task=download.send&amp;id=842&amp;catid=47&amp;m=0&amp;Itemid=741\" rel=\"nofollow noopener\" target=\"_blank\">Agencia Reguladora de Actividades Econ\u00f3micas<\/a> (ARME). Cabo Verde dispone actualmente de redes 3G y 4G.<\/p><p>En banda ancha fija, la velocidad media de descarga es de 14,16 Mbit\/segundo. La calidad de Internet, es decir, las fluctuaciones de se\u00f1al y la latencia, es de 16 milisegundos de media.<\/p><figure id=\"attachment_4362\" aria-describedby=\"caption-attachment-4362\" style=\"width: 361px\" class=\"wp-caption aligncenter\"><img decoding=\"async\" class=\"wp-image-4362\" src=\"http:\/\/feelcaboverde.com\/wp-content\/uploads\/2023\/04\/speed-test-cabo-verde.png\" alt=\"velocidad media de internet en cabo verde\" width=\"361\" height=\"406\" srcset=\"https:\/\/feelcaboverde.com\/wp-content\/uploads\/2023\/04\/speed-test-cabo-verde.png 676w, https:\/\/feelcaboverde.com\/wp-content\/uploads\/2023\/04\/speed-test-cabo-verde-266x300.png 266w\" sizes=\"(max-width: 361px) 100vw, 361px\" \/><figcaption id=\"caption-attachment-4362\" class=\"wp-caption-text\">Velocidad media de Internet de banda ancha en Cabo Verde, 2022.\u00a0<a style=\"font-family: var( --e-global-typography-text-font-family ), Sans-serif; font-weight: var( --e-global-typography-text-font-weight ); text-align: var(--text-align); font-size: 1rem; background-color: #ffffff;\" href=\"https:\/\/www.speedtest.net\/global-index\/cape-verde\" rel=\"nofollow noopener\" target=\"_blank\">Prueba de velocidad<\/a><span style=\"color: var( --e-global-color-text ); font-family: var( --e-global-typography-text-font-family ), Sans-serif; font-weight: var( --e-global-typography-text-font-weight ); text-align: var(--text-align); font-size: 1rem;\">.<\/span><\/figcaption><\/figure><div><div><h3>\u00a0Acceso a Internet en Cabo Verde<\/h3><p>El acceso a Internet en Cabo Verde es bueno en la mayor\u00eda de los lugares, ya sea a trav\u00e9s de datos m\u00f3viles, WiFi en caf\u00e9s, bares, restaurantes y algunas zonas p\u00fablicas como plazas. En zonas poco pobladas, la cobertura de datos m\u00f3viles puede ser irregular y habr\u00e1 menos lugares con WiFi.<\/p><p>Los aeropuertos y la mayor\u00eda de los hoteles y otros establecimientos de alojamiento disponen de WiFi. Sin embargo, si Internet es imprescindible para ti, aseg\u00farate de que el lugar donde quieres alojarte tiene acceso antes de reservar.\u00a0<\/p><p>\u00a0<\/p><h3>Internet m\u00f3vil en Cabo Verde<\/h3><p>Si piensas quedarte en el pa\u00eds muchos d\u00edas y necesitas acceder a Internet con frecuencia, puedes optar por comprar una tarjeta SIM con Internet m\u00f3vil de prepago.<\/p><p>El precio de una tarjeta SIM es de 100 ecus para los dos operadores nacionales (<a href=\"http:\/\/www.cvmovel.cv\/\" rel=\"nofollow noopener\" target=\"_blank\">CV m\u00f3vil<\/a> e <a href=\"https:\/\/www.uniteltmais.cv\/\" rel=\"nofollow noopener\" target=\"_blank\">Unitel T+<\/a>). El precio de 5000 MB es de unos 1000 ECV (10 euros), v\u00e1lidos durante un mes. Para precios detallados, consulte los sitios web de CV M\u00f3vel y Unitel T+.<\/p><p>\u00a0<\/p><h3><span style=\"color: inherit; font-family: inherit; font-size: 1.75rem; text-align: var(--text-align);\">Conclusi\u00f3n<\/span><\/h3><p>Internet en Cabo Verde est\u00e1 disponible a trav\u00e9s de diversas opciones, como datos m\u00f3viles, WiFi y banda ancha fija. La tasa de penetraci\u00f3n de Internet en el pa\u00eds ronda los 80%, con una velocidad media de descarga de 14,60 Mbit\/segundo y una calidad de se\u00f1al y latencia razonables.<\/p><p>Aunque la mayor\u00eda de los lugares tienen acceso a Internet, es importante comprobar la disponibilidad en lugares concretos antes de reservar alojamiento. Para quienes necesiten acceso frecuente a internet durante su estancia, es posible comprar una tarjeta SIM con internet m\u00f3vil de prepago a precios asequibles.<\/p><\/div><\/div>\t\t\t\t\t\t<\/div>\n\t\t\t\t<\/div>\n\t\t\t\t\t<\/div>\n\t\t<\/div>\n\t\t\t\t\t\t\t<\/div>\n\t\t<\/section>\n\t\t\t\t\t\t\t<\/div>","protected":false},"excerpt":{"rendered":"<p>Cabo Verde dispone de Internet a trav\u00e9s de datos m\u00f3viles, WiFi y banda ancha fija. La tasa de penetraci\u00f3n de internet (nivel de acceso) en el pa\u00eds ronda los 80%, seg\u00fan la Agencia Reguladora de Actividades Econ\u00f3micas (ARME). Cabo Verde dispone actualmente de redes 3G y 4G. En cuanto a la banda ancha fija, la velocidad media de descarga [...]<\/p>","protected":false},"author":1,"featured_media":0,"parent":0,"menu_order":0,"comment_status":"closed","ping_status":"closed","template":"","meta":{"footnotes":""},"categories":[],"tags":[],"class_list":["post-1045","page","type-page","status-publish","hentry"],"_links":{"self":[{"href":"https:\/\/feelcaboverde.com\/es\/wp-json\/wp\/v2\/pages\/1045","targetHints":{"allow":["GET"]}}],"collection":[{"href":"https:\/\/feelcaboverde.com\/es\/wp-json\/wp\/v2\/pages"}],"about":[{"href":"https:\/\/feelcaboverde.com\/es\/wp-json\/wp\/v2\/types\/page"}],"author":[{"embeddable":true,"href":"https:\/\/feelcaboverde.com\/es\/wp-json\/wp\/v2\/users\/1"}],"replies":[{"embeddable":true,"href":"https:\/\/feelcaboverde.com\/es\/wp-json\/wp\/v2\/comments?post=1045"}],"version-history":[{"count":45,"href":"https:\/\/feelcaboverde.com\/es\/wp-json\/wp\/v2\/pages\/1045\/revisions"}],"predecessor-version":[{"id":4400,"href":"https:\/\/feelcaboverde.com\/es\/wp-json\/wp\/v2\/pages\/1045\/revisions\/4400"}],"wp:attachment":[{"href":"https:\/\/feelcaboverde.com\/es\/wp-json\/wp\/v2\/media?parent=1045"}],"wp:term":[{"taxonomy":"category","embeddable":true,"href":"https:\/\/feelcaboverde.com\/es\/wp-json\/wp\/v2\/categories?post=1045"},{"taxonomy":"post_tag","embeddable":true,"href":"https:\/\/feelcaboverde.com\/es\/wp-json\/wp\/v2\/tags?post=1045"}],"curies":[{"name":"wp","href":"https:\/\/api.w.org\/{rel}","templated":true}]}}