{"id":1037,"date":"2022-05-27T13:43:56","date_gmt":"2022-05-27T13:43:56","guid":{"rendered":"https:\/\/feelcaboverde.com\/?page_id=1037"},"modified":"2025-03-03T17:49:48","modified_gmt":"2025-03-03T17:49:48","slug":"impostos-e-taxas-para-visitantes","status":"publish","type":"page","link":"https:\/\/feelcaboverde.com\/es\/impuestos-y-tasas-para-visitantes\/","title":{"rendered":"Tasa de seguridad aeroportuaria (TSA) y tasa tur\u00edstica de Cabo Verde"},"content":{"rendered":"<div data-elementor-type=\"wp-page\" data-elementor-id=\"1037\" class=\"elementor elementor-1037\">\n\t\t\t\t\t\t\t\t\t<section data-particle_enable=\"false\" data-particle-mobile-disabled=\"false\" class=\"elementor-section elementor-top-section elementor-element elementor-element-43b54aea elementor-section-boxed elementor-section-height-default elementor-section-height-default\" data-id=\"43b54aea\" data-element_type=\"section\">\n\t\t\t\t\t\t<div class=\"elementor-container elementor-column-gap-default\">\n\t\t\t\t\t<div class=\"elementor-column elementor-col-100 elementor-top-column elementor-element elementor-element-6e42e8a5\" data-id=\"6e42e8a5\" data-element_type=\"column\">\n\t\t\t<div class=\"elementor-widget-wrap elementor-element-populated\">\n\t\t\t\t\t\t\t\t<div class=\"elementor-element elementor-element-56626ddb elementor-widget elementor-widget-text-editor\" data-id=\"56626ddb\" data-element_type=\"widget\" data-widget_type=\"text-editor.default\">\n\t\t\t\t<div class=\"elementor-widget-container\">\n\t\t\t<style>\/*! elementor - v3.7.1 - 14-08-2022 *\/\n.elementor-widget-text-editor.elementor-drop-cap-view-stacked .elementor-drop-cap{background-color:#818a91;color:#fff}.elementor-widget-text-editor.elementor-drop-cap-view-framed .elementor-drop-cap{color:#818a91;border:3px solid;background-color:transparent}.elementor-widget-text-editor:not(.elementor-drop-cap-view-default) .elementor-drop-cap{margin-top:8px}.elementor-widget-text-editor:not(.elementor-drop-cap-view-default) .elementor-drop-cap-letter{width:1em;height:1em}.elementor-widget-text-editor .elementor-drop-cap{float:left;text-align:center;line-height:1;font-size:50px}.elementor-widget-text-editor .elementor-drop-cap-letter{display:inline-block}<\/style>\t\t\t\t<p><span style=\"color: var( --e-global-color-text ); font-family: var( --e-global-typography-text-font-family ), Sans-serif; font-weight: var( --e-global-typography-text-font-weight ); text-align: var(--text-align); font-size: 1rem;\">Si est\u00e1 planeando un viaje a Cabo Verde, es esencial que conozca los impuestos obligatorios que pueden aplicarse a los visitantes. En este art\u00edculo, le explicamos todo sobre la Tasa de Seguridad Aeroportuaria (TSA) y la Tasa Tur\u00edstica de Cabo Verde, incluidos importes, c\u00f3mo pagar, qui\u00e9n est\u00e1 exento y mucho m\u00e1s.<\/span><\/p><p><span style=\"color: var( --e-global-color-text ); font-family: var( --e-global-typography-text-font-family ), Sans-serif; font-weight: var( --e-global-typography-text-font-weight ); text-align: var(--text-align); font-size: 1rem;\">\u00a0<\/span><\/p><p><b style=\"color: inherit; font-family: inherit; font-size: 1.75rem; text-align: var(--text-align);\">Tasa de seguridad aeroportuaria (TSA) de Cabo Verde<\/b><\/p><p><img decoding=\"async\" class=\"size-medium wp-image-5461 alignleft\" src=\"http:\/\/feelcaboverde.com\/wp-content\/uploads\/2025\/03\/Taxa-de-Seguranca-Aeroportuaria-Cabo-Verde-300x300.jpg\" alt=\"Tasa de seguridad aeroportuaria de Cabo Verde. Tasa aeroportuaria de Cabo Verde\" width=\"300\" height=\"300\" srcset=\"https:\/\/feelcaboverde.com\/wp-content\/uploads\/2025\/03\/Taxa-de-Seguranca-Aeroportuaria-Cabo-Verde-300x300.jpg 300w, https:\/\/feelcaboverde.com\/wp-content\/uploads\/2025\/03\/Taxa-de-Seguranca-Aeroportuaria-Cabo-Verde-1024x1024.jpg 1024w, https:\/\/feelcaboverde.com\/wp-content\/uploads\/2025\/03\/Taxa-de-Seguranca-Aeroportuaria-Cabo-Verde-150x150.jpg 150w, https:\/\/feelcaboverde.com\/wp-content\/uploads\/2025\/03\/Taxa-de-Seguranca-Aeroportuaria-Cabo-Verde-768x768.jpg 768w, https:\/\/feelcaboverde.com\/wp-content\/uploads\/2025\/03\/Taxa-de-Seguranca-Aeroportuaria-Cabo-Verde-1536x1536.jpg 1536w, https:\/\/feelcaboverde.com\/wp-content\/uploads\/2025\/03\/Taxa-de-Seguranca-Aeroportuaria-Cabo-Verde-12x12.jpg 12w, https:\/\/feelcaboverde.com\/wp-content\/uploads\/2025\/03\/Taxa-de-Seguranca-Aeroportuaria-Cabo-Verde.jpg 2048w\" sizes=\"(max-width: 300px) 100vw, 300px\" \/><\/p><div><div><p><span style=\"color: var( --e-global-color-text ); text-align: var(--text-align); font-size: 1rem;\">La\u00a0<\/span><a style=\"text-align: var(--text-align); background-color: #ffffff; font-size: 1rem;\" href=\"https:\/\/portalconsular.mnec.gov.cv\/perguntas-frequentes\" rel=\"nofollow noopener\" target=\"_blank\">Tasa de seguridad aeroportuaria<\/a><span style=\"color: var( --e-global-color-text ); text-align: var(--text-align); font-size: 1rem;\">\u00a0(TSA) es una tasa que se paga por los servicios prestados a los pasajeros a\u00e9reos, y est\u00e1 destinada a cubrir los costes de recursos humanos, materiales y sistemas de informaci\u00f3n relacionados con la seguridad de las fronteras y los aeropuertos.<\/span><\/p><\/div><h2><span style=\"font-size: 2rem; text-align: var(--text-align);\">1. Importe de la tasa de seguridad aeroportuaria\u00a0<\/span><\/h2><div><ul><li><span style=\"color: var( --e-global-color-text ); font-family: var( --e-global-typography-text-font-family ), Sans-serif; text-align: var(--text-align); font-size: 1rem;\"><b>Vuelos internacionales: 3.400 CVE <\/b><\/span><span style=\"color: var( --e-global-color-text ); font-family: var( --e-global-typography-text-font-family ), Sans-serif; font-weight: var( --e-global-typography-text-font-weight ); text-align: var(--text-align); font-size: 1rem;\">(aproximadamente 31\u20ac) por persona.<\/span><\/li><li><span style=\"color: var( --e-global-color-text ); font-family: var( --e-global-typography-text-font-family ), Sans-serif; text-align: var(--text-align); font-size: 1rem;\"><b>Vuelos nacionales (entre islas): 150 CVE<\/b><\/span><span style=\"color: var( --e-global-color-text ); font-family: var( --e-global-typography-text-font-family ), Sans-serif; font-weight: var( --e-global-typography-text-font-weight ); text-align: var(--text-align); font-size: 1rem;\"> (unos 1,50 euros) por persona.<\/span><\/li><\/ul><\/div><div><span style=\"color: var( --e-global-color-text ); font-family: var( --e-global-typography-text-font-family ), Sans-serif; font-weight: var( --e-global-typography-text-font-weight ); text-align: var(--text-align); font-size: 1rem;\">\u00a0<\/span><\/div><div>Si viaja con una agencia o servicio de reservas, compruebe con ellos si el paquete ya incluye la tasa TSA.<\/div><div><span style=\"color: var( --e-global-color-text ); font-family: var( --e-global-typography-text-font-family ), Sans-serif; font-weight: var( --e-global-typography-text-font-weight ); text-align: var(--text-align); font-size: 32px;\">\u00a0<\/span><\/div><h2><span style=\"color: var( --e-global-color-text ); font-family: var( --e-global-typography-text-font-family ), Sans-serif; font-weight: var( --e-global-typography-text-font-weight ); text-align: var(--text-align); font-size: 32px;\">2.\u00a0<\/span><span style=\"color: var( --e-global-color-text ); font-family: var( --e-global-typography-text-font-family ), Sans-serif; font-weight: var( --e-global-typography-text-font-weight ); text-align: var(--text-align); background-color: transparent; font-size: 2rem;\">C\u00f3mo pagar\u00a0<\/span><span style=\"color: inherit; font-family: inherit; font-weight: var( --e-global-typography-text-font-weight ); text-align: var(--text-align); font-size: 2rem;\">\u00bfTasa de seguridad aeroportuaria?<\/span><\/h2><p>La tasa de seguridad aeroportuaria puede pagarse de dos maneras:<\/p><ul><li><span style=\"color: var( --e-global-color-text ); font-family: var( --e-global-typography-text-font-family ), Sans-serif; text-align: var(--text-align); font-size: 1rem;\"><b>En l\u00ednea<\/b><\/span><span style=\"color: var( --e-global-color-text ); font-family: var( --e-global-typography-text-font-family ), Sans-serif; font-weight: var( --e-global-typography-text-font-weight ); text-align: var(--text-align); font-size: 1rem;\">A trav\u00e9s de la plataforma <a href=\"https:\/\/registration.cv.zetes.com\/\" rel=\"nofollow noopener\" target=\"_blank\">EASE<\/a>.\u00a0<\/span>Todos los extranjeros que deseen viajar a Cabo Verde deben obtener el <a href=\"https:\/\/registration.cv.zetes.com\/\" rel=\"nofollow noopener\" target=\"_blank\">preinscripci\u00f3n con hasta cinco d\u00edas de antelaci\u00f3n<\/a> de su entrada en el pa\u00eds, y pagar la Tasa de Seguridad Aeroportuaria.<\/li><li><span style=\"color: var( --e-global-color-text ); font-family: var( --e-global-typography-text-font-family ), Sans-serif; text-align: var(--text-align); font-size: 1rem;\"><b>A su llegada al aeropuerto<\/b><\/span><span style=\"color: var( --e-global-color-text ); font-family: var( --e-global-typography-text-font-family ), Sans-serif; font-weight: var( --e-global-typography-text-font-weight ); text-align: var(--text-align); font-size: 1rem;\">Si no se ha preinscrito y pagado la tasa por Internet, puede hacerlo directamente en el aeropuerto a su llegada. No obstante, le recomendamos que pague por adelantado para evitar colas.\u00a0<\/span><span style=\"color: var( --e-global-color-text ); font-family: var( --e-global-typography-text-font-family ), Sans-serif; font-weight: var( --e-global-typography-text-font-weight ); text-align: var(--text-align); font-size: 1rem;\">en la oficina de inmigraci\u00f3n<\/span><span style=\"color: var( --e-global-color-text ); font-family: var( --e-global-typography-text-font-family ), Sans-serif; font-weight: var( --e-global-typography-text-font-weight ); text-align: var(--text-align); font-size: 1rem;\">. En el futuro, esta opci\u00f3n dejar\u00e1 de estar disponible.<\/span>\u00a0<\/li><\/ul><\/div><h2>\u00a0<\/h2><h2>3. \u00bfQui\u00e9n debe pagar la tasa de seguridad aeroportuaria?<\/h2><p>Todos los pasajeros que desembarquen en aeropuertos y aer\u00f3dromos nacionales de<a href=\"https:\/\/feelcaboverde.com\/es\/cabo-verde\/\"> Cabo Verde<\/a> necesitan pagar a la TSA.<\/p><p>Son <strong>exentos de pagar la TSA<\/strong>:<\/p><ul><li>Titulares de pasaporte caboverdiano en vuelos internacionales;<\/li><li>Personas nacidas en Cabo Verde y sus c\u00f3nyuges y descendientes;<\/li><li>Extranjeros residentes en Cabo Verde;<\/li><li>Ni\u00f1os menores de 2 a\u00f1os, independientemente de su nacionalidad;<\/li><li>Pasajeros en misi\u00f3n oficial que desembarcan en aeronaves al servicio privado del Estado de Cabo Verde o de un Estado extranjero;<\/li><li>Pasajeros de aviones que aterricen por regreso forzoso justificado por razones t\u00e9cnicas o meteorol\u00f3gicas, u otras causas de fuerza mayor, debidamente probadas.<\/li><\/ul><div><br \/><br \/><\/div><div><b style=\"color: inherit; font-family: inherit; text-align: var(--text-align); font-size: 1.75rem;\">Tasa tur\u00edstica de Cabo Verde<\/b><\/div><p><span style=\"color: var( --e-global-color-text ); font-family: var( --e-global-typography-text-font-family ), Sans-serif; font-weight: var( --e-global-typography-text-font-weight ); text-align: var(--text-align); font-size: 1rem;\"><img decoding=\"async\" class=\"size-medium wp-image-5460 alignleft\" src=\"http:\/\/feelcaboverde.com\/wp-content\/uploads\/2025\/03\/Tourist-Tax_-Taxa-Turistica-Cabo-Verde-300x300.jpg\" alt=\"Tasa tur\u00edstica de Cabo Verde. Impuesto tur\u00edstico de Cabo Verde\" width=\"300\" height=\"300\" srcset=\"https:\/\/feelcaboverde.com\/wp-content\/uploads\/2025\/03\/Tourist-Tax_-Taxa-Turistica-Cabo-Verde-300x300.jpg 300w, https:\/\/feelcaboverde.com\/wp-content\/uploads\/2025\/03\/Tourist-Tax_-Taxa-Turistica-Cabo-Verde-1024x1024.jpg 1024w, https:\/\/feelcaboverde.com\/wp-content\/uploads\/2025\/03\/Tourist-Tax_-Taxa-Turistica-Cabo-Verde-150x150.jpg 150w, https:\/\/feelcaboverde.com\/wp-content\/uploads\/2025\/03\/Tourist-Tax_-Taxa-Turistica-Cabo-Verde-768x768.jpg 768w, https:\/\/feelcaboverde.com\/wp-content\/uploads\/2025\/03\/Tourist-Tax_-Taxa-Turistica-Cabo-Verde-1536x1536.jpg 1536w, https:\/\/feelcaboverde.com\/wp-content\/uploads\/2025\/03\/Tourist-Tax_-Taxa-Turistica-Cabo-Verde-12x12.jpg 12w, https:\/\/feelcaboverde.com\/wp-content\/uploads\/2025\/03\/Tourist-Tax_-Taxa-Turistica-Cabo-Verde.jpg 2048w\" sizes=\"(max-width: 300px) 100vw, 300px\" \/><\/span><\/p><p><span style=\"color: var( --e-global-color-text ); font-family: var( --e-global-typography-text-font-family ), Sans-serif; font-weight: var( --e-global-typography-text-font-weight ); text-align: var(--text-align); font-size: 1rem;\">La <\/span><span style=\"color: var( --e-global-color-text ); font-family: var( --e-global-typography-text-font-family ), Sans-serif; text-align: var(--text-align); font-size: 1rem;\"><b>Tasa tur\u00edstica de Cabo Verde<\/b><\/span><span style=\"color: var( --e-global-color-text ); font-family: var( --e-global-typography-text-font-family ), Sans-serif; font-weight: var( --e-global-typography-text-font-weight ); text-align: var(--text-align); font-size: 1rem;\"> es un impuesto que grava a todos los visitantes que se alojan en establecimientos de Cabo Verde, como hoteles, hostales, apartamentos, pensiones u otros tipos de alojamiento. La finalidad de este impuesto es financiar el desarrollo y la promoci\u00f3n del turismo en el pa\u00eds,\u00a0<\/span><span style=\"color: var( --e-global-color-text ); font-family: var( --e-global-typography-text-font-family ), Sans-serif; font-weight: var( --e-global-typography-text-font-weight ); text-align: var(--text-align); font-size: 1rem;\">que es una de las principales (y escasas) fuentes de ingresos del pa\u00eds.<\/span><span style=\"color: var( --e-global-color-text ); font-family: var( --e-global-typography-text-font-family ), Sans-serif; font-weight: var( --e-global-typography-text-font-weight ); text-align: var(--text-align); font-size: 1rem;\">.<\/span><\/p><h2><span style=\"color: inherit; font-family: inherit; text-align: var(--text-align); font-size: 2rem;\">1. Valor de\u00a0<\/span><span style=\"color: inherit; font-family: inherit; text-align: var(--text-align); font-size: 2rem;\">Tasa tur\u00edstica de Cabo Verde<\/span><\/h2><div><div>El valor de<b> La tasa tur\u00edstica de Cabo Verde es de 2,50 euros (276 CVE) por persona y noche.<\/b>hasta un m\u00e1ximo de 10 noches (25 euros por hu\u00e9sped).<\/div><div>\u00a0<\/div><div>Los visitantes menores de 16 a\u00f1os est\u00e1n exentos de la\u00a0<span style=\"color: var( --e-global-color-text ); font-family: var( --e-global-typography-text-font-family ), Sans-serif; font-weight: var( --e-global-typography-text-font-weight ); text-align: var(--text-align); font-size: 1rem;\">impuesto tur\u00edstico<\/span><span style=\"color: var( --e-global-color-text ); font-family: var( --e-global-typography-text-font-family ), Sans-serif; font-weight: var( --e-global-typography-text-font-weight ); text-align: var(--text-align); font-size: 1rem;\">.<\/span><\/div><div><span style=\"color: var( --e-global-color-text ); font-family: var( --e-global-typography-text-font-family ), Sans-serif; font-weight: var( --e-global-typography-text-font-weight ); text-align: var(--text-align); font-size: 1rem;\">\u00a0<\/span><\/div><\/div><h2>2.\u00a0<span style=\"text-align: var(--text-align);\">\u00bfC\u00f3mo se cobra la tasa tur\u00edstica?<\/span><\/h2><div><span style=\"color: var( --e-global-color-text ); font-family: var( --e-global-typography-text-font-family ), Sans-serif; font-size: 1rem; font-weight: var( --e-global-typography-text-font-weight ); text-align: var(--text-align);\">La tasa la cobra directamente el establecimiento de alojamiento, normalmente a la entrada o a la salida.<\/span><\/div><div><div>\u00a0<\/div><div>En algunos casos, el importe ya est\u00e1 incluido en el precio de la reserva. Consulta con tu agencia de viajes o directamente con el establecimiento de alojamiento si los impuestos ya est\u00e1n incluidos en el paquete o la reserva, para evitar sorpresas en el check-in o el check-out.<\/div><div>\u00a0<\/div><\/div><h3><b>Preguntas frecuentes<\/b><\/h3><div><p><b>a) \u00bfCu\u00e1l es la diferencia entre la TSA y la Tasa Tur\u00edstica de Cabo Verde?<\/b><\/p><div>La Tasa de Seguridad Aeroportuaria (TSA) se cobra a todos los pasajeros extranjeros que llegan a Cabo Verde para sufragar los gastos de seguridad aeroportuaria y mantenimiento de infraestructuras. La Tasa Tur\u00edstica se aplica a todos los visitantes que pernoctan en establecimientos de alojamiento del pa\u00eds, con el fin de financiar el desarrollo del turismo.<\/div><div>\u00a0<\/div><\/div><p><span style=\"color: var( --e-global-color-text ); font-family: var( --e-global-typography-text-font-family ), Sans-serif; text-align: var(--text-align); font-size: 1rem;\"><b>b) \u00bfA cu\u00e1nto asciende la Tasa de Seguridad Aeroportuaria (TSA)?<\/b><\/span><\/p><div><div>Vuelos internacionales: 3.400 CVE (unos 31 euros) por persona.<\/div><div><span style=\"color: var( --e-global-color-text ); font-family: var( --e-global-typography-text-font-family ), Sans-serif; font-weight: var( --e-global-typography-text-font-weight ); text-align: var(--text-align); font-size: 1rem;\">Vuelos nacionales (entre islas): 150 CVE (unos 1,50 euros) por persona.<\/span><\/div><div>\u00a0<\/div><p><b>c) \u00bfC\u00f3mo se paga la tasa de seguridad aeroportuaria?<\/b><\/p><div>En l\u00ednea: a trav\u00e9s de la plataforma <a href=\"https:\/\/registration.cv.zetes.com\/\" rel=\"nofollow noopener\" target=\"_blank\">EASE<\/a>con inscripci\u00f3n previa hasta 5 d\u00edas antes del viaje.<\/div><div><span style=\"color: var( --e-global-color-text ); font-family: var( --e-global-typography-text-font-family ), Sans-serif; font-weight: var( --e-global-typography-text-font-weight ); text-align: var(--text-align); font-size: 1rem;\">En el aeropuerto: Si no ha pagado en l\u00ednea, puede pagar directamente en el aeropuerto a su llegada.<\/span><\/div><div>\u00a0<\/div><p><b>d) \u00bfQui\u00e9n debe pagar la tasa de seguridad aeroportuaria?<\/b><\/p><div><div>Todos los pasajeros extranjeros, excepto: t<span style=\"color: var( --e-global-color-text ); font-family: var( --e-global-typography-text-font-family ), Sans-serif; font-weight: var( --e-global-typography-text-font-weight ); text-align: var(--text-align); font-size: 1rem;\">titulares de pasaporte caboverdiano en vuelos internacionales, c<\/span><span style=\"color: var( --e-global-color-text ); font-family: var( --e-global-typography-text-font-family ), Sans-serif; font-weight: var( --e-global-typography-text-font-weight ); text-align: var(--text-align); font-size: 1rem;\">ni\u00f1os menores de 2 a\u00f1os, y<\/span><span style=\"color: var( --e-global-color-text ); font-family: var( --e-global-typography-text-font-family ), Sans-serif; font-weight: var( --e-global-typography-text-font-weight ); text-align: var(--text-align); font-size: 1rem;\">extranjeros residentes en Cabo Verde, p<\/span><span style=\"color: var( --e-global-color-text ); font-family: var( --e-global-typography-text-font-family ), Sans-serif; font-weight: var( --e-global-typography-text-font-weight ); text-align: var(--text-align); font-size: 1rem;\">pasajeros en misiones oficiales o vuelos de Estado.<\/span><\/div><div>\u00a0<\/div><p><b>e) \u00bfQu\u00e9 validez tiene el pago de la tasa de seguridad aeroportuaria?<\/b><\/p><div>El pago de la TSA es v\u00e1lido para entrar en el pa\u00eds en la fecha seleccionada.<\/div><\/div><\/div><div><span style=\"color: var( --e-global-color-text ); font-family: var( --e-global-typography-text-font-family ), Sans-serif; font-weight: var( --e-global-typography-text-font-weight ); text-align: var(--text-align); font-size: 1rem;\">\u00a0<\/span><\/div><p><b><span style=\"color: var( --e-global-color-text ); font-family: var( --e-global-typography-text-font-family ), Sans-serif; text-align: var(--text-align); font-size: 1rem;\">f) \u00bfA cu\u00e1nto asciende la tasa tur\u00edstica de Cabo Verde?<\/span><\/b><\/p><p>2,50 euros (276 CVE) por persona y noche, hasta un m\u00e1ximo de 10 noches (25 euros en total).<\/p><p><span style=\"color: var( --e-global-color-text ); font-family: var( --e-global-typography-text-font-family ), Sans-serif; font-size: 1rem; text-align: var(--text-align);\"><b>g) \u00bfEst\u00e1 incluida la tasa tur\u00edstica en el precio de la reserva?<\/b><\/span><\/p><p>Depende del establecimiento o la agencia de viajes. Comprueba con antelaci\u00f3n si el precio ya est\u00e1 incluido en tu paquete.<\/p><p><span style=\"color: var( --e-global-color-text ); font-family: var( --e-global-typography-text-font-family ), Sans-serif; text-align: var(--text-align); font-size: 1rem;\"><b>h) \u00bfSe aplica la tasa tur\u00edstica a los ni\u00f1os?<\/b><\/span><\/p><p>No, los menores de 16 a\u00f1os est\u00e1n exentos.<\/p><p><b>i<span style=\"color: var( --e-global-color-text ); font-family: var( --e-global-typography-text-font-family ), Sans-serif; text-align: var(--text-align); font-size: 1rem;\">) \u00bfHay que pagar alguna tasa para entrar en Cabo Verde?<\/span><\/b><\/p><p>S\u00ed, todos los visitantes extranjeros deben pagar la Tasa de Seguridad Aeroportuaria (TSA). Adem\u00e1s, si se aloja, tambi\u00e9n pagar\u00e1 la Tasa Tur\u00edstica.<\/p><div>\u00a0<\/div><h5><b style=\"color: inherit; font-family: inherit; text-align: var(--text-align); font-size: 1.75rem;\">Conclusi\u00f3n<\/b><\/h5><div>Si viaja a Cabo Verde, es esencial que conozca los impuestos que pueden aplicarse a los visitantes, entre ellos la Tasa de Seguridad Aeroportuaria y la Tasa Tur\u00edstica de Cabo Verde. La Tasa de Seguridad Aeroportuaria deben pagarla todos los ciudadanos extranjeros que viajen a Cabo Verde y se utiliza para sufragar los gastos relacionados con la seguridad aeroportuaria.\u00a0<span style=\"color: var( --e-global-color-text ); font-family: var( --e-global-typography-text-font-family ), Sans-serif; font-weight: var( --e-global-typography-text-font-weight ); text-align: var(--text-align); font-size: 1rem;\">La Tasa Tur\u00edstica se aplica a todos los visitantes que se alojan en establecimientos de alojamiento y se utiliza para el desarrollo y la promoci\u00f3n del turismo en el pa\u00eds. Consulte con su agencia de viajes o servicio de reservas si estos impuestos ya est\u00e1n incluidos en su paquete de viaje.\u00a0<\/span><\/div><div><span style=\"color: var( --e-global-color-text ); font-family: var( --e-global-typography-text-font-family ), Sans-serif; font-weight: var( --e-global-typography-text-font-weight ); text-align: var(--text-align); font-size: 1rem;\">\u00a0<\/span><\/div><h5><span style=\"text-align: var(--text-align);\"><b>Consejos adicionales<\/b><\/span><\/h5><div><ul><li>Preinscr\u00edbase en <a href=\"https:\/\/registration.cv.zetes.com\/\" rel=\"nofollow noopener\" target=\"_blank\">en l\u00ednea <\/a>de la TSA para evitar colas en el aeropuerto.<\/li><li>Conserve todos los recibos de pago.<\/li><li>Compruebe con antelaci\u00f3n si los impuestos est\u00e1n incluidos en su paquete de viaje.<\/li><\/ul><div>\u00a0<\/div><div>Para m\u00e1s informaci\u00f3n sobre lo que debe saber antes de viajar a <a href=\"https:\/\/feelcaboverde.com\/es\/cabo-verde\/\">Cabo Verde<\/a>consulte nuestro <a href=\"https:\/\/feelcaboverde.com\/es\/informacion-completa-de-viaje-cabo-verde\/\">Gu\u00eda de viajes de la A a la Z<\/a>!<\/div><div>\u00a0<\/div><\/div>\t\t\t\t\t\t<\/div>\n\t\t\t\t<\/div>\n\t\t\t\t\t<\/div>\n\t\t<\/div>\n\t\t\t\t\t\t\t<\/div>\n\t\t<\/section>\n\t\t\t\t\t\t\t<\/div>","protected":false},"excerpt":{"rendered":"<p>Si est\u00e1 planeando un viaje a Cabo Verde, es esencial que conozca los impuestos obligatorios que pueden aplicarse a los visitantes. En este art\u00edculo, le explicamos todo sobre la Tasa de Seguridad Aeroportuaria (TSA) y la Tasa Tur\u00edstica de Cabo Verde, incluyendo importes, c\u00f3mo pagar, qui\u00e9n est\u00e1 exento y mucho m\u00e1s.   Tasa de Seguridad Aeroportuaria (TSA) [...]<\/p>","protected":false},"author":1,"featured_media":0,"parent":0,"menu_order":0,"comment_status":"closed","ping_status":"closed","template":"","meta":{"footnotes":""},"categories":[],"tags":[],"class_list":["post-1037","page","type-page","status-publish","hentry"],"_links":{"self":[{"href":"https:\/\/feelcaboverde.com\/es\/wp-json\/wp\/v2\/pages\/1037","targetHints":{"allow":["GET"]}}],"collection":[{"href":"https:\/\/feelcaboverde.com\/es\/wp-json\/wp\/v2\/pages"}],"about":[{"href":"https:\/\/feelcaboverde.com\/es\/wp-json\/wp\/v2\/types\/page"}],"author":[{"embeddable":true,"href":"https:\/\/feelcaboverde.com\/es\/wp-json\/wp\/v2\/users\/1"}],"replies":[{"embeddable":true,"href":"https:\/\/feelcaboverde.com\/es\/wp-json\/wp\/v2\/comments?post=1037"}],"version-history":[{"count":73,"href":"https:\/\/feelcaboverde.com\/es\/wp-json\/wp\/v2\/pages\/1037\/revisions"}],"predecessor-version":[{"id":5479,"href":"https:\/\/feelcaboverde.com\/es\/wp-json\/wp\/v2\/pages\/1037\/revisions\/5479"}],"wp:attachment":[{"href":"https:\/\/feelcaboverde.com\/es\/wp-json\/wp\/v2\/media?parent=1037"}],"wp:term":[{"taxonomy":"category","embeddable":true,"href":"https:\/\/feelcaboverde.com\/es\/wp-json\/wp\/v2\/categories?post=1037"},{"taxonomy":"post_tag","embeddable":true,"href":"https:\/\/feelcaboverde.com\/es\/wp-json\/wp\/v2\/tags?post=1037"}],"curies":[{"name":"wp","href":"https:\/\/api.w.org\/{rel}","templated":true}]}}