{"id":2081,"date":"2022-09-29T15:46:12","date_gmt":"2022-09-29T15:46:12","guid":{"rendered":"https:\/\/feelcaboverde.com\/?page_id=2081"},"modified":"2023-04-04T00:50:58","modified_gmt":"2023-04-04T00:50:58","slug":"voos-para-cabo-verde","status":"publish","type":"page","link":"https:\/\/feelcaboverde.com\/en\/flights-to-cape-verde\/","title":{"rendered":"Flights to Cape Verde"},"content":{"rendered":"<div data-elementor-type=\"wp-page\" data-elementor-id=\"2081\" class=\"elementor elementor-2081\">\n\t\t\t\t\t\t\t<div class=\"elementor-element elementor-element-7a76645 e-container--row e-container\" data-id=\"7a76645\" data-element_type=\"container\">\t\t\t\t<div class=\"elementor-element elementor-element-284c0c7 elementor-widget elementor-widget-text-editor\" data-id=\"284c0c7\" data-element_type=\"widget\" data-widget_type=\"text-editor.default\">\n\t\t\t\t<div class=\"elementor-widget-container\">\n\t\t\t<style>\/*! elementor - v3.7.1 - 14-08-2022 *\/\n.elementor-widget-text-editor.elementor-drop-cap-view-stacked .elementor-drop-cap{background-color:#818a91;color:#fff}.elementor-widget-text-editor.elementor-drop-cap-view-framed .elementor-drop-cap{color:#818a91;border:3px solid;background-color:transparent}.elementor-widget-text-editor:not(.elementor-drop-cap-view-default) .elementor-drop-cap{margin-top:8px}.elementor-widget-text-editor:not(.elementor-drop-cap-view-default) .elementor-drop-cap-letter{width:1em;height:1em}.elementor-widget-text-editor .elementor-drop-cap{float:left;text-align:center;line-height:1;font-size:50px}.elementor-widget-text-editor .elementor-drop-cap-letter{display:inline-block}<\/style>\t\t\t\t<h3><span style=\"font-weight: 400;\">Cape Verde International Airports<\/span><\/h3><p><span style=\"font-weight: 400;\">Cape Verde has <\/span><b>four international airports<\/b><span style=\"font-weight: 400;\"> through which you can enter the country:<\/span><\/p>\n<ul>\n<li style=\"font-weight: 400;\" aria-level=\"1\"><span style=\"font-weight: 400;\">Nelson Mandela International Airport (RAI), in Santiago<\/span><\/li>\n<li style=\"font-weight: 400;\" aria-level=\"1\"><span style=\"font-weight: 400;\">Ces\u00e1ria \u00c9vora International Airport ((VXE), in S\u00e3o Vicente<\/span><\/li>\n<li style=\"font-weight: 400;\" aria-level=\"1\"><span style=\"font-weight: 400;\">Am\u00edlcar Cabral International Airport (SID), on the island of Sal<\/span><\/li>\n<li style=\"font-weight: 400;\" aria-level=\"1\"><span style=\"font-weight: 400;\">Aristides Pereira International Airport (BVC), on the island of Boavista&nbsp;<\/span><\/li>\n<\/ul>\n<p><span style=\"font-weight: 400;\">Several airlines, including some low-cost carriers, operate flights to Cape Verde. Some routes operate all year round and others seasonally. Due to the COVID-19 pandemic, some routes are currently suspended<\/span><\/p>\n<h3><span style=\"font-weight: 400;\"><br><\/span><\/h3><h3><span style=\"font-weight: 400;\">Flights to Cape Verde<\/span><\/h3><p><span style=\"font-weight: 400;\">The main <\/span><b>airlines operating flights to Cape Verde<\/b><span style=\"font-weight: 400;\"> are:<\/span><\/p>\n<ul>\n<li style=\"font-weight: 400;\" aria-level=\"1\"><a href=\"https:\/\/caboverdeairlines.com\" target=\"_blank\" rel=\"noopener nofollow\"><span style=\"font-weight: 400;\">Cabo Verde Airlines<\/span><\/a><span style=\"font-weight: 400;\"> (Cape Verde)<\/span><\/li>\n<li style=\"font-weight: 400;\" aria-level=\"1\"><a href=\"http:\/\/www.flytap.com\/\" target=\"_blank\" rel=\"noopener nofollow\"><span style=\"font-weight: 400;\">TAP<\/span><\/a><span style=\"font-weight: 400;\"> (Portugal)<\/span><\/li>\n<li style=\"font-weight: 400;\" aria-level=\"1\"><a href=\"http:\/\/www.royalairmaroc.com\/\" target=\"_blank\" rel=\"noopener nofollow\"><span style=\"font-weight: 400;\">Royal Air Maroc<\/span><\/a><span style=\"font-weight: 400;\"> (Morocco)<\/span><\/li>\n<li style=\"font-weight: 400;\" aria-level=\"1\"><a href=\"http:\/\/www.tuifly.com\/\" target=\"_blank\" rel=\"noopener nofollow\"><span style=\"font-weight: 400;\">Tui Fly<\/span><\/a><span style=\"font-weight: 400;\"> (Netherlands and Germany)<\/span><\/li>\n<li style=\"font-weight: 400;\" aria-level=\"1\"><a href=\"https:\/\/www.tui.co.uk\/flight\/\" target=\"_blank\" rel=\"noopener nofollow\"><span style=\"font-weight: 400;\">TUI<\/span><\/a><span style=\"font-weight: 400;\"> (United Kingdom, Sweden, Belgium)&nbsp;<\/span><\/li>\n<li style=\"font-weight: 400;\" aria-level=\"1\"><a href=\"http:\/\/www.bintercanarias.com\/\" target=\"_blank\" rel=\"noopener nofollow\"><span style=\"font-weight: 400;\">Binter Canarias<\/span><\/a><span style=\"font-weight: 400;\"> (Canary Islands)<\/span><\/li>\n<li style=\"font-weight: 400;\" aria-level=\"1\"><a href=\"http:\/\/www.neosair.it\/\" target=\"_blank\" rel=\"noopener nofollow\"><span style=\"font-weight: 400;\">Neos Air<\/span><\/a> <span style=\"font-weight: 400;\">(Italy)<\/span><\/li>\n<li style=\"font-weight: 400;\" aria-level=\"1\"><a href=\"http:\/\/www.thomson.co.uk\/flight\/\" target=\"_blank\" rel=\"noopener nofollow\"><span style=\"font-weight: 400;\">Thomson Airways<\/span><\/a><span style=\"font-weight: 400;\"> (United Kingdom)<\/span><\/li>\n<li style=\"font-weight: 400;\" aria-level=\"1\"><a href=\"http:\/\/www.luxair.lu\/\" target=\"_blank\" rel=\"noopener nofollow\"><span style=\"font-weight: 400;\">Luxair<\/span><\/a><span style=\"font-weight: 400;\"> (Luxembourg)<\/span><\/li>\n<li style=\"font-weight: 400;\" aria-level=\"1\"><a href=\"http:\/\/flyairsenegal.com\" target=\"_blank\" rel=\"noopener nofollow\"><span style=\"font-weight: 400;\">Air Senegal<\/span><\/a><span style=\"font-weight: 400;\"> (Senegal)<\/span><\/li>\n<li style=\"font-weight: 400;\" aria-level=\"1\"><a href=\"https:\/\/groupetransair.sn\/\" rel=\"nofollow noopener\" target=\"_blank\"><span style=\"font-weight: 400;\">Groupe Transair S.A<\/span><\/a><span style=\"font-weight: 400;\"> (Senegal)<\/span><\/li>\n<li style=\"font-weight: 400;\" aria-level=\"1\"><a href=\"https:\/\/www.flyasky.com\/\" target=\"_blank\" rel=\"noopener nofollow\"><span style=\"font-weight: 400;\">Asky Airline<\/span><\/a><span style=\"font-weight: 400;\"><a href=\"\/en\/_wp_link_placeholder\/\">s<\/a> (Pan African)<\/span><\/li>\n<\/ul>\n<p><span style=\"font-weight: 400;\">For the best flights to and from Cape Verde, check out the <\/span><a href=\"http:\/\/www.skyscanner.net\" target=\"_blank\" rel=\"noopener nofollow\"><span style=\"font-weight: 400;\">Skyscanner <\/span><\/a><span style=\"font-weight: 400;\">or <\/span><a href=\"http:\/\/www.expedia.com\" target=\"_blank\" rel=\"noopener nofollow\"><span style=\"font-weight: 400;\">Expedia<\/span><\/a><span style=\"font-weight: 400;\">.<\/span><\/p>\n<p><span style=\"font-weight: 400;\">In addition to the four international airports, Cape Verde also has<\/span><b> three national airfields<\/b><span style=\"font-weight: 400;\"> active, intended only for national flights.&nbsp;<\/span><\/p>\n<ul>\n<li style=\"font-weight: 400;\" aria-level=\"1\"><span style=\"font-weight: 400;\">S\u00e3o Filipe Aerodrome (SFL), Fogo Island<\/span><\/li>\n<li style=\"font-weight: 400;\" aria-level=\"1\"><span style=\"font-weight: 400;\">Maio Airfield (MMO), Maio Island<\/span><\/li>\n<li style=\"font-weight: 400;\" aria-level=\"1\"><span style=\"font-weight: 400;\">Pregui\u00e7a Aerodrome (SNE), S\u00e3o Nicolau Island<\/span><\/li>\n<\/ul>\n<p><span style=\"font-weight: 400;\">Flights between the Cape Verde islands are currently operated by the company<\/span><a href=\"http:\/\/bestflycaboverde.com\" target=\"_blank\" rel=\"noopener nofollow\"><span style=\"font-weight: 400;\"> Best Fly Cape Verde<\/span><\/a><span style=\"font-weight: 400;\">.&nbsp;<\/span><\/p>\n<p><span style=\"font-weight: 400;\">For detailed information on how to travel between the Cape Verde islands, itineraries and prices, see the <\/span><span style=\"font-weight: 400;\">article <\/span><span style=\"font-weight: 400;\">How to get around Cape Verde<\/span><span style=\"font-weight: 400;\">.&nbsp;<\/span><\/p>\t\t\t\t\t\t<\/div>\n\t\t\t\t<\/div>\n\t\t<\/div><div class=\"elementor-element elementor-element-08094e7 elementor-hidden-desktop elementor-hidden-tablet elementor-hidden-mobile e-container--row e-container\" data-id=\"08094e7\" data-element_type=\"container\">\t\t<div class=\"elementor-element elementor-element-09071ca e-container--column e-container\" data-id=\"09071ca\" data-element_type=\"container\" data-settings=\"{&quot;background_background&quot;:&quot;classic&quot;}\">\t\t\t\t<div class=\"elementor-element elementor-element-1873583 elementor-view-framed elementor-shape-circle elementor-mobile-position-top elementor-vertical-align-top elementor-widget elementor-widget-icon-box\" data-id=\"1873583\" data-element_type=\"widget\" data-widget_type=\"icon-box.default\">\n\t\t\t\t<div class=\"elementor-widget-container\">\n\t\t\t<link rel=\"stylesheet\" href=\"https:\/\/feelcaboverde.com\/wp-content\/plugins\/elementor\/assets\/css\/widget-icon-box.min.css\">\t\t<div class=\"elementor-icon-box-wrapper\">\n\t\t\t\t\t\t<div class=\"elementor-icon-box-icon\">\n\t\t\t\t<a class=\"elementor-icon elementor-animation-\" href=\"https:\/\/feelcaboverde.com\/en\/historia\/\">\n\t\t\t\t<svg aria-hidden=\"true\" class=\"e-font-icon-svg e-fas-luggage-cart\"><use xlink:href=\"#fas-luggage-cart\" \/><\/svg>\t\t\t\t<\/a>\n\t\t\t<\/div>\n\t\t\t\t\t\t<div class=\"elementor-icon-box-content\">\n\t\t\t\t<h3 class=\"elementor-icon-box-title\">\n\t\t\t\t\t<a href=\"https:\/\/feelcaboverde.com\/en\/historia\/\">\n\t\t\t\t\t\tLuxair \t\t\t\t\t<\/a>\n\t\t\t\t<\/h3>\n\t\t\t\t\t\t\t\t\t<p class=\"elementor-icon-box-description\">\n\t\t\t\t\t\tLuxembourg\t\t\t\t\t<\/p>\n\t\t\t\t\t\t\t<\/div>\n\t\t<\/div>\n\t\t\t\t<\/div>\n\t\t\t\t<\/div>\n\t\t<\/div><div class=\"elementor-element elementor-element-ec3b1df e-container--column e-container\" data-id=\"ec3b1df\" data-element_type=\"container\" data-settings=\"{&quot;background_background&quot;:&quot;classic&quot;}\">\t\t\t\t<div class=\"elementor-element elementor-element-f267320 elementor-view-framed elementor-shape-circle elementor-mobile-position-top elementor-vertical-align-top elementor-widget elementor-widget-icon-box\" data-id=\"f267320\" data-element_type=\"widget\" data-widget_type=\"icon-box.default\">\n\t\t\t\t<div class=\"elementor-widget-container\">\n\t\t\t\t\t<div class=\"elementor-icon-box-wrapper\">\n\t\t\t\t\t\t<div class=\"elementor-icon-box-icon\">\n\t\t\t\t<a class=\"elementor-icon elementor-animation-\" href=\"https:\/\/feelcaboverde.com\/en\/historia\/\">\n\t\t\t\t<svg aria-hidden=\"true\" class=\"e-font-icon-svg e-fas-luggage-cart\"><use xlink:href=\"#fas-luggage-cart\" \/><\/svg>\t\t\t\t<\/a>\n\t\t\t<\/div>\n\t\t\t\t\t\t<div class=\"elementor-icon-box-content\">\n\t\t\t\t<h3 class=\"elementor-icon-box-title\">\n\t\t\t\t\t<a href=\"https:\/\/feelcaboverde.com\/en\/historia\/\">\n\t\t\t\t\t\tAir Senegal \t\t\t\t\t<\/a>\n\t\t\t\t<\/h3>\n\t\t\t\t\t\t\t\t\t<p class=\"elementor-icon-box-description\">\n\t\t\t\t\t\tSenegal\t\t\t\t\t<\/p>\n\t\t\t\t\t\t\t<\/div>\n\t\t<\/div>\n\t\t\t\t<\/div>\n\t\t\t\t<\/div>\n\t\t<\/div><div class=\"elementor-element elementor-element-c201e3b e-container--column e-container\" data-id=\"c201e3b\" data-element_type=\"container\" data-settings=\"{&quot;background_background&quot;:&quot;classic&quot;}\">\t\t\t\t<div class=\"elementor-element elementor-element-73a6968 elementor-view-framed elementor-shape-circle elementor-mobile-position-top elementor-vertical-align-top elementor-widget elementor-widget-icon-box\" data-id=\"73a6968\" data-element_type=\"widget\" data-widget_type=\"icon-box.default\">\n\t\t\t\t<div class=\"elementor-widget-container\">\n\t\t\t\t\t<div class=\"elementor-icon-box-wrapper\">\n\t\t\t\t\t\t<div class=\"elementor-icon-box-icon\">\n\t\t\t\t<a class=\"elementor-icon elementor-animation-\" href=\"https:\/\/feelcaboverde.com\/en\/historia\/\">\n\t\t\t\t<svg aria-hidden=\"true\" class=\"e-font-icon-svg e-fas-luggage-cart\"><use xlink:href=\"#fas-luggage-cart\" \/><\/svg>\t\t\t\t<\/a>\n\t\t\t<\/div>\n\t\t\t\t\t\t<div class=\"elementor-icon-box-content\">\n\t\t\t\t<h3 class=\"elementor-icon-box-title\">\n\t\t\t\t\t<a href=\"https:\/\/feelcaboverde.com\/en\/historia\/\">\n\t\t\t\t\t\tGroupe Transair S.A \t\t\t\t\t<\/a>\n\t\t\t\t<\/h3>\n\t\t\t\t\t\t\t\t\t<p class=\"elementor-icon-box-description\">\n\t\t\t\t\t\tSenegal\t\t\t\t\t<\/p>\n\t\t\t\t\t\t\t<\/div>\n\t\t<\/div>\n\t\t\t\t<\/div>\n\t\t\t\t<\/div>\n\t\t<\/div><div class=\"elementor-element elementor-element-1f481f5 e-container--column e-container\" data-id=\"1f481f5\" data-element_type=\"container\" data-settings=\"{&quot;background_background&quot;:&quot;classic&quot;}\">\t\t\t\t<div class=\"elementor-element elementor-element-d8b63b6 elementor-view-framed elementor-shape-circle elementor-mobile-position-top elementor-vertical-align-top elementor-widget elementor-widget-icon-box\" data-id=\"d8b63b6\" data-element_type=\"widget\" data-widget_type=\"icon-box.default\">\n\t\t\t\t<div class=\"elementor-widget-container\">\n\t\t\t\t\t<div class=\"elementor-icon-box-wrapper\">\n\t\t\t\t\t\t<div class=\"elementor-icon-box-icon\">\n\t\t\t\t<a class=\"elementor-icon elementor-animation-\" href=\"https:\/\/feelcaboverde.com\/en\/historia\/\">\n\t\t\t\t<svg aria-hidden=\"true\" class=\"e-font-icon-svg e-fas-luggage-cart\"><use xlink:href=\"#fas-luggage-cart\" \/><\/svg>\t\t\t\t<\/a>\n\t\t\t<\/div>\n\t\t\t\t\t\t<div class=\"elementor-icon-box-content\">\n\t\t\t\t<h3 class=\"elementor-icon-box-title\">\n\t\t\t\t\t<a href=\"https:\/\/feelcaboverde.com\/en\/historia\/\">\n\t\t\t\t\t\tAsky Airlines\t\t\t\t\t<\/a>\n\t\t\t\t<\/h3>\n\t\t\t\t\t\t\t\t\t<p class=\"elementor-icon-box-description\">\n\t\t\t\t\t\tPan African\t\t\t\t\t<\/p>\n\t\t\t\t\t\t\t<\/div>\n\t\t<\/div>\n\t\t\t\t<\/div>\n\t\t\t\t<\/div>\n\t\t<\/div><\/div>\t\t\t\t\t<\/div>","protected":false},"excerpt":{"rendered":"<p>Cape Verde's International Airports Cape Verde has four international airports through which you can enter the country: Nelson Mandela International Airport (RAI), in Santiago Ces\u00e1ria \u00c9vora International Airport ((VXE), in S\u00e3o Vicente Am\u00edlcar Cabral International Airport (SID), on the island of Sal Aristides Pereira International Airport (BVC), on the island of Boavista Several airlines, [...]<\/p>","protected":false},"author":1,"featured_media":0,"parent":0,"menu_order":0,"comment_status":"closed","ping_status":"closed","template":"","meta":{"footnotes":""},"categories":[],"tags":[],"class_list":["post-2081","page","type-page","status-publish","hentry"],"_links":{"self":[{"href":"https:\/\/feelcaboverde.com\/en\/wp-json\/wp\/v2\/pages\/2081","targetHints":{"allow":["GET"]}}],"collection":[{"href":"https:\/\/feelcaboverde.com\/en\/wp-json\/wp\/v2\/pages"}],"about":[{"href":"https:\/\/feelcaboverde.com\/en\/wp-json\/wp\/v2\/types\/page"}],"author":[{"embeddable":true,"href":"https:\/\/feelcaboverde.com\/en\/wp-json\/wp\/v2\/users\/1"}],"replies":[{"embeddable":true,"href":"https:\/\/feelcaboverde.com\/en\/wp-json\/wp\/v2\/comments?post=2081"}],"version-history":[{"count":47,"href":"https:\/\/feelcaboverde.com\/en\/wp-json\/wp\/v2\/pages\/2081\/revisions"}],"predecessor-version":[{"id":4588,"href":"https:\/\/feelcaboverde.com\/en\/wp-json\/wp\/v2\/pages\/2081\/revisions\/4588"}],"wp:attachment":[{"href":"https:\/\/feelcaboverde.com\/en\/wp-json\/wp\/v2\/media?parent=2081"}],"wp:term":[{"taxonomy":"category","embeddable":true,"href":"https:\/\/feelcaboverde.com\/en\/wp-json\/wp\/v2\/categories?post=2081"},{"taxonomy":"post_tag","embeddable":true,"href":"https:\/\/feelcaboverde.com\/en\/wp-json\/wp\/v2\/tags?post=2081"}],"curies":[{"name":"wp","href":"https:\/\/api.w.org\/{rel}","templated":true}]}}