{"id":978,"date":"2022-05-27T13:33:04","date_gmt":"2022-05-27T13:33:04","guid":{"rendered":"https:\/\/feelcaboverde.com\/?page_id=978"},"modified":"2023-04-02T00:00:05","modified_gmt":"2023-04-02T00:00:05","slug":"dinheiro-bancos","status":"publish","type":"page","link":"https:\/\/feelcaboverde.com\/de\/geld-banken-kap-verde\/","title":{"rendered":"Geld und Banken in Kap Verde"},"content":{"rendered":"<div data-elementor-type=\"wp-page\" data-elementor-id=\"978\" class=\"elementor elementor-978\">\n\t\t\t\t\t\t\t\t\t<section data-particle_enable=\"false\" data-particle-mobile-disabled=\"false\" class=\"elementor-section elementor-top-section elementor-element elementor-element-43b54aea elementor-section-boxed elementor-section-height-default elementor-section-height-default\" data-id=\"43b54aea\" data-element_type=\"section\">\n\t\t\t\t\t\t<div class=\"elementor-container elementor-column-gap-default\">\n\t\t\t\t\t<div class=\"elementor-column elementor-col-100 elementor-top-column elementor-element elementor-element-6e42e8a5\" data-id=\"6e42e8a5\" data-element_type=\"column\">\n\t\t\t<div class=\"elementor-widget-wrap elementor-element-populated\">\n\t\t\t\t\t\t\t\t<div class=\"elementor-element elementor-element-56626ddb elementor-widget elementor-widget-text-editor\" data-id=\"56626ddb\" data-element_type=\"widget\" data-widget_type=\"text-editor.default\">\n\t\t\t\t<div class=\"elementor-widget-container\">\n\t\t\t<style>\/*! elementor - v3.7.1 - 14-08-2022 *\/\n.elementor-widget-text-editor.elementor-drop-cap-view-stacked .elementor-drop-cap{background-color:#818a91;color:#fff}.elementor-widget-text-editor.elementor-drop-cap-view-framed .elementor-drop-cap{color:#818a91;border:3px solid;background-color:transparent}.elementor-widget-text-editor:not(.elementor-drop-cap-view-default) .elementor-drop-cap{margin-top:8px}.elementor-widget-text-editor:not(.elementor-drop-cap-view-default) .elementor-drop-cap-letter{width:1em;height:1em}.elementor-widget-text-editor .elementor-drop-cap{float:left;text-align:center;line-height:1;font-size:50px}.elementor-widget-text-editor .elementor-drop-cap-letter{display:inline-block}<\/style>\t\t\t\t<p><span style=\"color: var( --e-global-color-text ); font-family: var( --e-global-typography-text-font-family ), Sans-serif; font-weight: var( --e-global-typography-text-font-weight ); text-align: var(--text-align); font-size: 1rem;\">Die <\/span><span style=\"color: var( --e-global-color-text ); font-family: var( --e-global-typography-text-font-family ), Sans-serif; text-align: var(--text-align); font-size: 1rem;\"><b>Die W\u00e4hrung von Kap Verde ist der Kapverdische Escudo<\/b><\/span><span style=\"color: var( --e-global-color-text ); font-family: var( --e-global-typography-text-font-family ), Sans-serif; font-weight: var( --e-global-typography-text-font-weight ); text-align: var(--text-align); font-size: 1rem;\"> (ECV). Banknoten gibt es in den St\u00fcckelungen 200, 500, 1000, 2000 und 5000 Escudos. Umlaufm\u00fcnzen gibt es in den St\u00fcckelungen 1, 5, 10, 20, 50 und 100 Escudos.<\/span><br><\/p>\n<p>Der Escudo ist an den Euro gekoppelt und folgt dessen Wechselkurs, d. h. wenn der Euro steigt, steigt auch der Escudo. Ein Euro (1 \u20ac) entspricht etwa 110 Escudos.<\/p>\n<h3><strong>Geldtransport nach Kap Verde <\/strong><\/h3>\n<p>Wenn Sie Geld, Metalle oder Edelsteine im Wert von mindestens 1.000.000$00 (eine Million Escudos) oder den Gegenwert in einer anderen W\u00e4hrung mit sich f\u00fchren, m\u00fcssen Sie dies bei der Ein- und Ausreise beim Zoll anmelden.<\/p>\n<p>Die Ein- und Ausfuhr nationaler Banknoten und M\u00fcnzen ist bis zu einem Betrag von 20.000$00 (zwanzigtausend Escudos) frei. F\u00fcr h\u00f6here Betr\u00e4ge ist eine vorherige Sondergenehmigung der Bank von Kap Verde erforderlich, die zu begr\u00fcnden ist.<\/p>\n<p>Weitere Informationen zu Devisengesch\u00e4ften f\u00fcr Reisende finden Sie in der <a href=\"https:\/\/www.bcv.cv\/SiteCollectionDocuments\/ViajantesNet.pdf\" rel=\"nofollow noopener\" target=\"_blank\">Leitlinien der Bank von Kap Verde<\/a>.<\/p>\n<h3><strong>W\u00e4hrungsumtausch in Kap Verde<\/strong><\/h3>\n<p>Geldwechsel in Kap Verde ist an internationalen Flugh\u00e4fen, in lokalen Banken und in einigen Reiseb\u00fcros m\u00f6glich.<\/p>\n<p>Im Allgemeinen ist es nicht m\u00f6glich, Escudos im Ausland umzutauschen, also vermeiden Sie es, mit hohen Werten zur\u00fcckzukehren.&nbsp;&nbsp;<\/p>\n<p>Die in Kap Verde geltenden Handelswechselkurse finden Sie unter <a href=\"https:\/\/www.bca.cv\/espaco-de-mercados\" rel=\"nofollow noopener\" target=\"_blank\">hier<\/a>.<\/p>\n<p><br><\/p>\n<h3><strong>\u00d6ffnungszeiten der Banken in Cabo Verde<\/strong><\/h3>\n<p>Im Allgemeinen sind die Banken in Kap Verde von Montag bis Freitag von 08:00-15:00 Uhr ge\u00f6ffnet.<\/p>\n<p><br><\/p>\n<h3><strong>Kreditkarten in Kap Verde<\/strong><\/h3>\n<p>Kreditkarten <strong>Visa, MasterCard und American Express sind offiziell <\/strong><a href=\"https:\/\/www.sisp.cv\/visa-mastercard.aspx\" rel=\"nofollow noopener\" target=\"_blank\"><strong>akzeptiert in Kap Verde<\/strong><\/a>.  Sie k\u00f6nnen zum Bezahlen in gro\u00dfen Hotels und Restaurants, insbesondere in gr\u00f6\u00dferen St\u00e4dten, verwendet werden.<\/p>\n<p>Auf dem Land und in kleineren St\u00e4dten ist es m\u00f6glicherweise nicht m\u00f6glich, mit internationalen Karten zu bezahlen. Als Vorsichtsma\u00dfnahme ist es immer ratsam, etwas Bargeld bei sich zu haben. Der Euro ist die am weitesten verbreitete internationale W\u00e4hrung auf den Kapverden. Einige Gesch\u00e4fte auf den Inseln Sal und Boavista akzeptieren die Zahlung in Euro.&nbsp;<\/p>\n<p>Sie k\u00f6nnen bei den Banken Geld mit Kreditkarten abheben, aber die Geb\u00fchren sind meist hoch.<\/p>\n<p><br><\/p>\n<h3><strong>Geldautomaten (auf Kap Verde)<\/strong><\/h3>\n<p>Auf allen kapverdischen Inseln gibt es Geldautomaten (sogenannte Vinti4-Boxen). In den kleineren Orten sind sie jedoch seltener zu finden und konzentrieren sich haupts\u00e4chlich auf die Zentren. Kleinere oder abgelegene St\u00e4dte haben in der Regel keine Geldautomaten und akzeptieren m\u00f6glicherweise keine Kreditkarten. Nehmen Sie immer etwas Bargeld mit, wenn Sie die Stadt verlassen.<\/p><p><br><\/p>\n<h3><strong>H\u00e4ufig gestellte Fragen<\/strong>:<\/h3>\n<ul>\n<li>Kann man auf den Kapverden mit Euro bezahlen?<\/li>\n<\/ul>\n<p>Der Euro wird auf den Inseln Sal und Boavista allgemein akzeptiert. Auf den anderen Inseln wird der Euro in den Gesch\u00e4ften seltener angenommen, aber Wechselstuben gibt es auf allen Inseln.&nbsp;<\/p>\n<ul>\n<li>Welches ist die beste W\u00e4hrung f\u00fcr die Kapverden?<\/li>\n<\/ul>\n<p>Der Euro ist die beste W\u00e4hrung f\u00fcr eine Reise nach Kap Verde, da er die am weitesten verbreitete W\u00e4hrung ist und der Escudo an ihn gekoppelt ist, d. h. wenn der Euro steigt, steigt auch der Escudo.<\/p>\n<p>Vielleicht m\u00f6chten Sie einen Teil Ihres Reisegeldes in Euro umtauschen, wenn Sie die Kapverden besuchen m\u00f6chten.<\/p>\t\t\t\t\t\t<\/div>\n\t\t\t\t<\/div>\n\t\t\t\t\t<\/div>\n\t\t<\/div>\n\t\t\t\t\t\t\t<\/div>\n\t\t<\/section>\n\t\t\t\t\t\t\t<\/div>","protected":false},"excerpt":{"rendered":"<p>Die W\u00e4hrung der Kapverden ist der Kapverdische Escudo (ECV). Banknoten gibt es in den St\u00fcckelungen 200, 500, 1000, 2000 und 5000 Escudos. Umlaufm\u00fcnzen gibt es in den St\u00fcckelungen 1, 5, 10, 20, 50 und 100 Escudos. Der Escudo ist an den Euro gekoppelt und folgt dessen Wechselkurs, d. h. wenn der Wechselkurs [...]<\/p>","protected":false},"author":1,"featured_media":0,"parent":0,"menu_order":0,"comment_status":"closed","ping_status":"closed","template":"","meta":{"footnotes":""},"categories":[],"tags":[],"class_list":["post-978","page","type-page","status-publish","hentry"],"_links":{"self":[{"href":"https:\/\/feelcaboverde.com\/de\/wp-json\/wp\/v2\/pages\/978","targetHints":{"allow":["GET"]}}],"collection":[{"href":"https:\/\/feelcaboverde.com\/de\/wp-json\/wp\/v2\/pages"}],"about":[{"href":"https:\/\/feelcaboverde.com\/de\/wp-json\/wp\/v2\/types\/page"}],"author":[{"embeddable":true,"href":"https:\/\/feelcaboverde.com\/de\/wp-json\/wp\/v2\/users\/1"}],"replies":[{"embeddable":true,"href":"https:\/\/feelcaboverde.com\/de\/wp-json\/wp\/v2\/comments?post=978"}],"version-history":[{"count":12,"href":"https:\/\/feelcaboverde.com\/de\/wp-json\/wp\/v2\/pages\/978\/revisions"}],"predecessor-version":[{"id":4110,"href":"https:\/\/feelcaboverde.com\/de\/wp-json\/wp\/v2\/pages\/978\/revisions\/4110"}],"wp:attachment":[{"href":"https:\/\/feelcaboverde.com\/de\/wp-json\/wp\/v2\/media?parent=978"}],"wp:term":[{"taxonomy":"category","embeddable":true,"href":"https:\/\/feelcaboverde.com\/de\/wp-json\/wp\/v2\/categories?post=978"},{"taxonomy":"post_tag","embeddable":true,"href":"https:\/\/feelcaboverde.com\/de\/wp-json\/wp\/v2\/tags?post=978"}],"curies":[{"name":"wp","href":"https:\/\/api.w.org\/{rel}","templated":true}]}}