{"id":965,"date":"2022-05-27T13:29:39","date_gmt":"2022-05-27T13:29:39","guid":{"rendered":"https:\/\/feelcaboverde.com\/?page_id=965"},"modified":"2023-12-22T01:05:19","modified_gmt":"2023-12-22T01:05:19","slug":"contatos-de-emergencia","status":"publish","type":"page","link":"https:\/\/feelcaboverde.com\/de\/notfallkontakte-kap-verde\/","title":{"rendered":"Notfallkontakte"},"content":{"rendered":"<div data-elementor-type=\"wp-page\" data-elementor-id=\"965\" class=\"elementor elementor-965\">\n\t\t\t\t\t\t\t\t\t<section data-particle_enable=\"false\" data-particle-mobile-disabled=\"false\" class=\"elementor-section elementor-top-section elementor-element elementor-element-43b54aea elementor-section-boxed elementor-section-height-default elementor-section-height-default\" data-id=\"43b54aea\" data-element_type=\"section\">\n\t\t\t\t\t\t<div class=\"elementor-container elementor-column-gap-default\">\n\t\t\t\t\t<div class=\"elementor-column elementor-col-100 elementor-top-column elementor-element elementor-element-6e42e8a5\" data-id=\"6e42e8a5\" data-element_type=\"column\">\n\t\t\t<div class=\"elementor-widget-wrap elementor-element-populated\">\n\t\t\t\t\t\t\t\t<div class=\"elementor-element elementor-element-56626ddb elementor-widget elementor-widget-text-editor\" data-id=\"56626ddb\" data-element_type=\"widget\" data-widget_type=\"text-editor.default\">\n\t\t\t\t<div class=\"elementor-widget-container\">\n\t\t\t<style>\/*! elementor - v3.7.1 - 14-08-2022 *\/\n.elementor-widget-text-editor.elementor-drop-cap-view-stacked .elementor-drop-cap{background-color:#818a91;color:#fff}.elementor-widget-text-editor.elementor-drop-cap-view-framed .elementor-drop-cap{color:#818a91;border:3px solid;background-color:transparent}.elementor-widget-text-editor:not(.elementor-drop-cap-view-default) .elementor-drop-cap{margin-top:8px}.elementor-widget-text-editor:not(.elementor-drop-cap-view-default) .elementor-drop-cap-letter{width:1em;height:1em}.elementor-widget-text-editor .elementor-drop-cap{float:left;text-align:center;line-height:1;font-size:50px}.elementor-widget-text-editor .elementor-drop-cap-letter{display:inline-block}<\/style>\t\t\t\t<p>Urlaub und Reisen sind nicht vor unvorhergesehenen Ereignissen gefeit. Deshalb ist es wichtig, die Notrufnummern f\u00fcr jede Situation zu kennen. Dies sind die Ansprechpartner f\u00fcr Notf\u00e4lle auf den Kapverden.<\/p>\n<ul>\n<li><strong>Krankenh\u00e4user - 130<\/strong>. Die Nummer 130 ist bei medizinischen Notf\u00e4llen wie pl\u00f6tzlicher Krankheit, schweren Unf\u00e4llen oder gesundheitlichen Problemen zu w\u00e4hlen.&nbsp;<\/li>\n<li><strong>Feuerwehrleute - 131<\/strong>. Die Nummer 131 wird bei Br\u00e4nden, Erdrutschen, \u00dcberschwemmungen, Rettungseins\u00e4tzen und anderen Notf\u00e4llen verwendet, die den Einsatz der Feuerwehr erfordern.&nbsp;<\/li>\n<li><strong>Nationale Polizei (PN) - 132.<\/strong> Die Nummer 132 wird f\u00fcr Situationen verwendet, die die \u00f6ffentliche Sicherheit betreffen, wie Raub\u00fcberf\u00e4lle, Diebst\u00e4hle, Entf\u00fchrungen und andere Gesetzesverst\u00f6\u00dfe. Die Nationale Polizei von Kap Verde ist f\u00fcr die Gew\u00e4hrleistung der Ordnung und Sicherheit im Land zust\u00e4ndig und handelt pr\u00e4ventiv und repressiv.<\/li>\n<li><strong>Nationale Beh\u00f6rde f\u00fcr Zivilschutz und Feuerwehr (SNPCB) - 8001112.<\/strong> Die Nummer 8001112 wird f\u00fcr Notf\u00e4lle im Zusammenhang mit Naturkatastrophen wie Erdbeben, Tsunamis, Wirbelst\u00fcrme und andere verwendet. Das Nationale Amt f\u00fcr Katastrophenschutz und Feuerwehr (SNPCB) ist f\u00fcr die Planung und Koordinierung von Ma\u00dfnahmen zur Vorbeugung und Reaktion auf Notf\u00e4lle zust\u00e4ndig und arbeitet mit anderen staatlichen Einrichtungen und Organisationen der Zivilgesellschaft zusammen.<\/li>\n<\/ul><div><br><\/div>\n<p>Es ist wichtig zu betonen, dass es in einem Notfall wichtig ist, ruhig zu bleiben und dem Anrufer genaue Informationen zu geben. Geben Sie eine m\u00f6glichst genaue Adresse und eine Kontakttelefonnummer an.&nbsp;<\/p>\t\t\t\t\t\t<\/div>\n\t\t\t\t<\/div>\n\t\t\t\t\t<\/div>\n\t\t<\/div>\n\t\t\t\t\t\t\t<\/div>\n\t\t<\/section>\n\t\t\t\t\t\t\t<\/div>","protected":false},"excerpt":{"rendered":"<p>Urlaub und Reisen sind nicht vor unvorhergesehenen Ereignissen gefeit. Deshalb ist es wichtig, die Notrufnummern f\u00fcr jede Situation zu kennen. Dies sind die Ansprechpartner f\u00fcr Notf\u00e4lle in Kap Verde. Krankenh\u00e4user - 130. Die Nummer 130 ist bei medizinischen Notf\u00e4llen wie pl\u00f6tzlicher Krankheit, schweren Unf\u00e4llen oder Problemen im Zusammenhang mit [...]<\/p>","protected":false},"author":1,"featured_media":0,"parent":0,"menu_order":0,"comment_status":"closed","ping_status":"closed","template":"","meta":{"footnotes":""},"categories":[],"tags":[],"class_list":["post-965","page","type-page","status-publish","hentry"],"_links":{"self":[{"href":"https:\/\/feelcaboverde.com\/de\/wp-json\/wp\/v2\/pages\/965","targetHints":{"allow":["GET"]}}],"collection":[{"href":"https:\/\/feelcaboverde.com\/de\/wp-json\/wp\/v2\/pages"}],"about":[{"href":"https:\/\/feelcaboverde.com\/de\/wp-json\/wp\/v2\/types\/page"}],"author":[{"embeddable":true,"href":"https:\/\/feelcaboverde.com\/de\/wp-json\/wp\/v2\/users\/1"}],"replies":[{"embeddable":true,"href":"https:\/\/feelcaboverde.com\/de\/wp-json\/wp\/v2\/comments?post=965"}],"version-history":[{"count":15,"href":"https:\/\/feelcaboverde.com\/de\/wp-json\/wp\/v2\/pages\/965\/revisions"}],"predecessor-version":[{"id":4886,"href":"https:\/\/feelcaboverde.com\/de\/wp-json\/wp\/v2\/pages\/965\/revisions\/4886"}],"wp:attachment":[{"href":"https:\/\/feelcaboverde.com\/de\/wp-json\/wp\/v2\/media?parent=965"}],"wp:term":[{"taxonomy":"category","embeddable":true,"href":"https:\/\/feelcaboverde.com\/de\/wp-json\/wp\/v2\/categories?post=965"},{"taxonomy":"post_tag","embeddable":true,"href":"https:\/\/feelcaboverde.com\/de\/wp-json\/wp\/v2\/tags?post=965"}],"curies":[{"name":"wp","href":"https:\/\/api.w.org\/{rel}","templated":true}]}}