{"id":957,"date":"2022-05-27T13:27:43","date_gmt":"2022-05-27T13:27:43","guid":{"rendered":"https:\/\/feelcaboverde.com\/?page_id=957"},"modified":"2025-04-19T00:37:22","modified_gmt":"2025-04-19T00:37:22","slug":"conduzir-em-cabo-verde","status":"publish","type":"page","link":"https:\/\/feelcaboverde.com\/de\/fahren-in-kap-verde\/","title":{"rendered":"Autofahren auf den Kapverden"},"content":{"rendered":"<div data-elementor-type=\"wp-page\" data-elementor-id=\"957\" class=\"elementor elementor-957\">\n\t\t\t\t\t\t\t\t\t<section data-particle_enable=\"false\" data-particle-mobile-disabled=\"false\" class=\"elementor-section elementor-top-section elementor-element elementor-element-43b54aea elementor-section-boxed elementor-section-height-default elementor-section-height-default\" data-id=\"43b54aea\" data-element_type=\"section\">\n\t\t\t\t\t\t<div class=\"elementor-container elementor-column-gap-default\">\n\t\t\t\t\t<div class=\"elementor-column elementor-col-100 elementor-top-column elementor-element elementor-element-6e42e8a5\" data-id=\"6e42e8a5\" data-element_type=\"column\">\n\t\t\t<div class=\"elementor-widget-wrap elementor-element-populated\">\n\t\t\t\t\t\t\t\t<div class=\"elementor-element elementor-element-56626ddb elementor-widget elementor-widget-text-editor\" data-id=\"56626ddb\" data-element_type=\"widget\" data-widget_type=\"text-editor.default\">\n\t\t\t\t<div class=\"elementor-widget-container\">\n\t\t\t<style>\/*! elementor - v3.7.1 - 14-08-2022 *\/\n.elementor-widget-text-editor.elementor-drop-cap-view-stacked .elementor-drop-cap{background-color:#818a91;color:#fff}.elementor-widget-text-editor.elementor-drop-cap-view-framed .elementor-drop-cap{color:#818a91;border:3px solid;background-color:transparent}.elementor-widget-text-editor:not(.elementor-drop-cap-view-default) .elementor-drop-cap{margin-top:8px}.elementor-widget-text-editor:not(.elementor-drop-cap-view-default) .elementor-drop-cap-letter{width:1em;height:1em}.elementor-widget-text-editor .elementor-drop-cap{float:left;text-align:center;line-height:1;font-size:50px}.elementor-widget-text-editor .elementor-drop-cap-letter{display:inline-block}<\/style>\t\t\t\t<p>Das Autofahren auf den Kapverden ist relativ einfach, und es kann eine gute Option sein, ein Auto zu mieten, wenn Sie w\u00e4hrend Ihres Aufenthalts auf dem Archipel flexibler und unabh\u00e4ngiger sein m\u00f6chten.<\/p>\n<p><strong>Besucher mit einem ausl\u00e4ndischen F\u00fchrerschein k\u00f6nnen in Kap Verde bis zu sechs Monate lang mit dem F\u00fchrerschein ihres Herkunftslandes fahren. <\/strong>In der Zwischenzeit<strong>&nbsp;<\/strong>Tragen Sie Ihren Reisepass oder Ihren Personalausweis immer bei sich. In Portugal ausgestellte F\u00fchrerscheine sind in Kap Verde g\u00fcltig, je nach<a href=\"https:\/\/diariodarepublica.pt\/dr\/detalhe\/decreto-lei\/46-2022-185971761\" rel=\"nofollow noopener\" target=\"_blank\"> bilaterales Abkommen zwischen den L\u00e4ndern<\/a>.<\/p>\n<h4><strong>&nbsp;<\/strong><\/h4>\n<h4><strong>Grundlegende Verkehrsregeln in Kap Verde<\/strong><\/h4>\n<p>Die Stra\u00dfenverh\u00e4ltnisse und Verkehrsregeln in Kap Verde k\u00f6nnen sich von denen in Ihrem Heimatland unterscheiden, daher sollten Sie einige Dinge beachten <b>Grundlegende Verkehrsregeln auf den Kapverden<\/b>:<\/p>\n<ul>\n<li>Das Mindestalter f\u00fcr das F\u00fchren eines Fahrzeugs in Kap Verde betr\u00e4gt 18 Jahre.<\/li>\n<li>Auf den Kapverden f\u00e4hrt man auf der rechten Seite der Fahrbahn.<\/li>\n<li>Die zul\u00e4ssige H\u00f6chstgeschwindigkeit auf den Kapverden betr\u00e4gt innerorts 50 km\/h und au\u00dferhalb von Ortschaften 90 km\/h. Innerhalb von Ortschaften sollten Sie mit Ihrer Geschwindigkeit vorsichtiger sein und besonders auf Personen achten, die die Stra\u00dfe \u00fcberqueren, da dies h\u00e4ufig au\u00dferhalb von Fu\u00dfg\u00e4nger\u00fcberwegen geschieht, insbesondere in Orten, in denen es nur wenige oder gar keine Fu\u00dfg\u00e4nger\u00fcberwege gibt.<\/li>\n<li>Das Anlegen des Sicherheitsgurtes ist f\u00fcr den Fahrer und die Beifahrer im Auto Pflicht. Obwohl viele Menschen dazu neigen, diese Vorschrift zu ignorieren, sollten Sie dies sowohl zu Ihrer eigenen Sicherheit als auch zur Vermeidung eines Bu\u00dfgeldes vermeiden.<\/li>\n<li>Motorradfahrer und Motorradinsassen m\u00fcssen auf den Kapverden Schutzhelme tragen. Bei Motorr\u00e4dern muss das Abblendlicht tags\u00fcber immer eingeschaltet sein.<\/li>\n<li>An Kreuzungen oder unsignalisierten Einm\u00fcndungen hat das Fahrzeug auf der rechten Seite Vorfahrt. In Kreisverkehren m\u00fcssen Sie den Fahrzeugen, die sich bereits im Kreisverkehr befinden, Vorfahrt gew\u00e4hren.<\/li>\n<li>Kinder unter 12 Jahren sollten auf dem R\u00fccksitz sitzen.<\/li>\n<li>Die Fahrzeuge sollten in Fahrtrichtung geparkt werden.<\/li>\n<li>In Kap Verde ist es gesetzlich vorgeschrieben, dass Kraftfahrzeuge nur dann gefahren werden d\u00fcrfen, wenn sie eine Haftpflichtversicherung haben. Sie sollten sich immer vergewissern, dass der Versicherungsnachweis im Auto ist (der Versicherungsaufkleber befindet sich normalerweise an der Windschutzscheibe des Autos).<\/li>\n<li>Der h\u00f6chstzul\u00e4ssige Blutalkoholspiegel in Kap Verde betr\u00e4gt 0,5 g\/l. Zus\u00e4tzlich zum Sicherheitsrisiko kann ein Fahrer mit einem Blutalkoholspiegel von 0,5 g\/l oder mehr und weniger als 1,20 g\/l mit einer Geldstrafe zwischen 25.000 ECV (250 \u20ac) und 250.000 ECV (2.500 \u20ac) bestraft werden. Bei einem Wert von 1,20 g\/l oder mehr kann eine Freiheitsstrafe von 3 bis 12 Monaten oder eine Geldstrafe von bis zu 100 Tagen verh\u00e4ngt werden. Die Haftstrafe kann auf 2 Jahre verl\u00e4ngert werden, wenn der alkoholisierte Fahrer einen Verkehrsunfall verursacht hat. Kurz gesagt: Wenn Sie trinken wollen, nehmen Sie ein Taxi!<\/li>\n<\/ul>\n<div>&nbsp;<\/div>\n<div>F\u00fcr weitere Informationen siehe <a href=\"https:\/\/www.estradas.cv\/site\/index.php\/developers-2\/category\/7-legislacao-rodoviaria\" rel=\"nofollow noopener\" target=\"_blank\"><b>Kap Verde's Stra\u00dfenverkehrsordnung<\/b><\/a>&nbsp;oder besuchen Sie die Website <a href=\"https:\/\/www.estradas.cv\/site\/index.php\/developers-2\/category\/7-legislacao-rodoviaria\" rel=\"nofollow noopener\" target=\"_blank\">Stra\u00dfen.Lebenslauf<\/a>.<\/div>\n<p><strong>&nbsp;<\/strong><\/p>\n<h4><strong>Tanken auf den Kapverden<\/strong><\/h4>\n<p>Die Zapfs\u00e4ulen in Kap Verde sind Eigentum von Enacol und Shell und verf\u00fcgen oft \u00fcber einen eigenen Supermarkt. Sie befinden sich in der Regel an den Ortseing\u00e4ngen oder -ausg\u00e4ngen und sind in den gr\u00f6\u00dferen St\u00e4dten gut verteilt.  Die Tankstellen sind keine Selbstbedienungsstellen, ein Tankwart f\u00fcllt den Tank.<\/p>\n<h4><strong>&nbsp;<\/strong><\/h4>\n<h4><strong>\u00d6ffentliche Stra\u00dfen <\/strong><\/h4>\n<p>Kap Verde verf\u00fcgt \u00fcber ein ausgedehntes Stra\u00dfennetz. Vor allem in den st\u00e4dtischen Gebieten gibt es zunehmend asphaltierte Stra\u00dfen. Allerdings sind Kopfsteinpflasterstra\u00dfen immer noch sehr verbreitet.<\/p>\n<p>Gestreifte Fu\u00dfg\u00e4nger\u00fcberwege sind in st\u00e4dtischen Gebieten \u00fcblich und m\u00fcssen von den Autofahrern beachtet werden. Beleuchtete Verkehrsschilder sind auf Kap Verde sehr selten, aber in der Stadt Praia sind sie meist zu finden.<\/p>\n<p>In der Regenzeit ist besondere Vorsicht geboten, sowohl auf den Stra\u00dfen, die durch die Berge f\u00fchren (Schlamm und Erdrutsche sind an der Tagesordnung), als auch auf den Kopfsteinpflasterstra\u00dfen (die besonders rutschig sind).<\/p>\n<p><strong>Tipp<\/strong>Wenn Sie w\u00e4hrend Ihres Aufenthalts auf den Kapverden ein Auto mieten m\u00f6chten, sollten Sie ein 4\u00d74-Fahrzeug in Betracht ziehen, vor allem, wenn Sie ins Landesinnere oder auf unebenen Wegen wie den Sandd\u00fcnen der Kapverden unterwegs sind. <a href=\"https:\/\/feelcaboverde.com\/de\/viana-wuste-boavista-insel\/\">W\u00fcste von Viana<\/a>.<\/p>\n<p>Wenn Sie weitere spezifische Ratschl\u00e4ge zum Transport auf den Kapverden, zur Autovermietung oder zu anderen Themen ben\u00f6tigen, z\u00f6gern Sie nicht, uns zu kontaktieren.&nbsp;<\/p>\t\t\t\t\t\t<\/div>\n\t\t\t\t<\/div>\n\t\t\t\t\t<\/div>\n\t\t<\/div>\n\t\t\t\t\t\t\t<\/div>\n\t\t<\/section>\n\t\t\t\t\t\t\t<\/div>","protected":false},"excerpt":{"rendered":"<p>Das Autofahren auf den Kapverden ist relativ einfach, und f\u00fcr diejenigen, die w\u00e4hrend ihres Aufenthalts auf der Inselgruppe flexibler und unabh\u00e4ngiger sein wollen, kann es eine gute Option sein, ein Auto zu mieten. Besucher mit einem ausl\u00e4ndischen F\u00fchrerschein k\u00f6nnen in Kap Verde bis zu sechs Monate lang mit dem F\u00fchrerschein ihres Heimatlandes fahren. In der Zwischenzeit sollten Sie einen [...]<\/p>","protected":false},"author":1,"featured_media":0,"parent":0,"menu_order":0,"comment_status":"closed","ping_status":"closed","template":"","meta":{"footnotes":""},"categories":[],"tags":[],"class_list":["post-957","page","type-page","status-publish","hentry"],"_links":{"self":[{"href":"https:\/\/feelcaboverde.com\/de\/wp-json\/wp\/v2\/pages\/957","targetHints":{"allow":["GET"]}}],"collection":[{"href":"https:\/\/feelcaboverde.com\/de\/wp-json\/wp\/v2\/pages"}],"about":[{"href":"https:\/\/feelcaboverde.com\/de\/wp-json\/wp\/v2\/types\/page"}],"author":[{"embeddable":true,"href":"https:\/\/feelcaboverde.com\/de\/wp-json\/wp\/v2\/users\/1"}],"replies":[{"embeddable":true,"href":"https:\/\/feelcaboverde.com\/de\/wp-json\/wp\/v2\/comments?post=957"}],"version-history":[{"count":52,"href":"https:\/\/feelcaboverde.com\/de\/wp-json\/wp\/v2\/pages\/957\/revisions"}],"predecessor-version":[{"id":5618,"href":"https:\/\/feelcaboverde.com\/de\/wp-json\/wp\/v2\/pages\/957\/revisions\/5618"}],"wp:attachment":[{"href":"https:\/\/feelcaboverde.com\/de\/wp-json\/wp\/v2\/media?parent=957"}],"wp:term":[{"taxonomy":"category","embeddable":true,"href":"https:\/\/feelcaboverde.com\/de\/wp-json\/wp\/v2\/categories?post=957"},{"taxonomy":"post_tag","embeddable":true,"href":"https:\/\/feelcaboverde.com\/de\/wp-json\/wp\/v2\/tags?post=957"}],"curies":[{"name":"wp","href":"https:\/\/api.w.org\/{rel}","templated":true}]}}