{"id":948,"date":"2022-05-27T13:22:05","date_gmt":"2022-05-27T13:22:05","guid":{"rendered":"https:\/\/feelcaboverde.com\/?page_id=948"},"modified":"2023-03-16T23:47:00","modified_gmt":"2023-03-16T23:47:00","slug":"comunicacao-telefonica","status":"publish","type":"page","link":"https:\/\/feelcaboverde.com\/de\/telekommunikation-kap-verde\/","title":{"rendered":"Telefonische Kommunikation auf Kap Verde"},"content":{"rendered":"<div data-elementor-type=\"wp-page\" data-elementor-id=\"948\" class=\"elementor elementor-948\">\n\t\t\t\t\t\t\t\t\t<section data-particle_enable=\"false\" data-particle-mobile-disabled=\"false\" class=\"elementor-section elementor-top-section elementor-element elementor-element-43b54aea elementor-section-boxed elementor-section-height-default elementor-section-height-default\" data-id=\"43b54aea\" data-element_type=\"section\">\n\t\t\t\t\t\t<div class=\"elementor-container elementor-column-gap-default\">\n\t\t\t\t\t<div class=\"elementor-column elementor-col-100 elementor-top-column elementor-element elementor-element-6e42e8a5\" data-id=\"6e42e8a5\" data-element_type=\"column\">\n\t\t\t<div class=\"elementor-widget-wrap elementor-element-populated\">\n\t\t\t\t\t\t\t\t<div class=\"elementor-element elementor-element-56626ddb elementor-widget elementor-widget-text-editor\" data-id=\"56626ddb\" data-element_type=\"widget\" data-widget_type=\"text-editor.default\">\n\t\t\t\t<div class=\"elementor-widget-container\">\n\t\t\t<style>\/*! elementor - v3.7.1 - 14-08-2022 *\/\n.elementor-widget-text-editor.elementor-drop-cap-view-stacked .elementor-drop-cap{background-color:#818a91;color:#fff}.elementor-widget-text-editor.elementor-drop-cap-view-framed .elementor-drop-cap{color:#818a91;border:3px solid;background-color:transparent}.elementor-widget-text-editor:not(.elementor-drop-cap-view-default) .elementor-drop-cap{margin-top:8px}.elementor-widget-text-editor:not(.elementor-drop-cap-view-default) .elementor-drop-cap-letter{width:1em;height:1em}.elementor-widget-text-editor .elementor-drop-cap{float:left;text-align:center;line-height:1;font-size:50px}.elementor-widget-text-editor .elementor-drop-cap-letter{display:inline-block}<\/style>\t\t\t\t<p>Die Vorwahl f\u00fcr Kap Verde ist <strong>+238 (00238).<\/strong><\/p>\n<p>Die Kommunikationsdienste werden bereitgestellt von <a href=\"http:\/\/www.cvtelecom.cv\/\" rel=\"nofollow noopener\" target=\"_blank\">Cabo Verde Telecom<\/a> und die <a href=\"https:\/\/www.uniteltmais.cv\/\" rel=\"nofollow noopener\" target=\"_blank\">Unitel T+<\/a><\/p>\n<p><strong>SIM-Karten<\/strong><\/p>\n<p>Der Festnetz- und Mobiltelefondienst in Kap Verde ist sehr erschwinglich, und fast \u00fcberall gibt es Mobilfunk- und Internetabdeckung. Der Preis f\u00fcr eine SIM-Karte betr\u00e4gt bei beiden nationalen Mobilfunkanbietern 100 Escudos (etwa 1 \u20ac). Allerdings muss Ihr Telefon f\u00fcr andere Betreiber freigeschaltet werden, damit Sie eine andere SIM-Karte verwenden k\u00f6nnen.<\/p>\n<p>Die Tarife f\u00fcr Telefon und mobiles Internet sind ebenfalls erschwinglich und unterscheiden sich kaum von Anbieter zu Anbieter. Ausf\u00fchrliche Informationen zu den Tarifen finden Sie auf den Websites von <a href=\"http:\/\/www.cvtelecom.cv\/\" rel=\"nofollow noopener\" target=\"_blank\">Cabo Verde Telecom<\/a> und <a href=\"https:\/\/www.uniteltmais.cv\/\" rel=\"nofollow noopener\" target=\"_blank\">Unitel T+<\/a>.<\/p>\n<p>Sie k\u00f6nnen SIM-Chips oder Karten an internationalen Flugh\u00e4fen, in Gesch\u00e4ften und bei Stra\u00dfenh\u00e4ndlern in den Stadtzentren kaufen. Das Aufladen von Mobiltelefonen ist in zahlreichen Gesch\u00e4ften, Mini-M\u00e4rkten und bei Stra\u00dfenh\u00e4ndlern m\u00f6glich.<\/p>\n<p>Da WiFi nicht \u00fcberall verf\u00fcgbar ist, k\u00f6nnen Sie sich f\u00fcr den Kauf einer Telefonkarte entscheiden, insbesondere wenn Sie viele Ausfl\u00fcge oder Aktivit\u00e4ten au\u00dferhalb des Hotels planen.<\/p>\t\t\t\t\t\t<\/div>\n\t\t\t\t<\/div>\n\t\t\t\t\t<\/div>\n\t\t<\/div>\n\t\t\t\t\t\t\t<\/div>\n\t\t<\/section>\n\t\t\t\t\t\t\t<\/div>","protected":false},"excerpt":{"rendered":"<p>Die Vorwahl von Kap Verde ist +238 (00238). Kommunikationsdienste werden von Cabo Verde Telecom und Unitel T+ SIM-Karten angeboten Der Mobilfunk auf den Kapverden ist sehr erschwinglich und es gibt fast \u00fcberall Mobilfunk- und Internetabdeckung. Der Preis f\u00fcr eine SIM-Karte [...]<\/p>","protected":false},"author":1,"featured_media":0,"parent":0,"menu_order":0,"comment_status":"closed","ping_status":"closed","template":"","meta":{"footnotes":""},"categories":[23],"tags":[],"class_list":["post-948","page","type-page","status-publish","hentry","category-guia-de-viagem-a-z"],"_links":{"self":[{"href":"https:\/\/feelcaboverde.com\/de\/wp-json\/wp\/v2\/pages\/948","targetHints":{"allow":["GET"]}}],"collection":[{"href":"https:\/\/feelcaboverde.com\/de\/wp-json\/wp\/v2\/pages"}],"about":[{"href":"https:\/\/feelcaboverde.com\/de\/wp-json\/wp\/v2\/types\/page"}],"author":[{"embeddable":true,"href":"https:\/\/feelcaboverde.com\/de\/wp-json\/wp\/v2\/users\/1"}],"replies":[{"embeddable":true,"href":"https:\/\/feelcaboverde.com\/de\/wp-json\/wp\/v2\/comments?post=948"}],"version-history":[{"count":12,"href":"https:\/\/feelcaboverde.com\/de\/wp-json\/wp\/v2\/pages\/948\/revisions"}],"predecessor-version":[{"id":4072,"href":"https:\/\/feelcaboverde.com\/de\/wp-json\/wp\/v2\/pages\/948\/revisions\/4072"}],"wp:attachment":[{"href":"https:\/\/feelcaboverde.com\/de\/wp-json\/wp\/v2\/media?parent=948"}],"wp:term":[{"taxonomy":"category","embeddable":true,"href":"https:\/\/feelcaboverde.com\/de\/wp-json\/wp\/v2\/categories?post=948"},{"taxonomy":"post_tag","embeddable":true,"href":"https:\/\/feelcaboverde.com\/de\/wp-json\/wp\/v2\/tags?post=948"}],"curies":[{"name":"wp","href":"https:\/\/api.w.org\/{rel}","templated":true}]}}