{"id":932,"date":"2022-05-27T13:17:49","date_gmt":"2022-05-27T13:17:49","guid":{"rendered":"https:\/\/feelcaboverde.com\/?page_id=932"},"modified":"2022-11-30T10:07:51","modified_gmt":"2022-11-30T10:07:51","slug":"bebidas","status":"publish","type":"page","link":"https:\/\/feelcaboverde.com\/de\/getranke-kap-verde\/","title":{"rendered":"Getr\u00e4nke"},"content":{"rendered":"<div data-elementor-type=\"wp-page\" data-elementor-id=\"932\" class=\"elementor elementor-932\">\n\t\t\t\t\t\t\t\t\t<section data-particle_enable=\"false\" data-particle-mobile-disabled=\"false\" class=\"elementor-section elementor-top-section elementor-element elementor-element-43b54aea elementor-section-boxed elementor-section-height-default elementor-section-height-default\" data-id=\"43b54aea\" data-element_type=\"section\">\n\t\t\t\t\t\t<div class=\"elementor-container elementor-column-gap-default\">\n\t\t\t\t\t<div class=\"elementor-column elementor-col-100 elementor-top-column elementor-element elementor-element-6e42e8a5\" data-id=\"6e42e8a5\" data-element_type=\"column\">\n\t\t\t<div class=\"elementor-widget-wrap elementor-element-populated\">\n\t\t\t\t\t\t\t\t<div class=\"elementor-element elementor-element-56626ddb elementor-widget elementor-widget-text-editor\" data-id=\"56626ddb\" data-element_type=\"widget\" data-widget_type=\"text-editor.default\">\n\t\t\t\t<div class=\"elementor-widget-container\">\n\t\t\t<style>\/*! elementor - v3.7.1 - 14-08-2022 *\/\n.elementor-widget-text-editor.elementor-drop-cap-view-stacked .elementor-drop-cap{background-color:#818a91;color:#fff}.elementor-widget-text-editor.elementor-drop-cap-view-framed .elementor-drop-cap{color:#818a91;border:3px solid;background-color:transparent}.elementor-widget-text-editor:not(.elementor-drop-cap-view-default) .elementor-drop-cap{margin-top:8px}.elementor-widget-text-editor:not(.elementor-drop-cap-view-default) .elementor-drop-cap-letter{width:1em;height:1em}.elementor-widget-text-editor .elementor-drop-cap{float:left;text-align:center;line-height:1;font-size:50px}.elementor-widget-text-editor .elementor-drop-cap-letter{display:inline-block}<\/style>\t\t\t\t<p><strong>Typische kapverdische Getr\u00e4nke<\/strong><\/p><p>In Kap Verde ist Alkoholismus ein ernstes Problem f\u00fcr die \u00f6ffentliche Gesundheit. Daher verabschiedete das kapverdische Parlament 2019 das Alkoholgesetz (Gesetz Nr. 51\/IX\/2019 vom 08. April), das die Verf\u00fcgbarkeit, den Verkauf und den Konsum von alkoholischen Getr\u00e4nken in verschiedenen Bereichen regelt.<\/p><p>Die nationale Gesetzgebung sieht vor:<\/p><ul><li>Die<strong> Das Mindestalter f\u00fcr den Alkoholkonsum in Kap Verde betr\u00e4gt 18 Jahre.<\/strong>.<\/li><li>Der Verkauf und Konsum von alkoholischen Getr\u00e4nken ist erlaubt in:<ul><li>\"Gewerbliche Gastst\u00e4tten oder Schankbetriebe\" (Bars, Restaurants).<\/li><li>\"Nachtclubs und \u00e4hnliche Einrichtungen\" (Diskotheken, Nachtclubs).<\/li><li>\"Einrichtungen in H\u00e4fen und Flugh\u00e4fen, deren Zugang den Passagieren vorbehalten ist\", und \"R\u00e4ume, in denen Feste stattfinden\".<\/li><\/ul><\/li><li>Es ist verboten:<ul><li>Der Konsum von alkoholischen Getr\u00e4nken auf \u00f6ffentlichen Stra\u00dfen.<\/li><li>Verkauf und Bereitstellung von alkoholischen Getr\u00e4nken in Vereinen, Sporthallen oder Veranstaltungsorten, akademischen Partys, Versammlungen und Veranstaltungen, an denen Jugendliche und Minderj\u00e4hrige teilnehmen (...).<\/li><li>Das Anbieten, Verkaufen und\/oder Zurverf\u00fcgungstellen von alkoholischen Getr\u00e4nken an \u00f6ffentlichen Orten und an Orten, die der \u00d6ffentlichkeit zug\u00e4nglich sind, an Personen unter 18 Jahren, an notorisch Betrunkene oder an Personen, die offensichtlich geistesgest\u00f6rt sind.<\/li><li>Die Bereitstellung, der Verkauf und der Konsum von alkoholischen Getr\u00e4nken in Kantinen, Kiosken, Verkaufsst\u00e4nden und Lebensmittelgesch\u00e4ften, in Verkaufsautomaten und an Tankstellen, die sich an Stra\u00dfen oder au\u00dferhalb von Ortschaften befinden.<\/li><\/ul><\/li><\/ul><p>\u00a0<\/p><p><strong>H\u00e4ufig gestellte Fragen:<\/strong><\/p><ol><li>Was f\u00fcr Getr\u00e4nke kann man im Urlaub auf den Kapverden trinken?<\/li><\/ol><p>W\u00e4hrend ihres Aufenthalts auf den Kapverden k\u00f6nnen die Besucher Folgendes probieren <strong>alkoholfreie Getr\u00e4nke<\/strong> wie z. B. nat\u00fcrliche S\u00e4fte aus Fr\u00fcchten der Saison (Passionsfrucht, Tamarinde, Papaya, Baobab oder Calabaceira, Mango usw.), Tees und Eistees (z. B. \"Bissap\" oder lila Hibiskus), nationaler Kaffee von der Insel Fogo usw.<\/p><p>Sie k\u00f6nnen auch versuchen <strong>alkoholische Getr\u00e4nke<\/strong> wie \"Grogue\" oder \"Aguardente\" (ein f\u00fcr die Kapverden typisches destilliertes Zuckerrohrgetr\u00e4nk), verschiedene Punschsorten und Lik\u00f6re, das Nationalbier \"Strela\", Wein von der Insel Fogo (aus Trauben, die auf vulkanischen B\u00f6den angebaut werden), Caipirinhas usw., sowie weitere importierte Sorten.<\/p>\t\t\t\t\t\t<\/div>\n\t\t\t\t<\/div>\n\t\t\t\t\t<\/div>\n\t\t<\/div>\n\t\t\t\t\t\t\t<\/div>\n\t\t<\/section>\n\t\t\t\t\t\t\t<\/div>","protected":false},"excerpt":{"rendered":"<p>Typische Getr\u00e4nke auf Kap Verde Auf Kap Verde ist Alkoholismus ein ernstes Problem f\u00fcr die \u00f6ffentliche Gesundheit. Aus diesem Grund hat das kapverdische Parlament 2019 das Alkoholgesetz (Gesetz Nr. 51\/IX\/2019 vom 08. April) verabschiedet, das die Verf\u00fcgbarkeit, den Verkauf und den Konsum von alkoholischen Getr\u00e4nken in verschiedenen Bereichen regelt. Das Gesetz [...]<\/p>","protected":false},"author":1,"featured_media":0,"parent":0,"menu_order":0,"comment_status":"closed","ping_status":"closed","template":"","meta":{"footnotes":""},"categories":[23],"tags":[],"class_list":["post-932","page","type-page","status-publish","hentry","category-guia-de-viagem-a-z"],"_links":{"self":[{"href":"https:\/\/feelcaboverde.com\/de\/wp-json\/wp\/v2\/pages\/932","targetHints":{"allow":["GET"]}}],"collection":[{"href":"https:\/\/feelcaboverde.com\/de\/wp-json\/wp\/v2\/pages"}],"about":[{"href":"https:\/\/feelcaboverde.com\/de\/wp-json\/wp\/v2\/types\/page"}],"author":[{"embeddable":true,"href":"https:\/\/feelcaboverde.com\/de\/wp-json\/wp\/v2\/users\/1"}],"replies":[{"embeddable":true,"href":"https:\/\/feelcaboverde.com\/de\/wp-json\/wp\/v2\/comments?post=932"}],"version-history":[{"count":4,"href":"https:\/\/feelcaboverde.com\/de\/wp-json\/wp\/v2\/pages\/932\/revisions"}],"predecessor-version":[{"id":936,"href":"https:\/\/feelcaboverde.com\/de\/wp-json\/wp\/v2\/pages\/932\/revisions\/936"}],"wp:attachment":[{"href":"https:\/\/feelcaboverde.com\/de\/wp-json\/wp\/v2\/media?parent=932"}],"wp:term":[{"taxonomy":"category","embeddable":true,"href":"https:\/\/feelcaboverde.com\/de\/wp-json\/wp\/v2\/categories?post=932"},{"taxonomy":"post_tag","embeddable":true,"href":"https:\/\/feelcaboverde.com\/de\/wp-json\/wp\/v2\/tags?post=932"}],"curies":[{"name":"wp","href":"https:\/\/api.w.org\/{rel}","templated":true}]}}