{"id":916,"date":"2022-05-27T13:12:54","date_gmt":"2022-05-27T13:12:54","guid":{"rendered":"https:\/\/feelcaboverde.com\/?page_id=916"},"modified":"2025-02-13T00:35:23","modified_gmt":"2025-02-13T00:35:23","slug":"alfandegas-e-regulamentos","status":"publish","type":"page","link":"https:\/\/feelcaboverde.com\/de\/zoll-und-vorschriften-kap-verde\/","title":{"rendered":"Z\u00f6lle und Vorschriften Kap Verde"},"content":{"rendered":"<div data-elementor-type=\"wp-page\" data-elementor-id=\"916\" class=\"elementor elementor-916\">\n\t\t\t\t\t\t\t\t\t<section data-particle_enable=\"false\" data-particle-mobile-disabled=\"false\" class=\"elementor-section elementor-top-section elementor-element elementor-element-43b54aea elementor-section-boxed elementor-section-height-default elementor-section-height-default\" data-id=\"43b54aea\" data-element_type=\"section\">\n\t\t\t\t\t\t<div class=\"elementor-container elementor-column-gap-default\">\n\t\t\t\t\t<div class=\"elementor-column elementor-col-100 elementor-top-column elementor-element elementor-element-6e42e8a5\" data-id=\"6e42e8a5\" data-element_type=\"column\">\n\t\t\t<div class=\"elementor-widget-wrap elementor-element-populated\">\n\t\t\t\t\t\t\t\t<div class=\"elementor-element elementor-element-56626ddb elementor-widget elementor-widget-text-editor\" data-id=\"56626ddb\" data-element_type=\"widget\" data-widget_type=\"text-editor.default\">\n\t\t\t\t<div class=\"elementor-widget-container\">\n\t\t\t<style>\/*! elementor - v3.7.1 - 14-08-2022 *\/\n.elementor-widget-text-editor.elementor-drop-cap-view-stacked .elementor-drop-cap{background-color:#818a91;color:#fff}.elementor-widget-text-editor.elementor-drop-cap-view-framed .elementor-drop-cap{color:#818a91;border:3px solid;background-color:transparent}.elementor-widget-text-editor:not(.elementor-drop-cap-view-default) .elementor-drop-cap{margin-top:8px}.elementor-widget-text-editor:not(.elementor-drop-cap-view-default) .elementor-drop-cap-letter{width:1em;height:1em}.elementor-widget-text-editor .elementor-drop-cap{float:left;text-align:center;line-height:1;font-size:50px}.elementor-widget-text-editor .elementor-drop-cap-letter{display:inline-block}<\/style>\t\t\t\t<h3><b>Zoll und Zollbestimmungen in Kap Verde: Was Sie ohne Geb\u00fchren einf\u00fchren k\u00f6nnen<\/b><\/h3><p><span style=\"font-weight: 400;\">Wenn Sie eine Reise planen nach <a href=\"https:\/\/feelcaboverde.com\/de\/kap-verde\/\">Kap Verde<\/a>Es ist wichtig, die Zollvorschriften zu kennen, um Pannen bei der Einreise zu vermeiden. In diesem Leitfaden werden die Waren, die zollfrei eingef\u00fchrt werden k\u00f6nnen, die zul\u00e4ssigen H\u00f6chstmengen und die geltenden Beschr\u00e4nkungen aufgef\u00fchrt.<\/span><\/p><p><span style=\"font-weight: 400;\">\u00a0<\/span><\/p><h4><b>Zollfreie Artikel in Kap Verde<\/b><\/h4><p><span style=\"font-weight: 400;\">Reisende k\u00f6nnen Gep\u00e4ck nach Kap Verde mitnehmen, ohne Steuern zu zahlen:<\/span><\/p><ul><li style=\"font-weight: 400;\" aria-level=\"1\"><span style=\"font-weight: 400;\">Kleidung und pers\u00f6nliche Gegenst\u00e4nde;<\/span><\/li><li style=\"font-weight: 400;\" aria-level=\"1\"><span style=\"font-weight: 400;\">B\u00fccher;<\/span><\/li><li style=\"font-weight: 400;\" aria-level=\"1\"><span style=\"font-weight: 400;\">Werkzeuge, Instrumente und tragbare Utensilien im Zusammenhang mit Ihrem Beruf.<\/span><\/li><\/ul><h2><b style=\"color: inherit; font-family: inherit; font-size: 1.5rem; text-align: var(--text-align);\">\u00a0<\/b><\/h2><h2><b style=\"color: inherit; font-family: inherit; font-size: 1.5rem; text-align: var(--text-align);\">Erlaubte zollfreie Waren<\/b><\/h2><p><span style=\"font-weight: 400;\">Neben den pers\u00f6nlichen Gegenst\u00e4nden k\u00f6nnen die folgenden Produkte zollfrei nach Kap Verde eingef\u00fchrt werden, sofern die Mengen mit der Dauer der Reise und dem Profil des Reisenden vereinbar sind:<\/span><\/p><p><span style=\"font-weight: 400;\">\u00a0<\/span><\/p><h4><b>Elektronik und pers\u00f6nliche Ausr\u00fcstung<\/b><\/h4><ul><li style=\"font-weight: 400;\" aria-level=\"1\"><span style=\"font-weight: 400;\">1 Kamera und bis zu 5 Rollen Film;<\/span><\/li><li style=\"font-weight: 400;\" aria-level=\"1\"><span style=\"font-weight: 400;\">1 tragbare Kamera und 2 Filmspulen;<\/span><\/li><li style=\"font-weight: 400;\" aria-level=\"1\"><span style=\"font-weight: 400;\">1 Paar Ferngl\u00e4ser;<\/span><\/li><li style=\"font-weight: 400;\" aria-level=\"1\"><span style=\"font-weight: 400;\">1 tragbares Musikinstrument;<\/span><\/li><li style=\"font-weight: 400;\" aria-level=\"1\"><span style=\"font-weight: 400;\">1 Tonwiedergabeger\u00e4t und bis zu 10 Tonst\u00e4nder;<\/span><\/li><li style=\"font-weight: 400;\" aria-level=\"1\"><span style=\"font-weight: 400;\">1 tragbarer Funkempf\u00e4nger;<\/span><\/li><li style=\"font-weight: 400;\" aria-level=\"1\"><span style=\"font-weight: 400;\">1 tragbarer Fernseher;<\/span><\/li><li style=\"font-weight: 400;\" aria-level=\"1\"><span style=\"font-weight: 400;\">1 tragbare Schreibmaschine;<\/span><\/li><li style=\"font-weight: 400;\" aria-level=\"1\"><span style=\"font-weight: 400;\">1 Laptop und\/oder iPad, Tablet oder \u00e4hnliche Ger\u00e4te.<\/span><\/li><\/ul><h3><b>\u00a0<\/b><\/h3><h4><b>Artikel f\u00fcr Kinder und Menschen mit besonderen Bed\u00fcrfnissen<\/b><\/h4><ul><li style=\"font-weight: 400;\" aria-level=\"1\"><span style=\"font-weight: 400;\">1 Kinderwagen;<\/span><\/li><li style=\"font-weight: 400;\" aria-level=\"1\"><span style=\"font-weight: 400;\">1 Rollstuhl f\u00fcr einen kranken Fahrgast.<\/span><\/li><\/ul><h3><b>\u00a0<\/b><\/h3><h4><b>Freizeit- und Sportger\u00e4te<\/b><\/h4><ul><li style=\"font-weight: 400;\" aria-level=\"1\"><span style=\"font-weight: 400;\">1 Fahrrad ohne Motor;<\/span><\/li><li style=\"font-weight: 400;\" aria-level=\"1\"><span style=\"font-weight: 400;\">1 Zelt und Campingausr\u00fcstung;<\/span><\/li><li style=\"font-weight: 400;\" aria-level=\"1\"><span style=\"font-weight: 400;\">Sportartikel wie z. B.<\/span><ul><li style=\"font-weight: 400;\" aria-level=\"2\"><span style=\"font-weight: 400;\">1 Satz Fischereiger\u00e4te;<\/span><\/li><li style=\"font-weight: 400;\" aria-level=\"2\"><span style=\"font-weight: 400;\">1 Kanu oder Kajak von bis zu 5,5 Metern L\u00e4nge;<\/span><\/li><li style=\"font-weight: 400;\" aria-level=\"2\"><span style=\"font-weight: 400;\">2 Tennisschl\u00e4ger und andere \u00e4hnliche Gegenst\u00e4nde.<\/span><\/li><\/ul><\/li><\/ul><h3><b>\u00a0<\/b><\/h3><h4><b>Getr\u00e4nke und Tabakwaren (Duty-Free Limit)<\/b><\/h4><ul><li style=\"font-weight: 400;\" aria-level=\"1\"><span style=\"font-weight: 400;\">200 Zigaretten oder 50 Zigarren oder 250 g Tabak (oder eine Mischung aus diesen Erzeugnissen, sofern das Gewicht 250 g nicht \u00fcbersteigt);<\/span><\/li><li style=\"font-weight: 400;\" aria-level=\"1\"><span style=\"font-weight: 400;\">2 Liter Wein;<\/span><\/li><li style=\"font-weight: 400;\" aria-level=\"1\"><span style=\"font-weight: 400;\">1 Liter Spirituosen;<\/span><\/li><li style=\"font-weight: 400;\" aria-level=\"1\"><span style=\"font-weight: 400;\">250 ml Eau de Cologne und 50 g Parf\u00fcm.<\/span><\/li><\/ul><h3><b>\u00a0<\/b><\/h3><h4><b>Medikamente<\/b><\/h4><ul><li style=\"font-weight: 400;\" aria-level=\"1\"><span style=\"font-weight: 400;\">Menge entsprechend dem pers\u00f6nlichen Bedarf des Reisenden.<\/span><\/li><\/ul><h2><b>\u00a0<\/b><\/h2><h4><b>Eingeschr\u00e4nkte oder verbotene Produkte<\/b><\/h4><p><span style=\"font-weight: 400;\">F\u00fcr die Einfuhr bestimmter Produkte nach Kap Verde sind besondere Unterlagen erforderlich:<\/span><\/p><ul><li style=\"font-weight: 400;\" aria-level=\"1\"><span style=\"font-weight: 400;\">Tiere, Pflanzen und tierische Erzeugnisse ben\u00f6tigen Gesundheits- und Pflanzengesundheitszeugnisse.<\/span><\/li><li style=\"font-weight: 400;\" aria-level=\"1\"><span style=\"font-weight: 400;\">Illegale Substanzen und riskante Materialien sind verboten.<\/span><\/li><\/ul><h4><b>\u00a0<\/b><\/h4><h4><b>Mehr Infos<\/b><\/h4><p><span style=\"font-weight: 400;\">Ausf\u00fchrliche Informationen zu den Zollbestimmungen finden Sie in der<\/span><a href=\"https:\/\/mf.gov.cv\/web\/dnre\/direca-geral-das-alfandegas\" rel=\"nofollow noopener\" target=\"_blank\"> <b>Generaldirektion f\u00fcr Zollwesen<\/b><\/a> <span style=\"font-weight: 400;\">oder geltende Rechtsvorschriften<\/span><b> (<\/b><a href=\"https:\/\/mf.gov.cv\/web\/dnre\/legislacao\/-\/document_library\/kawUcttkhMXD\/view_file\/65448?_com_liferay_document_library_web_portlet_DLPortlet_INSTANCE_kawUcttkhMXD_redirect=https%3A%2F%2Fmf.gov.cv%2Fweb%2Fdnre%2Flegislacao%2F-%2Fdocument_library%2FkawUcttkhMXD%2Fview%2F63592\" rel=\"nofollow noopener\" target=\"_blank\"><b>Gesetzesdekret Nr. 139\/91 vom 5. Oktober und Artikel 200 des Gesetzesdekrets Nr. 23\/2014 vom 2. April<\/b><\/a><b>).<\/b><\/p><p><span style=\"font-weight: 400;\">Wenn Sie \u00fcber die kapverdischen Zollvorschriften gut informiert sind, k\u00f6nnen Sie problemlos einreisen und Probleme mit dem Zoll vermeiden. Ich w\u00fcnsche Ihnen eine gute Reise!<\/span><\/p>\t\t\t\t\t\t<\/div>\n\t\t\t\t<\/div>\n\t\t\t\t\t<\/div>\n\t\t<\/div>\n\t\t\t\t\t\t\t<\/div>\n\t\t<\/section>\n\t\t\t\t\t\t\t<\/div>","protected":false},"excerpt":{"rendered":"<p>Zoll und Zollbestimmungen in Kap Verde: Was Sie zollfrei einf\u00fchren k\u00f6nnen Wenn Sie eine Reise nach Kap Verde planen, sollten Sie unbedingt die Zollbestimmungen kennen, um Pannen bei der Einreise zu vermeiden. In diesem Leitfaden erfahren Sie, welche Waren Sie zollfrei einf\u00fchren d\u00fcrfen, welche H\u00f6chstmengen erlaubt sind und welche Einschr\u00e4nkungen gelten. [...]<\/p>","protected":false},"author":1,"featured_media":0,"parent":0,"menu_order":0,"comment_status":"closed","ping_status":"closed","template":"","meta":{"footnotes":""},"categories":[23],"tags":[],"class_list":["post-916","page","type-page","status-publish","hentry","category-guia-de-viagem-a-z"],"_links":{"self":[{"href":"https:\/\/feelcaboverde.com\/de\/wp-json\/wp\/v2\/pages\/916","targetHints":{"allow":["GET"]}}],"collection":[{"href":"https:\/\/feelcaboverde.com\/de\/wp-json\/wp\/v2\/pages"}],"about":[{"href":"https:\/\/feelcaboverde.com\/de\/wp-json\/wp\/v2\/types\/page"}],"author":[{"embeddable":true,"href":"https:\/\/feelcaboverde.com\/de\/wp-json\/wp\/v2\/users\/1"}],"replies":[{"embeddable":true,"href":"https:\/\/feelcaboverde.com\/de\/wp-json\/wp\/v2\/comments?post=916"}],"version-history":[{"count":13,"href":"https:\/\/feelcaboverde.com\/de\/wp-json\/wp\/v2\/pages\/916\/revisions"}],"predecessor-version":[{"id":5112,"href":"https:\/\/feelcaboverde.com\/de\/wp-json\/wp\/v2\/pages\/916\/revisions\/5112"}],"wp:attachment":[{"href":"https:\/\/feelcaboverde.com\/de\/wp-json\/wp\/v2\/media?parent=916"}],"wp:term":[{"taxonomy":"category","embeddable":true,"href":"https:\/\/feelcaboverde.com\/de\/wp-json\/wp\/v2\/categories?post=916"},{"taxonomy":"post_tag","embeddable":true,"href":"https:\/\/feelcaboverde.com\/de\/wp-json\/wp\/v2\/tags?post=916"}],"curies":[{"name":"wp","href":"https:\/\/api.w.org\/{rel}","templated":true}]}}