{"id":867,"date":"2022-05-27T12:42:48","date_gmt":"2022-05-27T12:42:48","guid":{"rendered":"https:\/\/feelcaboverde.com\/?page_id=867"},"modified":"2025-02-12T23:28:07","modified_gmt":"2025-02-12T23:28:07","slug":"aeroportos-de-cabo-verde","status":"publish","type":"page","link":"https:\/\/feelcaboverde.com\/de\/flughafen-von-kap-verde\/","title":{"rendered":"Kap Verde Flugh\u00e4fen"},"content":{"rendered":"<div data-elementor-type=\"wp-page\" data-elementor-id=\"867\" class=\"elementor elementor-867\">\n\t\t\t\t\t\t\t\t\t<section data-particle_enable=\"false\" data-particle-mobile-disabled=\"false\" class=\"elementor-section elementor-top-section elementor-element elementor-element-43b54aea elementor-section-boxed elementor-section-height-default elementor-section-height-default\" data-id=\"43b54aea\" data-element_type=\"section\">\n\t\t\t\t\t\t<div class=\"elementor-container elementor-column-gap-default\">\n\t\t\t\t\t<div class=\"elementor-column elementor-col-100 elementor-top-column elementor-element elementor-element-6e42e8a5\" data-id=\"6e42e8a5\" data-element_type=\"column\">\n\t\t\t<div class=\"elementor-widget-wrap elementor-element-populated\">\n\t\t\t\t\t\t\t\t<div class=\"elementor-element elementor-element-56626ddb elementor-widget elementor-widget-text-editor\" data-id=\"56626ddb\" data-element_type=\"widget\" data-widget_type=\"text-editor.default\">\n\t\t\t\t<div class=\"elementor-widget-container\">\n\t\t\t<style>\/*! elementor - v3.7.1 - 14-08-2022 *\/\n.elementor-widget-text-editor.elementor-drop-cap-view-stacked .elementor-drop-cap{background-color:#818a91;color:#fff}.elementor-widget-text-editor.elementor-drop-cap-view-framed .elementor-drop-cap{color:#818a91;border:3px solid;background-color:transparent}.elementor-widget-text-editor:not(.elementor-drop-cap-view-default) .elementor-drop-cap{margin-top:8px}.elementor-widget-text-editor:not(.elementor-drop-cap-view-default) .elementor-drop-cap-letter{width:1em;height:1em}.elementor-widget-text-editor .elementor-drop-cap{float:left;text-align:center;line-height:1;font-size:50px}.elementor-widget-text-editor .elementor-drop-cap-letter{display:inline-block}<\/style>\t\t\t\t<h3><span style=\"color: var( --e-global-color-text ); font-family: var( --e-global-typography-text-font-family ), Sans-serif; text-align: var(--text-align); font-size: 1rem;\">Es gibt <\/span><strong style=\"color: var( --e-global-color-text ); font-family: var( --e-global-typography-text-font-family ), Sans-serif; text-align: var(--text-align); font-size: 1rem;\">vier internationale Flugh\u00e4fen in Kap Verde<\/strong><span style=\"color: var( --e-global-color-text ); font-family: var( --e-global-typography-text-font-family ), Sans-serif; text-align: var(--text-align); font-size: 1rem;\"> \u00fcber die Sie in das Land einreisen k\u00f6nnen:&nbsp;<\/span><br><\/h3>\n<ul>\n<li style=\"font-weight: 400;\" aria-level=\"2\"><span style=\"font-weight: 400;\">Internationaler Flughafen Am\u00edlcar Cabral (SID), auf der Insel Sal<\/span><\/li>\n<li style=\"font-weight: 400;\" aria-level=\"2\"><span style=\"font-weight: 400;\">Internationaler Flughafen Ces\u00e1ria \u00c9vora ((VXE), in S\u00e3o Vicente<\/span><\/li>\n<li style=\"font-weight: 400;\" aria-level=\"2\"><span style=\"font-weight: 400;\">Internationaler Flughafen Aristides Pereira (BVC), auf der Insel Boavista&nbsp;<\/span><\/li>\n<li style=\"font-weight: 400;\" aria-level=\"2\"><span style=\"font-weight: 400;\">Internationaler Flughafen Nelson Mandela (RAI) in Santiago<\/span><\/li>\n<\/ul>\n<p><span style=\"font-weight: 400;\"><br><\/span><\/p>\n<p><span style=\"font-weight: 400;\">Zus\u00e4tzlich zu den vier internationalen Flugh\u00e4fen, <strong>Kap Verde hat auch drei Flugpl\u00e4tze<\/strong> nationale Flugh\u00e4fen. Dies sind kleine Flugh\u00e4fen, die nur f\u00fcr Inlandsfl\u00fcge bestimmt sind.&nbsp;<\/span><\/p>\n<ul>\n<li style=\"font-weight: 400;\" aria-level=\"2\"><span style=\"font-weight: 400;\">Flugplatz S\u00e3o Filipe (SFL), Insel Fogo<\/span><\/li>\n<li style=\"font-weight: 400;\" aria-level=\"2\"><span style=\"font-weight: 400;\">Flugplatz Pregui\u00e7a (SNE), Insel S\u00e3o Nicolau<\/span><\/li>\n<li style=\"font-weight: 400;\" aria-level=\"2\"><span style=\"font-weight: 400;\">Flugplatz Maio (MMO), Insel Maio<\/span><\/li>\n<\/ul>\n<p><span style=\"font-weight: 400;\"><br><\/span><\/p>\n<p><span style=\"font-weight: 400;\">Ausf\u00fchrliche Informationen \u00fcber Flugh\u00e4fen und Flugrouten nach Kap Verde finden Sie auf der <\/span><span style=\"font-weight: 400;\">unsere <a href=\"https:\/\/feelcaboverde.com\/de\/fluge-nach-kap-verde\/\">Seite<\/a><\/span><span style=\"font-weight: 400;\"> \u00fcber Fl\u00fcge. <\/span><\/p>\t\t\t\t\t\t<\/div>\n\t\t\t\t<\/div>\n\t\t\t\t\t<\/div>\n\t\t<\/div>\n\t\t\t\t\t\t\t<\/div>\n\t\t<\/section>\n\t\t\t\t\t\t\t<\/div>","protected":false},"excerpt":{"rendered":"<p>Es gibt vier internationale Flugh\u00e4fen in Kap Verde, \u00fcber die Sie in das Land einreisen k\u00f6nnen: Am\u00edlcar Cabral International Airport (SID), auf der Insel Sal Ces\u00e1ria \u00c9vora International Airport ((VXE), in S\u00e3o Vicente Aristides Pereira International Airport (BVC), auf der Insel Boavista Nelson Mandela International Airport (RAI), in Santiago Neben den vier internationalen Flugh\u00e4fen gibt es in Kap Verde [...]<\/p>","protected":false},"author":1,"featured_media":0,"parent":0,"menu_order":0,"comment_status":"closed","ping_status":"closed","template":"","meta":{"footnotes":""},"categories":[],"tags":[],"class_list":["post-867","page","type-page","status-publish","hentry"],"_links":{"self":[{"href":"https:\/\/feelcaboverde.com\/de\/wp-json\/wp\/v2\/pages\/867","targetHints":{"allow":["GET"]}}],"collection":[{"href":"https:\/\/feelcaboverde.com\/de\/wp-json\/wp\/v2\/pages"}],"about":[{"href":"https:\/\/feelcaboverde.com\/de\/wp-json\/wp\/v2\/types\/page"}],"author":[{"embeddable":true,"href":"https:\/\/feelcaboverde.com\/de\/wp-json\/wp\/v2\/users\/1"}],"replies":[{"embeddable":true,"href":"https:\/\/feelcaboverde.com\/de\/wp-json\/wp\/v2\/comments?post=867"}],"version-history":[{"count":34,"href":"https:\/\/feelcaboverde.com\/de\/wp-json\/wp\/v2\/pages\/867\/revisions"}],"predecessor-version":[{"id":4572,"href":"https:\/\/feelcaboverde.com\/de\/wp-json\/wp\/v2\/pages\/867\/revisions\/4572"}],"wp:attachment":[{"href":"https:\/\/feelcaboverde.com\/de\/wp-json\/wp\/v2\/media?parent=867"}],"wp:term":[{"taxonomy":"category","embeddable":true,"href":"https:\/\/feelcaboverde.com\/de\/wp-json\/wp\/v2\/categories?post=867"},{"taxonomy":"post_tag","embeddable":true,"href":"https:\/\/feelcaboverde.com\/de\/wp-json\/wp\/v2\/tags?post=867"}],"curies":[{"name":"wp","href":"https:\/\/api.w.org\/{rel}","templated":true}]}}