{"id":4556,"date":"2023-04-04T00:12:51","date_gmt":"2023-04-04T00:12:51","guid":{"rendered":"https:\/\/feelcaboverde.com\/?page_id=4556"},"modified":"2023-04-13T16:07:18","modified_gmt":"2023-04-13T16:07:18","slug":"transportes","status":"publish","type":"page","link":"https:\/\/feelcaboverde.com\/de\/verkehrsmittel\/","title":{"rendered":"Transport"},"content":{"rendered":"<div data-elementor-type=\"wp-page\" data-elementor-id=\"4556\" class=\"elementor elementor-4556\">\n\t\t\t\t\t\t\t\t\t<section data-particle_enable=\"false\" data-particle-mobile-disabled=\"false\" class=\"elementor-section elementor-top-section elementor-element elementor-element-43b54aea elementor-section-boxed elementor-section-height-default elementor-section-height-default\" data-id=\"43b54aea\" data-element_type=\"section\">\n\t\t\t\t\t\t<div class=\"elementor-container elementor-column-gap-default\">\n\t\t\t\t\t<div class=\"elementor-column elementor-col-100 elementor-top-column elementor-element elementor-element-6e42e8a5\" data-id=\"6e42e8a5\" data-element_type=\"column\">\n\t\t\t<div class=\"elementor-widget-wrap elementor-element-populated\">\n\t\t\t\t\t\t\t\t<div class=\"elementor-element elementor-element-56626ddb elementor-widget elementor-widget-text-editor\" data-id=\"56626ddb\" data-element_type=\"widget\" data-widget_type=\"text-editor.default\">\n\t\t\t\t<div class=\"elementor-widget-container\">\n\t\t\t<style>\/*! elementor - v3.7.1 - 14-08-2022 *\/\n.elementor-widget-text-editor.elementor-drop-cap-view-stacked .elementor-drop-cap{background-color:#818a91;color:#fff}.elementor-widget-text-editor.elementor-drop-cap-view-framed .elementor-drop-cap{color:#818a91;border:3px solid;background-color:transparent}.elementor-widget-text-editor:not(.elementor-drop-cap-view-default) .elementor-drop-cap{margin-top:8px}.elementor-widget-text-editor:not(.elementor-drop-cap-view-default) .elementor-drop-cap-letter{width:1em;height:1em}.elementor-widget-text-editor .elementor-drop-cap{float:left;text-align:center;line-height:1;font-size:50px}.elementor-widget-text-editor .elementor-drop-cap-letter{display:inline-block}<\/style>\t\t\t\t<h3>Transport auf Kap Verde<\/h3><p><span style=\"color: var( --e-global-color-text ); font-family: var( --e-global-typography-text-font-family ), Sans-serif; font-weight: var( --e-global-typography-text-font-weight ); text-align: var(--text-align); font-size: 1rem;\">Der Transport zwischen den Inseln erfolgt mit Booten\/F\u00e4hren der <\/span><a href=\"https:\/\/www.cvinterilhas.cv\/home\" style=\"font-family: var( --e-global-typography-text-font-family ), Sans-serif; font-weight: var( --e-global-typography-text-font-weight ); text-align: var(--text-align); background-color: rgb(255, 255, 255); font-size: 1rem;\" rel=\"nofollow noopener\" target=\"_blank\">Kap Verde Inter-Inseln<\/a><span style=\"color: var( --e-global-color-text ); font-family: var( --e-global-typography-text-font-family ), Sans-serif; font-weight: var( --e-global-typography-text-font-weight ); text-align: var(--text-align); font-size: 1rem;\"> und durch Fl\u00fcge von Fluggesellschaften <\/span><a href=\"https:\/\/bestflycaboverde.com\/pt\/index.htm\" style=\"font-family: var( --e-global-typography-text-font-family ), Sans-serif; font-weight: var( --e-global-typography-text-font-weight ); text-align: var(--text-align); background-color: rgb(255, 255, 255); font-size: 1rem;\" rel=\"nofollow noopener\" target=\"_blank\">BestFly Kap Verde<\/a><span style=\"color: var( --e-global-color-text ); font-family: var( --e-global-typography-text-font-family ), Sans-serif; font-weight: var( --e-global-typography-text-font-weight ); text-align: var(--text-align); font-size: 1rem;\">. Die Inseln Santo Ant\u00e3o und Brava sind nur auf dem Seeweg erreichbar (Schiffe\/F\u00e4hren).<\/span><br><\/p>\n<p>Die Fl\u00fcge zwischen den Inseln dauern zwischen 20 Minuten und einer Stunde. Die Freigep\u00e4ckmenge f\u00fcr Fl\u00fcge zwischen den Inseln betr\u00e4gt <a href=\"https:\/\/bestflycaboverde.com\/pt\/online\/tarifas.htm\" rel=\"nofollow noopener\" target=\"_blank\">BestFly Kap Verde<\/a> schwankt je nach Tarif (normal oder flexibel) zwischen 23 und 30 Kilo.<\/p>\n<p>Innerhalb der Inseln gibt es unterschiedliche \u00f6ffentliche Verkehrsmittel. Auf den Inseln S\u00e3o Vicente und Santiago gibt es in den Ballungsgebieten Busse. Im Landesinneren dieser und aller anderen Inseln wird der Transport innerhalb der Inseln durch Taxis und Hiaces, Kleinbusse mit in der Regel 15 bis 20 Sitzpl\u00e4tzen, gew\u00e4hrleistet.<\/p>\n<p>In unserem Artikel finden Sie alle Informationen, die Sie brauchen, um sich auf den Inseln frei bewegen zu k\u00f6nnen!<\/p>\t\t\t\t\t\t<\/div>\n\t\t\t\t<\/div>\n\t\t\t\t\t<\/div>\n\t\t<\/div>\n\t\t\t\t\t\t\t<\/div>\n\t\t<\/section>\n\t\t\t\t\t\t\t<\/div>","protected":false},"excerpt":{"rendered":"<p>Der Transport zwischen den Inseln wird von Interilhas-Booten\/F\u00e4hren und BestFly Cabo Verde-Fl\u00fcgen durchgef\u00fchrt. Die Inseln Santo Ant\u00e3o und Brava sind nur auf dem Seeweg erreichbar (Boote\/F\u00e4hren). Die Fl\u00fcge zwischen den Inseln dauern zwischen 20 Minuten und einer Stunde. Die Freigep\u00e4ckmenge [...]<\/p>","protected":false},"author":1,"featured_media":0,"parent":0,"menu_order":0,"comment_status":"closed","ping_status":"closed","template":"","meta":{"footnotes":""},"categories":[],"tags":[],"class_list":["post-4556","page","type-page","status-publish","hentry"],"_links":{"self":[{"href":"https:\/\/feelcaboverde.com\/de\/wp-json\/wp\/v2\/pages\/4556","targetHints":{"allow":["GET"]}}],"collection":[{"href":"https:\/\/feelcaboverde.com\/de\/wp-json\/wp\/v2\/pages"}],"about":[{"href":"https:\/\/feelcaboverde.com\/de\/wp-json\/wp\/v2\/types\/page"}],"author":[{"embeddable":true,"href":"https:\/\/feelcaboverde.com\/de\/wp-json\/wp\/v2\/users\/1"}],"replies":[{"embeddable":true,"href":"https:\/\/feelcaboverde.com\/de\/wp-json\/wp\/v2\/comments?post=4556"}],"version-history":[{"count":1,"href":"https:\/\/feelcaboverde.com\/de\/wp-json\/wp\/v2\/pages\/4556\/revisions"}],"predecessor-version":[{"id":4573,"href":"https:\/\/feelcaboverde.com\/de\/wp-json\/wp\/v2\/pages\/4556\/revisions\/4573"}],"wp:attachment":[{"href":"https:\/\/feelcaboverde.com\/de\/wp-json\/wp\/v2\/media?parent=4556"}],"wp:term":[{"taxonomy":"category","embeddable":true,"href":"https:\/\/feelcaboverde.com\/de\/wp-json\/wp\/v2\/categories?post=4556"},{"taxonomy":"post_tag","embeddable":true,"href":"https:\/\/feelcaboverde.com\/de\/wp-json\/wp\/v2\/tags?post=4556"}],"curies":[{"name":"wp","href":"https:\/\/api.w.org\/{rel}","templated":true}]}}