{"id":3352,"date":"2022-11-30T12:53:07","date_gmt":"2022-11-30T12:53:07","guid":{"rendered":"https:\/\/feelcaboverde.com\/?page_id=3352"},"modified":"2025-02-15T18:48:39","modified_gmt":"2025-02-15T18:48:39","slug":"povo-e-morabeza-2","status":"publish","type":"page","link":"https:\/\/feelcaboverde.com\/de\/volk-und-morabeza\/","title":{"rendered":"Menschen und Morabeza von Kap Verde"},"content":{"rendered":"<div data-elementor-type=\"wp-page\" data-elementor-id=\"3352\" class=\"elementor elementor-3352\">\n\t\t\t\t\t\t\t\t\t<section data-particle_enable=\"false\" data-particle-mobile-disabled=\"false\" class=\"elementor-section elementor-top-section elementor-element elementor-element-7d82efc1 elementor-section-boxed elementor-section-height-default elementor-section-height-default\" data-id=\"7d82efc1\" data-element_type=\"section\">\n\t\t\t\t\t\t<div class=\"elementor-container elementor-column-gap-default\">\n\t\t\t\t\t<div class=\"elementor-column elementor-col-100 elementor-top-column elementor-element elementor-element-6e6df1f9\" data-id=\"6e6df1f9\" data-element_type=\"column\">\n\t\t\t<div class=\"elementor-widget-wrap elementor-element-populated\">\n\t\t\t\t\t\t\t\t<div class=\"elementor-element elementor-element-7a23810c elementor-widget elementor-widget-text-editor\" data-id=\"7a23810c\" data-element_type=\"widget\" data-widget_type=\"text-editor.default\">\n\t\t\t\t<div class=\"elementor-widget-container\">\n\t\t\t<style>\/*! elementor - v3.7.1 - 14-08-2022 *\/\n.elementor-widget-text-editor.elementor-drop-cap-view-stacked .elementor-drop-cap{background-color:#818a91;color:#fff}.elementor-widget-text-editor.elementor-drop-cap-view-framed .elementor-drop-cap{color:#818a91;border:3px solid;background-color:transparent}.elementor-widget-text-editor:not(.elementor-drop-cap-view-default) .elementor-drop-cap{margin-top:8px}.elementor-widget-text-editor:not(.elementor-drop-cap-view-default) .elementor-drop-cap-letter{width:1em;height:1em}.elementor-widget-text-editor .elementor-drop-cap{float:left;text-align:center;line-height:1;font-size:50px}.elementor-widget-text-editor .elementor-drop-cap-letter{display:inline-block}<\/style>\t\t\t\t<h3><b>Morabeza: Der gastfreundliche Geist der Kapverdianer<\/b><\/h3><div><b>\u00a0<\/b><\/div><h4><strong style=\"color: inherit; font-family: inherit; font-size: 1.5rem; text-align: var(--text-align);\">1. Was ist Morabeza?<\/strong><\/h4><p data-sourcepos=\"5:1-5:444\">Das Wort \"morabeza\" ist ein kapverdischer Regionalismus, der aus der Kreolsprache abgeleitet ist und f\u00fcr die <b>die Freundlichkeit im Umgang miteinander, die spontane Zuneigung, die Nostalgie f\u00fcr diejenigen, die noch nicht weg sind, der ruhige Rhythmus und das leichte L\u00e4cheln, die die Kapverdianer auszeichnen<\/b>. Morabeza ist viel mehr als nur Gastfreundschaft oder Freundlichkeit. Es ist ein umfassendes Konzept, eine Lebensphilosophie, die im t\u00e4glichen Leben der Menschen auf den Inseln verwurzelt ist.\u00a0<\/p><p data-sourcepos=\"5:1-5:444\">Es ist ein Gef\u00fchl, das sich \u00fcber Definitionen hinwegsetzt und sich auf einzigartige Weise in <a href=\"https:\/\/feelcaboverde.com\/de\/kap-verde\/\">Kap Verde<\/a>.<\/p><p data-sourcepos=\"7:1-7:256\">Morabeza ist das Markenzeichen des kapverdischen Volkes. Es ist das, was uns ausmacht, was uns von anderen unterscheidet, was uns so einzigartig macht. Es ist eine Einladung zur Entschleunigung, zur Wertsch\u00e4tzung der einfachen Dinge des Lebens, zur authentischen und echten Verbindung mit anderen.<\/p><p data-sourcepos=\"7:1-7:256\">\u00a0<\/p><p data-sourcepos=\"7:1-7:256\"><strong style=\"color: inherit; font-family: inherit; font-size: 1.5rem; text-align: var(--text-align);\">2. Der historische und kulturelle Kontext von Morabeza<\/strong><\/p><p data-sourcepos=\"11:1-11:317\">Kap Verde wurde im Zeichen von saudade und morabeza geboren, Gef\u00fchle, die sich gegenseitig erg\u00e4nzen und die Identit\u00e4t des kapverdischen Volkes definieren. Laut <a href=\"https:\/\/api.eciencia.cv\/server\/api\/core\/bitstreams\/01855921-646a-4050-9e0f-20ef727a21ab\/content\" rel=\"nofollow noopener\" target=\"_blank\">Gelehrte<\/a>Diese Eigenschaften sind die Kehrseite des Geistes, der den kapverdischen Menschen am besten charakterisiert: ausladend, locker und offen f\u00fcr andere.<\/p><p data-sourcepos=\"13:1-13:487\">Morabeza ist zu einem wesentlichen Bestandteil der Konstruktion der <a href=\"https:\/\/feelcaboverde.com\/de\/nationale-symbole-von-kap-verde\/\">nationale Identit\u00e4t<\/a>Sie hat dazu beigetragen, einen Archipel von Inseln mit unterschiedlichen Realit\u00e4ten zu vereinen. Diese kreolische Herzlichkeit hat Br\u00fccken zwischen den Unterschieden geschlagen und die gemeinschaftlichen Bindungen gest\u00e4rkt, was zu einem Willkommensgeist gef\u00fchrt hat, der sich sowohl in den zwischenmenschlichen Beziehungen als auch in der sozialen und politischen Stabilit\u00e4t des Landes widerspiegelt. Dieses soziokulturelle Merkmal ist Ausdruck einer \"demokratischen psychologischen Disposition\", die den nationalen Zusammenhalt st\u00e4rkt.<\/p><p data-sourcepos=\"15:1-15:416\">Dar\u00fcber hinaus hat der Kapverdianer im Laufe seines Lebens <a href=\"https:\/\/feelcaboverde.com\/de\/geschichte-von-kap-verde\/\">Geschichte<\/a>Es ist eine Beziehung der N\u00e4he und des Respekts f\u00fcr den anderen. Diese Veranlagung zur Gastfreundschaft beschr\u00e4nkt sich nicht nur auf die Interaktionen innerhalb des Archipels, sondern erstreckt sich auch auf die Diaspora, wo die Nostalgie zu einer Verbindung zur Heimat wird. Die Auswanderer tragen die morabeza mit sich und bringen das Wesen der menschlichen W\u00e4rme der Inseln in andere Gegenden zur\u00fcck.<\/p><h4>\u00a0<\/h4><h4><strong>3. Wie sich Morabeza im Alltag der Kapverden manifestiert<\/strong><\/h4><p data-sourcepos=\"19:1-19:123\">Moral ist in kleinen allt\u00e4glichen Handlungen pr\u00e4sent. Sie ist nicht nur ein abstraktes Konzept, sondern etwas, das man f\u00fchlt und lebt. Sie ist in den kleinen allt\u00e4glichen Handlungen pr\u00e4sent:<\/p><ul><li data-start=\"2540\" data-end=\"2624\">Der Obstverk\u00e4ufer, der Ihnen ein Geschenk mit einem L\u00e4cheln und einem scherzhaften Kommentar \u00fcberreicht.<\/li><li data-start=\"2625\" data-end=\"2774\">In der <span data-start=\"2643\" data-end=\"2652\"><i>hiace<\/i><\/span> (\u00f6ffentliche Verkehrsmittel), der selbst in der gr\u00f6\u00dften Eile noch Zeit f\u00fcr einen Scherz oder ein angeregtes Gespr\u00e4ch mit den Fahrg\u00e4sten findet.<\/li><li data-start=\"2775\" data-end=\"2841\">Der Fischer, der einem Bekannten einen frisch gefangenen Fisch anbietet.<\/li><li data-start=\"2842\" data-end=\"2895\">Spontane Begr\u00fc\u00dfungen auf der Stra\u00dfe.<\/li><li data-start=\"2896\" data-end=\"3035\">Unter <a href=\"https:\/\/feelcaboverde.com\/de\/kunst-und-kultur\/\">beliebte Feste<\/a>Es ist das Gef\u00fchl der Zugeh\u00f6rigkeit, das die Menschen verbindet, unabh\u00e4ngig davon, von welcher Insel sie kommen oder wohin sie gehen. Es ist das Gef\u00fchl der Zugeh\u00f6rigkeit, das die Menschen verbindet, unabh\u00e4ngig davon, von welcher Insel sie kommen oder wohin sie gehen. Es ist das Gef\u00fchl der Zugeh\u00f6rigkeit, das die Menschen verbindet, unabh\u00e4ngig davon, von welcher Insel sie kommen oder wohin sie gehen.<\/li><\/ul><div><span style=\"font-family: var( --e-global-typography-text-font-family ), Sans-serif; font-size: 1rem; font-weight: var( --e-global-typography-text-font-weight ); text-align: var(--text-align);\">Morabeza dr\u00fcckt sich in einem herzlichen Empfang aus, in einer freundlichen Behandlung und N\u00e4he, im Teilen und vor allem in einem gem\u00e4chlichen Tempo. Denn hier auf den Kapverden hat die Zeit ihren eigenen Rhythmus. Ohne Stress und Hektik flie\u00dft das Leben in Harmonie mit den zwischenmenschlichen Beziehungen: Das Gespr\u00e4ch an der Stra\u00dfenecke, die Begr\u00fc\u00dfung eines Fremden und das Innehalten, um \"conta um coza\" (etwas zu erz\u00e4hlen), sind Ausdruck dieser Lebensart.<\/span><\/div><p data-sourcepos=\"21:1-21:552\"><span style=\"font-family: var( --e-global-typography-text-font-family ), Sans-serif; font-weight: var( --e-global-typography-text-font-weight ); text-align: var(--text-align); font-size: 1rem;\">\u00a0<\/span><\/p><h4><strong>4. Morabeza heute<\/strong><\/h4><p data-start=\"3424\" data-end=\"3678\">Wie jede Gesellschaft ist auch Kap Verde mit Ver\u00e4nderungen konfrontiert. Die soziokulturelle Dynamik, insbesondere in st\u00e4dtischen Gebieten, hat neue Herausforderungen mit sich gebracht. Die Globalisierung und die zunehmende Digitalisierung der jungen Menschen haben bestimmte Gewohnheiten und Formen der Interaktion ver\u00e4ndert.<\/p><p data-start=\"3680\" data-end=\"3877\">Dennoch bleibt die Morabeza latent vorhanden. Selbst inmitten der Modernisierung bleibt die Essenz dieses einladenden Geistes in der Art und Weise erhalten, wie die Kapverdianer mit den Neuank\u00f6mmlingen umgehen und sie willkommen hei\u00dfen.<\/p><h4>\u00a0<\/h4><h4 style=\"font-family: Helvetica, sans-serif; color: #000000;\"><span style=\"font-weight: bolder;\">Fazit<\/span><\/h4><p data-sourcepos=\"31:1-31:221\">Die kapverdische Morabeza ist nicht nur ein Attribut des Volkes, sondern ein echtes immaterielles Erbe. Es ist eine Art zu sein und in der Welt zu sein, ein Merkmal, das Kap Verde von anderen unterscheidet und f\u00fcr diejenigen, die es erleben, unvergesslich wird.<\/p><p data-sourcepos=\"33:1-33:122\">Morabeza tr\u00e4gt dazu bei, dass wir uns vor allem als Kapverdier f\u00fchlen, egal wo auf der Welt wir uns befinden!<\/p><p data-sourcepos=\"35:1-35:295\">Wenn Sie auf die Kapverden kommen, erwarten Sie kein unber\u00fchrtes Paradies. Erwarten Sie Menschen aus Fleisch und Blut, mit ihren Problemen und Freuden, die aber morabeza - die gute Energie - in ihren Herzen tragen. Das ist der Zauber der Inseln: eine Einladung zu echten, gem\u00fctlichen und vorbehaltlosen menschlichen Kontakten.<\/p><p data-sourcepos=\"35:1-35:295\">\u00a0<\/p><h4><b>Extra: Bedeutung von Morabeza Segundo <a href=\"https:\/\/www.facebook.com\/morabeza.turismo\/posts\/o-que-%C3%A9-a-morabeza\/1091760067534246\/\" rel=\"nofollow noopener\" target=\"_blank\">Besucher<\/a><\/b><\/h4><p data-sourcepos=\"35:1-35:295\"><img decoding=\"async\" src=\"http:\/\/feelcaboverde.com\/wp-content\/uploads\/2025\/02\/Morabeza-2.png\" alt=\"Kommentare von Touristen \u00fcber die Kultur von Morabeza auf den Kapverden\" width=\"500\" height=\"470\" \/> \u00a0<\/p><p data-sourcepos=\"35:1-35:295\"><img decoding=\"async\" src=\"http:\/\/feelcaboverde.com\/wp-content\/uploads\/2025\/02\/Morabeza-2.png\" alt=\"Kommentare von Touristen \u00fcber die Kultur von Morabeza auf den Kapverden\" width=\"500\" height=\"470\" \/>\u00a0<\/p><p data-sourcepos=\"35:1-35:295\"><img decoding=\"async\" src=\"http:\/\/feelcaboverde.com\/wp-content\/uploads\/2025\/02\/Morabeza-2.png\" alt=\"Kommentare von Touristen \u00fcber die Kultur von Morabeza auf den Kapverden\" width=\"500\" height=\"470\" \/><\/p>\t\t\t\t\t\t<\/div>\n\t\t\t\t<\/div>\n\t\t\t\t\t<\/div>\n\t\t<\/div>\n\t\t\t\t\t\t\t<\/div>\n\t\t<\/section>\n\t\t\t\t\t\t\t<\/div>","protected":false},"excerpt":{"rendered":"<p>Morabeza: Der freundliche Geist der Kapverdianer 1. Was ist Morabeza? Das Wort \"Morabeza\" ist ein aus dem Kreolischen abgeleiteter kapverdischer Regionalismus, der f\u00fcr die Freundlichkeit im Umgang, die spontane Zuneigung, die Sehnsucht nach dem, was noch nicht vergangen ist, den ruhigen Tonfall und das leichte L\u00e4cheln steht, die die Kapverdianer kennzeichnen. Morabeza ist viel mehr [...]<\/p>","protected":false},"author":1,"featured_media":0,"parent":0,"menu_order":0,"comment_status":"closed","ping_status":"closed","template":"","meta":{"footnotes":""},"categories":[22],"tags":[],"class_list":["post-3352","page","type-page","status-publish","hentry","category-mundo-de-experiencias"],"_links":{"self":[{"href":"https:\/\/feelcaboverde.com\/de\/wp-json\/wp\/v2\/pages\/3352","targetHints":{"allow":["GET"]}}],"collection":[{"href":"https:\/\/feelcaboverde.com\/de\/wp-json\/wp\/v2\/pages"}],"about":[{"href":"https:\/\/feelcaboverde.com\/de\/wp-json\/wp\/v2\/types\/page"}],"author":[{"embeddable":true,"href":"https:\/\/feelcaboverde.com\/de\/wp-json\/wp\/v2\/users\/1"}],"replies":[{"embeddable":true,"href":"https:\/\/feelcaboverde.com\/de\/wp-json\/wp\/v2\/comments?post=3352"}],"version-history":[{"count":71,"href":"https:\/\/feelcaboverde.com\/de\/wp-json\/wp\/v2\/pages\/3352\/revisions"}],"predecessor-version":[{"id":5290,"href":"https:\/\/feelcaboverde.com\/de\/wp-json\/wp\/v2\/pages\/3352\/revisions\/5290"}],"wp:attachment":[{"href":"https:\/\/feelcaboverde.com\/de\/wp-json\/wp\/v2\/media?parent=3352"}],"wp:term":[{"taxonomy":"category","embeddable":true,"href":"https:\/\/feelcaboverde.com\/de\/wp-json\/wp\/v2\/categories?post=3352"},{"taxonomy":"post_tag","embeddable":true,"href":"https:\/\/feelcaboverde.com\/de\/wp-json\/wp\/v2\/tags?post=3352"}],"curies":[{"name":"wp","href":"https:\/\/api.w.org\/{rel}","templated":true}]}}