{"id":3208,"date":"2022-11-30T11:18:41","date_gmt":"2022-11-30T11:18:41","guid":{"rendered":"https:\/\/feelcaboverde.com\/?page_id=3208"},"modified":"2023-04-02T20:22:06","modified_gmt":"2023-04-02T20:22:06","slug":"praia-de-santa-maria-ilha-do-sal","status":"publish","type":"page","link":"https:\/\/feelcaboverde.com\/de\/santa-maria-strand-sal-insel\/","title":{"rendered":"Strand Santa Maria - Insel Sal"},"content":{"rendered":"<div data-elementor-type=\"wp-page\" data-elementor-id=\"3208\" class=\"elementor elementor-3208\">\n\t\t\t\t\t\t\t\t\t<section data-particle_enable=\"false\" data-particle-mobile-disabled=\"false\" class=\"elementor-section elementor-top-section elementor-element elementor-element-7d82efc1 elementor-section-boxed elementor-section-height-default elementor-section-height-default\" data-id=\"7d82efc1\" data-element_type=\"section\">\n\t\t\t\t\t\t<div class=\"elementor-container elementor-column-gap-default\">\n\t\t\t\t\t<div class=\"elementor-column elementor-col-100 elementor-top-column elementor-element elementor-element-6e6df1f9\" data-id=\"6e6df1f9\" data-element_type=\"column\">\n\t\t\t<div class=\"elementor-widget-wrap elementor-element-populated\">\n\t\t\t\t\t\t\t\t<div class=\"elementor-element elementor-element-7a23810c elementor-widget elementor-widget-text-editor\" data-id=\"7a23810c\" data-element_type=\"widget\" data-widget_type=\"text-editor.default\">\n\t\t\t\t<div class=\"elementor-widget-container\">\n\t\t\t<style>\/*! elementor - v3.7.1 - 14-08-2022 *\/\n.elementor-widget-text-editor.elementor-drop-cap-view-stacked .elementor-drop-cap{background-color:#818a91;color:#fff}.elementor-widget-text-editor.elementor-drop-cap-view-framed .elementor-drop-cap{color:#818a91;border:3px solid;background-color:transparent}.elementor-widget-text-editor:not(.elementor-drop-cap-view-default) .elementor-drop-cap{margin-top:8px}.elementor-widget-text-editor:not(.elementor-drop-cap-view-default) .elementor-drop-cap-letter{width:1em;height:1em}.elementor-widget-text-editor .elementor-drop-cap{float:left;text-align:center;line-height:1;font-size:50px}.elementor-widget-text-editor .elementor-drop-cap-letter{display:inline-block}<\/style>\t\t\t\t<h3>Strand Santa Maria, Insel Sal<\/h3>\n<p>Praia de Santa Maria befindet sich im S\u00fcden der Insel Sal und erstreckt sich etwa 7 Kilometer entlang der K\u00fcste von der Stadt Santa Maria.<\/p>\n<p>Das t\u00fcrkisfarbene und smaragdgr\u00fcne Meer l\u00e4dt zu einem ausgiebigen Bad ein. Der lange, flach abfallende wei\u00dfe Sand wird von sanften Wellen umsp\u00fclt.<\/p>\n<p>Das Meer an diesem Strand ist in der Regel ruhig und warm, so dass er sich sowohl f\u00fcr Anf\u00e4nger als auch f\u00fcr erfahrene Schwimmer eignet. Letztere werden das kristallklare Wasser von Santa Maria zu sch\u00e4tzen wissen, das es ihnen erm\u00f6glicht, die Sch\u00f6nheit des Meeresbodens deutlich zu erkennen.<\/p>\n<p>An diesem Strand befindet sich auch der klassische Pont\u00e3o de Santa Maria, wo sich das Lachen der Kinder, die ins Wasser springen, mit dem Treiben der Fischerboote mischt, die das frische Wild des Tages zum Verkauf bringen.<\/p>\n<figure id=\"attachment_2327\" aria-describedby=\"caption-attachment-2327\" style=\"width: 1200px\" class=\"wp-caption alignnone\"><img decoding=\"async\" class=\"wp-image-2327 size-full\" src=\"http:\/\/feelcaboverde.com\/wp-content\/uploads\/2022\/10\/Pontao-Santa-Maria-Ilha-do-Sal.png\" alt=\"Pont\u00e3o in Santa Maria Beach, Insel Sal in Kap Verde\" width=\"1200\" height=\"900\" srcset=\"https:\/\/feelcaboverde.com\/wp-content\/uploads\/2022\/10\/Pontao-Santa-Maria-Ilha-do-Sal.png 1200w, https:\/\/feelcaboverde.com\/wp-content\/uploads\/2022\/10\/Pontao-Santa-Maria-Ilha-do-Sal-300x225.png 300w, https:\/\/feelcaboverde.com\/wp-content\/uploads\/2022\/10\/Pontao-Santa-Maria-Ilha-do-Sal-1024x768.png 1024w, https:\/\/feelcaboverde.com\/wp-content\/uploads\/2022\/10\/Pontao-Santa-Maria-Ilha-do-Sal-768x576.png 768w\" sizes=\"(max-width: 1200px) 100vw, 1200px\" \/><figcaption id=\"caption-attachment-2327\" class=\"wp-caption-text\">Ponnt\u00e3o de Santa Maria, Insel Sal - Kap Verde<\/figcaption><\/figure>\n<p>Die Sch\u00f6nheit des Praia de Santa Maria ist weithin bekannt und macht ihn zu einem der meistbesuchten Str\u00e4nde des Landes. Aus diesem Grund finden Besucher hier eine gut ausgebaute Infrastruktur an Hotels, Restaurants und Freizeitaktivit\u00e4ten vor, die f\u00fcr jeden etwas bietet.<\/p>\n<p>Wenn Sie Santa Maria besuchen, lassen Sie Ihren K\u00f6rper im warmen Sand des Strandes ruhen und entspannen Sie sich bei einem langen Bad im t\u00fcrkisblauen Meer. Nutzen Sie die Gelegenheit, die wundersch\u00f6nen Sonnenunterg\u00e4nge vom Strand aus zu bewundern, w\u00e4hrend Sie einen Teller mit frischen Meeresfr\u00fcchten genie\u00dfen.<\/p>\n<p>Praia de Santa Maria wurde zu einem der 7 Wunder der Kapverden in der Kategorie \"Wei\u00dfe oder schwarze Sandstr\u00e4nde\" gew\u00e4hlt.<\/p>\t\t\t\t\t\t<\/div>\n\t\t\t\t<\/div>\n\t\t\t\t\t<\/div>\n\t\t<\/div>\n\t\t\t\t\t\t\t<\/div>\n\t\t<\/section>\n\t\t\t\t\t\t\t<\/div>","protected":false},"excerpt":{"rendered":"<p>Praia de Santa Maria Der Praia de Santa Maria befindet sich im S\u00fcden der Insel Sal und erstreckt sich \u00fcber etwa 7 Kilometer entlang der K\u00fcste der Stadt Santa Maria. Das t\u00fcrkisfarbene und smaragdgr\u00fcne Meer l\u00e4dt zu einem ausgiebigen Bad ein. Der lange, flach abfallende wei\u00dfe Sand wird von sanften Wellen umsp\u00fclt. Das Meer [...]<\/p>","protected":false},"author":1,"featured_media":0,"parent":0,"menu_order":0,"comment_status":"closed","ping_status":"closed","template":"","meta":{"footnotes":""},"categories":[21],"tags":[],"class_list":["post-3208","page","type-page","status-publish","hentry","category-7-maravilhas"],"_links":{"self":[{"href":"https:\/\/feelcaboverde.com\/de\/wp-json\/wp\/v2\/pages\/3208","targetHints":{"allow":["GET"]}}],"collection":[{"href":"https:\/\/feelcaboverde.com\/de\/wp-json\/wp\/v2\/pages"}],"about":[{"href":"https:\/\/feelcaboverde.com\/de\/wp-json\/wp\/v2\/types\/page"}],"author":[{"embeddable":true,"href":"https:\/\/feelcaboverde.com\/de\/wp-json\/wp\/v2\/users\/1"}],"replies":[{"embeddable":true,"href":"https:\/\/feelcaboverde.com\/de\/wp-json\/wp\/v2\/comments?post=3208"}],"version-history":[{"count":15,"href":"https:\/\/feelcaboverde.com\/de\/wp-json\/wp\/v2\/pages\/3208\/revisions"}],"predecessor-version":[{"id":4483,"href":"https:\/\/feelcaboverde.com\/de\/wp-json\/wp\/v2\/pages\/3208\/revisions\/4483"}],"wp:attachment":[{"href":"https:\/\/feelcaboverde.com\/de\/wp-json\/wp\/v2\/media?parent=3208"}],"wp:term":[{"taxonomy":"category","embeddable":true,"href":"https:\/\/feelcaboverde.com\/de\/wp-json\/wp\/v2\/categories?post=3208"},{"taxonomy":"post_tag","embeddable":true,"href":"https:\/\/feelcaboverde.com\/de\/wp-json\/wp\/v2\/tags?post=3208"}],"curies":[{"name":"wp","href":"https:\/\/api.w.org\/{rel}","templated":true}]}}