{"id":3131,"date":"2022-11-30T09:33:40","date_gmt":"2022-11-30T09:33:40","guid":{"rendered":"https:\/\/feelcaboverde.com\/?page_id=3131"},"modified":"2023-03-16T23:41:31","modified_gmt":"2023-03-16T23:41:31","slug":"carbeirinho-ilha-de-sao-nicolau","status":"publish","type":"page","link":"https:\/\/feelcaboverde.com\/de\/carbeirinho-sao-nicolau-insel\/","title":{"rendered":"Carbeirinho - Insel S\u00e3o Nicolau"},"content":{"rendered":"<div data-elementor-type=\"wp-page\" data-elementor-id=\"3131\" class=\"elementor elementor-3131\">\n\t\t\t\t\t\t\t\t\t<section data-particle_enable=\"false\" data-particle-mobile-disabled=\"false\" class=\"elementor-section elementor-top-section elementor-element elementor-element-7d82efc1 elementor-section-boxed elementor-section-height-default elementor-section-height-default\" data-id=\"7d82efc1\" data-element_type=\"section\">\n\t\t\t\t\t\t<div class=\"elementor-container elementor-column-gap-default\">\n\t\t\t\t\t<div class=\"elementor-column elementor-col-100 elementor-top-column elementor-element elementor-element-6e6df1f9\" data-id=\"6e6df1f9\" data-element_type=\"column\">\n\t\t\t<div class=\"elementor-widget-wrap elementor-element-populated\">\n\t\t\t\t\t\t\t\t<div class=\"elementor-element elementor-element-7a23810c elementor-widget elementor-widget-text-editor\" data-id=\"7a23810c\" data-element_type=\"widget\" data-widget_type=\"text-editor.default\">\n\t\t\t\t<div class=\"elementor-widget-container\">\n\t\t\t<style>\/*! elementor - v3.7.1 - 14-08-2022 *\/\n.elementor-widget-text-editor.elementor-drop-cap-view-stacked .elementor-drop-cap{background-color:#818a91;color:#fff}.elementor-widget-text-editor.elementor-drop-cap-view-framed .elementor-drop-cap{color:#818a91;border:3px solid;background-color:transparent}.elementor-widget-text-editor:not(.elementor-drop-cap-view-default) .elementor-drop-cap{margin-top:8px}.elementor-widget-text-editor:not(.elementor-drop-cap-view-default) .elementor-drop-cap-letter{width:1em;height:1em}.elementor-widget-text-editor .elementor-drop-cap{float:left;text-align:center;line-height:1;font-size:50px}.elementor-widget-text-editor .elementor-drop-cap-letter{display:inline-block}<\/style>\t\t\t\t<p><span style=\"font-weight: 400;\">Kleiner Kopf ist <\/span><span style=\"font-weight: 400;\">eine geologische Formation, die durch<\/span><span style=\"font-weight: 400;\"> Kalzarenite und pyroklastisches Material, gekennzeichnet durch <\/span><span style=\"font-weight: 400;\">eine spektakul\u00e4re Steilk\u00fcste, die durch die erosive Wirkung des Meeres und des Windes kaprizi\u00f6s geformt wurde.<\/span><span style=\"font-weight: 400;\"> Sie befindet sich in der Gemeinde Tarrafal, S\u00e3o Nicolau.<\/span><\/p>\n<p><img decoding=\"async\" class=\"alignnone size-full wp-image-2323\" src=\"http:\/\/feelcaboverde.com\/wp-content\/uploads\/2022\/10\/Carbeirinho-Ilha-de-Sao-Nicolau-scaled.jpg\" alt=\"\" width=\"2560\" height=\"1920\" srcset=\"https:\/\/feelcaboverde.com\/wp-content\/uploads\/2022\/10\/Carbeirinho-Ilha-de-Sao-Nicolau-scaled.jpg 2560w, https:\/\/feelcaboverde.com\/wp-content\/uploads\/2022\/10\/Carbeirinho-Ilha-de-Sao-Nicolau-300x225.jpg 300w, https:\/\/feelcaboverde.com\/wp-content\/uploads\/2022\/10\/Carbeirinho-Ilha-de-Sao-Nicolau-1024x768.jpg 1024w, https:\/\/feelcaboverde.com\/wp-content\/uploads\/2022\/10\/Carbeirinho-Ilha-de-Sao-Nicolau-768x576.jpg 768w, https:\/\/feelcaboverde.com\/wp-content\/uploads\/2022\/10\/Carbeirinho-Ilha-de-Sao-Nicolau-1536x1152.jpg 1536w, https:\/\/feelcaboverde.com\/wp-content\/uploads\/2022\/10\/Carbeirinho-Ilha-de-Sao-Nicolau-2048x1536.jpg 2048w\" sizes=\"(max-width: 2560px) 100vw, 2560px\" \/><\/p>\n<p><span style=\"font-weight: 400;\">Die Felsen und H\u00f6hlen, die Carbeirinho ausmachen, haben eine unverwechselbare Farbpalette, die auf so eigenartige Weise angeordnet ist, dass sie wie von Hand gemei\u00dfelt zu sein scheint.<\/span><\/p>\n<p><span style=\"font-weight: 400;\">Die dramatische Sch\u00f6nheit von Carbeirinho ist nicht nur auf die Klippen zur\u00fcckzuf\u00fchren. Durch die Begegnung mit dem Meer ist auch ein kleines Naturschwimmbecken entstanden, das inmitten der unber\u00fchrten Natur erholsame B\u00e4der erm\u00f6glicht.<\/span><\/p>\n<p><span style=\"font-weight: 400;\">Am Fu\u00dfe der Klippen befindet sich ein kleiner Strand, an dem Caretta-Schildkr\u00f6ten ihre Eier ablegen, sowie eine H\u00f6hle, die bei Ebbe zug\u00e4nglich ist.<\/span><\/p>\n<p><img decoding=\"async\" class=\"alignnone size-full wp-image-3134\" src=\"http:\/\/feelcaboverde.com\/wp-content\/uploads\/2022\/11\/carberinho.jpg\" alt=\"\" width=\"2048\" height=\"1536\" srcset=\"https:\/\/feelcaboverde.com\/wp-content\/uploads\/2022\/11\/carberinho.jpg 2048w, https:\/\/feelcaboverde.com\/wp-content\/uploads\/2022\/11\/carberinho-300x225.jpg 300w, https:\/\/feelcaboverde.com\/wp-content\/uploads\/2022\/11\/carberinho-1024x768.jpg 1024w, https:\/\/feelcaboverde.com\/wp-content\/uploads\/2022\/11\/carberinho-768x576.jpg 768w, https:\/\/feelcaboverde.com\/wp-content\/uploads\/2022\/11\/carberinho-1536x1152.jpg 1536w\" sizes=\"(max-width: 2048px) 100vw, 2048px\" \/><\/p>\n<p><span style=\"font-weight: 400;\">Wer S\u00e3o Nicolau besucht, darf es nicht vers\u00e4umen, dieses Naturwunder zu sehen und zu bestaunen.&nbsp;<\/span><\/p>\n<p><span style=\"font-weight: 400;\">Carbeirinho wurde gew\u00e4hlt <\/span><span style=\"font-weight: 400;\">eines der 7 Weltwunder der Kapverden in der Kategorie \"Inseln, Felsen, Sockel, Klippen und monumentale H\u00f6hlen im Landesinneren oder von Wasser umgeben\".<\/span><\/p>\t\t\t\t\t\t<\/div>\n\t\t\t\t<\/div>\n\t\t\t\t\t<\/div>\n\t\t<\/div>\n\t\t\t\t\t\t\t<\/div>\n\t\t<\/section>\n\t\t\t\t\t\t\t<\/div>","protected":false},"excerpt":{"rendered":"<p>Cabeirinho ist eine geologische Formation, die aus Kalzareniten und pyroklastischem Material besteht und sich durch eine spektakul\u00e4re Steilk\u00fcste auszeichnet, die durch die erosive Wirkung des Meeres und des Windes k\u00fchn geformt wurde. Sie befindet sich im Gemeindegebiet von Tarrafal, S\u00e3o Nicolau. Die Felsen und H\u00f6hlen, aus denen Carbeirinho besteht, haben eine ausgepr\u00e4gte Farbpalette, die auf so eigent\u00fcmliche Weise angeordnet ist, dass sie [...]<\/p>","protected":false},"author":1,"featured_media":0,"parent":0,"menu_order":0,"comment_status":"closed","ping_status":"closed","template":"","meta":{"footnotes":""},"categories":[21],"tags":[],"class_list":["post-3131","page","type-page","status-publish","hentry","category-7-maravilhas"],"_links":{"self":[{"href":"https:\/\/feelcaboverde.com\/de\/wp-json\/wp\/v2\/pages\/3131","targetHints":{"allow":["GET"]}}],"collection":[{"href":"https:\/\/feelcaboverde.com\/de\/wp-json\/wp\/v2\/pages"}],"about":[{"href":"https:\/\/feelcaboverde.com\/de\/wp-json\/wp\/v2\/types\/page"}],"author":[{"embeddable":true,"href":"https:\/\/feelcaboverde.com\/de\/wp-json\/wp\/v2\/users\/1"}],"replies":[{"embeddable":true,"href":"https:\/\/feelcaboverde.com\/de\/wp-json\/wp\/v2\/comments?post=3131"}],"version-history":[{"count":13,"href":"https:\/\/feelcaboverde.com\/de\/wp-json\/wp\/v2\/pages\/3131\/revisions"}],"predecessor-version":[{"id":4064,"href":"https:\/\/feelcaboverde.com\/de\/wp-json\/wp\/v2\/pages\/3131\/revisions\/4064"}],"wp:attachment":[{"href":"https:\/\/feelcaboverde.com\/de\/wp-json\/wp\/v2\/media?parent=3131"}],"wp:term":[{"taxonomy":"category","embeddable":true,"href":"https:\/\/feelcaboverde.com\/de\/wp-json\/wp\/v2\/categories?post=3131"},{"taxonomy":"post_tag","embeddable":true,"href":"https:\/\/feelcaboverde.com\/de\/wp-json\/wp\/v2\/tags?post=3131"}],"curies":[{"name":"wp","href":"https:\/\/api.w.org\/{rel}","templated":true}]}}