{"id":244,"date":"2021-08-16T21:03:16","date_gmt":"2021-08-16T21:03:16","guid":{"rendered":"https:\/\/feelcaboverde.com\/?page_id=244"},"modified":"2025-02-15T17:25:27","modified_gmt":"2025-02-15T17:25:27","slug":"atividades-aquaticas","status":"publish","type":"page","link":"https:\/\/feelcaboverde.com\/de\/wassersport-kap-verde\/","title":{"rendered":"Wasseraktivit\u00e4ten auf den Kapverden"},"content":{"rendered":"<div data-elementor-type=\"wp-page\" data-elementor-id=\"244\" class=\"elementor elementor-244\">\n\t\t\t\t\t\t\t\t\t<section data-particle_enable=\"false\" data-particle-mobile-disabled=\"false\" class=\"elementor-section elementor-top-section elementor-element elementor-element-6fd7d4c elementor-section-boxed elementor-section-height-default elementor-section-height-default\" data-id=\"6fd7d4c\" data-element_type=\"section\">\n\t\t\t\t\t\t<div class=\"elementor-container elementor-column-gap-default\">\n\t\t\t\t\t<div class=\"elementor-column elementor-col-100 elementor-top-column elementor-element elementor-element-c39d51c\" data-id=\"c39d51c\" data-element_type=\"column\">\n\t\t\t<div class=\"elementor-widget-wrap elementor-element-populated\">\n\t\t\t\t\t\t\t\t<div class=\"elementor-element elementor-element-92236e6 elementor-widget elementor-widget-text-editor\" data-id=\"92236e6\" data-element_type=\"widget\" data-widget_type=\"text-editor.default\">\n\t\t\t\t<div class=\"elementor-widget-container\">\n\t\t\t<style>\/*! elementor - v3.7.1 - 14-08-2022 *\/\n.elementor-widget-text-editor.elementor-drop-cap-view-stacked .elementor-drop-cap{background-color:#818a91;color:#fff}.elementor-widget-text-editor.elementor-drop-cap-view-framed .elementor-drop-cap{color:#818a91;border:3px solid;background-color:transparent}.elementor-widget-text-editor:not(.elementor-drop-cap-view-default) .elementor-drop-cap{margin-top:8px}.elementor-widget-text-editor:not(.elementor-drop-cap-view-default) .elementor-drop-cap-letter{width:1em;height:1em}.elementor-widget-text-editor .elementor-drop-cap{float:left;text-align:center;line-height:1;font-size:50px}.elementor-widget-text-editor .elementor-drop-cap-letter{display:inline-block}<\/style>\t\t\t\t<h3><strong>Aktivit\u00e4ten und Wassersport auf den Kapverden: Vollst\u00e4ndiger Leitfaden f\u00fcr Spa\u00df auf dem Wasser<\/strong><\/h3><p>Die Kapverden, ein Archipel mit kristallklarem Wasser, vulkanischen Landschaften und einem ganzj\u00e4hrig tropischen Klima, sind ein Paradies f\u00fcr Liebhaber von Wasseraktivit\u00e4ten und Wassersport. Ob Sie nun auf der Suche nach nautischem Tourismus, Abenteuer, Entspannung oder einfach nur Spa\u00df auf dem Wasser sind, Kap Verde hat f\u00fcr jeden Geschmack und jedes Alter etwas zu bieten.<\/p><p>\u00a0<\/p><h4><strong>1. Tauchen in die Tiefen des Atlantiks<\/strong><\/h4><p>Die Gew\u00e4sser rund um den Kapverdischen Archipel beherbergen eine reiche Vielfalt an Meereslebewesen, mit \u00fcppigen Korallen, exotischen Fischen und sogar der M\u00f6glichkeit, mit Meeresschildkr\u00f6ten zu schwimmen. Tauchen auf den Kapverden ist ein unvergessliches Erlebnis, egal ob Sie ein erfahrener Taucher oder ein neugieriger Anf\u00e4nger sind.<\/p><p><strong>Inseln wie <a href=\"https:\/\/feelcaboverde.com\/de\/salz\/\">Sal<\/a>, <a href=\"https:\/\/feelcaboverde.com\/de\/boavista\/\">Boa Vista<\/a> e <a href=\"https:\/\/feelcaboverde.com\/de\/sao-vicente\/\">S\u00e3o Vicente<\/a> bieten verschiedene Tauchpl\u00e4tze<\/strong>Es gibt verschiedene Schwierigkeitsgrade und Tiefen. Wenn Sie noch nie getaucht haben, machen Sie sich keine Sorgen, denn es gibt Tauchdienste, die Kurse und Ausr\u00fcstung f\u00fcr Anf\u00e4nger anbieten.<\/p><p>\u00a0<\/p><h4><strong>2. Schnorcheln in kristallklarem Wasser<\/strong><\/h4><p>Wenn Sie es vorziehen, die Unterwasserwelt zu erkunden, ohne zu tief zu gehen, ist Schnorcheln die perfekte Aktivit\u00e4t f\u00fcr Sie. <strong>Die ruhigen, transparenten Gew\u00e4sser der Kapverden sind ideal, um bunte Fische, Korallen und andere Meeresbewohner zu beobachten.<\/strong>.<\/p><p>Sie k\u00f6nnen an verschiedenen Str\u00e4nden des Archipels schnorcheln, zum Beispiel am Praia de Santa Maria in Sal, am Praia de Chaves in Boa Vista, am Praia de Bitche Rotxa in <a href=\"https:\/\/feelcaboverde.com\/de\/mai\/\">Maio<\/a> und viele andere. Bringen Sie Ihre Schnorchelbrille und Schnorchel mit oder leihen Sie sie bei den \u00f6rtlichen Anbietern aus (nicht alle Inseln k\u00f6nnen dies anbieten) und machen Sie sich bereit, die Sch\u00f6nheit der Unterwasserwelt zu bestaunen.<\/p><h4>\u00a0<\/h4><h4><strong>3. Surfen auf den kapverdischen Windwellen<\/strong><\/h4><p>Kap Verde ist ein immer beliebteres Ziel f\u00fcr Surfer, mit <strong>perfekte Wellen f\u00fcr alle Erfahrungsstufen<\/strong>. Wenn Sie ein erfahrener Surfer sind, werden Sie die anspruchsvollen Wellen von Ponta Preta auf Sal oder Boca da Lapa (Sandstrand) auf der Insel S\u00e3o Vicente lieben, wo die \"Open Sandy\" stattfindet, eine der gr\u00f6\u00dften Veranstaltungen auf dem nationalen Surf- und Bodyboard-Parcours der Kapverden.<\/p><p>Wenn Sie gerade erst anfangen, gibt es auf einigen Inseln Surfschulen, die Kurse anbieten und Boards verleihen.<\/p><p><strong>Die beste Zeit zum Surfen auf den Kapverden ist von Oktober bis M\u00e4rz<\/strong>In dieser Zeit sind die Wellen best\u00e4ndiger und der Wind bl\u00e4st st\u00e4rker. Aber keine Sorge, es ist das ganze Jahr \u00fcber m\u00f6glich, gute Wellen zu finden.<\/p><p>\u00a0<\/p><h4><strong>4. Windsurfen und Kitesurfen: Abenteuerliche Winde<\/strong><\/h4><p>Die Kapverden sind ein weltweit anerkanntes Ziel f\u00fcr Wind- und Kitesurfer, da sie mit ihren konstanten Passatwinden ideale Bedingungen f\u00fcr die Aus\u00fcbung dieser Sportarten bieten. <strong>Die Inseln Sal und Boa Vista sind Segelparadiese<\/strong>mit Str\u00e4nden wie Ponta Preta, Kite Beach und Praia de Chaves, die Sportler aus der ganzen Welt anziehen.<\/p><p>Wenn Sie segeln lernen m\u00f6chten, gibt es mehrere Schulen, die Kurse f\u00fcr alle Niveaus anbieten, vom Anf\u00e4nger bis zum erfahrenen Segler. <strong>Auf der Insel Sal ist es einfach, Material zu mieten, und Sie k\u00f6nnen zwischen Brettern, Segeln und Kites in verschiedenen Gr\u00f6\u00dfen w\u00e4hlen.<\/strong>. Bei anderen Inseln sollten Sie sich vor Ihrem Besuch erkundigen, ob sie vor Ort Ausr\u00fcstung verleihen.<\/p><p data-start=\"0\" data-end=\"202\">Die beste Zeit zum \u00dcben <strong data-start=\"29\" data-end=\"41\">Windsurfen<\/strong> e <strong data-start=\"44\" data-end=\"56\">Kitesurfen<\/strong> in Kap Verde reicht von <strong data-start=\"78\" data-end=\"97\">November bis M\u00e4rz<\/strong>wenn die Passatwinde st\u00e4rker und konstanter sind\u00a0<span style=\"font-family: var( --e-global-typography-text-font-family ), Sans-serif; font-weight: var( --e-global-typography-text-font-weight ); text-align: var(--text-align); font-size: 1rem;\">Das schafft perfekte Bedingungen f\u00fcr radikale Man\u00f6ver.<\/span><\/p><p data-start=\"0\" data-end=\"202\"><span style=\"font-family: var( --e-global-typography-text-font-family ), Sans-serif; font-weight: var( --e-global-typography-text-font-weight ); text-align: var(--text-align); font-size: 1rem;\">\u00a0<\/span><\/p><h4><span style=\"font-weight: bold; text-align: var(--text-align); font-size: 1.5rem;\">5. Stand-Up\u00a0<\/span><span style=\"font-size: 24px; font-weight: bold; font-family: var( --e-global-typography-text-font-family ), Sans-serif; text-align: var(--text-align);\">Paddel<\/span><b style=\"color: inherit; font-family: inherit; text-align: var(--text-align); font-size: 1.5rem;\">: Schwebend auf Blau<\/b><\/h4><div><span style=\"color: inherit; font-family: var( --e-global-typography-text-font-family ), Sans-serif; text-align: var(--text-align); font-weight: var( --e-global-typography-text-font-weight ); font-size: 1rem;\">Stand-up-Paddling ist eine entspannende und unterhaltsame Aktivit\u00e4t, bei der Sie die K\u00fcstenlandschaften der Kapverden aus einer neuen Perspektive entdecken k\u00f6nnen. <\/span><strong style=\"color: inherit; font-family: var( --e-global-typography-text-font-family ), Sans-serif; text-align: var(--text-align); font-size: 1rem;\">Aufrecht auf einem Brett zu paddeln, mit dem blauen Meer im Hintergrund, ist ein einzigartiges Erlebnis<\/strong><span style=\"color: inherit; font-family: var( --e-global-typography-text-font-family ), Sans-serif; text-align: var(--text-align); font-weight: var( --e-global-typography-text-font-weight ); font-size: 1rem;\">.<\/span><\/div><p>An mehreren der ruhigen Str\u00e4nde des Archipels, wie dem Praia de Santa Maria in Sal, dem Praia de Chaves in Boa Vista oder dem Praia de S\u00e3o Francisco in Santiago, k\u00f6nnen Sie Stand-up-Paddling betreiben. <strong>Mieten Sie ein Brett und ein Paddel und lassen Sie sich von der Sch\u00f6nheit der kapverdischen K\u00fcste verzaubern.<\/strong>.<\/p><p>\u00a0<\/p><h4><strong>6. Traditioneller Fischfang: Die lebendige Kultur der Kapverden<\/strong><\/h4><p>Die Kapverden bieten viele M\u00f6glichkeiten f\u00fcr Angler, vom Hochseefischen mit der Harpune bis zum traditionellen Fischfang von kleinen Booten aus. <strong>Orte wie Tarrafal de Monte Trigo mit seiner Fischereigeschichte und langen schwarzen Sandstr\u00e4nden sind ideal f\u00fcr alle, die ein authentisches Erlebnis suchen.<\/strong>.<\/p><p>Sie k\u00f6nnen verschiedene Fischarten fangen, wie Thunfisch, Zackenbarsch, Schwertfisch, S\u00e4gefisch, Goldbrasse und viele andere.<\/p><h4><strong>\u00a0<\/strong><\/h4><h4><strong>7. Baden in Naturpools: Ein Tauchgang in die Sch\u00f6nheit der Natur<\/strong><\/h4><p>Die nat\u00fcrlichen Pools der Kapverden laden zum Entspannen und zum Betrachten der Natur ein. <strong>Juncalinho in <a href=\"https:\/\/feelcaboverde.com\/de\/sao-nicolau\/\">S\u00e3o Nicolau<\/a>die Schwimmb\u00e4der von Faj\u00e3 d'\u00c1gua in der <a href=\"https:\/\/feelcaboverde.com\/de\/brava\/\">Brava<\/a>Salina auf der Insel <a href=\"https:\/\/feelcaboverde.com\/de\/feuer\/\">Fogo<\/a> und der Naturpool von Kuba, Insel Kuba <a href=\"https:\/\/feelcaboverde.com\/de\/santiago\/\">Santiago<\/a> sind Beispiele f\u00fcr Orte, an denen man in ruhigen Gew\u00e4ssern baden kann<\/strong>umgeben von \u00fcppigen Landschaften.<\/p><p>Nutzen Sie die Gelegenheit, in diesen Naturparadiesen zu entspannen, zu schwimmen und unglaubliche Fotos zu machen. <strong>Bringen Sie Ihre Badesachen, Sonnencreme und eine wasserfeste Kamera mit.<\/strong> um unvergessliche Momente festzuhalten.<\/p><p>\u00a0<\/p><h4><strong>8. Whale Watching: Eine Begegnung mit majest\u00e4tischen Kreaturen<\/strong><\/h4><p>Kap Verde ist ein Durchgangsort f\u00fcr Buckelwale w\u00e4hrend ihrer j\u00e4hrlichen Wanderung. <strong>Von Februar bis Mai ist es m\u00f6glich, auf mehreren kapverdischen Inseln Wale zu beobachten.<\/strong>.<\/p><p>Reiseveranstalter bieten Bootsausfl\u00fcge zur Walbeobachtung mit fachkundigen F\u00fchrern an, die Informationen \u00fcber das Verhalten und die Biologie dieser Giganten geben. <strong>Bereiten Sie sich darauf vor, von der Sch\u00f6nheit und Erhabenheit der Buckelwale fasziniert zu sein<\/strong>.<\/p><p>\u00a0<\/p><h4><strong>9. Hai-Beobachtung und Begegnungen: Ein spannendes Abenteuer<\/strong><\/h4><p>Wenn Sie mutig sind und starke Emotionen m\u00f6gen, k\u00f6nnen Sie sich auf eine Hai-Tour in Sal's Shark Bay begeben. <strong>Dies ist ein einzigartiges und aufregendes Erlebnis, bei dem Sie mit Zitronenhaien in ihrem nat\u00fcrlichen Lebensraum schwimmen k\u00f6nnen.<\/strong>. Diese Art <b>ist nicht<\/b><strong> gilt als Raubtier des Menschen<\/strong>. Obwohl sie wilde Tiere sind und bei\u00dfen k\u00f6nnen, stellen sie im Allgemeinen keine Gefahr f\u00fcr Menschen dar.<\/p><p>Die Aktivit\u00e4t findet unter der Aufsicht von \u00f6rtlichen F\u00fchrern statt, die daf\u00fcr sorgen, dass Sie gesch\u00fctzt und die Tiere sicher sind. <strong>Machen Sie sich darauf gefasst, dass das Adrenalin durch Ihre Adern flie\u00dft, wenn Sie diesen wundersch\u00f6nen Kreaturen von Angesicht zu Angesicht begegnen<\/strong>.<\/p><p>\u00a0<\/p><h4><strong>10. Tauchen mit Schildkr\u00f6ten: Eine unvergessliche Begegnung<\/strong><\/h4><p>Praia de S\u00e3o Pedro, in <a href=\"https:\/\/feelcaboverde.com\/de\/sao-vicente\/\">S\u00e3o Vicente<\/a>ist einer der besten Orte auf den Kapverden, um mit Meeresschildkr\u00f6ten zu schnorcheln. <strong>Diese sanftm\u00fctigen und neugierigen Tiere n\u00e4hern sich Tauchern und bieten eine magische und unvergessliche Begegnung<\/strong>.<\/p><p>Au\u00dferdem kann man mit den Schildkr\u00f6ten schnorcheln, <strong>Sie k\u00f6nnen sich an der Praia de S\u00e3o Pedro entspannen und einen der sch\u00f6nsten Sonnenunterg\u00e4nge des Archipels bewundern <\/strong>w\u00e4hrend Sie ein paar Scheiben unserer klassischen gebratenen Mur\u00e4ne essen.\u00a0<\/p><p>\u00a0<\/p><h4><strong>11. Baden in den Salzpfannen von Pedra de Lume: ein historisches und entspannendes Erlebnis<\/strong><\/h4><p>Die <a href=\"https:\/\/feelcaboverde.com\/de\/pedra-de-lume-salinen-sal-insel\/\">Salinen Pedra de Lume<\/a>in Sal sind ein einzigartiger Ort auf den Kapverden, an dem man in salzhaltigem Wasser mit hoher Dichte baden kann, das den K\u00f6rper nicht untergehen l\u00e4sst. <strong>Hier k\u00f6nnen Sie nicht nur entspannen und Spa\u00df haben, sondern auch etwas \u00fcber die Geschichte des Salzhandels auf dem Archipel erfahren.<\/strong>.<\/p><p>Die Salinas de Pedra de Lume gelten als eine der sch\u00f6nsten <a href=\"https:\/\/feelcaboverde.com\/de\/\">7 Wunder von Kap Verde<\/a> e <strong>Seinem Wasser werden medizinische Eigenschaften zugeschrieben.<\/strong>. Bringen Sie Ihre Badesachen und Sonnencreme mit und machen Sie sich bereit f\u00fcr ein entspannendes und kulturelles Erlebnis.<\/p><p>\u00a0<\/p><h4><strong>12. Bootsausfl\u00fcge rund um Tarrafal de Santiago: H\u00f6hlen und atemberaubende Landschaften<\/strong><\/h4><p>Wenn Sie Abenteuer und \u00fcppige Landschaften lieben, sollten Sie sich die Bootsfahrten rund um Tarrafal de Santiago nicht entgehen lassen. <strong>W\u00e4hrend der Tour haben Sie die M\u00f6glichkeit, Meeresh\u00f6hlen, verlassene Str\u00e4nde und beeindruckende Felsformationen zu besuchen.<\/strong>.<\/p><p>Es ist eine gro\u00dfartige M\u00f6glichkeit, die K\u00fcste von Santiago zu erkunden und Orte zu sehen, die auf dem Landweg nicht erreichbar sind. <strong>Lokale Reiseveranstalter bieten Bootsausfl\u00fcge unterschiedlicher L\u00e4nge und Routen an.<\/strong>.<\/p><p>\u00a0<\/p><h4><strong>13. Kajak- und Kanufahren: Paddeln in Harmonie mit der Natur<\/strong><\/h4><p>Kajakfahren ist eine k\u00f6rperliche und entspannende Aktivit\u00e4t, die es Ihnen erm\u00f6glicht, die K\u00fcste der Kapverden auf eine andere Art zu erkunden. <strong>Das Paddeln in einem Kajak in Gesellschaft des Meeres ist eine belebende und inspirierende Erfahrung<\/strong>.<\/p><p>An verschiedenen Str\u00e4nden von Sal und Boavista k\u00f6nnen Sie Kajaks mieten und versteckte Buchten, Meeresh\u00f6hlen und \u00fcppige Landschaften erkunden. <strong>Eine gro\u00dfartige M\u00f6glichkeit, sich mit der Natur zu verbinden und die Sch\u00f6nheit der kapverdischen K\u00fcste zu genie\u00dfen.<\/strong>. F\u00fcr andere Inseln erkundigen Sie sich bei Ihrem Reiseveranstalter nach der M\u00f6glichkeit, Ausr\u00fcstung zu mieten.<\/p><p>\u00a0<\/p><h3><b>Was Sie f\u00fcr Wasseraktivit\u00e4ten auf den Kapverden mitbringen sollten<\/b><\/h3><p data-sourcepos=\"3:1-3:173\">Um das Beste aus den Wasseraktivit\u00e4ten auf den Kapverden zu machen, ist es wichtig, dass Sie <strong>mit dem N\u00f6tigsten ausgestattet<\/strong>. Wir haben einen Artikel, der detailliert beschreibt, was Sie tun sollten <a href=\"https:\/\/feelcaboverde.com\/de\/was-mitnehmen-fuer-den-urlaub-in-kap-verde\/\">Urlaub auf den Kapverden machen<\/a>. Hier ist eine Liste mit Dingen, die man bei Wasseraktivit\u00e4ten nicht vergessen sollte:<\/p><h4 data-sourcepos=\"5:1-5:18\">\u00a0<\/h4><h4 data-sourcepos=\"5:1-5:18\"><strong>Unverzichtbar<\/strong><\/h4><ul data-sourcepos=\"7:1-13:0\"><li data-sourcepos=\"7:1-7:66\"><strong>Bademode<\/strong>Unverzichtbar f\u00fcr jede Aktivit\u00e4t im Wasser.<\/li><li data-sourcepos=\"8:1-8:116\"><strong>Sonnenschutzmittel<\/strong>Die Sonne auf den Kapverden ist sehr stark, daher sollten Sie Ihre Haut mit einem Sonnenschutzmittel mit hohem Lichtschutzfaktor sch\u00fctzen.<\/li><li data-sourcepos=\"9:1-9:54\"><strong>Hut oder M\u00fctze<\/strong>: Zum Schutz des Kopfes vor der Sonne.<\/li><li data-sourcepos=\"10:1-10:74\"><strong>Sonnenbrille<\/strong>Zum Schutz der Augen vor der Sonne und der Reflexion des Wassers.<\/li><li data-sourcepos=\"11:1-11:49\"><strong>Handt\u00fccher<\/strong>Zum Abtrocknen nach Aktivit\u00e4ten.<\/li><li data-sourcepos=\"12:1-13:0\"><strong>Wasserflasche<\/strong>: Um w\u00e4hrend der Aktivit\u00e4ten hydriert zu bleiben.<\/li><\/ul><h4 data-sourcepos=\"14:1-14:13\">\u00a0<\/h4><h4 data-sourcepos=\"14:1-14:13\"><strong>Optional<\/strong><\/h4><ul data-sourcepos=\"16:1-21:0\"><li data-sourcepos=\"16:1-16:105\"><strong>Lang\u00e4rmeliges Hemd<\/strong>Um sich vor der Sonne zu sch\u00fctzen, insbesondere bei l\u00e4ngeren Aktivit\u00e4ten.<\/li><li data-sourcepos=\"17:1-17:125\"><strong>Geeignetes Schuhwerk<\/strong>W\u00e4hlen Sie f\u00fcr Spazierg\u00e4nge zu Str\u00e4nden oder Naturpools bequemes, rutschfestes Schuhwerk.<\/li><li data-sourcepos=\"18:1-18:136\"><strong>Schnorchelausr\u00fcstung<\/strong>Wenn Sie Ihre eigene Taucherbrille, Schnorchel und Flossen haben, k\u00f6nnen Sie diese mitnehmen und so die Miete sparen.<\/li><li data-sourcepos=\"19:1-19:71\"><strong>Wasserdichte Kamera<\/strong>: Zum Aufzeichnen Ihrer Wasserabenteuer.<\/li><li data-sourcepos=\"20:1-21:0\"><strong>Absto\u00dfend<\/strong>Um sich vor M\u00fccken zu sch\u00fctzen, besonders in der D\u00e4mmerung.<\/li><\/ul><h4 data-sourcepos=\"22:1-22:16\">\u00a0<\/h4><h4 data-sourcepos=\"22:1-22:16\"><strong>Extra Tipps<\/strong><\/h4><ul data-sourcepos=\"24:1-27:0\"><li data-sourcepos=\"24:1-24:157\"><strong>Ausr\u00fcstung mieten<\/strong>Wenn Sie Ihre eigene Ausr\u00fcstung nicht mitbringen m\u00f6chten, k\u00f6nnen Sie sie in einigen Gesch\u00e4ften und Tauchschulen auf den touristischeren Inseln wie Sal und Boavista ausleihen. An vielen Str\u00e4nden, vor allem auf den weniger touristischen Inseln, gibt es diesen Service jedoch nicht. Informieren Sie sich bei der Planung.<\/li><li data-sourcepos=\"25:1-25:111\"><strong>Respekt vor der Natur<\/strong>Bei der Aus\u00fcbung von Aktivit\u00e4ten im Wasser sollten Sie das Leben im Meer und die Umwelt respektieren. Ber\u00fchren Sie keine Korallen und werfen Sie keinen M\u00fcll ins Meer. Wenn Sie fischen gehen, halten Sie sich an die \u00f6rtlichen Vorschriften - fangen Sie keine gesch\u00fctzten Arten oder solche, die nicht die zul\u00e4ssige Gr\u00f6\u00dfe haben.<\/li><li><strong>Nat\u00fcrliche Lebensr\u00e4ume respektieren<\/strong>Vermeiden Sie es, in nat\u00fcrlichen Becken oder H\u00f6hlen Spuren zu hinterlassen, Steine zu entfernen oder die Umgebung zu ver\u00e4ndern.<\/li><li><strong>Reduzieren Sie die Verwendung von Einwegplastik:<\/strong> Bringen Sie Ihre eigene wiederverwendbare Flasche mit und vermeiden Sie den \u00fcberm\u00e4\u00dfigen Gebrauch von Plastikverpackungen.<\/li><\/ul><p data-sourcepos=\"28:1-28:144\">\u00a0<\/p><p data-sourcepos=\"28:1-28:144\">Mit diesen wichtigen Artikeln und <a href=\"https:\/\/feelcaboverde.com\/de\/was-mitnehmen-fuer-den-urlaub-in-kap-verde\/\">einige Optionen<\/a>werden Sie bereit sein, Spa\u00df zu haben und das Beste aus den Wasseraktivit\u00e4ten zu machen. <a href=\"https:\/\/feelcaboverde.com\/de\/kap-verde\/\">Kap Verde<\/a>!<\/p>\t\t\t\t\t\t<\/div>\n\t\t\t\t<\/div>\n\t\t\t\t\t<\/div>\n\t\t<\/div>\n\t\t\t\t\t\t\t<\/div>\n\t\t<\/section>\n\t\t\t\t\t\t\t<\/div>","protected":false},"excerpt":{"rendered":"<p>Atividades e Desportos Aqu\u00e1ticos em Cabo Verde: Guia Completo para se Divertir na \u00c1gua Cabo Verde, um arquip\u00e9lago aben\u00e7oado com \u00e1guas cristalinas, paisagens vulc\u00e2nicas e um clima tropical durante todo o ano, \u00e9 um para\u00edso para os amantes de atividades aqu\u00e1ticas e desportos n\u00e1uticos. Se voc\u00ea est\u00e1 em busca de turismo n\u00e1utico, aventura, relaxamento ou [&hellip;]<\/p>","protected":false},"author":1,"featured_media":0,"parent":0,"menu_order":0,"comment_status":"closed","ping_status":"closed","template":"","meta":{"footnotes":""},"categories":[],"tags":[],"class_list":["post-244","page","type-page","status-publish","hentry"],"_links":{"self":[{"href":"https:\/\/feelcaboverde.com\/de\/wp-json\/wp\/v2\/pages\/244","targetHints":{"allow":["GET"]}}],"collection":[{"href":"https:\/\/feelcaboverde.com\/de\/wp-json\/wp\/v2\/pages"}],"about":[{"href":"https:\/\/feelcaboverde.com\/de\/wp-json\/wp\/v2\/types\/page"}],"author":[{"embeddable":true,"href":"https:\/\/feelcaboverde.com\/de\/wp-json\/wp\/v2\/users\/1"}],"replies":[{"embeddable":true,"href":"https:\/\/feelcaboverde.com\/de\/wp-json\/wp\/v2\/comments?post=244"}],"version-history":[{"count":49,"href":"https:\/\/feelcaboverde.com\/de\/wp-json\/wp\/v2\/pages\/244\/revisions"}],"predecessor-version":[{"id":5271,"href":"https:\/\/feelcaboverde.com\/de\/wp-json\/wp\/v2\/pages\/244\/revisions\/5271"}],"wp:attachment":[{"href":"https:\/\/feelcaboverde.com\/de\/wp-json\/wp\/v2\/media?parent=244"}],"wp:term":[{"taxonomy":"category","embeddable":true,"href":"https:\/\/feelcaboverde.com\/de\/wp-json\/wp\/v2\/categories?post=244"},{"taxonomy":"post_tag","embeddable":true,"href":"https:\/\/feelcaboverde.com\/de\/wp-json\/wp\/v2\/tags?post=244"}],"curies":[{"name":"wp","href":"https:\/\/api.w.org\/{rel}","templated":true}]}}