{"id":2134,"date":"2022-09-29T16:49:07","date_gmt":"2022-09-29T16:49:07","guid":{"rendered":"https:\/\/feelcaboverde.com\/?page_id=2134"},"modified":"2023-04-02T20:08:25","modified_gmt":"2023-04-02T20:08:25","slug":"onde-ficar-em-cabo-verde","status":"publish","type":"page","link":"https:\/\/feelcaboverde.com\/de\/wo-in-kap-verde-ubernachten\/","title":{"rendered":"Unterk\u00fcnfte auf den Kapverden"},"content":{"rendered":"<div data-elementor-type=\"wp-page\" data-elementor-id=\"2134\" class=\"elementor elementor-2134\">\n\t\t\t\t\t\t\t<div class=\"elementor-element elementor-element-7a76645 e-container--row e-container\" data-id=\"7a76645\" data-element_type=\"container\">\t\t\t\t<div class=\"elementor-element elementor-element-284c0c7 elementor-widget elementor-widget-text-editor\" data-id=\"284c0c7\" data-element_type=\"widget\" data-widget_type=\"text-editor.default\">\n\t\t\t\t<div class=\"elementor-widget-container\">\n\t\t\t<style>\/*! elementor - v3.7.1 - 14-08-2022 *\/\n.elementor-widget-text-editor.elementor-drop-cap-view-stacked .elementor-drop-cap{background-color:#818a91;color:#fff}.elementor-widget-text-editor.elementor-drop-cap-view-framed .elementor-drop-cap{color:#818a91;border:3px solid;background-color:transparent}.elementor-widget-text-editor:not(.elementor-drop-cap-view-default) .elementor-drop-cap{margin-top:8px}.elementor-widget-text-editor:not(.elementor-drop-cap-view-default) .elementor-drop-cap-letter{width:1em;height:1em}.elementor-widget-text-editor .elementor-drop-cap{float:left;text-align:center;line-height:1;font-size:50px}.elementor-widget-text-editor .elementor-drop-cap-letter{display:inline-block}<\/style>\t\t\t\t<p><b>Unterk\u00fcnfte auf den Kapverden<\/b><\/p><p><span style=\"font-weight: 400;\">Die wachsende Nachfrage nach Kap Verde als Reiseziel in den letzten Jahren hat das Hotelangebot erheblich vergr\u00f6\u00dfert. Derzeit gibt es auf Kap Verde sowohl in den gr\u00f6\u00dferen St\u00e4dten als auch in l\u00e4ndlichen Gebieten eine Reihe von Unterk\u00fcnften. Das Angebot reicht von Luxushotels bis hin zu Herbergen, Wohnungen, G\u00e4steh\u00e4usern usw. Es ist also m\u00f6glich, f\u00fcr jedes Profil das ideale \"Zuhause fern von zu Hause\" zu finden.\u00a0<\/span><\/p><p><span style=\"font-weight: 400;\">Die besten Angebote f\u00fcr Hotels, Pensionen und Jugendherbergen finden Sie auf der <\/span><a href=\"http:\/\/booking.com\" target=\"_blank\" rel=\"noopener nofollow\"><span style=\"font-weight: 400;\">Buchen.com<\/span><\/a><span style=\"font-weight: 400;\">. Wenn Sie eine genauere Beratung w\u00fcnschen, wenden Sie sich bitte an uns.\u00a0<\/span><\/p>\t\t\t\t\t\t<\/div>\n\t\t\t\t<\/div>\n\t\t<\/div>\t\t\t\t\t<\/div>","protected":false},"excerpt":{"rendered":"<p>Unterk\u00fcnfte auf Kap Verde Die wachsende Nachfrage nach Kap Verde als Reiseziel in den letzten Jahren hat das Hotelangebot erheblich erweitert. Derzeit gibt es auf den Kapverden sowohl in den gr\u00f6\u00dferen St\u00e4dten als auch in den l\u00e4ndlichen Gebieten eine Reihe von Unterk\u00fcnften. Diese reichen von Luxushotels bis hin zu Herbergen, Wohnungen, G\u00e4steh\u00e4usern usw. Es ist also m\u00f6glich, ein \"Zuhause\" zu finden [...]<\/p>","protected":false},"author":1,"featured_media":0,"parent":0,"menu_order":0,"comment_status":"closed","ping_status":"closed","template":"","meta":{"footnotes":""},"categories":[],"tags":[],"class_list":["post-2134","page","type-page","status-publish","hentry"],"_links":{"self":[{"href":"https:\/\/feelcaboverde.com\/de\/wp-json\/wp\/v2\/pages\/2134","targetHints":{"allow":["GET"]}}],"collection":[{"href":"https:\/\/feelcaboverde.com\/de\/wp-json\/wp\/v2\/pages"}],"about":[{"href":"https:\/\/feelcaboverde.com\/de\/wp-json\/wp\/v2\/types\/page"}],"author":[{"embeddable":true,"href":"https:\/\/feelcaboverde.com\/de\/wp-json\/wp\/v2\/users\/1"}],"replies":[{"embeddable":true,"href":"https:\/\/feelcaboverde.com\/de\/wp-json\/wp\/v2\/comments?post=2134"}],"version-history":[{"count":4,"href":"https:\/\/feelcaboverde.com\/de\/wp-json\/wp\/v2\/pages\/2134\/revisions"}],"predecessor-version":[{"id":4462,"href":"https:\/\/feelcaboverde.com\/de\/wp-json\/wp\/v2\/pages\/2134\/revisions\/4462"}],"wp:attachment":[{"href":"https:\/\/feelcaboverde.com\/de\/wp-json\/wp\/v2\/media?parent=2134"}],"wp:term":[{"taxonomy":"category","embeddable":true,"href":"https:\/\/feelcaboverde.com\/de\/wp-json\/wp\/v2\/categories?post=2134"},{"taxonomy":"post_tag","embeddable":true,"href":"https:\/\/feelcaboverde.com\/de\/wp-json\/wp\/v2\/tags?post=2134"}],"curies":[{"name":"wp","href":"https:\/\/api.w.org\/{rel}","templated":true}]}}