{"id":2081,"date":"2022-09-29T15:46:12","date_gmt":"2022-09-29T15:46:12","guid":{"rendered":"https:\/\/feelcaboverde.com\/?page_id=2081"},"modified":"2023-04-04T00:50:58","modified_gmt":"2023-04-04T00:50:58","slug":"voos-para-cabo-verde","status":"publish","type":"page","link":"https:\/\/feelcaboverde.com\/de\/fluge-nach-kap-verde\/","title":{"rendered":"Fl\u00fcge nach Cabo Verde"},"content":{"rendered":"<div data-elementor-type=\"wp-page\" data-elementor-id=\"2081\" class=\"elementor elementor-2081\">\n\t\t\t\t\t\t\t<div class=\"elementor-element elementor-element-7a76645 e-container--row e-container\" data-id=\"7a76645\" data-element_type=\"container\">\t\t\t\t<div class=\"elementor-element elementor-element-284c0c7 elementor-widget elementor-widget-text-editor\" data-id=\"284c0c7\" data-element_type=\"widget\" data-widget_type=\"text-editor.default\">\n\t\t\t\t<div class=\"elementor-widget-container\">\n\t\t\t<style>\/*! elementor - v3.7.1 - 14-08-2022 *\/\n.elementor-widget-text-editor.elementor-drop-cap-view-stacked .elementor-drop-cap{background-color:#818a91;color:#fff}.elementor-widget-text-editor.elementor-drop-cap-view-framed .elementor-drop-cap{color:#818a91;border:3px solid;background-color:transparent}.elementor-widget-text-editor:not(.elementor-drop-cap-view-default) .elementor-drop-cap{margin-top:8px}.elementor-widget-text-editor:not(.elementor-drop-cap-view-default) .elementor-drop-cap-letter{width:1em;height:1em}.elementor-widget-text-editor .elementor-drop-cap{float:left;text-align:center;line-height:1;font-size:50px}.elementor-widget-text-editor .elementor-drop-cap-letter{display:inline-block}<\/style>\t\t\t\t<h3><span style=\"font-weight: 400;\">Internationale Flugh\u00e4fen von Kap Verde<\/span><\/h3><p><span style=\"font-weight: 400;\">Kap Verde hat <\/span><b>vier internationale Flugh\u00e4fen<\/b><span style=\"font-weight: 400;\"> \u00fcber die Sie in das Land einreisen k\u00f6nnen:<\/span><\/p>\n<ul>\n<li style=\"font-weight: 400;\" aria-level=\"1\"><span style=\"font-weight: 400;\">Internationaler Flughafen Nelson Mandela (RAI) in Santiago<\/span><\/li>\n<li style=\"font-weight: 400;\" aria-level=\"1\"><span style=\"font-weight: 400;\">Internationaler Flughafen Ces\u00e1ria \u00c9vora ((VXE), in S\u00e3o Vicente<\/span><\/li>\n<li style=\"font-weight: 400;\" aria-level=\"1\"><span style=\"font-weight: 400;\">Internationaler Flughafen Am\u00edlcar Cabral (SID), auf der Insel Sal<\/span><\/li>\n<li style=\"font-weight: 400;\" aria-level=\"1\"><span style=\"font-weight: 400;\">Internationaler Flughafen Aristides Pereira (BVC), auf der Insel Boavista&nbsp;<\/span><\/li>\n<\/ul>\n<p><span style=\"font-weight: 400;\">Mehrere Fluggesellschaften, darunter auch einige Billigfluglinien, bieten Fl\u00fcge nach Kap Verde an. Einige Strecken werden ganzj\u00e4hrig bedient, andere saisonal. Aufgrund der COVID-19-Pandemie sind einige Strecken derzeit ausgesetzt<\/span><\/p>\n<h3><span style=\"font-weight: 400;\"><br><\/span><\/h3><h3><span style=\"font-weight: 400;\">Fl\u00fcge nach Cabo Verde<\/span><\/h3><p><span style=\"font-weight: 400;\">Die wichtigsten <\/span><b>Fluggesellschaften, die Fl\u00fcge nach Kap Verde anbieten<\/b><span style=\"font-weight: 400;\"> sind:<\/span><\/p>\n<ul>\n<li style=\"font-weight: 400;\" aria-level=\"1\"><a href=\"https:\/\/caboverdeairlines.com\" target=\"_blank\" rel=\"noopener nofollow\"><span style=\"font-weight: 400;\">Cabo Verde Fluggesellschaften<\/span><\/a><span style=\"font-weight: 400;\"> (Kap Verde)<\/span><\/li>\n<li style=\"font-weight: 400;\" aria-level=\"1\"><a href=\"http:\/\/www.flytap.com\/\" target=\"_blank\" rel=\"noopener nofollow\"><span style=\"font-weight: 400;\">TAP<\/span><\/a><span style=\"font-weight: 400;\"> (Portugal)<\/span><\/li>\n<li style=\"font-weight: 400;\" aria-level=\"1\"><a href=\"http:\/\/www.royalairmaroc.com\/\" target=\"_blank\" rel=\"noopener nofollow\"><span style=\"font-weight: 400;\">K\u00f6nigliche Luftfahrt Marokko<\/span><\/a><span style=\"font-weight: 400;\"> (Marokko)<\/span><\/li>\n<li style=\"font-weight: 400;\" aria-level=\"1\"><a href=\"http:\/\/www.tuifly.com\/\" target=\"_blank\" rel=\"noopener nofollow\"><span style=\"font-weight: 400;\">Tui-Fliege<\/span><\/a><span style=\"font-weight: 400;\"> (Niederlande und Deutschland)<\/span><\/li>\n<li style=\"font-weight: 400;\" aria-level=\"1\"><a href=\"https:\/\/www.tui.co.uk\/flight\/\" target=\"_blank\" rel=\"noopener nofollow\"><span style=\"font-weight: 400;\">TUI<\/span><\/a><span style=\"font-weight: 400;\"> (Vereinigtes K\u00f6nigreich, Schweden, Belgien)&nbsp;<\/span><\/li>\n<li style=\"font-weight: 400;\" aria-level=\"1\"><a href=\"http:\/\/www.bintercanarias.com\/\" target=\"_blank\" rel=\"noopener nofollow\"><span style=\"font-weight: 400;\">Binter Canarias<\/span><\/a><span style=\"font-weight: 400;\"> (Kanarische Inseln)<\/span><\/li>\n<li style=\"font-weight: 400;\" aria-level=\"1\"><a href=\"http:\/\/www.neosair.it\/\" target=\"_blank\" rel=\"noopener nofollow\"><span style=\"font-weight: 400;\">Neos Air<\/span><\/a> <span style=\"font-weight: 400;\">(Italien)<\/span><\/li>\n<li style=\"font-weight: 400;\" aria-level=\"1\"><a href=\"http:\/\/www.thomson.co.uk\/flight\/\" target=\"_blank\" rel=\"noopener nofollow\"><span style=\"font-weight: 400;\">Thomson Airways<\/span><\/a><span style=\"font-weight: 400;\"> (Vereinigtes K\u00f6nigreich)<\/span><\/li>\n<li style=\"font-weight: 400;\" aria-level=\"1\"><a href=\"http:\/\/www.luxair.lu\/\" target=\"_blank\" rel=\"noopener nofollow\"><span style=\"font-weight: 400;\">Luxair<\/span><\/a><span style=\"font-weight: 400;\"> (Luxemburg)<\/span><\/li>\n<li style=\"font-weight: 400;\" aria-level=\"1\"><a href=\"http:\/\/flyairsenegal.com\" target=\"_blank\" rel=\"noopener nofollow\"><span style=\"font-weight: 400;\">Air Senegal<\/span><\/a><span style=\"font-weight: 400;\"> (Senegal)<\/span><\/li>\n<li style=\"font-weight: 400;\" aria-level=\"1\"><a href=\"https:\/\/groupetransair.sn\/\" rel=\"nofollow noopener\" target=\"_blank\"><span style=\"font-weight: 400;\">Groupe Transair S.A.<\/span><\/a><span style=\"font-weight: 400;\"> (Senegal)<\/span><\/li>\n<li style=\"font-weight: 400;\" aria-level=\"1\"><a href=\"https:\/\/www.flyasky.com\/\" target=\"_blank\" rel=\"noopener nofollow\"><span style=\"font-weight: 400;\">Asky Fluggesellschaft<\/span><\/a><span style=\"font-weight: 400;\"><a href=\"\/de\/_wp_link_placeholder\/\">s<\/a> (Pan African)<\/span><\/li>\n<\/ul>\n<p><span style=\"font-weight: 400;\">Die besten Fl\u00fcge von und nach Kap Verde finden Sie auf der Seite <\/span><a href=\"http:\/\/www.skyscanner.net\" target=\"_blank\" rel=\"noopener nofollow\"><span style=\"font-weight: 400;\">Skyscanner <\/span><\/a><span style=\"font-weight: 400;\">oder die <\/span><a href=\"http:\/\/www.expedia.com\" target=\"_blank\" rel=\"noopener nofollow\"><span style=\"font-weight: 400;\">Expedia<\/span><\/a><span style=\"font-weight: 400;\">.<\/span><\/p>\n<p><span style=\"font-weight: 400;\">Neben den vier internationalen Flugh\u00e4fen verf\u00fcgt Kap Verde auch \u00fcber<\/span><b> drei nationale Flugpl\u00e4tze<\/b><span style=\"font-weight: 400;\"> aktiv, nur f\u00fcr Inlandsfl\u00fcge bestimmt.&nbsp;<\/span><\/p>\n<ul>\n<li style=\"font-weight: 400;\" aria-level=\"1\"><span style=\"font-weight: 400;\">Flugplatz S\u00e3o Filipe (SFL), Insel Fogo<\/span><\/li>\n<li style=\"font-weight: 400;\" aria-level=\"1\"><span style=\"font-weight: 400;\">Flugplatz Maio (MMO), Insel Maio<\/span><\/li>\n<li style=\"font-weight: 400;\" aria-level=\"1\"><span style=\"font-weight: 400;\">Flugplatz Pregui\u00e7a (SNE), Insel S\u00e3o Nicolau<\/span><\/li>\n<\/ul>\n<p><span style=\"font-weight: 400;\">Die Fl\u00fcge zwischen den Kapverdischen Inseln werden derzeit von der Gesellschaft<\/span><a href=\"http:\/\/bestflycaboverde.com\" target=\"_blank\" rel=\"noopener nofollow\"><span style=\"font-weight: 400;\"> Beste Fliege Kap Verde<\/span><\/a><span style=\"font-weight: 400;\">.&nbsp;<\/span><\/p>\n<p><span style=\"font-weight: 400;\">Ausf\u00fchrliche Informationen \u00fcber Reisen zwischen den Inseln der Kapverden, Reiserouten und Preise finden Sie in der <\/span><span style=\"font-weight: 400;\">Artikel <\/span><span style=\"font-weight: 400;\">Wie man sich auf den Kapverden fortbewegt<\/span><span style=\"font-weight: 400;\">.&nbsp;<\/span><\/p>\t\t\t\t\t\t<\/div>\n\t\t\t\t<\/div>\n\t\t<\/div><div class=\"elementor-element elementor-element-08094e7 elementor-hidden-desktop elementor-hidden-tablet elementor-hidden-mobile e-container--row e-container\" data-id=\"08094e7\" data-element_type=\"container\">\t\t<div class=\"elementor-element elementor-element-09071ca e-container--column e-container\" data-id=\"09071ca\" data-element_type=\"container\" data-settings=\"{&quot;background_background&quot;:&quot;classic&quot;}\">\t\t\t\t<div class=\"elementor-element elementor-element-1873583 elementor-view-framed elementor-shape-circle elementor-mobile-position-top elementor-vertical-align-top elementor-widget elementor-widget-icon-box\" data-id=\"1873583\" data-element_type=\"widget\" data-widget_type=\"icon-box.default\">\n\t\t\t\t<div class=\"elementor-widget-container\">\n\t\t\t<link rel=\"stylesheet\" href=\"https:\/\/feelcaboverde.com\/wp-content\/plugins\/elementor\/assets\/css\/widget-icon-box.min.css\">\t\t<div class=\"elementor-icon-box-wrapper\">\n\t\t\t\t\t\t<div class=\"elementor-icon-box-icon\">\n\t\t\t\t<a class=\"elementor-icon elementor-animation-\" href=\"https:\/\/feelcaboverde.com\/de\/historia\/\">\n\t\t\t\t<svg aria-hidden=\"true\" class=\"e-font-icon-svg e-fas-luggage-cart\"><use xlink:href=\"#fas-luggage-cart\" \/><\/svg>\t\t\t\t<\/a>\n\t\t\t<\/div>\n\t\t\t\t\t\t<div class=\"elementor-icon-box-content\">\n\t\t\t\t<h3 class=\"elementor-icon-box-title\">\n\t\t\t\t\t<a href=\"https:\/\/feelcaboverde.com\/de\/historia\/\">\n\t\t\t\t\t\tLuxair \t\t\t\t\t<\/a>\n\t\t\t\t<\/h3>\n\t\t\t\t\t\t\t\t\t<p class=\"elementor-icon-box-description\">\n\t\t\t\t\t\tLuxemburg\t\t\t\t\t<\/p>\n\t\t\t\t\t\t\t<\/div>\n\t\t<\/div>\n\t\t\t\t<\/div>\n\t\t\t\t<\/div>\n\t\t<\/div><div class=\"elementor-element elementor-element-ec3b1df e-container--column e-container\" data-id=\"ec3b1df\" data-element_type=\"container\" data-settings=\"{&quot;background_background&quot;:&quot;classic&quot;}\">\t\t\t\t<div class=\"elementor-element elementor-element-f267320 elementor-view-framed elementor-shape-circle elementor-mobile-position-top elementor-vertical-align-top elementor-widget elementor-widget-icon-box\" data-id=\"f267320\" data-element_type=\"widget\" data-widget_type=\"icon-box.default\">\n\t\t\t\t<div class=\"elementor-widget-container\">\n\t\t\t\t\t<div class=\"elementor-icon-box-wrapper\">\n\t\t\t\t\t\t<div class=\"elementor-icon-box-icon\">\n\t\t\t\t<a class=\"elementor-icon elementor-animation-\" href=\"https:\/\/feelcaboverde.com\/de\/historia\/\">\n\t\t\t\t<svg aria-hidden=\"true\" class=\"e-font-icon-svg e-fas-luggage-cart\"><use xlink:href=\"#fas-luggage-cart\" \/><\/svg>\t\t\t\t<\/a>\n\t\t\t<\/div>\n\t\t\t\t\t\t<div class=\"elementor-icon-box-content\">\n\t\t\t\t<h3 class=\"elementor-icon-box-title\">\n\t\t\t\t\t<a href=\"https:\/\/feelcaboverde.com\/de\/historia\/\">\n\t\t\t\t\t\tAir Senegal \t\t\t\t\t<\/a>\n\t\t\t\t<\/h3>\n\t\t\t\t\t\t\t\t\t<p class=\"elementor-icon-box-description\">\n\t\t\t\t\t\tSenegal\t\t\t\t\t<\/p>\n\t\t\t\t\t\t\t<\/div>\n\t\t<\/div>\n\t\t\t\t<\/div>\n\t\t\t\t<\/div>\n\t\t<\/div><div class=\"elementor-element elementor-element-c201e3b e-container--column e-container\" data-id=\"c201e3b\" data-element_type=\"container\" data-settings=\"{&quot;background_background&quot;:&quot;classic&quot;}\">\t\t\t\t<div class=\"elementor-element elementor-element-73a6968 elementor-view-framed elementor-shape-circle elementor-mobile-position-top elementor-vertical-align-top elementor-widget elementor-widget-icon-box\" data-id=\"73a6968\" data-element_type=\"widget\" data-widget_type=\"icon-box.default\">\n\t\t\t\t<div class=\"elementor-widget-container\">\n\t\t\t\t\t<div class=\"elementor-icon-box-wrapper\">\n\t\t\t\t\t\t<div class=\"elementor-icon-box-icon\">\n\t\t\t\t<a class=\"elementor-icon elementor-animation-\" href=\"https:\/\/feelcaboverde.com\/de\/historia\/\">\n\t\t\t\t<svg aria-hidden=\"true\" class=\"e-font-icon-svg e-fas-luggage-cart\"><use xlink:href=\"#fas-luggage-cart\" \/><\/svg>\t\t\t\t<\/a>\n\t\t\t<\/div>\n\t\t\t\t\t\t<div class=\"elementor-icon-box-content\">\n\t\t\t\t<h3 class=\"elementor-icon-box-title\">\n\t\t\t\t\t<a href=\"https:\/\/feelcaboverde.com\/de\/historia\/\">\n\t\t\t\t\t\tGroupe Transair S.A. \t\t\t\t\t<\/a>\n\t\t\t\t<\/h3>\n\t\t\t\t\t\t\t\t\t<p class=\"elementor-icon-box-description\">\n\t\t\t\t\t\tSenegal\t\t\t\t\t<\/p>\n\t\t\t\t\t\t\t<\/div>\n\t\t<\/div>\n\t\t\t\t<\/div>\n\t\t\t\t<\/div>\n\t\t<\/div><div class=\"elementor-element elementor-element-1f481f5 e-container--column e-container\" data-id=\"1f481f5\" data-element_type=\"container\" data-settings=\"{&quot;background_background&quot;:&quot;classic&quot;}\">\t\t\t\t<div class=\"elementor-element elementor-element-d8b63b6 elementor-view-framed elementor-shape-circle elementor-mobile-position-top elementor-vertical-align-top elementor-widget elementor-widget-icon-box\" data-id=\"d8b63b6\" data-element_type=\"widget\" data-widget_type=\"icon-box.default\">\n\t\t\t\t<div class=\"elementor-widget-container\">\n\t\t\t\t\t<div class=\"elementor-icon-box-wrapper\">\n\t\t\t\t\t\t<div class=\"elementor-icon-box-icon\">\n\t\t\t\t<a class=\"elementor-icon elementor-animation-\" href=\"https:\/\/feelcaboverde.com\/de\/historia\/\">\n\t\t\t\t<svg aria-hidden=\"true\" class=\"e-font-icon-svg e-fas-luggage-cart\"><use xlink:href=\"#fas-luggage-cart\" \/><\/svg>\t\t\t\t<\/a>\n\t\t\t<\/div>\n\t\t\t\t\t\t<div class=\"elementor-icon-box-content\">\n\t\t\t\t<h3 class=\"elementor-icon-box-title\">\n\t\t\t\t\t<a href=\"https:\/\/feelcaboverde.com\/de\/historia\/\">\n\t\t\t\t\t\tAsky Fluggesellschaften\t\t\t\t\t<\/a>\n\t\t\t\t<\/h3>\n\t\t\t\t\t\t\t\t\t<p class=\"elementor-icon-box-description\">\n\t\t\t\t\t\tPanafrikanisch\t\t\t\t\t<\/p>\n\t\t\t\t\t\t\t<\/div>\n\t\t<\/div>\n\t\t\t\t<\/div>\n\t\t\t\t<\/div>\n\t\t<\/div><\/div>\t\t\t\t\t<\/div>","protected":false},"excerpt":{"rendered":"<p>Internationale Flugh\u00e4fen auf Kap Verde Kap Verde verf\u00fcgt \u00fcber vier internationale Flugh\u00e4fen, \u00fcber die Sie in das Land einreisen k\u00f6nnen: Nelson Mandela International Airport (RAI), in Santiago Ces\u00e1ria \u00c9vora International Airport ((VXE), in S\u00e3o Vicente Am\u00edlcar Cabral International Airport (SID), auf der Insel Sal Aristides Pereira International Airport (BVC), auf der Insel Boavista Mehrere Fluggesellschaften, [...]<\/p>","protected":false},"author":1,"featured_media":0,"parent":0,"menu_order":0,"comment_status":"closed","ping_status":"closed","template":"","meta":{"footnotes":""},"categories":[],"tags":[],"class_list":["post-2081","page","type-page","status-publish","hentry"],"_links":{"self":[{"href":"https:\/\/feelcaboverde.com\/de\/wp-json\/wp\/v2\/pages\/2081","targetHints":{"allow":["GET"]}}],"collection":[{"href":"https:\/\/feelcaboverde.com\/de\/wp-json\/wp\/v2\/pages"}],"about":[{"href":"https:\/\/feelcaboverde.com\/de\/wp-json\/wp\/v2\/types\/page"}],"author":[{"embeddable":true,"href":"https:\/\/feelcaboverde.com\/de\/wp-json\/wp\/v2\/users\/1"}],"replies":[{"embeddable":true,"href":"https:\/\/feelcaboverde.com\/de\/wp-json\/wp\/v2\/comments?post=2081"}],"version-history":[{"count":47,"href":"https:\/\/feelcaboverde.com\/de\/wp-json\/wp\/v2\/pages\/2081\/revisions"}],"predecessor-version":[{"id":4588,"href":"https:\/\/feelcaboverde.com\/de\/wp-json\/wp\/v2\/pages\/2081\/revisions\/4588"}],"wp:attachment":[{"href":"https:\/\/feelcaboverde.com\/de\/wp-json\/wp\/v2\/media?parent=2081"}],"wp:term":[{"taxonomy":"category","embeddable":true,"href":"https:\/\/feelcaboverde.com\/de\/wp-json\/wp\/v2\/categories?post=2081"},{"taxonomy":"post_tag","embeddable":true,"href":"https:\/\/feelcaboverde.com\/de\/wp-json\/wp\/v2\/tags?post=2081"}],"curies":[{"name":"wp","href":"https:\/\/api.w.org\/{rel}","templated":true}]}}