{"id":2023,"date":"2022-09-29T12:39:23","date_gmt":"2022-09-29T12:39:23","guid":{"rendered":"https:\/\/feelcaboverde.com\/?page_id=2023"},"modified":"2023-04-03T22:47:24","modified_gmt":"2023-04-03T22:47:24","slug":"simbolos-nacionais-de-cabo-verde","status":"publish","type":"page","link":"https:\/\/feelcaboverde.com\/de\/nationale-symbole-von-kap-verde\/","title":{"rendered":"Nationale Symbole von Kap Verde"},"content":{"rendered":"<div data-elementor-type=\"wp-page\" data-elementor-id=\"2023\" class=\"elementor elementor-2023\">\n\t\t\t\t\t\t\t<div class=\"elementor-element elementor-element-7a76645 e-container--column e-container\" data-id=\"7a76645\" data-element_type=\"container\">\t\t\t\t<div class=\"elementor-element elementor-element-284c0c7 elementor-widget elementor-widget-text-editor\" data-id=\"284c0c7\" data-element_type=\"widget\" data-widget_type=\"text-editor.default\">\n\t\t\t\t<div class=\"elementor-widget-container\">\n\t\t\t<style>\/*! elementor - v3.7.1 - 14-08-2022 *\/\n.elementor-widget-text-editor.elementor-drop-cap-view-stacked .elementor-drop-cap{background-color:#818a91;color:#fff}.elementor-widget-text-editor.elementor-drop-cap-view-framed .elementor-drop-cap{color:#818a91;border:3px solid;background-color:transparent}.elementor-widget-text-editor:not(.elementor-drop-cap-view-default) .elementor-drop-cap{margin-top:8px}.elementor-widget-text-editor:not(.elementor-drop-cap-view-default) .elementor-drop-cap-letter{width:1em;height:1em}.elementor-widget-text-editor .elementor-drop-cap{float:left;text-align:center;line-height:1;font-size:50px}.elementor-widget-text-editor .elementor-drop-cap-letter{display:inline-block}<\/style>\t\t\t\t<p><span style=\"font-weight: 400;\">Als 1992 die kapverdische Verfassung ge\u00e4ndert wurde, um eine Mehrparteienpolitik einzuf\u00fchren, wurden neue nationale Symbole geschaffen.<\/span><\/p><p><span style=\"font-weight: 400;\">In Artikel 8 der Verfassung der Republik Kap Verde sind die Symbole der nationalen Souver\u00e4nit\u00e4t festgelegt:\u00a0<\/span><\/p><ul><li><span style=\"font-weight: 400;\">\u00a0Die Flagge;<\/span><\/li><li><span style=\"font-weight: 400;\">Die Hymne;<\/span><\/li><li><span style=\"font-weight: 400;\">Die Nationalen Waffen.\u00a0<\/span><\/li><\/ul><p><span style=\"font-weight: 400;\"><br \/>Als Symbole der Republik Kap Verde stehen sie f\u00fcr die Unabh\u00e4ngigkeit, Einheit und Integrit\u00e4t des Landes.\u00a0<\/span><\/p><h3><b>\u00a0<\/b><\/h3><h3><b>1. Die Nationalflagge von Kap Verde<\/b><\/h3><p><span style=\"font-weight: 400;\">Die aktuelle Flagge von Kap Verde wurde 1992 nach der Verfassungsrevision offiziell angenommen. Von der Unabh\u00e4ngigkeit im Jahr 1975 bis 1992 hatte die Flagge von Kap Verde die gleichen Merkmale wie die von Guinea-Bissau und unterschied sich nur durch einige wenige Symbole.<\/span><\/p><figure style=\"width: 354px\" class=\"wp-caption aligncenter\"><a href=\"http:\/\/feelcaboverde.com\/wp-content\/uploads\/2022\/09\/03.png\"><img decoding=\"async\" src=\"http:\/\/feelcaboverde.com\/wp-content\/uploads\/2022\/09\/03-300x179.png\" alt=\"Nationalflagge von Kap Verde\" width=\"354\" height=\"211\" \/><\/a><figcaption class=\"wp-caption-text\">Nationalflagge von Kap Verde<\/figcaption><\/figure><h5><strong>Offizielle Beschreibung der Nationalflagge von Kap Verde<\/strong><\/h5><table width=\"602\"><tbody><tr><td width=\"602\"><p>Die Flagge besteht aus f\u00fcnf l\u00e4ngs angeordneten, sich \u00fcberlappenden Rechtecken:<\/p><p>a) Das obere und das untere Rechteck sind blau gef\u00e4rbt, wobei das obere Rechteck eine Fl\u00e4che einnimmt, die der H\u00e4lfte der Flagge entspricht, und das untere Rechteck ein Viertel der Fl\u00e4che;<\/p><p>b) Die beiden blauen Rechtecke werden durch drei Streifen getrennt, deren Fl\u00e4che jeweils ein Zw\u00f6lftel der Flaggenfl\u00e4che betr\u00e4gt;<\/p><p>c) Die an die blauen Rechtecke angrenzenden Streifen sind wei\u00df, der dazwischen liegende Streifen ist rot;<\/p><p>d) \u00dcber den f\u00fcnf Rechtecken bilden zehn f\u00fcnfzackige gelbe Sterne, deren oberer Scheitelpunkt sich in der 90-Grad-Position befindet, einen Kreis, dessen Mittelpunkt im Schnittpunkt des Medians des zweiten vertikalen Viertels von links und des Medians des zweiten horizontalen Viertels vom unteren Rand liegt. Der Stern, der diesem Rand am n\u00e4chsten liegt, ist in einen unsichtbaren Kreis eingeschrieben, dessen Mittelpunkt auf dem Median des unteren blauen Bandes liegt.<\/p><\/td><\/tr><\/tbody><\/table><p><strong>\u00a0<\/strong><\/p><h5><strong>Symbolik der kapverdischen Nationalflagge<\/strong><\/h5><ul><li>Blaue Streifen: Sie \u00fcberwiegen in der Flagge und stehen f\u00fcr das Meer und den Himmel.<\/li><li>Gelbe Sterne: symbolisieren die zehn Inseln des Archipels, die im Kreis angeordnet sind, ein Zeichen der Einheit.<\/li><li>Zwei wei\u00dfe Streifen und ein roter Streifen: Sie verweisen auf die Geschichte des Aufbaus des Landes. Das Wei\u00df symbolisiert den Frieden, den wir wollen, und das Rot die Anstrengungen und den Kampf des Volkes.<\/li><li>Blau, Wei\u00df, Rot und Gelb gelten als die Nationalfarben der Kapverden.<\/li><\/ul><p><strong>\u00a0<\/strong><\/p><h3><strong>2. Nationalhymne der Kapverden<\/strong><\/h3><figure style=\"width: 800px\" class=\"wp-caption aligncenter\"><a href=\"http:\/\/feelcaboverde.com\/wp-content\/uploads\/2022\/09\/04.png\"><img decoding=\"async\" src=\"http:\/\/feelcaboverde.com\/wp-content\/uploads\/2022\/09\/04-1024x685.png\" alt=\"Nationalhymne der Kapverden\" width=\"800\" height=\"535\" \/><\/a><figcaption class=\"wp-caption-text\">\u00a0 \u00a0 \u00a0 \u00a0Partitur der kapverdischen Nationalhymne<\/figcaption><\/figure><p>O <strong>Lied der Freiheit<\/strong> ist die Nationalhymne von Kap Verde und wurde 1996 offiziell angenommen.<\/p><p>Die Hymne besteht aus drei Strophen, zwei Vierzeilern und einer Neun.<\/p><figure style=\"width: 800px\" class=\"wp-caption aligncenter\"><a href=\"http:\/\/feelcaboverde.com\/wp-content\/uploads\/2022\/09\/unnamed-file.jpg\"><img decoding=\"async\" src=\"http:\/\/feelcaboverde.com\/wp-content\/uploads\/2022\/09\/unnamed-file-1024x978.jpg\" alt=\"Nationalhymne der Kapverden\" width=\"800\" height=\"764\" \/><\/a><figcaption class=\"wp-caption-text\">Die Nationalhymne von Kap Verde<\/figcaption><\/figure><p><strong>\u00a0<\/strong><\/p><h3><strong>3. Das Wappen von Kap Verde<\/strong><\/h3><p>\u00a0<\/p><p><a href=\"http:\/\/feelcaboverde.com\/wp-content\/uploads\/2022\/09\/07.png\"><img decoding=\"async\" src=\"http:\/\/feelcaboverde.com\/wp-content\/uploads\/2022\/09\/07-300x300.png\" alt=\"Wappen von Kap Verde\" width=\"324\" height=\"324\" \/><\/a><\/p><p><strong>\u00a0<\/strong><\/p><h5><strong>Offizielle Beschreibung des Wappens von Kap Verde<\/strong><\/h5><p>Das Nationale Wappen spiegelt eine radiale Komposition wider, die von der Mitte bis zur Peripherie die folgenden Elemente aufweist:<\/p><p>a) Ein blaues gleichseitiges Dreieck, auf dem eine wei\u00dfe Fackel abgebildet ist;<\/p><p>b) Ein Kreis, der einen Raum begrenzt, in dem die Worte \"REPUBLICA DE CABO VERDE\" von der linken Ecke bis zur rechten Seite des Dreiecks eingeschrieben sind;<\/p><p>c) Drei blaue Linien, die parallel zur Basis des Dreiecks verlaufen und durch den ersten Kreis begrenzt werden;<\/p><p>d) Ein zweiter Kreis;<\/p><p>e) Ein gelbes Lot, das auf die Spitze des gleichseitigen Dreiecks ausgerichtet ist und die beiden Kreise oben \u00fcberlagert;<\/p><p>f) Drei gelbe Glieder an der Basis der Komposition, gefolgt von zwei gr\u00fcnen Palmen und zehn gelben f\u00fcnfzackigen Sternen, die symmetrisch in zwei F\u00fcnfergruppen angeordnet sind.<\/p><h5><strong>\u00a0<\/strong><\/h5><h5><strong>Symbolik des Wappens von <\/strong><a href=\"https:\/\/www.governo.cv\/o-arquipelago\/simbolos\/armas-da-republica\/\" rel=\"nofollow noopener\" target=\"_blank\"><strong>Kap Verde<\/strong><\/a><\/h5><ul><li><strong>Der Sturzflug<\/strong>symbolisiert Vertikalit\u00e4t und Aufrechtheit, die das \"Schl\u00fcsselgew\u00f6lbe\" der kapverdischen Verfassung bilden.<\/li><li><strong>Das gleichseitige Dreieck<\/strong>: steht f\u00fcr die Einheit, die Gleichheit der B\u00fcrgerrechte, die dem Volk durch das demokratische System zuerkannt werden.<\/li><li><strong>Die Fackel<\/strong>die nach vielen Jahren der Entbehrung, der Folter und des Kampfes gegen die Unterdr\u00fccker errungene Freiheit.<\/li><li><strong>Das Meer<\/strong>symbolisiert Nostalgie, den Wasserarm, der die Inseln umgibt, die Inspiration der Dichter, den Lebensunterhalt der Menschen und das Territorium des Landes.<\/li><li><strong>Klatschen<\/strong>Dies sind die Siege, die im Kampf um die nationale Unabh\u00e4ngigkeit errungen wurden, ein Ziel, das die Menschen motivierte und ihnen in den schwierigen Zeiten der D\u00fcrre eine moralische St\u00fctze war.<\/li><li><strong>Die Sterne<\/strong>: Sie symbolisieren die zehn Inseln, die den Archipel der Kapverden bilden.<\/li><\/ul><p><strong>\u00a0<\/strong><\/p><p><strong>\u00a0<\/strong><\/p><p><strong>Quellen<\/strong>:<\/p><p><a href=\"https:\/\/www.governo.cv\/\" rel=\"nofollow noopener\" target=\"_blank\">Regierung von Kap Verde<\/a>Symbole der Republik Kap Verde<\/p><p><a href=\"https:\/\/portais.parlamento.cv\/SimbolosNacionais\/\" rel=\"nofollow noopener\" target=\"_blank\">Nationalversammlung<\/a>Symbole der Republik Kap Verde<\/p><p><a href=\"http:\/\/www.ministeriopublico.cv\/index.php\/component\/jdownloads\/send\/8-ministerio-publico-na-jurisdicao-junto-dotrinunal-constitucinal\/246-simbolos-nacionais?option=com_jdownloads\" rel=\"nofollow noopener\" target=\"_blank\">Offizielles Bulletin<\/a> N\u00ba16, Reihe I, 21. April 2008<\/p><p><a href=\"https:\/\/portais.parlamento.cv\/Constituicao\/arquivos\/CR_CV.pdf\" rel=\"nofollow noopener\" target=\"_blank\">Verfassung <\/a>der Republik Kap Verde<\/p>\t\t\t\t\t\t<\/div>\n\t\t\t\t<\/div>\n\t\t<\/div><div class=\"elementor-element elementor-element-180b3df e-container--column e-container\" data-id=\"180b3df\" data-element_type=\"container\">\t\t<\/div>\t\t\t\t\t<\/div>","protected":false},"excerpt":{"rendered":"<p>Kapverdische Nationalsymbole Als die kapverdische Verfassung 1992 \u00fcberarbeitet wurde, um ein Mehrparteiensystem einzuf\u00fchren, wurden neue nationale Symbole geschaffen. In Artikel 8 der Verfassung der Republik Kap Verde sind die folgenden Symbole als Zeichen der nationalen Souver\u00e4nit\u00e4t festgelegt: Die Flagge, die Hymne und das Staatswappen. Als Symbole der Republik Kap Verde repr\u00e4sentieren sie [...]<\/p>","protected":false},"author":1,"featured_media":0,"parent":0,"menu_order":0,"comment_status":"closed","ping_status":"closed","template":"","meta":{"footnotes":""},"categories":[],"tags":[],"class_list":["post-2023","page","type-page","status-publish","hentry"],"_links":{"self":[{"href":"https:\/\/feelcaboverde.com\/de\/wp-json\/wp\/v2\/pages\/2023","targetHints":{"allow":["GET"]}}],"collection":[{"href":"https:\/\/feelcaboverde.com\/de\/wp-json\/wp\/v2\/pages"}],"about":[{"href":"https:\/\/feelcaboverde.com\/de\/wp-json\/wp\/v2\/types\/page"}],"author":[{"embeddable":true,"href":"https:\/\/feelcaboverde.com\/de\/wp-json\/wp\/v2\/users\/1"}],"replies":[{"embeddable":true,"href":"https:\/\/feelcaboverde.com\/de\/wp-json\/wp\/v2\/comments?post=2023"}],"version-history":[{"count":36,"href":"https:\/\/feelcaboverde.com\/de\/wp-json\/wp\/v2\/pages\/2023\/revisions"}],"predecessor-version":[{"id":4546,"href":"https:\/\/feelcaboverde.com\/de\/wp-json\/wp\/v2\/pages\/2023\/revisions\/4546"}],"wp:attachment":[{"href":"https:\/\/feelcaboverde.com\/de\/wp-json\/wp\/v2\/media?parent=2023"}],"wp:term":[{"taxonomy":"category","embeddable":true,"href":"https:\/\/feelcaboverde.com\/de\/wp-json\/wp\/v2\/categories?post=2023"},{"taxonomy":"post_tag","embeddable":true,"href":"https:\/\/feelcaboverde.com\/de\/wp-json\/wp\/v2\/tags?post=2023"}],"curies":[{"name":"wp","href":"https:\/\/api.w.org\/{rel}","templated":true}]}}