{"id":1935,"date":"2022-09-29T11:29:49","date_gmt":"2022-09-29T11:29:49","guid":{"rendered":"https:\/\/feelcaboverde.com\/?page_id=1935"},"modified":"2023-04-13T19:23:38","modified_gmt":"2023-04-13T19:23:38","slug":"cabo-verde","status":"publish","type":"page","link":"https:\/\/feelcaboverde.com\/de\/kap-verde\/","title":{"rendered":"Kap Verde"},"content":{"rendered":"<div data-elementor-type=\"wp-page\" data-elementor-id=\"1935\" class=\"elementor elementor-1935\">\n\t\t\t\t\t\t\t<div class=\"elementor-element elementor-element-7a76645 e-container--row e-container\" data-id=\"7a76645\" data-element_type=\"container\">\t\t\t\t<div class=\"elementor-element elementor-element-284c0c7 elementor-widget elementor-widget-text-editor\" data-id=\"284c0c7\" data-element_type=\"widget\" data-widget_type=\"text-editor.default\">\n\t\t\t\t<div class=\"elementor-widget-container\">\n\t\t\t<style>\/*! elementor - v3.7.1 - 14-08-2022 *\/\n.elementor-widget-text-editor.elementor-drop-cap-view-stacked .elementor-drop-cap{background-color:#818a91;color:#fff}.elementor-widget-text-editor.elementor-drop-cap-view-framed .elementor-drop-cap{color:#818a91;border:3px solid;background-color:transparent}.elementor-widget-text-editor:not(.elementor-drop-cap-view-default) .elementor-drop-cap{margin-top:8px}.elementor-widget-text-editor:not(.elementor-drop-cap-view-default) .elementor-drop-cap-letter{width:1em;height:1em}.elementor-widget-text-editor .elementor-drop-cap{float:left;text-align:center;line-height:1;font-size:50px}.elementor-widget-text-editor .elementor-drop-cap-letter{display:inline-block}<\/style>\t\t\t\t<p><span style=\"color: var( --e-global-color-text ); font-family: var( --e-global-typography-text-font-family ), Sans-serif; font-size: 1rem;\">Versteckt im Atlantischen Ozean und bewacht von der westafrikanischen K\u00fcste liegt Kap Verde, ein Archipel von zehn Inseln, die eine kleine Landfl\u00e4che von etwa 4.033 km einnehmen.<\/span><span style=\"color: var( --e-global-color-text ); font-family: var( --e-global-typography-text-font-family ), Sans-serif; font-size: 1rem;\">2<\/span><span style=\"color: var( --e-global-color-text ); font-family: var( --e-global-typography-text-font-family ), Sans-serif; font-size: 1rem;\">.<\/span><\/p><p><span style=\"font-weight: 400;\">Mit einer Wohnbev\u00f6lkerung von nur 491.233 Einwohnern verf\u00fcgen die \"Zehn K\u00f6rner Land\" \u00fcber ein sehr reiches geografisches, historisches und kulturelles Erbe.\u00a0<\/span><\/p><p><span style=\"font-weight: 400;\">Jede Insel hat einen einzigartigen und unverwechselbaren Charakter, und sie verbinden sich perfekt zu diesem Mosaik aus <\/span><i><span style=\"font-weight: 400;\">Morabeza<\/span><\/i><span style=\"font-weight: 400;\"> die uns Kapverdianern so am Herzen liegen.<\/span><\/p><p><span style=\"font-weight: 400;\">Obwohl die Inselgruppe erst in letzter Zeit als Reiseziel popul\u00e4rer geworden ist, ist es doch so, dass, wie unsere Diva Ces\u00e1ria \u00c9vora zu sagen pflegte, \"Kap Verde nie aus der Mode gekommen ist\". Und wer hier vorbeikommt, nimmt immer ein kleines St\u00fcckchen <\/span><i><span style=\"font-weight: 400;\">sodade,<\/span><\/i><span style=\"font-weight: 400;\"> und eine <\/span><i><span style=\"font-weight: 400;\">inkmenda d'terra<\/span><\/i><span style=\"font-weight: 400;\"> (traditionelle Auftr\u00e4ge).<\/span><\/p><p><span style=\"font-weight: 400;\">Worauf warten Sie noch, um diese Perle des Atlantiks zu entdecken?\u00a0<\/span><\/p><p><span style=\"font-weight: 400;\">Vielf\u00e4ltige Landschaften, atemberaubende Str\u00e4nde, reichlich Sonnenschein, vielf\u00e4ltige Traditionen, fr\u00f6hliche und gastfreundliche Menschen und eine herzliche Atmosph\u00e4re erwarten Sie. Kommen Sie und sehen und f\u00fchlen Sie Kap Verde! <\/span><\/p>\t\t\t\t\t\t<\/div>\n\t\t\t\t<\/div>\n\t\t<\/div><div class=\"elementor-element elementor-element-b57fcba e-container--row e-container\" data-id=\"b57fcba\" data-element_type=\"container\">\t\t<div class=\"elementor-element elementor-element-02bb19f e-container--column e-container\" data-id=\"02bb19f\" data-element_type=\"container\" data-settings=\"{&quot;background_background&quot;:&quot;classic&quot;}\">\t\t\t\t<div class=\"elementor-element elementor-element-a5de719 elementor-view-stacked elementor-shape-circle elementor-mobile-position-top elementor-vertical-align-top elementor-widget elementor-widget-icon-box\" data-id=\"a5de719\" data-element_type=\"widget\" data-widget_type=\"icon-box.default\">\n\t\t\t\t<div class=\"elementor-widget-container\">\n\t\t\t<link rel=\"stylesheet\" href=\"https:\/\/feelcaboverde.com\/wp-content\/plugins\/elementor\/assets\/css\/widget-icon-box.min.css\">\t\t<div class=\"elementor-icon-box-wrapper\">\n\t\t\t\t\t\t<div class=\"elementor-icon-box-icon\">\n\t\t\t\t<a class=\"elementor-icon elementor-animation-\" href=\"https:\/\/feelcaboverde.com\/de\/historia\/\">\n\t\t\t\t<svg aria-hidden=\"true\" class=\"e-font-icon-svg e-fas-university\"><use xlink:href=\"#fas-university\" \/><\/svg>\t\t\t\t<\/a>\n\t\t\t<\/div>\n\t\t\t\t\t\t<div class=\"elementor-icon-box-content\">\n\t\t\t\t<h3 class=\"elementor-icon-box-title\">\n\t\t\t\t\t<a href=\"https:\/\/feelcaboverde.com\/de\/historia\/\" >\n\t\t\t\t\t\tGeschichte\t\t\t\t\t<\/a>\n\t\t\t\t<\/h3>\n\t\t\t\t\t\t\t<\/div>\n\t\t<\/div>\n\t\t\t\t<\/div>\n\t\t\t\t<\/div>\n\t\t<\/div><div class=\"elementor-element elementor-element-68ca3db e-container--column e-container\" data-id=\"68ca3db\" data-element_type=\"container\" data-settings=\"{&quot;background_background&quot;:&quot;classic&quot;}\">\t\t\t\t<div class=\"elementor-element elementor-element-2c8e961 elementor-view-stacked elementor-shape-circle elementor-mobile-position-top elementor-vertical-align-top elementor-widget elementor-widget-icon-box\" data-id=\"2c8e961\" data-element_type=\"widget\" data-widget_type=\"icon-box.default\">\n\t\t\t\t<div class=\"elementor-widget-container\">\n\t\t\t\t\t<div class=\"elementor-icon-box-wrapper\">\n\t\t\t\t\t\t<div class=\"elementor-icon-box-icon\">\n\t\t\t\t<a class=\"elementor-icon elementor-animation-\" href=\"https:\/\/feelcaboverde.com\/de\/geografia-e-geologia\/\">\n\t\t\t\t<svg aria-hidden=\"true\" class=\"e-font-icon-svg e-fas-map-marked-alt\"><use xlink:href=\"#fas-map-marked-alt\" \/><\/svg>\t\t\t\t<\/a>\n\t\t\t<\/div>\n\t\t\t\t\t\t<div class=\"elementor-icon-box-content\">\n\t\t\t\t<h3 class=\"elementor-icon-box-title\">\n\t\t\t\t\t<a href=\"https:\/\/feelcaboverde.com\/de\/geografia-e-geologia\/\" >\n\t\t\t\t\t\tGeographie und Geologie\t\t\t\t\t<\/a>\n\t\t\t\t<\/h3>\n\t\t\t\t\t\t\t<\/div>\n\t\t<\/div>\n\t\t\t\t<\/div>\n\t\t\t\t<\/div>\n\t\t<\/div><div class=\"elementor-element elementor-element-4d67f44 e-container--column e-container\" data-id=\"4d67f44\" data-element_type=\"container\" data-settings=\"{&quot;background_background&quot;:&quot;classic&quot;}\">\t\t\t\t<div class=\"elementor-element elementor-element-e7133ae elementor-view-stacked elementor-shape-circle elementor-mobile-position-top elementor-vertical-align-top elementor-widget elementor-widget-icon-box\" data-id=\"e7133ae\" data-element_type=\"widget\" data-widget_type=\"icon-box.default\">\n\t\t\t\t<div class=\"elementor-widget-container\">\n\t\t\t\t\t<div class=\"elementor-icon-box-wrapper\">\n\t\t\t\t\t\t<div class=\"elementor-icon-box-icon\">\n\t\t\t\t<a class=\"elementor-icon elementor-animation-\" href=\"https:\/\/feelcaboverde.com\/de\/simbolos-nacionais\/\">\n\t\t\t\t<svg aria-hidden=\"true\" class=\"e-font-icon-svg e-fas-flag\"><use xlink:href=\"#fas-flag\" \/><\/svg>\t\t\t\t<\/a>\n\t\t\t<\/div>\n\t\t\t\t\t\t<div class=\"elementor-icon-box-content\">\n\t\t\t\t<h3 class=\"elementor-icon-box-title\">\n\t\t\t\t\t<a href=\"https:\/\/feelcaboverde.com\/de\/simbolos-nacionais\/\" >\n\t\t\t\t\t\tNationale Symbole\t\t\t\t\t<\/a>\n\t\t\t\t<\/h3>\n\t\t\t\t\t\t\t<\/div>\n\t\t<\/div>\n\t\t\t\t<\/div>\n\t\t\t\t<\/div>\n\t\t<\/div><\/div>\t\t\t\t\t<\/div>","protected":false},"excerpt":{"rendered":"<p>Versteckt im Atlantischen Ozean und bewacht von der Westk\u00fcste Afrikas liegt Kap Verde, ein Archipel von zehn Inseln, die eine kleine Landfl\u00e4che von ca. 4.033 km2 einnehmen. Mit nur 491 233 Einwohnern verf\u00fcgen die \"Zehn K\u00f6rner der Erde\" \u00fcber ein reiches geografisches, historisches und kulturelles Erbe.  Jede Insel weist einen einzigartigen Charakter auf und [...]<\/p>","protected":false},"author":1,"featured_media":0,"parent":0,"menu_order":0,"comment_status":"closed","ping_status":"closed","template":"","meta":{"footnotes":""},"categories":[],"tags":[],"class_list":["post-1935","page","type-page","status-publish","hentry"],"_links":{"self":[{"href":"https:\/\/feelcaboverde.com\/de\/wp-json\/wp\/v2\/pages\/1935","targetHints":{"allow":["GET"]}}],"collection":[{"href":"https:\/\/feelcaboverde.com\/de\/wp-json\/wp\/v2\/pages"}],"about":[{"href":"https:\/\/feelcaboverde.com\/de\/wp-json\/wp\/v2\/types\/page"}],"author":[{"embeddable":true,"href":"https:\/\/feelcaboverde.com\/de\/wp-json\/wp\/v2\/users\/1"}],"replies":[{"embeddable":true,"href":"https:\/\/feelcaboverde.com\/de\/wp-json\/wp\/v2\/comments?post=1935"}],"version-history":[{"count":35,"href":"https:\/\/feelcaboverde.com\/de\/wp-json\/wp\/v2\/pages\/1935\/revisions"}],"predecessor-version":[{"id":4806,"href":"https:\/\/feelcaboverde.com\/de\/wp-json\/wp\/v2\/pages\/1935\/revisions\/4806"}],"wp:attachment":[{"href":"https:\/\/feelcaboverde.com\/de\/wp-json\/wp\/v2\/media?parent=1935"}],"wp:term":[{"taxonomy":"category","embeddable":true,"href":"https:\/\/feelcaboverde.com\/de\/wp-json\/wp\/v2\/categories?post=1935"},{"taxonomy":"post_tag","embeddable":true,"href":"https:\/\/feelcaboverde.com\/de\/wp-json\/wp\/v2\/tags?post=1935"}],"curies":[{"name":"wp","href":"https:\/\/api.w.org\/{rel}","templated":true}]}}