{"id":1915,"date":"2022-09-27T17:09:55","date_gmt":"2022-09-27T17:09:55","guid":{"rendered":"https:\/\/feelcaboverde.com\/?page_id=1915"},"modified":"2023-04-02T12:14:41","modified_gmt":"2023-04-02T12:14:41","slug":"fogo","status":"publish","type":"page","link":"https:\/\/feelcaboverde.com\/de\/feuer\/","title":{"rendered":"Fogo"},"content":{"rendered":"<div data-elementor-type=\"wp-page\" data-elementor-id=\"1915\" class=\"elementor elementor-1915\">\n\t\t\t\t\t\t\t<div class=\"elementor-element elementor-element-680395d e-container--column e-container\" data-id=\"680395d\" data-element_type=\"container\">\t\t\t\t<div class=\"elementor-element elementor-element-e595508 elementor--h-position-center elementor--v-position-middle elementor-arrows-position-inside elementor-pagination-position-inside elementor-widget elementor-widget-slides\" data-id=\"e595508\" data-element_type=\"widget\" data-settings=\"{&quot;navigation&quot;:&quot;both&quot;,&quot;autoplay&quot;:&quot;yes&quot;,&quot;pause_on_hover&quot;:&quot;yes&quot;,&quot;pause_on_interaction&quot;:&quot;yes&quot;,&quot;autoplay_speed&quot;:5000,&quot;infinite&quot;:&quot;yes&quot;,&quot;transition&quot;:&quot;slide&quot;,&quot;transition_speed&quot;:500}\" data-widget_type=\"slides.default\">\n\t\t\t\t<div class=\"elementor-widget-container\">\n\t\t\t<style>\/*! elementor-pro - v3.5.2 - 28-11-2021 *\/\n.elementor-slides .swiper-slide-bg{-webkit-background-size:cover;background-size:cover;background-position:50%;background-repeat:no-repeat;min-width:100%;min-height:100%}.elementor-slides .swiper-slide-inner{background-repeat:no-repeat;background-position:50%;position:absolute;top:0;left:0;bottom:0;right:0;padding:50px;margin:auto}.elementor-slides .swiper-slide-inner,.elementor-slides .swiper-slide-inner:hover{color:#fff;display:-webkit-box;display:-ms-flexbox;display:flex}.elementor-slides .swiper-slide-inner .elementor-background-overlay{position:absolute;z-index:0;top:0;bottom:0;left:0;right:0}.elementor-slides .swiper-slide-inner .elementor-slide-content{position:relative;z-index:1;width:100%}.elementor-slides .swiper-slide-inner .elementor-slide-heading{font-size:35px;font-weight:700;line-height:1}.elementor-slides .swiper-slide-inner .elementor-slide-description{font-size:17px;line-height:1.4}.elementor-slides .swiper-slide-inner .elementor-slide-description:not(:last-child),.elementor-slides .swiper-slide-inner .elementor-slide-heading:not(:last-child){margin-bottom:30px}.elementor-slides .swiper-slide-inner .elementor-slide-button{border:2px solid #fff;color:#fff;background:transparent;display:inline-block}.elementor-slides .swiper-slide-inner .elementor-slide-button,.elementor-slides .swiper-slide-inner .elementor-slide-button:hover{background:transparent;color:inherit;text-decoration:none}.elementor--v-position-top .swiper-slide-inner{-webkit-box-align:start;-ms-flex-align:start;align-items:flex-start}.elementor--v-position-bottom .swiper-slide-inner{-webkit-box-align:end;-ms-flex-align:end;align-items:flex-end}.elementor--v-position-middle .swiper-slide-inner{-webkit-box-align:center;-ms-flex-align:center;align-items:center}.elementor--h-position-left .swiper-slide-inner{-webkit-box-pack:start;-ms-flex-pack:start;justify-content:flex-start}.elementor--h-position-right .swiper-slide-inner{-webkit-box-pack:end;-ms-flex-pack:end;justify-content:flex-end}.elementor--h-position-center .swiper-slide-inner{-webkit-box-pack:center;-ms-flex-pack:center;justify-content:center}body.rtl .elementor-widget-slides .elementor-swiper-button-next{left:10px;right:auto}body.rtl .elementor-widget-slides .elementor-swiper-button-prev{right:10px;left:auto}.elementor-slides-wrapper div:not(.swiper-slide)>.swiper-slide-inner{display:none}@media (max-width:767px){.elementor-slides .swiper-slide-inner{padding:30px}.elementor-slides .swiper-slide-inner .elementor-slide-heading{font-size:23px;line-height:1;margin-bottom:15px}.elementor-slides .swiper-slide-inner .elementor-slide-description{font-size:13px;line-height:1.4;margin-bottom:15px}}<\/style>\t\t<div class=\"elementor-swiper\">\n\t\t\t<div class=\"elementor-slides-wrapper elementor-main-swiper swiper-container\" dir=\"ltr\" data-animation=\"\">\n\t\t\t\t<div class=\"swiper-wrapper elementor-slides\">\n\t\t\t\t\t\t\t\t\t\t<div class=\"elementor-repeater-item-0b8d762 swiper-slide\"><div class=\"swiper-slide-bg elementor-ken-burns elementor-ken-burns--in\"><\/div><div class=\"swiper-slide-inner\" ><div class=\"swiper-slide-contents\"><\/div><\/div><\/div><div class=\"elementor-repeater-item-d56afb1 swiper-slide\"><div class=\"swiper-slide-bg elementor-ken-burns elementor-ken-burns--in\"><\/div><div class=\"swiper-slide-inner\" ><div class=\"swiper-slide-contents\"><\/div><\/div><\/div><div class=\"elementor-repeater-item-302cf13 swiper-slide\"><div class=\"swiper-slide-bg elementor-ken-burns elementor-ken-burns--in\"><\/div><div class=\"swiper-slide-inner\" ><div class=\"swiper-slide-contents\"><\/div><\/div><\/div><div class=\"elementor-repeater-item-795d139 swiper-slide\"><div class=\"swiper-slide-bg elementor-ken-burns elementor-ken-burns--in\"><\/div><div class=\"swiper-slide-inner\" ><div class=\"swiper-slide-contents\"><\/div><\/div><\/div>\t\t\t\t<\/div>\n\t\t\t\t\t\t\t\t\t\t\t\t\t\t\t<div class=\"swiper-pagination\"><\/div>\n\t\t\t\t\t\t\t\t\t\t\t\t\t\t\t\t<div class=\"elementor-swiper-button elementor-swiper-button-prev\">\n\t\t\t\t\t\t\t<svg aria-hidden=\"true\" class=\"e-font-icon-svg e-eicon-chevron-left\"><use xlink:href=\"#eicon-chevron-left\" \/><\/svg>\t\t\t\t\t\t\t<span class=\"elementor-screen-only\">Vorherige<\/span>\n\t\t\t\t\t\t<\/div>\n\t\t\t\t\t\t<div class=\"elementor-swiper-button elementor-swiper-button-next\">\n\t\t\t\t\t\t\t<svg aria-hidden=\"true\" class=\"e-font-icon-svg e-eicon-chevron-right\"><use xlink:href=\"#eicon-chevron-right\" \/><\/svg>\t\t\t\t\t\t\t<span class=\"elementor-screen-only\">Weiter<\/span>\n\t\t\t\t\t\t<\/div>\n\t\t\t\t\t\t\t\t\t\t\t\t<\/div>\n\t\t<\/div>\n\t\t\t\t<\/div>\n\t\t\t\t<\/div>\n\t\t<\/div>\t\t<section data-particle_enable=\"false\" data-particle-mobile-disabled=\"false\" class=\"elementor-section elementor-top-section elementor-element elementor-element-4fe6f1b elementor-section-boxed elementor-section-height-default elementor-section-height-default elementor-invisible\" data-id=\"4fe6f1b\" data-element_type=\"section\" data-settings=\"{&quot;motion_fx_motion_fx_scrolling&quot;:&quot;yes&quot;,&quot;animation&quot;:&quot;zoomIn&quot;,&quot;motion_fx_devices&quot;:[&quot;desktop&quot;,&quot;tablet&quot;,&quot;mobile&quot;]}\">\n\t\t\t\t\t\t<div class=\"elementor-container elementor-column-gap-default\">\n\t\t\t\t\t<div class=\"elementor-column elementor-col-100 elementor-top-column elementor-element elementor-element-351c9a8\" data-id=\"351c9a8\" data-element_type=\"column\">\n\t\t\t<div class=\"elementor-widget-wrap elementor-element-populated\">\n\t\t\t\t\t\t\t\t<section data-particle_enable=\"false\" data-particle-mobile-disabled=\"false\" class=\"elementor-section elementor-inner-section elementor-element elementor-element-b585a59 elementor-section-boxed elementor-section-height-default elementor-section-height-default\" data-id=\"b585a59\" data-element_type=\"section\">\n\t\t\t\t\t\t<div class=\"elementor-container elementor-column-gap-default\">\n\t\t\t\t\t<div class=\"elementor-column elementor-col-100 elementor-inner-column elementor-element elementor-element-08e3431\" data-id=\"08e3431\" data-element_type=\"column\">\n\t\t\t<div class=\"elementor-widget-wrap elementor-element-populated\">\n\t\t\t\t\t\t\t\t<div class=\"elementor-element elementor-element-a628d03 elementor-widget elementor-widget-heading\" data-id=\"a628d03\" data-element_type=\"widget\" data-widget_type=\"heading.default\">\n\t\t\t\t<div class=\"elementor-widget-container\">\n\t\t\t<style>\/*! elementor - v3.7.1 - 14-08-2022 *\/\n.elementor-heading-title{padding:0;margin:0;line-height:1}.elementor-widget-heading .elementor-heading-title[class*=elementor-size-]>a{color:inherit;font-size:inherit;line-height:inherit}.elementor-widget-heading .elementor-heading-title.elementor-size-small{font-size:15px}.elementor-widget-heading .elementor-heading-title.elementor-size-medium{font-size:19px}.elementor-widget-heading .elementor-heading-title.elementor-size-large{font-size:29px}.elementor-widget-heading .elementor-heading-title.elementor-size-xl{font-size:39px}.elementor-widget-heading .elementor-heading-title.elementor-size-xxl{font-size:59px}<\/style><h2 class=\"elementor-heading-title elementor-size-default\">Feuerinsel<\/h2>\t\t<\/div>\n\t\t\t\t<\/div>\n\t\t\t\t<div class=\"elementor-element elementor-element-e86f908 elementor-widget elementor-widget-text-editor\" data-id=\"e86f908\" data-element_type=\"widget\" data-widget_type=\"text-editor.default\">\n\t\t\t\t<div class=\"elementor-widget-container\">\n\t\t\t<style>\/*! elementor - v3.7.1 - 14-08-2022 *\/\n.elementor-widget-text-editor.elementor-drop-cap-view-stacked .elementor-drop-cap{background-color:#818a91;color:#fff}.elementor-widget-text-editor.elementor-drop-cap-view-framed .elementor-drop-cap{color:#818a91;border:3px solid;background-color:transparent}.elementor-widget-text-editor:not(.elementor-drop-cap-view-default) .elementor-drop-cap{margin-top:8px}.elementor-widget-text-editor:not(.elementor-drop-cap-view-default) .elementor-drop-cap-letter{width:1em;height:1em}.elementor-widget-text-editor .elementor-drop-cap{float:left;text-align:center;line-height:1;font-size:50px}.elementor-widget-text-editor .elementor-drop-cap-letter{display:inline-block}<\/style>\t\t\t\t<p>Die Insel Fogo ist von unvergleichlicher Sch\u00f6nheit. Sie hat ihren Namen vom imposanten Pico do Fogo, einem Vulkan, der sich 2829 Meter \u00fcber den Meeresspiegel erhebt und damit der h\u00f6chste Punkt des Archipels und eines der sieben Weltwunder des Landes ist.<\/p>\n<p>Trotz der j\u00fcngsten Aktivit\u00e4ten lebt eine widerstandsf\u00e4hige Gemeinschaft rund um den feurigen Berg in der Stadt Ch\u00e3 das Caldeiras. Es sind die Kinder des Lavakolosses, die sich weigern, das aufzugeben, was ihnen Leben gibt - den Vulkan selbst! Einige von ihnen leben in Funcos, zylindrischen H\u00e4usern, die aus dem Material gebaut wurden, das bei Eruptionen ausgesto\u00dfen wird.<\/p>\n<p>Der Kontrast zwischen vulkanischen Graut\u00f6nen und dichter gr\u00fcner Vegetation verleiht der Ch\u00e3 das Caldeiras eine einzigartige Sch\u00f6nheit. Der mineralreiche Boden erm\u00f6glicht den Anbau von Trauben, die zur Herstellung von Weinen aus der Region verwendet werden. Neben Trauben wachsen an den H\u00e4ngen des Vulkans auch Quitten, Feigen, \u00c4pfel, Granat\u00e4pfel, Pfirsiche und Melonen - die Fr\u00fcchte der Lava. Die Ch\u00e3 das Caldeira beherbergt auch mehrere endemische Pflanzenarten, von denen einige selten und vom Aussterben bedroht sind.<\/p>\n<p>Die Stadt S\u00e3o Filipe, die dritt\u00e4lteste des Archipels, ist das gr\u00f6\u00dfte st\u00e4dtische Zentrum der Insel. Diese Stadt ist reich an Geschichte, sch\u00f6ner Architektur und faszinierenden Landschaften und verdient es, dass man sie kennenlernt. Ihre Architektur ist gepr\u00e4gt von den Sobrados, den Markenzeichen der Kolonialgeschichte.<\/p>\n<p>An den S\u00fcdwesten der Stadt grenzt der Strand <em>Fonti Bila<\/em> oder der Strand Senhora da Encarna\u00e7\u00e3o, ein riesiger schwarzer Vulkanstrand. Seine starken Wellen brechen sich in wei\u00dfen Spitzen am schwarzen Sand und bilden einen perfekten Kontrast. Tags\u00fcber, wenn die Sonne ihren H\u00f6hepunkt erreicht hat, kommen die winzigen Kristalle im schwarzen Sand zum Vorschein. <em>Fonti Bila<\/em>. Bei Sonnenuntergang ist der herrliche rosa-orangefarbene Sonnenuntergang \u00fcber diesem Strand ein un\u00fcbersehbares Naturschauspiel.<\/p>\n<p>Zu den weiteren Sehensw\u00fcrdigkeiten von S\u00e3o Filipe geh\u00f6ren die Casa da Mem\u00f3ria, ein Museum, in dem Erinnerungsst\u00fccke von der Vulkaninsel und dem Rest des Landes aufbewahrt werden, die Casa das Bandeiras, ein wichtiges Symbol der Folklore der Insel, das legend\u00e4re Cemit\u00e9rio de Brancos mit seinen Geschichten und schlie\u00dflich der \u00f6rtliche Markt, wo sich der k\u00f6stliche Duft frischer Produkte mit der Herzlichkeit der Einheimischen und dem melodischen Kreolisch der Verk\u00e4uferinnen vermischt, die \"levar um cusa\" rufen.<\/p>\n<p>Die Foguenses sind ein festliches Volk. Im Mai feiern sie <a href=\"https:\/\/maravilhasdecaboverde.cv\/nho-sao-filipe\/\" rel=\"nofollow noopener\" target=\"_blank\">Fest des Heiligen Philippus<\/a> und S\u00e3o Jo\u00e3o im Juni, wo sich die Menschen zu einigen der gr\u00f6\u00dften kulturellen Veranstaltungen des Landes versammeln. W\u00e4hrend dieser Feste k\u00f6nnen Sie furchtlose Pferderennen beobachten und die<em> Djagacida<\/em>ein typisches Gericht aus Fogo.<\/p>\n<p>Ein Besuch auf dieser Insel ist erst nach einem Bad in den nat\u00fcrlichen Pools von Salinas vollst\u00e4ndig. Sie k\u00f6nnen die Insel nicht verlassen, ohne einen lokalen Kaffee in Mosteiros zu trinken oder den typischen Wein der Insel zu probieren. <em>manecom<\/em> und Ziegenk\u00e4se in Form eines Pilzes.<\/p>\n<p><strong>Die Insel Fogo ist Syn\u00e4sthesie pur! Lassen Sie sich von ihrer W\u00e4rme einh\u00fcllen.<\/strong><\/p>\t\t\t\t\t\t<\/div>\n\t\t\t\t<\/div>\n\t\t\t\t\t<\/div>\n\t\t<\/div>\n\t\t\t\t\t\t\t<\/div>\n\t\t<\/section>\n\t\t\t\t\t<\/div>\n\t\t<\/div>\n\t\t\t\t\t\t\t<\/div>\n\t\t<\/section>\n\t\t\t\t\t\t\t<\/div>","protected":false},"excerpt":{"rendered":"<p>Zur\u00fcck Weiter Fogo Island Fogo Island ist eine Insel von unvergleichlicher Sch\u00f6nheit. Ihren Namen verdankt sie dem imposanten Pico do Fogo, einem Vulkan, der sich 2829 Meter \u00fcber den Meeresspiegel erhebt. Damit ist er der h\u00f6chste Punkt des Archipels und eines der sieben Weltwunder des Landes. Trotz seiner j\u00fcngsten Geschichte der Aktivit\u00e4t, [...]<\/p>","protected":false},"author":1,"featured_media":0,"parent":0,"menu_order":0,"comment_status":"closed","ping_status":"closed","template":"elementor_header_footer","meta":{"footnotes":""},"categories":[],"tags":[],"class_list":["post-1915","page","type-page","status-publish","hentry"],"_links":{"self":[{"href":"https:\/\/feelcaboverde.com\/de\/wp-json\/wp\/v2\/pages\/1915","targetHints":{"allow":["GET"]}}],"collection":[{"href":"https:\/\/feelcaboverde.com\/de\/wp-json\/wp\/v2\/pages"}],"about":[{"href":"https:\/\/feelcaboverde.com\/de\/wp-json\/wp\/v2\/types\/page"}],"author":[{"embeddable":true,"href":"https:\/\/feelcaboverde.com\/de\/wp-json\/wp\/v2\/users\/1"}],"replies":[{"embeddable":true,"href":"https:\/\/feelcaboverde.com\/de\/wp-json\/wp\/v2\/comments?post=1915"}],"version-history":[{"count":11,"href":"https:\/\/feelcaboverde.com\/de\/wp-json\/wp\/v2\/pages\/1915\/revisions"}],"predecessor-version":[{"id":4258,"href":"https:\/\/feelcaboverde.com\/de\/wp-json\/wp\/v2\/pages\/1915\/revisions\/4258"}],"wp:attachment":[{"href":"https:\/\/feelcaboverde.com\/de\/wp-json\/wp\/v2\/media?parent=1915"}],"wp:term":[{"taxonomy":"category","embeddable":true,"href":"https:\/\/feelcaboverde.com\/de\/wp-json\/wp\/v2\/categories?post=1915"},{"taxonomy":"post_tag","embeddable":true,"href":"https:\/\/feelcaboverde.com\/de\/wp-json\/wp\/v2\/tags?post=1915"}],"curies":[{"name":"wp","href":"https:\/\/api.w.org\/{rel}","templated":true}]}}