{"id":1623,"date":"2022-09-23T11:12:32","date_gmt":"2022-09-23T11:12:32","guid":{"rendered":"https:\/\/feelcaboverde.com\/?page_id=1623"},"modified":"2024-09-03T10:24:56","modified_gmt":"2024-09-03T10:24:56","slug":"sobre-nos","status":"publish","type":"page","link":"https:\/\/feelcaboverde.com\/de\/uber-uns\/","title":{"rendered":"\u00dcber uns"},"content":{"rendered":"<div data-elementor-type=\"wp-page\" data-elementor-id=\"1623\" class=\"elementor elementor-1623\">\n\t\t\t\t\t\t\t\t\t<section data-particle_enable=\"false\" data-particle-mobile-disabled=\"false\" class=\"elementor-section elementor-top-section elementor-element elementor-element-143098ea elementor-section-boxed elementor-section-height-default elementor-section-height-default\" data-id=\"143098ea\" data-element_type=\"section\">\n\t\t\t\t\t\t<div class=\"elementor-container elementor-column-gap-default\">\n\t\t\t\t\t<div class=\"elementor-column elementor-col-100 elementor-top-column elementor-element elementor-element-6da1a6dd\" data-id=\"6da1a6dd\" data-element_type=\"column\">\n\t\t\t<div class=\"elementor-widget-wrap elementor-element-populated\">\n\t\t\t\t\t\t\t\t<div class=\"elementor-element elementor-element-723fceb elementor-widget elementor-widget-heading\" data-id=\"723fceb\" data-element_type=\"widget\" data-widget_type=\"heading.default\">\n\t\t\t\t<div class=\"elementor-widget-container\">\n\t\t\t<style>\/*! elementor - v3.7.1 - 14-08-2022 *\/\n.elementor-heading-title{padding:0;margin:0;line-height:1}.elementor-widget-heading .elementor-heading-title[class*=elementor-size-]>a{color:inherit;font-size:inherit;line-height:inherit}.elementor-widget-heading .elementor-heading-title.elementor-size-small{font-size:15px}.elementor-widget-heading .elementor-heading-title.elementor-size-medium{font-size:19px}.elementor-widget-heading .elementor-heading-title.elementor-size-large{font-size:29px}.elementor-widget-heading .elementor-heading-title.elementor-size-xl{font-size:39px}.elementor-widget-heading .elementor-heading-title.elementor-size-xxl{font-size:59px}<\/style><h2 class=\"elementor-heading-title elementor-size-default\">Wer steckt hinter Feel Cape Verde?<\/h2>\t\t<\/div>\n\t\t\t\t<\/div>\n\t\t\t\t<div class=\"elementor-element elementor-element-239c031f elementor-widget elementor-widget-text-editor\" data-id=\"239c031f\" data-element_type=\"widget\" data-widget_type=\"text-editor.default\">\n\t\t\t\t<div class=\"elementor-widget-container\">\n\t\t\t<style>\/*! elementor - v3.7.1 - 14-08-2022 *\/\n.elementor-widget-text-editor.elementor-drop-cap-view-stacked .elementor-drop-cap{background-color:#818a91;color:#fff}.elementor-widget-text-editor.elementor-drop-cap-view-framed .elementor-drop-cap{color:#818a91;border:3px solid;background-color:transparent}.elementor-widget-text-editor:not(.elementor-drop-cap-view-default) .elementor-drop-cap{margin-top:8px}.elementor-widget-text-editor:not(.elementor-drop-cap-view-default) .elementor-drop-cap-letter{width:1em;height:1em}.elementor-widget-text-editor .elementor-drop-cap{float:left;text-align:center;line-height:1;font-size:50px}.elementor-widget-text-editor .elementor-drop-cap-letter{display:inline-block}<\/style>\t\t\t\t<p>Eine Gruppe junger Kapverdier, die hoffnungslos in Kap Verde verliebt sind und das Beste davon mit der Welt teilen wollen.<\/p><p>Unser Hauptziel ist es, den gemeindebasierten Tourismus in Kap Verde zu st\u00e4rken, da wir glauben, dass dies dazu beitragen kann, \"bessere Orte f\u00fcr die Menschen zum Leben und bessere Orte f\u00fcr die Menschen zum Besuchen\" zu schaffen.<\/p><p><strong>Unser Konzept<\/strong>Wir kombinieren unser Wissen als Einwohner, unsere Erfahrung mit Reisen zu allen Inseln (einschlie\u00dflich der einsamen Insel Santa Luzia!), Informationen von Gemeindemitgliedern, offizielle Daten der nationalen Beh\u00f6rden und das Fachwissen lokaler Reiseleiter, um eine umfassende und zuverl\u00e4ssige Informationsquelle f\u00fcr alle zu schaffen, die mehr \u00fcber die Kapverden erfahren m\u00f6chten, wobei der Schwerpunkt auf reisebezogenen Informationen liegt.<\/p>\t\t\t\t\t\t<\/div>\n\t\t\t\t<\/div>\n\t\t\t\t\t<\/div>\n\t\t<\/div>\n\t\t\t\t\t\t\t<\/div>\n\t\t<\/section>\n\t\t<div class=\"elementor-element elementor-element-944e0c4 e-container--row e-container\" data-id=\"944e0c4\" data-element_type=\"container\">\t\t<div class=\"elementor-element elementor-element-6c5c1dd e-container--column e-container\" data-id=\"6c5c1dd\" data-element_type=\"container\" data-settings=\"{&quot;background_background&quot;:&quot;classic&quot;}\">\t\t\t\t<div class=\"elementor-element elementor-element-8a9a38e elementor-widget elementor-widget-heading\" data-id=\"8a9a38e\" data-element_type=\"widget\" data-widget_type=\"heading.default\">\n\t\t\t\t<div class=\"elementor-widget-container\">\n\t\t\t<h2 class=\"elementor-heading-title elementor-size-default\">Mission<\/h2>\t\t<\/div>\n\t\t\t\t<\/div>\n\t\t\t\t<div class=\"elementor-element elementor-element-efeb281 elementor-widget elementor-widget-heading\" data-id=\"efeb281\" data-element_type=\"widget\" data-widget_type=\"heading.default\">\n\t\t\t\t<div class=\"elementor-widget-container\">\n\t\t\t<h2 class=\"elementor-heading-title elementor-size-default\">Wir helfen jedem, \u00fcberall seine Reise nach Kap Verde in aller Ruhe zu planen und das Beste zu genie\u00dfen, was die Inseln zu bieten haben.\n<\/h2>\t\t<\/div>\n\t\t\t\t<\/div>\n\t\t<\/div><div class=\"elementor-element elementor-element-daa3717 e-container--column e-container\" data-id=\"daa3717\" data-element_type=\"container\" data-settings=\"{&quot;background_background&quot;:&quot;classic&quot;}\">\t\t\t\t<div class=\"elementor-element elementor-element-877a3f6 elementor-widget elementor-widget-heading\" data-id=\"877a3f6\" data-element_type=\"widget\" data-widget_type=\"heading.default\">\n\t\t\t\t<div class=\"elementor-widget-container\">\n\t\t\t<h2 class=\"elementor-heading-title elementor-size-default\">Vision<\/h2>\t\t<\/div>\n\t\t\t\t<\/div>\n\t\t\t\t<div class=\"elementor-element elementor-element-dd547d0 elementor-widget elementor-widget-heading\" data-id=\"dd547d0\" data-element_type=\"widget\" data-widget_type=\"heading.default\">\n\t\t\t\t<div class=\"elementor-widget-container\">\n\t\t\t<h2 class=\"elementor-heading-title elementor-size-default\">Die vollst\u00e4ndigste und zuverl\u00e4ssigste Quelle f\u00fcr touristische Informationen \u00fcber Kap Verde zu sein.\n<\/h2>\t\t<\/div>\n\t\t\t\t<\/div>\n\t\t<\/div><\/div>\t\t<section data-particle_enable=\"false\" data-particle-mobile-disabled=\"false\" class=\"elementor-section elementor-top-section elementor-element elementor-element-66f43af elementor-section-boxed elementor-section-height-default elementor-section-height-default\" data-id=\"66f43af\" data-element_type=\"section\">\n\t\t\t\t\t\t<div class=\"elementor-container elementor-column-gap-default\">\n\t\t\t\t\t<div class=\"elementor-column elementor-col-100 elementor-top-column elementor-element elementor-element-e0ffbab\" data-id=\"e0ffbab\" data-element_type=\"column\">\n\t\t\t<div class=\"elementor-widget-wrap elementor-element-populated\">\n\t\t\t\t\t\t\t\t<div class=\"elementor-element elementor-element-a48b0c4 elementor-widget elementor-widget-heading\" data-id=\"a48b0c4\" data-element_type=\"widget\" data-widget_type=\"heading.default\">\n\t\t\t\t<div class=\"elementor-widget-container\">\n\t\t\t<h2 class=\"elementor-heading-title elementor-size-default\">Wir versuchen, unseren Auftrag zu erf\u00fcllen:<\/h2>\t\t<\/div>\n\t\t\t\t<\/div>\n\t\t\t\t<div class=\"elementor-element elementor-element-7c1b6c7 elementor-widget elementor-widget-text-editor\" data-id=\"7c1b6c7\" data-element_type=\"widget\" data-widget_type=\"text-editor.default\">\n\t\t\t\t<div class=\"elementor-widget-container\">\n\t\t\t\t\t\t\t<ul><li>Bereitstellung der vollst\u00e4ndigsten und aktuellsten Informationen \u00fcber Kap Verde und seine reisebezogenen Dienstleistungen.<\/li><li>Durch Partnerschaften mit zuverl\u00e4ssigen Reiseveranstaltern bieten wir den Reisenden das beste Preis-Leistungs-Verh\u00e4ltnis.<\/li><li>Das zeigt, dass Kap Verde viel mehr ist als nur ein Reiseziel f\u00fcr Sonne und Strand.<\/li><li>Betonung der Rolle der Einheimischen und der unterschiedlichen Erfahrungen im Archipel.<\/li><\/ul>\t\t\t\t\t\t<\/div>\n\t\t\t\t<\/div>\n\t\t\t\t\t<\/div>\n\t\t<\/div>\n\t\t\t\t\t\t\t<\/div>\n\t\t<\/section>\n\t\t\t\t<section data-particle_enable=\"false\" data-particle-mobile-disabled=\"false\" class=\"elementor-section elementor-top-section elementor-element elementor-element-e9cb2db elementor-section-boxed elementor-section-height-default elementor-section-height-default\" data-id=\"e9cb2db\" data-element_type=\"section\">\n\t\t\t\t\t\t<div class=\"elementor-container elementor-column-gap-default\">\n\t\t\t\t\t<div class=\"elementor-column elementor-col-100 elementor-top-column elementor-element elementor-element-38bc073\" data-id=\"38bc073\" data-element_type=\"column\">\n\t\t\t<div class=\"elementor-widget-wrap elementor-element-populated\">\n\t\t\t\t\t\t\t\t<div class=\"elementor-element elementor-element-1b3dff9 elementor-widget elementor-widget-heading\" data-id=\"1b3dff9\" data-element_type=\"widget\" data-widget_type=\"heading.default\">\n\t\t\t\t<div class=\"elementor-widget-container\">\n\t\t\t<h2 class=\"elementor-heading-title elementor-size-default\">Kap Verde steht im Mittelpunkt unserer Grundwerte: <\/h2>\t\t<\/div>\n\t\t\t\t<\/div>\n\t\t\t\t\t<\/div>\n\t\t<\/div>\n\t\t\t\t\t\t\t<\/div>\n\t\t<\/section>\n\t\t<div class=\"elementor-element elementor-element-6c48620 e-container--row e-container\" data-id=\"6c48620\" data-element_type=\"container\">\t\t<div class=\"elementor-element elementor-element-5d71a25 e-container--column e-container\" data-id=\"5d71a25\" data-element_type=\"container\">\t\t\t\t<div class=\"elementor-element elementor-element-0934448 eael-infobox-content-align-center eael-infobox-icon-bg-shape-none eael-infobox-icon-hover-bg-shape-none elementor-widget elementor-widget-eael-info-box\" data-id=\"0934448\" data-element_type=\"widget\" data-widget_type=\"eael-info-box.default\">\n\t\t\t\t<div class=\"elementor-widget-container\">\n\t\t\t                    <div class=\"eael-infobox\">\n                    <div class=\"infobox-icon eael-icon-only\">\n\n            \n                            <div class=\"infobox-icon-wrap\">\n                    <i class=\"\"><\/i>                <\/div>\n            \n            \n        <\/div>\n            <div class=\"infobox-content eael-icon-only\">\n            <h4 class=\"title\">Selbstverpflichtung<\/h4>\n                                                                        <p><p>Wir sind bestrebt, mit Gemeinden, lokalen Reisef\u00fchrern und Organisationen zusammenzuarbeiten, um das Beste, was die Inseln zu bieten haben, herauszuholen, wobei wir unsere Erfahrungen als Einwohner nutzen. Au\u00dferdem wollen wir die umfassendste Online-Informationsquelle \u00fcber Kap Verde werden.<\/p><\/p>\n                                                                            <\/div>\n    <\/div>\t\t<\/div>\n\t\t\t\t<\/div>\n\t\t<\/div><div class=\"elementor-element elementor-element-ec8bddb e-container--column e-container\" data-id=\"ec8bddb\" data-element_type=\"container\">\t\t\t\t<div class=\"elementor-element elementor-element-d8b33ce eael-infobox-content-align-center eael-infobox-icon-bg-shape-none eael-infobox-icon-hover-bg-shape-none elementor-widget elementor-widget-eael-info-box\" data-id=\"d8b33ce\" data-element_type=\"widget\" data-widget_type=\"eael-info-box.default\">\n\t\t\t\t<div class=\"elementor-widget-container\">\n\t\t\t                    <div class=\"eael-infobox\">\n                    <div class=\"infobox-icon eael-icon-only\">\n\n            \n                            <div class=\"infobox-icon-wrap\">\n                    <i class=\"\"><\/i>                <\/div>\n            \n            \n        <\/div>\n            <div class=\"infobox-content eael-icon-only\">\n            <h4 class=\"title\">Authentizit\u00e4t<\/h4>\n                                                                        <p><p>Wir bem\u00fchen uns, Gelegenheiten zu schaffen, bei denen Sie eine echte Verbindung zu den Menschen und dem Ort, den sie besuchen, herstellen k\u00f6nnen. Die Kapverdianer sind f\u00fcr ihre Morabeza (Gem\u00fctlichkeit und Gastfreundschaft) bekannt, und wir m\u00f6chten sicherstellen, dass Sie das auch sp\u00fcren, wenn Sie uns besuchen!<\/p><\/p>\n                                                                            <\/div>\n    <\/div>\t\t<\/div>\n\t\t\t\t<\/div>\n\t\t<\/div><\/div><div class=\"elementor-element elementor-element-7369346 e-container--row e-container\" data-id=\"7369346\" data-element_type=\"container\">\t\t<div class=\"elementor-element elementor-element-faed545 e-container--column e-container\" data-id=\"faed545\" data-element_type=\"container\">\t\t\t\t<div class=\"elementor-element elementor-element-9a01602 eael-infobox-content-align-center eael-infobox-icon-bg-shape-none eael-infobox-icon-hover-bg-shape-none elementor-widget elementor-widget-eael-info-box\" data-id=\"9a01602\" data-element_type=\"widget\" data-widget_type=\"eael-info-box.default\">\n\t\t\t\t<div class=\"elementor-widget-container\">\n\t\t\t                    <div class=\"eael-infobox\">\n                    <div class=\"infobox-icon eael-icon-only\">\n\n            \n                            <div class=\"infobox-icon-wrap\">\n                    <i class=\"\"><\/i>                <\/div>\n            \n            \n        <\/div>\n            <div class=\"infobox-content eael-icon-only\">\n            <h4 class=\"title\">Bilanz<\/h4>\n                                                                        <p><p>Nicht nachhaltige Tourismuspraktiken k\u00f6nnen den lokalen Gemeinschaften mehr schaden als n\u00fctzen. Um dies zu vermeiden, bem\u00fchen wir uns, ein Gleichgewicht zu finden, das dem Besucher n\u00fctzt, ohne dem lokalen Tourismus zu schaden. Zu diesem Zweck f\u00f6rdern wir Reisepraktiken und Verhaltensweisen, die negative soziale, wirtschaftliche, kulturelle und \u00f6kologische Auswirkungen minimieren und positive Auswirkungen maximieren. Wir halten uns an die Maxime, dass der Tourismus \"bessere Orte f\u00fcr die Menschen zum Leben und bessere Orte f\u00fcr die Menschen zum Besuchen\" schaffen sollte - in dieser Reihenfolge! (Harold Goodwin)<\/p><\/p>\n                                                                            <\/div>\n    <\/div>\t\t<\/div>\n\t\t\t\t<\/div>\n\t\t<\/div><div class=\"elementor-element elementor-element-42ff364 e-container--column e-container\" data-id=\"42ff364\" data-element_type=\"container\">\t\t\t\t<div class=\"elementor-element elementor-element-6c98696 eael-infobox-content-align-center eael-infobox-icon-bg-shape-none eael-infobox-icon-hover-bg-shape-none elementor-widget elementor-widget-eael-info-box\" data-id=\"6c98696\" data-element_type=\"widget\" data-widget_type=\"eael-info-box.default\">\n\t\t\t\t<div class=\"elementor-widget-container\">\n\t\t\t                    <div class=\"eael-infobox\">\n                    <div class=\"infobox-icon eael-icon-only\">\n\n            \n                            <div class=\"infobox-icon-wrap\">\n                    <i class=\"\"><\/i>                <\/div>\n            \n            \n        <\/div>\n            <div class=\"infobox-content eael-icon-only\">\n            <h4 class=\"title\">Optimismus<\/h4>\n                                                                        <p><p>Alles beginnt mit der Einstellung, und wenn diese Einstellung positiv ist, haben wir mehr Aussicht auf Erfolg. Bei FeelCV befl\u00fcgelt Optimismus unsere Arbeit und hilft uns, voranzukommen, indem wir mit Enthusiasmus und Offenheit in die Zukunft blicken. Optimismus ist immer ein wichtiges Element in unserem Gep\u00e4ck!<\/p><\/p>\n                                                                            <\/div>\n    <\/div>\t\t<\/div>\n\t\t\t\t<\/div>\n\t\t<\/div><\/div><div class=\"elementor-element elementor-element-ada136e e-container--row e-container\" data-id=\"ada136e\" data-element_type=\"container\">\t\t<div class=\"elementor-element elementor-element-0d2d482 e-container--column e-container\" data-id=\"0d2d482\" data-element_type=\"container\">\t\t\t\t<div class=\"elementor-element elementor-element-4a5e67d eael-infobox-content-align-center eael-infobox-icon-bg-shape-none eael-infobox-icon-hover-bg-shape-none elementor-widget elementor-widget-eael-info-box\" data-id=\"4a5e67d\" data-element_type=\"widget\" data-widget_type=\"eael-info-box.default\">\n\t\t\t\t<div class=\"elementor-widget-container\">\n\t\t\t                    <div class=\"eael-infobox\">\n                    <div class=\"infobox-icon eael-icon-only\">\n\n            \n                            <div class=\"infobox-icon-wrap\">\n                    <i class=\"\"><\/i>                <\/div>\n            \n            \n        <\/div>\n            <div class=\"infobox-content eael-icon-only\">\n            <h4 class=\"title\">Vielseitigkeit<\/h4>\n                                                                        <p><p>Kap Verde hat f\u00fcr jedes Profil etwas zu bieten! Wir konzentrieren uns darauf, Ihnen das Beste und Wahrhaftigste unseres Landes zu zeigen, damit Sie Ihre Reise auf Ihre Pers\u00f6nlichkeit und Ihre W\u00fcnsche abstimmen k\u00f6nnen.<\/p><\/p>\n                                                                            <\/div>\n    <\/div>\t\t<\/div>\n\t\t\t\t<\/div>\n\t\t<\/div><div class=\"elementor-element elementor-element-cba68b1 e-container--column e-container\" data-id=\"cba68b1\" data-element_type=\"container\">\t\t\t\t<div class=\"elementor-element elementor-element-69ecb3d eael-infobox-content-align-center eael-infobox-icon-bg-shape-none eael-infobox-icon-hover-bg-shape-none elementor-widget elementor-widget-eael-info-box\" data-id=\"69ecb3d\" data-element_type=\"widget\" data-widget_type=\"eael-info-box.default\">\n\t\t\t\t<div class=\"elementor-widget-container\">\n\t\t\t                    <div class=\"eael-infobox\">\n                    <div class=\"infobox-icon eael-icon-only\">\n\n            \n                            <div class=\"infobox-icon-wrap\">\n                    <i class=\"\"><\/i>                <\/div>\n            \n            \n        <\/div>\n            <div class=\"infobox-content eael-icon-only\">\n            <h4 class=\"title\">Erleben Sie<\/h4>\n                                                                        <p><p>Wir st\u00fctzen uns auf unsere umfangreichen Erfahrungen und Kenntnisse, die wir als Einwohner und regelm\u00e4\u00dfige Reisende auf den Kapverden gesammelt haben, um die besten Informationen und Ressourcen bereitzustellen, damit Besucher die au\u00dfergew\u00f6hnlichsten Erlebnisse auf unseren Inseln genie\u00dfen k\u00f6nnen.<\/p><\/p>\n                                                                            <\/div>\n    <\/div>\t\t<\/div>\n\t\t\t\t<\/div>\n\t\t<\/div><\/div><div class=\"elementor-element elementor-element-09ab992 e-container--row e-container\" data-id=\"09ab992\" data-element_type=\"container\">\t\t<div class=\"elementor-element elementor-element-359dab9 e-container--column e-container\" data-id=\"359dab9\" data-element_type=\"container\">\t\t\t\t<div class=\"elementor-element elementor-element-29a35a2 eael-infobox-content-align-center eael-infobox-icon-bg-shape-none eael-infobox-icon-hover-bg-shape-none elementor-widget elementor-widget-eael-info-box\" data-id=\"29a35a2\" data-element_type=\"widget\" data-widget_type=\"eael-info-box.default\">\n\t\t\t\t<div class=\"elementor-widget-container\">\n\t\t\t                    <div class=\"eael-infobox\">\n                    <div class=\"infobox-icon eael-icon-only\">\n\n            \n                            <div class=\"infobox-icon-wrap\">\n                    <i class=\"\"><\/i>                <\/div>\n            \n            \n        <\/div>\n            <div class=\"infobox-content eael-icon-only\">\n            <h4 class=\"title\">Respekt<\/h4>\n                                                                        <p><p>Indem wir die Lebensweise, die Kulturen und die Traditionen, denen wir auf unseren Reisen auf den Inseln begegnen, respektieren, sind wir in der Lage, echte und unvergessliche Erfahrungen auf den Kapverden zu machen. Und weil wir auch unsere Leser respektieren und sch\u00e4tzen, m\u00f6chten wir sie anleiten, damit auch sie respektvoll das Beste von Kap Verde genie\u00dfen k\u00f6nnen!<\/p><\/p>\n                                                                            <\/div>\n    <\/div>\t\t<\/div>\n\t\t\t\t<\/div>\n\t\t<\/div><div class=\"elementor-element elementor-element-80a19f3 e-container--column e-container\" data-id=\"80a19f3\" data-element_type=\"container\">\t\t\t\t<div class=\"elementor-element elementor-element-e334589 eael-infobox-content-align-center eael-infobox-icon-bg-shape-none eael-infobox-icon-hover-bg-shape-none elementor-widget elementor-widget-eael-info-box\" data-id=\"e334589\" data-element_type=\"widget\" data-widget_type=\"eael-info-box.default\">\n\t\t\t\t<div class=\"elementor-widget-container\">\n\t\t\t                    <div class=\"eael-infobox\">\n                    <div class=\"infobox-icon eael-icon-only\">\n\n            \n                            <div class=\"infobox-icon-wrap\">\n                    <i class=\"\"><\/i>                <\/div>\n            \n            \n        <\/div>\n            <div class=\"infobox-content eael-icon-only\">\n            <h4 class=\"title\">Entwicklung<\/h4>\n                                                                        <p><p>Der Tourismus ist derzeit das wichtigste Entwicklungsinstrument der Kapverden. Damit er jedoch sozialen Fortschritt und Nutzen f\u00fcr die \u00f6rtliche Bev\u00f6lkerung bringt, m\u00fcssen die Gemeinden aktiv in diese Branche einbezogen und gest\u00e4rkt werden. Die Einbeziehung der Gemeinden und ihre Entwicklung sind die wichtigsten Antriebskr\u00e4fte unserer Arbeit.<\/p><\/p>\n                                                                            <\/div>\n    <\/div>\t\t<\/div>\n\t\t\t\t<\/div>\n\t\t<\/div><\/div><div class=\"elementor-element elementor-element-8719d92 e-container--row e-container\" data-id=\"8719d92\" data-element_type=\"container\">\t\t<div class=\"elementor-element elementor-element-46f90e6 e-container--column e-container\" data-id=\"46f90e6\" data-element_type=\"container\">\t\t\t\t<div class=\"elementor-element elementor-element-c540980 eael-infobox-content-align-center eael-infobox-icon-bg-shape-none eael-infobox-icon-hover-bg-shape-none elementor-widget elementor-widget-eael-info-box\" data-id=\"c540980\" data-element_type=\"widget\" data-widget_type=\"eael-info-box.default\">\n\t\t\t\t<div class=\"elementor-widget-container\">\n\t\t\t                    <div class=\"eael-infobox\">\n                    <div class=\"infobox-icon eael-icon-only\">\n\n            \n                            <div class=\"infobox-icon-wrap\">\n                    <i class=\"\"><\/i>                <\/div>\n            \n            \n        <\/div>\n            <div class=\"infobox-content eael-icon-only\">\n            <h4 class=\"title\">Exzellenz<\/h4>\n                                                                        <p><p>Wir sind bestrebt, die professionellsten und reaktionsschnellsten Partner auf den Reisen unserer Leser zu sein, indem wir unser Wissen, unsere Erfahrung und unser Netzwerk nutzen, um die besten Reisef\u00fchrer, Dienstleistungen und Informationen \u00fcber unsere Inseln anzubieten.<\/p><\/p>\n                                                                            <\/div>\n    <\/div>\t\t<\/div>\n\t\t\t\t<\/div>\n\t\t<\/div><div class=\"elementor-element elementor-element-16a0e52 e-container--column e-container\" data-id=\"16a0e52\" data-element_type=\"container\">\t\t<\/div><\/div>\t\t\t\t\t<\/div>","protected":false},"excerpt":{"rendered":"<p>Wer steckt hinter Feel Cape Verde? Eine Gruppe junger Kapverdier, die hoffnungslos in Kap Verde verliebt sind und das Beste von Kap Verde mit der Welt teilen wollen. Unser Hauptziel ist es, den gemeindebasierten Tourismus in Kap Verde zu st\u00e4rken, da wir glauben, dass dies dazu beitragen kann, \"bessere Orte f\u00fcr Menschen zu schaffen [...]<\/p>","protected":false},"author":1,"featured_media":0,"parent":0,"menu_order":0,"comment_status":"closed","ping_status":"closed","template":"","meta":{"footnotes":""},"categories":[],"tags":[],"class_list":["post-1623","page","type-page","status-publish","hentry"],"_links":{"self":[{"href":"https:\/\/feelcaboverde.com\/de\/wp-json\/wp\/v2\/pages\/1623","targetHints":{"allow":["GET"]}}],"collection":[{"href":"https:\/\/feelcaboverde.com\/de\/wp-json\/wp\/v2\/pages"}],"about":[{"href":"https:\/\/feelcaboverde.com\/de\/wp-json\/wp\/v2\/types\/page"}],"author":[{"embeddable":true,"href":"https:\/\/feelcaboverde.com\/de\/wp-json\/wp\/v2\/users\/1"}],"replies":[{"embeddable":true,"href":"https:\/\/feelcaboverde.com\/de\/wp-json\/wp\/v2\/comments?post=1623"}],"version-history":[{"count":76,"href":"https:\/\/feelcaboverde.com\/de\/wp-json\/wp\/v2\/pages\/1623\/revisions"}],"predecessor-version":[{"id":4967,"href":"https:\/\/feelcaboverde.com\/de\/wp-json\/wp\/v2\/pages\/1623\/revisions\/4967"}],"wp:attachment":[{"href":"https:\/\/feelcaboverde.com\/de\/wp-json\/wp\/v2\/media?parent=1623"}],"wp:term":[{"taxonomy":"category","embeddable":true,"href":"https:\/\/feelcaboverde.com\/de\/wp-json\/wp\/v2\/categories?post=1623"},{"taxonomy":"post_tag","embeddable":true,"href":"https:\/\/feelcaboverde.com\/de\/wp-json\/wp\/v2\/tags?post=1623"}],"curies":[{"name":"wp","href":"https:\/\/api.w.org\/{rel}","templated":true}]}}