{"id":1154,"date":"2022-05-27T14:19:19","date_gmt":"2022-05-27T14:19:19","guid":{"rendered":"https:\/\/feelcaboverde.com\/?page_id=1154"},"modified":"2025-03-01T22:36:22","modified_gmt":"2025-03-01T22:36:22","slug":"vistos-passaportes","status":"publish","type":"page","link":"https:\/\/feelcaboverde.com\/de\/visa-und-passe\/","title":{"rendered":"Visa &amp; P\u00e4sse"},"content":{"rendered":"<div data-elementor-type=\"wp-page\" data-elementor-id=\"1154\" class=\"elementor elementor-1154\">\n\t\t\t\t\t\t\t\t\t<section data-particle_enable=\"false\" data-particle-mobile-disabled=\"false\" class=\"elementor-section elementor-top-section elementor-element elementor-element-43b54aea elementor-section-boxed elementor-section-height-default elementor-section-height-default\" data-id=\"43b54aea\" data-element_type=\"section\">\n\t\t\t\t\t\t<div class=\"elementor-container elementor-column-gap-default\">\n\t\t\t\t\t<div class=\"elementor-column elementor-col-100 elementor-top-column elementor-element elementor-element-6e42e8a5\" data-id=\"6e42e8a5\" data-element_type=\"column\">\n\t\t\t<div class=\"elementor-widget-wrap elementor-element-populated\">\n\t\t\t\t\t\t\t\t<div class=\"elementor-element elementor-element-56626ddb elementor-widget elementor-widget-text-editor\" data-id=\"56626ddb\" data-element_type=\"widget\" data-widget_type=\"text-editor.default\">\n\t\t\t\t<div class=\"elementor-widget-container\">\n\t\t\t<style>\/*! elementor - v3.7.1 - 14-08-2022 *\/\n.elementor-widget-text-editor.elementor-drop-cap-view-stacked .elementor-drop-cap{background-color:#818a91;color:#fff}.elementor-widget-text-editor.elementor-drop-cap-view-framed .elementor-drop-cap{color:#818a91;border:3px solid;background-color:transparent}.elementor-widget-text-editor:not(.elementor-drop-cap-view-default) .elementor-drop-cap{margin-top:8px}.elementor-widget-text-editor:not(.elementor-drop-cap-view-default) .elementor-drop-cap-letter{width:1em;height:1em}.elementor-widget-text-editor .elementor-drop-cap{float:left;text-align:center;line-height:1;font-size:50px}.elementor-widget-text-editor .elementor-drop-cap-letter{display:inline-block}<\/style>\t\t\t\t<h3><b>Kap Verde Visum: Ein vollst\u00e4ndiger und aktueller Leitfaden f\u00fcr Reisende<\/b><\/h3><p><span style=\"font-weight: 400;\">Planen Sie eine Reise nach <a href=\"https:\/\/feelcaboverde.com\/de\/kap-verde\/\">Kap Verde<\/a>? Informieren Sie sich \u00fcber die Einreisebestimmungen f\u00fcr Kap Verde, einschlie\u00dflich der Notwendigkeit eines kapverdischen Visums, eines Reisepasses, der obligatorischen Vorregistrierung und <a href=\"https:\/\/feelcaboverde.com\/de\/steuern-und-gebuehren-fuer-besucher\/\">Steuern<\/a>. In diesem aktualisierten Leitfaden finden Sie alles, was Sie brauchen, um Pannen zu vermeiden und Ihre Reise unbesorgt zu genie\u00dfen.<\/span><\/p><p><span style=\"font-weight: 400;\">\u00a0<\/span><\/p><h4><b><span style=\"background-color: transparent; color: var( --e-global-color-text ); font-family: var( --e-global-typography-text-font-family ), Sans-serif; text-align: var(--text-align);\">1.\u00a0<\/span><span style=\"background-color: transparent; color: var( --e-global-color-text ); font-family: var( --e-global-typography-text-font-family ), Sans-serif; text-align: var(--text-align);\">G\u00fcltigkeit des Reisepasses<\/span><\/b><\/h4><p><span style=\"font-weight: 400;\">Um nach Kap Verde zu reisen, muss Ihr Reisepass noch mindestens 6 Monate nach dem Einreisedatum g\u00fcltig sein. Vergewissern Sie sich vor der Reise, dass Ihr Reisepass diese Anforderung erf\u00fcllt.<\/span><\/p><p><span style=\"font-weight: 400;\">\u00a0<\/span><\/p><h4><b><span style=\"background-color: transparent; color: var( --e-global-color-text ); font-family: var( --e-global-typography-text-font-family ), Sans-serif; text-align: var(--text-align);\">2.\u00a0<\/span><span style=\"background-color: transparent; color: var( --e-global-color-text ); font-family: var( --e-global-typography-text-font-family ), Sans-serif; text-align: var(--text-align);\">Visumtypen f\u00fcr Kap Verde<\/span><\/b><\/h4><p><span style=\"font-weight: 400;\">Kap Verde bietet verschiedene Arten von Visa an, je nach Grund der Reise und der Dauer des Aufenthalts:<\/span><\/p><ul><li style=\"font-weight: 400;\" aria-level=\"1\"><b>Touristenvisum f\u00fcr Kap Verde:<\/b><span style=\"font-weight: 400;\"> Erlaubt f\u00fcr touristische Reisen und Kreuzfahrten. G\u00fcltig f\u00fcr 90 Tage, mit der M\u00f6glichkeit der Verl\u00e4ngerung um weitere 90 Tage.<\/span><\/li><\/ul><ul><li style=\"font-weight: 400;\" aria-level=\"1\"><b>Transitvisum:<\/b><span style=\"font-weight: 400;\"> Wird Transitreisenden f\u00fcr 4 Tage gew\u00e4hrt, einmal verl\u00e4ngerbar.<\/span><\/li><\/ul><ul><li style=\"font-weight: 400;\" aria-level=\"1\"><b>Offizielles, diplomatisches oder H\u00f6flichkeitsvisum: <\/b><span style=\"font-weight: 400;\">Es ist 90 Tage lang g\u00fcltig und erlaubt Ihnen einen Aufenthalt von bis zu 30 Tagen im Land und kann f\u00fcr mehrere Einreisen g\u00fcltig sein.<\/span><\/li><\/ul><ul><li style=\"font-weight: 400;\" aria-level=\"1\"><b>Befristetes Visum: <\/b><span style=\"font-weight: 400;\">F\u00fcr kurze Reisen, z. B. zu gesch\u00e4ftlichen oder kulturellen Zwecken, f\u00fcr medizinische Behandlungen oder Familienbesuche. Das Visum kann f\u00fcr eine einfache oder mehrfache Einreise ausgestellt werden und bis zu 180 Tage dauern.<\/span><\/li><\/ul><ul><li style=\"font-weight: 400;\" aria-level=\"1\"><b>Aufenthaltsvisum: <\/b><span style=\"font-weight: 400;\">Wird Ausl\u00e4ndern gew\u00e4hrt, die in Kap Verde leben m\u00f6chten. Es kann von Personen beantragt werden, die arbeiten, studieren oder ihre Familie nachholen m\u00f6chten. Dieses Visum ist 6 Monate lang g\u00fcltig und kann verl\u00e4ngert werden.<\/span><\/li><\/ul><p><span style=\"font-weight: 400;\">Ersuchen um <\/span><b>Aufenthaltsvisum<\/b><span style=\"font-weight: 400;\"> Die Antr\u00e4ge m\u00fcssen direkt in Kap Verde gestellt werden, k\u00f6nnen aber auch bei den Botschaften oder konsularischen Vertretungen eingereicht werden, die sie dann an die Direktion f\u00fcr Ausl\u00e4nder und Grenzen (DEF) zur Pr\u00fcfung und Entscheidung weiterleiten.<\/span><\/p><p><span style=\"font-weight: 400;\">\u00a0<\/span><\/p><h4><b><span style=\"background-color: transparent; color: var( --e-global-color-text ); font-family: var( --e-global-typography-text-font-family ), Sans-serif; text-align: var(--text-align);\">3.\u00a0<\/span><span style=\"background-color: transparent; color: var( --e-global-color-text ); font-family: var( --e-global-typography-text-font-family ), Sans-serif; text-align: var(--text-align);\">Befreiung von der Visumpflicht f\u00fcr Kap Verde<\/span><\/b><\/h4><p><span style=\"font-weight: 400;\">Staatsangeh\u00f6rige von L\u00e4ndern, die f\u00fcr die Einreise nach Kap Verde kein Visum ben\u00f6tigen, sind:<\/span><\/p><ul><li style=\"font-weight: 400;\" aria-level=\"1\"><b>Europ\u00e4ische Union<\/b><span style=\"font-weight: 400;\">Die B\u00fcrger von <a href=\"https:\/\/european-union.europa.eu\/index_en\" rel=\"nofollow noopener\" target=\"_blank\">Europ\u00e4ische Union<\/a>einschlie\u00dflich des Vereinigten K\u00f6nigreichs (nach dem Brexit), sind <\/span><b>visumfreie Einreise f\u00fcr einen Aufenthalt von bis zu 30 Tagen<\/b><span style=\"font-weight: 400;\">.<\/span><\/li><\/ul><ul><li style=\"font-weight: 400;\" aria-level=\"1\"><b>ECOWAS-B\u00fcrger:<\/b><span style=\"font-weight: 400;\"> B\u00fcrger der Mitgliedsl\u00e4nder der Wirtschaftsgemeinschaft Westafrikanischer Staaten (<a href=\"https:\/\/ecowas.int\/sobre-a-cedeao\/?lang=pt-pt\" rel=\"nofollow noopener\" target=\"_blank\">ECOWAS<\/a>) sind f\u00fcr bis zu 90 Tage visumfrei. Wenn Sie l\u00e4nger als 90 Tage in Kap Verde bleiben m\u00f6chten, m\u00fcssen Sie eine Visumsverl\u00e4ngerung oder ein Aufenthaltsvisum bzw. eine Aufenthaltsgenehmigung beantragen.<\/span><\/li><\/ul><ul><li style=\"font-weight: 400;\" aria-level=\"1\"><b>Bilaterale Abkommen:<\/b><span style=\"font-weight: 400;\"> Einige <a href=\"https:\/\/portalconsular.mnec.gov.cv\/documents\/20126\/0\/paisesisentosvistos.pdf\/88183686-6688-1679-87b4-26b04f18110e\" rel=\"nofollow noopener\" target=\"_blank\">L\u00e4nder<\/a> mit spezifischen Abkommen mit Kap Verde sind ebenfalls von der Visumpflicht befreit.\u00a0<\/span><\/li><\/ul><p><span style=\"font-weight: 400;\">M\u00f6chten Sie pr\u00fcfen, ob Ihr Land auf der Liste f\u00fcr visumfreies Reisen steht? Pr\u00fcfen Sie die <\/span><a href=\"https:\/\/portalconsular.mnec.gov.cv\/documents\/20126\/0\/paisesisentosvistos.pdf\/88183686-6688-1679-87b4-26b04f18110e\" rel=\"nofollow noopener\" target=\"_blank\"><span style=\"font-weight: 400;\">Konsularisches Portal von Kap Verde<\/span><\/a><span style=\"font-weight: 400;\">.<\/span><\/p><p><b>Andere <\/b><a href=\"https:\/\/portalconsular.mnec.gov.cv\/perguntas-frequentes\" rel=\"nofollow noopener\" target=\"_blank\"><b>Befreiung von der Visumpflicht<\/b><\/a><b> nach Kap Verde:<\/b><\/p><ul><li style=\"font-weight: 400;\" aria-level=\"1\"><span style=\"font-weight: 400;\">Personen, die in Kap Verde geboren sind, sowie deren Ehegatten und Nachkommen, gegen Vorlage von Dokumenten (Geburtsurkunde, Reisepass, Heiratsurkunde oder andere Dokumente), die ihre Verbindung zu Kap Verde belegen (z. B. dass sie in Kap Verde geboren, verheiratet oder das Kind eines dort geborenen Vaters oder einer dort geborenen Mutter sind).<\/span><\/li><li style=\"font-weight: 400;\" aria-level=\"1\"><span style=\"font-weight: 400;\">Ausl\u00e4nder mit einer g\u00fcltigen Aufenthaltsgenehmigung.<\/span><\/li><li style=\"font-weight: 400;\" aria-level=\"1\"><span style=\"font-weight: 400;\">Honorarkonsuln und Konsularagenten Kap Verdes mit ausl\u00e4ndischer Staatsangeh\u00f6rigkeit.<\/span><\/li><li style=\"font-weight: 400;\" aria-level=\"1\"><span style=\"font-weight: 400;\">Ausl\u00e4nder, die im Besitz eines Ausweises als Beamter oder Vertreter einer ausl\u00e4ndischen Mission oder internationalen Organisation sind, der von der f\u00fcr die ausw\u00e4rtigen Beziehungen zust\u00e4ndigen Regierungsstelle in Kap Verde ausgestellt wurde.<\/span><\/li><li style=\"font-weight: 400;\" aria-level=\"1\"><span style=\"font-weight: 400;\">Ausl\u00e4nder mit einem Fl\u00fcchtlingsreiseausweis<\/span><\/li><\/ul><div><b style=\"color: inherit; font-family: inherit; font-size: 1.5rem; text-align: var(--text-align);\">\u00a0<\/b><\/div><div><b style=\"color: inherit; font-family: inherit; font-size: 1.5rem; text-align: var(--text-align);\">4.\u00a0<span style=\"background-color: transparent; color: var( --e-global-color-text ); font-family: var( --e-global-typography-text-font-family ), Sans-serif; text-align: var(--text-align);\">Obligatorisches Vorregistrierungsformular f\u00fcr die Einreise nach Kap Verde<\/span><\/b><\/div><p><span style=\"font-weight: 400;\">Alle Reisenden, einschlie\u00dflich derjenigen mit Diplomaten- oder Dienstp\u00e4ssen, m\u00fcssen das Vorregistrierungsformular mindestens 5 Tage vor dem Datum der Einreise nach Kap Verde auf der Plattform <\/span><span style=\"font-weight: 400;\"><a href=\"https:\/\/registration.cv.zetes.com\/\" rel=\"nofollow noopener\" target=\"_blank\">EASE<\/a><\/span><span style=\"font-weight: 400;\">. Die Vorregistrierung umfasst Informationen \u00fcber den Reisepass, das Einreisedatum, die <a href=\"https:\/\/feelcaboverde.com\/de\/fluge-nach-kap-verde\/\">Flugnummer<\/a>das Datum der Abreise und den Ort der Unterbringung.\u00a0<\/span><\/p><p><span style=\"font-weight: 400;\">Ziel dieses Verfahrens ist es, eine vorherige Sicherheitskontrolle der Reisenden durch die nationalen Beh\u00f6rden durchzuf\u00fchren.<\/span><\/p><p><span style=\"font-weight: 400;\">Wenn der Reisende sich nicht vorher angemeldet hat, kann er dies bei seiner Ankunft nachholen. Zu diesem Zeitpunkt zahlt er auch die <a href=\"https:\/\/portalconsular.mnec.gov.cv\/perguntas-frequentes\" rel=\"nofollow noopener\" target=\"_blank\">Flughafensicherheitssteuer<\/a> (TSA).<\/span><\/p><p><span style=\"font-weight: 400;\">Alle Passagiere m\u00fcssen den <a href=\"https:\/\/feelcaboverde.com\/de\/steuern-und-gebuehren-fuer-besucher\/\">Flughafen-Sicherheitssteuer<\/a>. Die Geb\u00fchr f\u00fcr internationale Fl\u00fcge betr\u00e4gt 3.400 ECV (etwa 31 Euro oder 35 Dollar). Einige Kategorien sind jedoch von der Geb\u00fchr befreit, darunter:<\/span><\/p><ul><li style=\"font-weight: 400;\" aria-level=\"1\"><span style=\"font-weight: 400;\">Kapverdische Staatsb\u00fcrger, ihre Ehegatten und Nachkommen (mit Nachweis);<\/span><\/li><li style=\"font-weight: 400;\" aria-level=\"1\"><span style=\"font-weight: 400;\">Kinder unter 2 Jahren;<\/span><\/li><li style=\"font-weight: 400;\" aria-level=\"1\"><span style=\"font-weight: 400;\">Passagiere auf Dienstreisen in Regierungsflugzeugen;<\/span><\/li><li style=\"font-weight: 400;\" aria-level=\"1\"><span style=\"font-weight: 400;\">Passagiere im Transit auf nationalen Flugh\u00e4fen;<\/span><\/li><li style=\"font-weight: 400;\" aria-level=\"1\"><span style=\"font-weight: 400;\">Flugg\u00e4ste von Fl\u00fcgen, die aus technischen Gr\u00fcnden oder wegen h\u00f6herer Gewalt zum Flughafen zur\u00fcckkehren.<\/span><\/li><\/ul><div>\u00a0<\/div><h4><b>5.\u00a0<span style=\"background-color: transparent; color: var( --e-global-color-text ); font-family: var( --e-global-typography-text-font-family ), Sans-serif; text-align: var(--text-align);\">\u00a0Visum bei Ankunft in Kap Verde<\/span><\/b><\/h4><p><span style=\"font-weight: 400;\">B\u00fcrger einiger L\u00e4nder k\u00f6nnen bei der Ankunft auf den internationalen Flugh\u00e4fen von Sal, Boa Vista, S\u00e3o Vicente und Santiago ein Visum erhalten.\u00a0\u00a0<\/span><\/p><p><b>Fragen zum Visum bei der Ankunft in Kap Verde?<\/b><span style=\"font-weight: 400;\"> Kontakt aufnehmen mit <\/span><b>n\u00e4chste Botschaft oder n\u00e4chstes Konsulat<\/b><span style=\"font-weight: 400;\"> f\u00fcr aktuelle Informationen.<\/span><\/p><p><b style=\"background-color: transparent; color: var( --e-global-color-text ); font-family: var( --e-global-typography-text-font-family ), Sans-serif; text-align: var(--text-align);\">\u00a0<\/b><\/p><h4><b><span style=\"background-color: transparent; color: var( --e-global-color-text ); font-family: var( --e-global-typography-text-font-family ), Sans-serif; text-align: var(--text-align);\">6.\u00a0<\/span><span style=\"background-color: transparent; color: var( --e-global-color-text ); font-family: var( --e-global-typography-text-font-family ), Sans-serif; text-align: var(--text-align);\">Zollvorschriften<\/span><\/b><\/h4><p><span style=\"font-weight: 400;\">Die <a href=\"https:\/\/feelcaboverde.com\/de\/zoll-und-vorschriften-kap-verde\/\">Die kapverdischen Zollvorschriften<\/a> regeln die Einfuhr von Waren in das Land. Weitere Informationen dar\u00fcber, was Sie einf\u00fchren d\u00fcrfen, finden Sie auf der offiziellen Seite der kapverdischen Zollvorschriften.<\/span><\/p><ul><li aria-level=\"1\"><b>\u00a0Anforderungen an die Impfung<\/b><\/li><\/ul><p><span style=\"font-weight: 400;\">B\u00fcrger, die aus von Gelbfieber betroffenen L\u00e4ndern kommen, m\u00fcssen einen Impfnachweis vorlegen. F\u00fcr andere L\u00e4nder besteht keine Impfpflicht.<\/span><\/p><p><b>Hinweis (Haftungsausschluss):<\/b><span style=\"font-weight: 400;\"> Die hier dargestellten Informationen k\u00f6nnen sich \u00e4ndern, wenn die kapverdischen Beh\u00f6rden die Vorschriften aktualisieren. F\u00fcr aktuelle Informationen oder zur Kl\u00e4rung von Zweifeln sollten sich Reisende an die n\u00e4chstgelegene kapverdische Botschaft oder das n\u00e4chstgelegene kapverdische Konsulat wenden oder das Konsularportal Kap Verde konsultieren.<\/span><\/p><h4><b>Fazit<\/b><\/h4><p><span style=\"font-weight: 400;\">Die Planung Ihrer Reise zum Morabeza-Archipel erfordert <\/span><b>Beachtung der Einreisebestimmungen, einschlie\u00dflich Reisepass, Visum f\u00fcr Kap Verde, Vorregistrierung und Geb\u00fchren<\/b><span style=\"font-weight: 400;\">. Informieren Sie sich \u00fcber die f\u00fcr Ihre Staatsangeh\u00f6rigkeit geltenden Visabestimmungen und erf\u00fcllen Sie alle Anforderungen vor der Reise. Vorregistrierung auf der Plattform <\/span><a href=\"https:\/\/registration.cv.zetes.com\/\" rel=\"nofollow noopener\" target=\"_blank\"><span style=\"font-weight: 400;\">EASE <\/span><\/a><span style=\"font-weight: 400;\">ist f\u00fcr alle Besucher obligatorisch und muss mindestens 5 Tage im Voraus angemeldet werden.<\/span><\/p><p><span style=\"font-weight: 400;\">Wenn Sie diesen Leitfaden befolgen und sich im Voraus vorbereiten, k\u00f6nnen Sie das Beste aus den Wundern machen, die Kap Verde zu bieten hat, von seinen <\/span><a href=\"https:\/\/feelcaboverde.com\/de\/santa-maria-strand-sal-insel\/\"><b>paradiesische Str\u00e4nde<\/b><\/a><span style=\"font-weight: 400;\"> e <\/span><a href=\"https:\/\/feelcaboverde.com\/de\/fogo-vulkan-fogo-insel\/\"><b>vulkanische Landschaften<\/b><\/a><span style=\"font-weight: 400;\"> bis seine <\/span><a href=\"https:\/\/feelcaboverde.com\/de\/kunst-und-kultur\/\"><b>reiche und lebendige Kultur<\/b><\/a><span style=\"font-weight: 400;\">.<\/span><\/p>\t\t\t\t\t\t<\/div>\n\t\t\t\t<\/div>\n\t\t\t\t\t<\/div>\n\t\t<\/div>\n\t\t\t\t\t\t\t<\/div>\n\t\t<\/section>\n\t\t\t\t\t\t\t<\/div>","protected":false},"excerpt":{"rendered":"<p>Kap Verde Visum: Ein vollst\u00e4ndiger und aktueller Leitfaden f\u00fcr Reisende Planen Sie eine Reise nach Kap Verde? Informieren Sie sich \u00fcber die Einreisebestimmungen f\u00fcr Kap Verde, einschlie\u00dflich der Notwendigkeit eines kapverdischen Visums, eines Reisepasses, der obligatorischen Vorregistrierung und der Geb\u00fchren. In diesem aktuellen Leitfaden finden Sie alles, was Sie brauchen, um Pannen zu vermeiden und Ihre Reise zu genie\u00dfen [...]<\/p>","protected":false},"author":1,"featured_media":0,"parent":0,"menu_order":0,"comment_status":"closed","ping_status":"closed","template":"","meta":{"footnotes":""},"categories":[],"tags":[],"class_list":["post-1154","page","type-page","status-publish","hentry"],"_links":{"self":[{"href":"https:\/\/feelcaboverde.com\/de\/wp-json\/wp\/v2\/pages\/1154","targetHints":{"allow":["GET"]}}],"collection":[{"href":"https:\/\/feelcaboverde.com\/de\/wp-json\/wp\/v2\/pages"}],"about":[{"href":"https:\/\/feelcaboverde.com\/de\/wp-json\/wp\/v2\/types\/page"}],"author":[{"embeddable":true,"href":"https:\/\/feelcaboverde.com\/de\/wp-json\/wp\/v2\/users\/1"}],"replies":[{"embeddable":true,"href":"https:\/\/feelcaboverde.com\/de\/wp-json\/wp\/v2\/comments?post=1154"}],"version-history":[{"count":35,"href":"https:\/\/feelcaboverde.com\/de\/wp-json\/wp\/v2\/pages\/1154\/revisions"}],"predecessor-version":[{"id":5420,"href":"https:\/\/feelcaboverde.com\/de\/wp-json\/wp\/v2\/pages\/1154\/revisions\/5420"}],"wp:attachment":[{"href":"https:\/\/feelcaboverde.com\/de\/wp-json\/wp\/v2\/media?parent=1154"}],"wp:term":[{"taxonomy":"category","embeddable":true,"href":"https:\/\/feelcaboverde.com\/de\/wp-json\/wp\/v2\/categories?post=1154"},{"taxonomy":"post_tag","embeddable":true,"href":"https:\/\/feelcaboverde.com\/de\/wp-json\/wp\/v2\/tags?post=1154"}],"curies":[{"name":"wp","href":"https:\/\/api.w.org\/{rel}","templated":true}]}}