{"id":1131,"date":"2022-05-27T14:16:15","date_gmt":"2022-05-27T14:16:15","guid":{"rendered":"https:\/\/feelcaboverde.com\/?page_id=1131"},"modified":"2023-04-04T00:41:19","modified_gmt":"2023-04-04T00:41:19","slug":"vestuario-o-que-usar-em-cabo-verde","status":"publish","type":"page","link":"https:\/\/feelcaboverde.com\/de\/bekleidung-was-man-in-kap-verde-tragen-soll\/","title":{"rendered":"Kleidung - Was man auf den Kapverden tr\u00e4gt"},"content":{"rendered":"<div data-elementor-type=\"wp-page\" data-elementor-id=\"1131\" class=\"elementor elementor-1131\">\n\t\t\t\t\t\t\t\t\t<section data-particle_enable=\"false\" data-particle-mobile-disabled=\"false\" class=\"elementor-section elementor-top-section elementor-element elementor-element-43b54aea elementor-section-boxed elementor-section-height-default elementor-section-height-default\" data-id=\"43b54aea\" data-element_type=\"section\">\n\t\t\t\t\t\t<div class=\"elementor-container elementor-column-gap-default\">\n\t\t\t\t\t<div class=\"elementor-column elementor-col-100 elementor-top-column elementor-element elementor-element-6e42e8a5\" data-id=\"6e42e8a5\" data-element_type=\"column\">\n\t\t\t<div class=\"elementor-widget-wrap elementor-element-populated\">\n\t\t\t\t\t\t\t\t<div class=\"elementor-element elementor-element-56626ddb elementor-widget elementor-widget-text-editor\" data-id=\"56626ddb\" data-element_type=\"widget\" data-widget_type=\"text-editor.default\">\n\t\t\t\t<div class=\"elementor-widget-container\">\n\t\t\t<style>\/*! elementor - v3.7.1 - 14-08-2022 *\/\n.elementor-widget-text-editor.elementor-drop-cap-view-stacked .elementor-drop-cap{background-color:#818a91;color:#fff}.elementor-widget-text-editor.elementor-drop-cap-view-framed .elementor-drop-cap{color:#818a91;border:3px solid;background-color:transparent}.elementor-widget-text-editor:not(.elementor-drop-cap-view-default) .elementor-drop-cap{margin-top:8px}.elementor-widget-text-editor:not(.elementor-drop-cap-view-default) .elementor-drop-cap-letter{width:1em;height:1em}.elementor-widget-text-editor .elementor-drop-cap{float:left;text-align:center;line-height:1;font-size:50px}.elementor-widget-text-editor .elementor-drop-cap-letter{display:inline-block}<\/style>\t\t\t\t<p>Auf Kap Verde gibt es keine strenge Kleiderordnung, so dass man sich frei kleiden kann. Der Kleidungsstil auf den Kapverden ist sehr leger und wird haupts\u00e4chlich von westlichen Trends beeinflusst.<\/p><p>Im Alltag tragen Frauen eher leichte Blusen und Jeans. Auch R\u00f6cke und Kleider sind \u00fcblich, vor allem bei erwachsenen Frauen. M\u00e4nner tragen eher Jeans und T-Shirts f\u00fcr legere Anl\u00e4sse und Hosen und Hemden mit Kragen f\u00fcr formelle oder weniger legere Anl\u00e4sse.\u00a0<\/p><p>Zum Strandbesuch tragen die kapverdischen M\u00e4nner meist eine Badehose, einige entscheiden sich aber auch f\u00fcr Badekleidung. Die kapverdischen Frauen tragen in der Regel Bikinis, einige entscheiden sich auch f\u00fcr Badeanz\u00fcge.<\/p><p><span style=\"font-weight: 400;\">Weitere Informationen finden Sie im Abschnitt \u00fcber Kleidung in unserem Artikel \u00fcber das richtige Gep\u00e4ck f\u00fcr die Kapverden.<\/span><\/p>\t\t\t\t\t\t<\/div>\n\t\t\t\t<\/div>\n\t\t\t\t\t<\/div>\n\t\t<\/div>\n\t\t\t\t\t\t\t<\/div>\n\t\t<\/section>\n\t\t\t\t\t\t\t<\/div>","protected":false},"excerpt":{"rendered":"<p>Auf Kap Verde gibt es keine strenge Kleiderordnung, so dass man sich frei kleiden kann. Der Kleidungsstil auf den Kapverden ist sehr leger und wird haupts\u00e4chlich von westlichen Trends beeinflusst. Im Alltag tragen die Frauen meist leichte Blusen und Jeans. Auch R\u00f6cke und Kleider sind \u00fcblich, vor allem bei erwachsenen Frauen. Die [...]<\/p>","protected":false},"author":1,"featured_media":0,"parent":0,"menu_order":0,"comment_status":"closed","ping_status":"closed","template":"","meta":{"footnotes":""},"categories":[],"tags":[],"class_list":["post-1131","page","type-page","status-publish","hentry"],"_links":{"self":[{"href":"https:\/\/feelcaboverde.com\/de\/wp-json\/wp\/v2\/pages\/1131","targetHints":{"allow":["GET"]}}],"collection":[{"href":"https:\/\/feelcaboverde.com\/de\/wp-json\/wp\/v2\/pages"}],"about":[{"href":"https:\/\/feelcaboverde.com\/de\/wp-json\/wp\/v2\/types\/page"}],"author":[{"embeddable":true,"href":"https:\/\/feelcaboverde.com\/de\/wp-json\/wp\/v2\/users\/1"}],"replies":[{"embeddable":true,"href":"https:\/\/feelcaboverde.com\/de\/wp-json\/wp\/v2\/comments?post=1131"}],"version-history":[{"count":11,"href":"https:\/\/feelcaboverde.com\/de\/wp-json\/wp\/v2\/pages\/1131\/revisions"}],"predecessor-version":[{"id":3874,"href":"https:\/\/feelcaboverde.com\/de\/wp-json\/wp\/v2\/pages\/1131\/revisions\/3874"}],"wp:attachment":[{"href":"https:\/\/feelcaboverde.com\/de\/wp-json\/wp\/v2\/media?parent=1131"}],"wp:term":[{"taxonomy":"category","embeddable":true,"href":"https:\/\/feelcaboverde.com\/de\/wp-json\/wp\/v2\/categories?post=1131"},{"taxonomy":"post_tag","embeddable":true,"href":"https:\/\/feelcaboverde.com\/de\/wp-json\/wp\/v2\/tags?post=1131"}],"curies":[{"name":"wp","href":"https:\/\/api.w.org\/{rel}","templated":true}]}}