{"id":1120,"date":"2022-05-27T14:10:38","date_gmt":"2022-05-27T14:10:38","guid":{"rendered":"https:\/\/feelcaboverde.com\/?page_id=1120"},"modified":"2023-04-03T22:19:30","modified_gmt":"2023-04-03T22:19:30","slug":"servicos-de-saude-em-cabo-verde","status":"publish","type":"page","link":"https:\/\/feelcaboverde.com\/de\/gesundheitsdienste-in-kap-verde\/","title":{"rendered":"Gesundheitsdienste und Vorschriften"},"content":{"rendered":"<div data-elementor-type=\"wp-page\" data-elementor-id=\"1120\" class=\"elementor elementor-1120\">\n\t\t\t\t\t\t\t\t\t<section data-particle_enable=\"false\" data-particle-mobile-disabled=\"false\" class=\"elementor-section elementor-top-section elementor-element elementor-element-43b54aea elementor-section-boxed elementor-section-height-default elementor-section-height-default\" data-id=\"43b54aea\" data-element_type=\"section\">\n\t\t\t\t\t\t<div class=\"elementor-container elementor-column-gap-default\">\n\t\t\t\t\t<div class=\"elementor-column elementor-col-100 elementor-top-column elementor-element elementor-element-6e42e8a5\" data-id=\"6e42e8a5\" data-element_type=\"column\">\n\t\t\t<div class=\"elementor-widget-wrap elementor-element-populated\">\n\t\t\t\t\t\t\t\t<div class=\"elementor-element elementor-element-56626ddb elementor-widget elementor-widget-text-editor\" data-id=\"56626ddb\" data-element_type=\"widget\" data-widget_type=\"text-editor.default\">\n\t\t\t\t<div class=\"elementor-widget-container\">\n\t\t\t<style>\/*! elementor - v3.7.1 - 14-08-2022 *\/\n.elementor-widget-text-editor.elementor-drop-cap-view-stacked .elementor-drop-cap{background-color:#818a91;color:#fff}.elementor-widget-text-editor.elementor-drop-cap-view-framed .elementor-drop-cap{color:#818a91;border:3px solid;background-color:transparent}.elementor-widget-text-editor:not(.elementor-drop-cap-view-default) .elementor-drop-cap{margin-top:8px}.elementor-widget-text-editor:not(.elementor-drop-cap-view-default) .elementor-drop-cap-letter{width:1em;height:1em}.elementor-widget-text-editor .elementor-drop-cap{float:left;text-align:center;line-height:1;font-size:50px}.elementor-widget-text-editor .elementor-drop-cap-letter{display:inline-block}<\/style>\t\t\t\t<p>Kap Verde hat in den letzten Jahren erhebliche Fortschritte im Gesundheitsbereich gemacht. Die Malaria ist im Begriff, eliminiert zu werden, und andere Krankheiten wie Diphtherie, Polio, Tetanus und Masern wurden erfolgreich bek\u00e4mpft.<\/p>\n<p>Trotz der Verbesserungen im kapverdischen Gesundheitssystem kann sich der Standard der nationalen Gesundheitsdienste stark von dem des Herkunftslandes unterscheiden. Das kapverdische Gesundheitssystem ist \u00fcberwiegend \u00f6ffentlich und geb\u00fchrenpflichtig. Der von Ausl\u00e4ndern zu zahlende Betrag ist, wie in anderen L\u00e4ndern auch, unterschiedlich (teurer).<\/p>\n<h3>&nbsp;<\/h3>\n<h3><strong>Gesundheitsdienste in Kap Verde <\/strong><\/h3>\n<p>Kap Verde verf\u00fcgt derzeit \u00fcber sechs \u00f6ffentliche Krankenh\u00e4user. Auf allen Inseln gibt es \u00c4rzte und Krankenschwestern.<\/p>\n<p>Zwei zentrale Krankenh\u00e4user bieten die meisten spezialisierten Dienstleistungen an:<\/p>\n<ul>\n<li>Krankenhaus Agostinho Neto, Praia, Insel Santiago<\/li>\n<li>Krankenhaus Dr. Baptista de Sousa, Mindelo, Insel S\u00e3o Vicente<\/li>\n<\/ul>\n<p>Die vier regionalen Krankenh\u00e4user, die kleiner als die zentralen sind, entsprechen der lokalen Nachfrage und bieten weniger spezialisierte Leistungen:<\/p>\n<ul>\n<li>Krankenhaus Dr. Jo\u00e3o Morais, Ribeira Grande, Insel Santo Ant\u00e3o<\/li>\n<li>Krankenhaus Ramiro Alves Figueira, Espargos, Insel Sal<\/li>\n<li>Regionales Krankenhaus Santa Rita Vieira, Assomada, Santiago Norte<\/li>\n<li>Krankenhaus St. Franz von Assisi, S\u00e3o Filipe, Fogo<\/li>\n<\/ul>\n<p>Au\u00dferdem gibt es auf allen Inseln Gesundheitszentren f\u00fcr die Erstversorgung und kleinere Notf\u00e4lle. Bedenken Sie jedoch, dass die Infrastruktur auf den kleineren Inseln begrenzt ist und es je nach Schwere der Erkrankung erforderlich sein kann, den Patienten auf andere Inseln zu evakuieren.<\/p>\n<p>Neben den \u00f6ffentlichen staatlichen Krankenh\u00e4usern gibt es auf den meisten Inseln auch private Kliniken.<\/p>\n<p>&nbsp;Einige Ferienanlagen verf\u00fcgen \u00fcber ein medizinisches Basiszentrum oder \u00c4rzte, die den G\u00e4sten auf Abruf zur Verf\u00fcgung stehen.<\/p>\n<p><strong>Rufen Sie im Notfall die 112 an! <\/strong><\/p>\n<p><strong>&nbsp;<\/strong><\/p>\n<h3><strong>Apotheken und Arzneimittel<\/strong><\/h3>\n<p>Auf allen Inseln gibt es Apotheken, die jedoch an Wochenenden und Feiertagen nur eingeschr\u00e4nkt ge\u00f6ffnet sind.<\/p>\n<p>Einige Medikamente sind in den \u00f6rtlichen Apotheken m\u00f6glicherweise nur begrenzt oder gar nicht erh\u00e4ltlich. Bringen Sie daher Medikamente, die Sie st\u00e4ndig einnehmen m\u00fcssen, immer in ausreichender Menge f\u00fcr Ihren Aufenthalt mit.<\/p>\n<p>Es ist ratsam, einige Basismedikamente wie Durchfall-, Allergie- und Schmerzmittel sowie n\u00fctzliche Dinge wie Insektenschutzmittel und Sonnenschutzmittel mitzunehmen.<\/p>\n<p>Schauen Sie sich unseren Leitfaden f\u00fcr die Mitnahme auf die Kapverden an, der Ihnen beim Packen hilft.<\/p>\n<p><strong>&nbsp;<\/strong><\/p>\n<h3><strong>Schutzimpfungen und prophylaktische Medikamente<\/strong><\/h3>\n<p><strong>Die Kapverden verlangen keine prophylaktischen Medikamente f\u00fcr die Einreise! <\/strong>Eine Impfung gegen Gelbfieber wird jedoch empfohlen; von Besuchern aus L\u00e4ndern, in denen die Krankheit endemisch ist, kann ein Gelbfieber-Impfschein verlangt werden.<\/p>\n<p>Sie sollten sich auch vergewissern, dass die DTP-Impfung (Diphtherie, Tetanus, Polio) auf dem neuesten Stand ist.<\/p>\n<p>Weitere Informationen erhalten Sie bei Ihrem Hausarzt oder der \u00f6rtlichen Gesundheitsbeh\u00f6rde.<\/p>\n<p><strong>Hinweis<\/strong>Bei schwerwiegenderen Gesundheitsproblemen (z. B. bei komplexen F\u00e4llen oder aufgrund der Bed\u00fcrfnisse des Patienten) kann eine medizinische Evakuierung des Reisenden in ein Nachbarland oder das Herkunftsland erforderlich sein. Dieses au\u00dfergew\u00f6hnliche Verfahren ist sehr kostspielig, so dass es ratsam ist, vorsichtshalber eine Reisekrankenversicherung abzuschlie\u00dfen oder sich zu vergewissern, dass Sie \u00fcber ausreichende Mittel f\u00fcr einen m\u00f6glichen Notfall verf\u00fcgen!<\/p>\t\t\t\t\t\t<\/div>\n\t\t\t\t<\/div>\n\t\t\t\t\t<\/div>\n\t\t<\/div>\n\t\t\t\t\t\t\t<\/div>\n\t\t<\/section>\n\t\t\t\t\t\t\t<\/div>","protected":false},"excerpt":{"rendered":"<p>Kap Verde hat in den letzten Jahren erhebliche Fortschritte im Gesundheitsbereich gemacht. Die Malaria ist im Begriff, eliminiert zu werden, und andere Krankheiten wie Diphtherie, Polio, Tetanus und Masern wurden erfolgreich bek\u00e4mpft. Trotz der Verbesserungen im kapverdischen Gesundheitssystem unterscheidet sich der Standard der nationalen Gesundheitsdienste zum Teil erheblich von [...]<\/p>","protected":false},"author":1,"featured_media":0,"parent":0,"menu_order":0,"comment_status":"closed","ping_status":"closed","template":"","meta":{"footnotes":""},"categories":[],"tags":[],"class_list":["post-1120","page","type-page","status-publish","hentry"],"_links":{"self":[{"href":"https:\/\/feelcaboverde.com\/de\/wp-json\/wp\/v2\/pages\/1120","targetHints":{"allow":["GET"]}}],"collection":[{"href":"https:\/\/feelcaboverde.com\/de\/wp-json\/wp\/v2\/pages"}],"about":[{"href":"https:\/\/feelcaboverde.com\/de\/wp-json\/wp\/v2\/types\/page"}],"author":[{"embeddable":true,"href":"https:\/\/feelcaboverde.com\/de\/wp-json\/wp\/v2\/users\/1"}],"replies":[{"embeddable":true,"href":"https:\/\/feelcaboverde.com\/de\/wp-json\/wp\/v2\/comments?post=1120"}],"version-history":[{"count":11,"href":"https:\/\/feelcaboverde.com\/de\/wp-json\/wp\/v2\/pages\/1120\/revisions"}],"predecessor-version":[{"id":4528,"href":"https:\/\/feelcaboverde.com\/de\/wp-json\/wp\/v2\/pages\/1120\/revisions\/4528"}],"wp:attachment":[{"href":"https:\/\/feelcaboverde.com\/de\/wp-json\/wp\/v2\/media?parent=1120"}],"wp:term":[{"taxonomy":"category","embeddable":true,"href":"https:\/\/feelcaboverde.com\/de\/wp-json\/wp\/v2\/categories?post=1120"},{"taxonomy":"post_tag","embeddable":true,"href":"https:\/\/feelcaboverde.com\/de\/wp-json\/wp\/v2\/tags?post=1120"}],"curies":[{"name":"wp","href":"https:\/\/api.w.org\/{rel}","templated":true}]}}