{"id":1103,"date":"2022-05-27T14:07:17","date_gmt":"2022-05-27T14:07:17","guid":{"rendered":"https:\/\/feelcaboverde.com\/?page_id=1103"},"modified":"2023-04-02T22:08:13","modified_gmt":"2023-04-02T22:08:13","slug":"seguranca-pessoal","status":"publish","type":"page","link":"https:\/\/feelcaboverde.com\/de\/personliche-sicherheit-kap-verde\/","title":{"rendered":"Pers\u00f6nliche Sicherheit"},"content":{"rendered":"<div data-elementor-type=\"wp-page\" data-elementor-id=\"1103\" class=\"elementor elementor-1103\">\n\t\t\t\t\t\t\t\t\t<section data-particle_enable=\"false\" data-particle-mobile-disabled=\"false\" class=\"elementor-section elementor-top-section elementor-element elementor-element-43b54aea elementor-section-boxed elementor-section-height-default elementor-section-height-default\" data-id=\"43b54aea\" data-element_type=\"section\">\n\t\t\t\t\t\t<div class=\"elementor-container elementor-column-gap-default\">\n\t\t\t\t\t<div class=\"elementor-column elementor-col-100 elementor-top-column elementor-element elementor-element-6e42e8a5\" data-id=\"6e42e8a5\" data-element_type=\"column\">\n\t\t\t<div class=\"elementor-widget-wrap elementor-element-populated\">\n\t\t\t\t\t\t\t\t<div class=\"elementor-element elementor-element-56626ddb elementor-widget elementor-widget-text-editor\" data-id=\"56626ddb\" data-element_type=\"widget\" data-widget_type=\"text-editor.default\">\n\t\t\t\t<div class=\"elementor-widget-container\">\n\t\t\t<style>\/*! elementor - v3.7.1 - 14-08-2022 *\/\n.elementor-widget-text-editor.elementor-drop-cap-view-stacked .elementor-drop-cap{background-color:#818a91;color:#fff}.elementor-widget-text-editor.elementor-drop-cap-view-framed .elementor-drop-cap{color:#818a91;border:3px solid;background-color:transparent}.elementor-widget-text-editor:not(.elementor-drop-cap-view-default) .elementor-drop-cap{margin-top:8px}.elementor-widget-text-editor:not(.elementor-drop-cap-view-default) .elementor-drop-cap-letter{width:1em;height:1em}.elementor-widget-text-editor .elementor-drop-cap{float:left;text-align:center;line-height:1;font-size:50px}.elementor-widget-text-editor .elementor-drop-cap-letter{display:inline-block}<\/style>\t\t\t\t<p>Kap Verde ist ein Reiseziel, das f\u00fcr die Gastfreundschaft der Einheimischen bekannt ist. Doch wie \u00fcberall auf der Welt ist die pers\u00f6nliche Sicherheit ein wichtiges Anliegen der Besucher.\u00a0<\/p><p>In diesem Artikel geben wir Ihnen n\u00fctzliche Tipps und Hinweise zur pers\u00f6nlichen Sicherheit auf den Kapverden. Sie erfahren, wie Sie gef\u00e4hrliche Situationen vermeiden, Ihr Hab und Gut sch\u00fctzen und was Sie in Notf\u00e4llen tun k\u00f6nnen. Mit diesen Informationen k\u00f6nnen Sie Ihren Urlaub in aller Ruhe genie\u00dfen und alles auskosten, was dieses sch\u00f6ne Land zu bieten hat.<\/p><h3>\u00a0<\/h3><h3>Kriminalit\u00e4t in Kap Verde<\/h3><p>Insgesamt ist die Kriminalit\u00e4tsrate in Kap Verde <a href=\"https:\/\/www.osac.gov\/Country\/CaboVerde\/Content\/Detail\/Report\/33002b2a-1d03-4702-afe8-18d3928452a5\" rel=\"nofollow noopener\" target=\"_blank\">niedrig<\/a>. Nach <a href=\"https:\/\/ocindex.net\/assets\/downloads\/english\/ocindex_profile_cabo_verde.pdf\" rel=\"nofollow noopener\" target=\"_blank\">Weltindex der organisierten Kriminalit\u00e4t<\/a>Das Land geh\u00f6rt zu den 50 L\u00e4ndern mit der niedrigsten Kriminalit\u00e4tsrate und der h\u00f6chsten Widerstandsf\u00e4higkeit gegen Kriminalit\u00e4t.<\/p><figure id=\"attachment_4509\" aria-describedby=\"caption-attachment-4509\" style=\"width: 386px\" class=\"wp-caption aligncenter\"><img decoding=\"async\" class=\"wp-image-4509\" src=\"http:\/\/feelcaboverde.com\/wp-content\/uploads\/2023\/04\/score-de-criminalidade.png\" alt=\"Kap Verde KRIMINALIT\u00c4TSSCORE\" width=\"386\" height=\"401\" srcset=\"https:\/\/feelcaboverde.com\/wp-content\/uploads\/2023\/04\/score-de-criminalidade.png 750w, https:\/\/feelcaboverde.com\/wp-content\/uploads\/2023\/04\/score-de-criminalidade-289x300.png 289w\" sizes=\"(max-width: 386px) 100vw, 386px\" \/><figcaption id=\"caption-attachment-4509\" class=\"wp-caption-text\"><div>\u00a0<\/div><div>Der Kriminalit\u00e4tsindex von Kap Verde. <a href=\"https:\/\/ocindex.net\/country\/cabo_verde\" rel=\"nofollow noopener\" target=\"_blank\">Weltweiter Index der organisierten Kriminalit\u00e4t<\/a><\/div><\/figcaption><\/figure><p><span style=\"color: inherit; font-family: inherit; font-size: 1.75rem; text-align: var(--text-align);\">\u00a0<\/span><\/p><h3>Leitlinien f\u00fcr die pers\u00f6nliche Sicherheit in Kap Verde<\/h3><p>Doch obwohl Kap Verde zu den gr\u00f6\u00dften <a href=\"https:\/\/www.travelriskmap.com\/#\/planner\/map\/security\" rel=\"nofollow noopener\" target=\"_blank\">Die sichersten L\u00e4nder f\u00fcr Reisende<\/a>Es gibt Berichte von Touristen, die Opfer von Diebst\u00e4hlen und Bagatelldiebst\u00e4hlen wurden. Um m\u00f6gliche Zwischenf\u00e4lle w\u00e4hrend ihres Aufenthalts zu vermeiden, sollten Urlauber einige allgemeine Sicherheitsvorkehrungen treffen:<\/p><ul><li>Behalten Sie an Str\u00e4nden oder bei Aktivit\u00e4ten im Freien Ihre Habseligkeiten im Auge. Dies gilt auch f\u00fcr belebte Orte wie M\u00e4rkte, Feste oder Veranstaltungen.<\/li><li>Profitieren Sie von den sch\u00f6nen einsamen Str\u00e4nden und den <em>Wandern<\/em> Wenn Sie jedoch auf eigene Faust losziehen wollen, erkundigen Sie sich bei Ihrem Hotel nach der Sicherheit dieser Orte. Idealerweise sollten Aktivit\u00e4ten in abgelegenen Gebieten in Begleitung eines Einheimischen unternommen werden.<\/li><li>Vermeiden Sie das Mitf\u00fchren von gro\u00dfen Bargeldbetr\u00e4gen, protzigem Schmuck oder teurer Ausr\u00fcstung, es sei denn, dies ist unbedingt erforderlich.<\/li><li>Nehmen Sie Kopien Ihres Reisepasses und anderer Reisedokumente mit und lassen Sie die Originale an einem sicheren Ort\/Hotel.<\/li><li>Nach den abendlichen Aktivit\u00e4ten fahren Sie am besten mit dem Taxi zur\u00fcck zu Ihrer Unterkunft.<\/li><li>Im Falle eines m\u00f6glichen Angriffs sollten Sie keinen Widerstand leisten! Die Polizei sollte sofort benachrichtigt werden (die Notrufnummer lautet 112).<\/li><\/ul><h3><strong>\u00a0<\/strong><\/h3><h3>H\u00e4ufig gestellte Fragen<\/h3><p style=\"padding-left: 40px;\">1. Ist Kap Verde f\u00fcr Touristen sicher?<\/p><p>Ja, Kap Verde ist unter den <a href=\"https:\/\/www.travelriskmap.com\/#\/planner\/map\/security\" rel=\"nofollow noopener\" target=\"_blank\">Die sichersten L\u00e4nder f\u00fcr Reisende<\/a>Dazu kommen Gebiete wie Norwegen, D\u00e4nemark und Gr\u00f6nland, Andorra, Slowenien, Monaco, San Marino, die Schweiz, Luxemburg, Island und Finnland.<\/p><p style=\"padding-left: 40px;\">2. Wie sieht es mit der Kriminalit\u00e4t auf Kap Verde aus?<\/p><p>Die Kriminalit\u00e4t in Kap Verde ist im Allgemeinen <a href=\"https:\/\/www.osac.gov\/Country\/CaboVerde\/Content\/Detail\/Report\/33002b2a-1d03-4702-afe8-18d3928452a5\" rel=\"nofollow noopener\" target=\"_blank\">niedrig<\/a>. Die meisten Straftaten werden zum unmittelbaren finanziellen Vorteil begangen (z. B. Taschendiebstahl, Raub und bewaffneter Raub). An abgelegenen, schlecht beleuchteten Orten und in der Nacht sollten Sie besonders wachsam sein.<\/p><p style=\"padding-left: 40px;\">3. Welche ist die gef\u00e4hrlichste Insel der Kapverden?<\/p><p>Im Allgemeinen sind die Kapverdischen Inseln nicht gef\u00e4hrlich. Infolge der raschen Verst\u00e4dterung und der Arbeitslosigkeit hat die Kriminalit\u00e4t in den letzten Jahren jedoch zugenommen, insbesondere in der Stadt Praia. Auch in der Stadt Mindelo und auf den Inseln Sal und Boavista (den touristischsten) ist ein Anstieg zu verzeichnen, allerdings in geringerem Ma\u00dfe.<\/p><p>Als Reaktion darauf hat die kapverdische Regierung folgende Ma\u00dfnahmen ergriffen <a href=\"https:\/\/www.governo.cv\/cidade-segura-governo-inaugura-centro-de-comando-de-s-vicente\/\" rel=\"nofollow noopener\" target=\"_blank\">Ma\u00dfnahmen <\/a>zur Wahrung der nationalen Sicherheit f\u00fcr die im Land lebenden Menschen und f\u00fcr Besucher.<\/p>\t\t\t\t\t\t<\/div>\n\t\t\t\t<\/div>\n\t\t\t\t\t<\/div>\n\t\t<\/div>\n\t\t\t\t\t\t\t<\/div>\n\t\t<\/section>\n\t\t\t\t\t\t\t<\/div>","protected":false},"excerpt":{"rendered":"<p>Insgesamt ist die Kriminalit\u00e4tsrate in Kap Verde niedrig. Laut dem Global Index of Organised Crime geh\u00f6rt das Land zu den 50 L\u00e4ndern mit der niedrigsten Kriminalit\u00e4tsrate und der h\u00f6chsten Widerstandsf\u00e4higkeit gegen Kriminalit\u00e4t. Der Kriminalit\u00e4tsindex von Kap Verde. Quelle: Globaler Index der organisierten Kriminalit\u00e4t. Doch trotz [...]<\/p>","protected":false},"author":1,"featured_media":0,"parent":0,"menu_order":0,"comment_status":"closed","ping_status":"closed","template":"","meta":{"footnotes":""},"categories":[],"tags":[],"class_list":["post-1103","page","type-page","status-publish","hentry"],"_links":{"self":[{"href":"https:\/\/feelcaboverde.com\/de\/wp-json\/wp\/v2\/pages\/1103","targetHints":{"allow":["GET"]}}],"collection":[{"href":"https:\/\/feelcaboverde.com\/de\/wp-json\/wp\/v2\/pages"}],"about":[{"href":"https:\/\/feelcaboverde.com\/de\/wp-json\/wp\/v2\/types\/page"}],"author":[{"embeddable":true,"href":"https:\/\/feelcaboverde.com\/de\/wp-json\/wp\/v2\/users\/1"}],"replies":[{"embeddable":true,"href":"https:\/\/feelcaboverde.com\/de\/wp-json\/wp\/v2\/comments?post=1103"}],"version-history":[{"count":18,"href":"https:\/\/feelcaboverde.com\/de\/wp-json\/wp\/v2\/pages\/1103\/revisions"}],"predecessor-version":[{"id":4523,"href":"https:\/\/feelcaboverde.com\/de\/wp-json\/wp\/v2\/pages\/1103\/revisions\/4523"}],"wp:attachment":[{"href":"https:\/\/feelcaboverde.com\/de\/wp-json\/wp\/v2\/media?parent=1103"}],"wp:term":[{"taxonomy":"category","embeddable":true,"href":"https:\/\/feelcaboverde.com\/de\/wp-json\/wp\/v2\/categories?post=1103"},{"taxonomy":"post_tag","embeddable":true,"href":"https:\/\/feelcaboverde.com\/de\/wp-json\/wp\/v2\/tags?post=1103"}],"curies":[{"name":"wp","href":"https:\/\/api.w.org\/{rel}","templated":true}]}}