{"id":1057,"date":"2022-05-27T13:51:12","date_gmt":"2022-05-27T13:51:12","guid":{"rendered":"https:\/\/feelcaboverde.com\/?page_id=1057"},"modified":"2023-12-22T01:10:39","modified_gmt":"2023-12-22T01:10:39","slug":"lgbt-em-cabo-verde","status":"publish","type":"page","link":"https:\/\/feelcaboverde.com\/de\/lgbt-in-kap-verde\/","title":{"rendered":"LGBT+ in Kap Verde"},"content":{"rendered":"<div data-elementor-type=\"wp-page\" data-elementor-id=\"1057\" class=\"elementor elementor-1057\">\n\t\t\t\t\t\t\t\t\t<section data-particle_enable=\"false\" data-particle-mobile-disabled=\"false\" class=\"elementor-section elementor-top-section elementor-element elementor-element-43b54aea elementor-section-boxed elementor-section-height-default elementor-section-height-default\" data-id=\"43b54aea\" data-element_type=\"section\">\n\t\t\t\t\t\t<div class=\"elementor-container elementor-column-gap-default\">\n\t\t\t\t\t<div class=\"elementor-column elementor-col-100 elementor-top-column elementor-element elementor-element-6e42e8a5\" data-id=\"6e42e8a5\" data-element_type=\"column\">\n\t\t\t<div class=\"elementor-widget-wrap elementor-element-populated\">\n\t\t\t\t\t\t\t\t<div class=\"elementor-element elementor-element-56626ddb elementor-widget elementor-widget-text-editor\" data-id=\"56626ddb\" data-element_type=\"widget\" data-widget_type=\"text-editor.default\">\n\t\t\t\t<div class=\"elementor-widget-container\">\n\t\t\t<style>\/*! elementor - v3.7.1 - 14-08-2022 *\/\n.elementor-widget-text-editor.elementor-drop-cap-view-stacked .elementor-drop-cap{background-color:#818a91;color:#fff}.elementor-widget-text-editor.elementor-drop-cap-view-framed .elementor-drop-cap{color:#818a91;border:3px solid;background-color:transparent}.elementor-widget-text-editor:not(.elementor-drop-cap-view-default) .elementor-drop-cap{margin-top:8px}.elementor-widget-text-editor:not(.elementor-drop-cap-view-default) .elementor-drop-cap-letter{width:1em;height:1em}.elementor-widget-text-editor .elementor-drop-cap{float:left;text-align:center;line-height:1;font-size:50px}.elementor-widget-text-editor .elementor-drop-cap-letter{display:inline-block}<\/style>\t\t\t\t<p>Kap Verde wird immer LGBT-freundlicher und ist ein Vorreiter in Afrika, wenn es um die Anerkennung der Rechte der LGBT+-Gemeinschaft geht.&nbsp;<\/p>\n<p><\/p>\n<h3>LGBT+ Rechte in Kap Verde<\/h3>\n<p>Gleichgeschlechtliche Beziehungen zwischen M\u00e4nnern und Frauen sind in dem Land seit 2004 legal. Es war das zweite afrikanische Land, das dieses Recht rechtlich anerkannte, vor S\u00fcdafrika.<\/p>\n<p>Im Bereich der Besch\u00e4ftigung ist die Diskriminierung aufgrund der sexuellen Ausrichtung seit 2008 strafbar.<\/p>\n<p>Im Jahr 2018, <strong>Ca<\/strong><strong>bo Verde war das erste afrikanische Land, das die Equal Rights Coalition unterzeichnete<\/strong> (<em>Koalition f\u00fcr gleiche Rechte (Equal Rights Coalition)<\/em> - ERC), einer zwischenstaatlichen Organisation mit 42 Mitgliedsstaaten, die sich f\u00fcr den Schutz der Rechte von LGBTI-Personen (Lesben, Schwule, Bisexuelle, Transgender und Intersexuelle) einsetzt.<\/p>\n<p><\/p>\n<h3>LGBT+-Bewegung in Kap Verde<\/h3>\n<p>Das Land hat derzeit drei offizielle LGBTI-Organisationen: die <a href=\"https:\/\/www.facebook.com\/agcv17\/\" rel=\"nofollow noopener\" target=\"_blank\">Kapverdischer Schwulenverband<\/a>, <a href=\"https:\/\/www.facebook.com\/profile.php?id=100068039619259\" rel=\"nofollow noopener\" target=\"_blank\">Regenbogen-Vereinigung<\/a> und <a href=\"https:\/\/www.facebook.com\/associacaolgbtidapraia\/\" rel=\"nofollow noopener\" target=\"_blank\">LGBTI-Vereinigung von Praia<\/a>.<\/p>\n<p>Trotz der bisherigen Fortschritte sehen sich LGBT+-Paare immer noch mit einigen rechtlichen Herausforderungen konfrontiert, die Heterosexuelle nicht zu bew\u00e4ltigen haben, wie z. B. die Tatsache, dass das Gesetz gleichgeschlechtliche Partnerschaften oder Ehen noch nicht anerkennt.  Soziale Umfragen unter Mitgliedern der Gemeinschaft zeigen, dass es immer noch einige <a href=\"https:\/\/www.researchgate.net\/publication\/308634032_Hipocrisia_a_visao_dos_gays_cabo-verdianos_sobre_o_seu_proprio_sistema_de_genero\" rel=\"nofollow noopener\" target=\"_blank\">Heuchelei gegen\u00fcber der LGBTI+-Gemeinschaft<\/a> in der kapverdischen Gesellschaft, denn obwohl Homosexualit\u00e4t kulturell akzeptiert ist, wird erwartet, dass homosexuelle Beziehungen oder Zurschaustellungen diskret sind. Au\u00dferdem ist die kapverdische Gesellschaft immer noch sehr patriarchalisch, machohaft und heteronormativ.<\/p>\n<p><strong>&nbsp;<\/strong><\/p>\n<h3>H\u00e4ufig gestellte Fragen<\/h3>\n<p style=\"padding-left: 40px;\"><strong>1.<\/strong> Ist es sicher, Kap Verde als lesbische, schwule, bisexuelle, transgender, queere oder intersexuelle Person zu besuchen?<\/p>\n<p>Daten von <a href=\"https:\/\/afrobarometer.org\/publications\/ad362-all-together-africans-tolerant-ethnic-religious-national-not-sexual-differences\" rel=\"nofollow noopener\" target=\"_blank\">Afrobarometer<\/a> zeigen, dass Kap Verde das toleranteste Land f\u00fcr die LGTB+-Gemeinschaft auf dem afrikanischen Kontinent ist. 80% der befragten Kapverdianer gaben an, dass sie einen homosexuellen Nachbarn akzeptieren oder sich nicht daran st\u00f6ren w\u00fcrden. Berichte \u00fcber homosexuelle Paare in <a href=\"https:\/\/www.tripadvisor.co.uk\/ShowTopic-g482848-i10796-k8105268-Is_sal_cape_verde_gay_friendly-Santa_Maria_Ilha_do_Sal.html\" rel=\"nofollow noopener\" target=\"_blank\">tripadvisor<\/a> sagen, dass sie w\u00e4hrend ihres Besuchs auf den Inseln keine Probleme wegen ihrer LGBT+-Sicht erfahren haben.<\/p>\n<p style=\"padding-left: 40px;\"><strong>2.<\/strong> Gibt es auf den Kapverden Freizeiteinrichtungen f\u00fcr LGBT+ (Bars, Restaurants, Diskotheken usw.)?<\/p>\n<p>Bislang sind uns keine Freizeiteinrichtungen (Bars, Restaurants, Diskotheken usw.) bekannt, die sich speziell an das LGBT+-Publikum in Kap Verde richten.<\/p>\n<p style=\"padding-left: 40px;\"><strong>3.<\/strong> Welche Inseln sind der LGBT-Gemeinschaft gegen\u00fcber aufgeschlossener?<\/p>\n<p>Ausgehend von pers\u00f6nlichen Beobachtungen scheint das Niveau der Aufgeschlossenheit gegen\u00fcber LGBT+ Menschen im Allgemeinen auf den meisten Inseln nicht sehr unterschiedlich zu sein. Allerdings sind die St\u00e4dte Mindelo (S\u00e3o Vicente), Santa Maria (Sal) und Praia (Santiago), die kosmopolitischer sind, tendenziell liberaler gegen\u00fcber LGBT+ Menschen.<\/p>\n<p>Alle von ihnen, <strong><a href=\"https:\/\/feelcaboverde.com\/de\/sao-vicente\/\">S\u00e3o Vicente<\/a> ist definitiv die LGBT-freundlichste Insel der Kapverden<\/strong>da sie bereits als <a href=\"https:\/\/www.euronews.com\/culture\/2021\/04\/08\/how-a-small-cape-verde-island-became-an-lgtbi-oasis-in-africa\" rel=\"nofollow noopener\" target=\"_blank\">LGBT-Oase in Afrika<\/a>! Im Jahr 2013 wurde auf der Insel die erste LGBT-Parade organisiert.<\/p>\n<p><strong>Neugierde<\/strong>Tchinda Andrade, geb\u00fcrtig aus S\u00e3o Vicente, war der erste homosexuelle Mann, der sich 1998 in einer lokalen Zeitung \u00f6ffentlich als schwul outete. Dies war ein wichtiger Meilenstein f\u00fcr die Anerkennung der LGBT+-Gemeinschaft in dem Land. \"Tchindas\" war und ist noch immer, wenn auch in geringerem Ma\u00dfe, die g\u00e4ngige Bezeichnung f\u00fcr Homosexuelle auf der Insel S\u00e3o Vicente. A <a href=\"https:\/\/www.tchindas.com\/pt-br\/\" rel=\"nofollow noopener\" target=\"_blank\">interessanter Spielfilm<\/a> Der Film aus dem Jahr 2015 erz\u00e4hlt ein wenig \u00fcber die Geschichte und die Erfahrungen von LGBT+ Menschen in S\u00e3o Vicente.<\/p>\t\t\t\t\t\t<\/div>\n\t\t\t\t<\/div>\n\t\t\t\t\t<\/div>\n\t\t<\/div>\n\t\t\t\t\t\t\t<\/div>\n\t\t<\/section>\n\t\t\t\t\t\t\t<\/div>","protected":false},"excerpt":{"rendered":"<p>Kap Verde wird immer LGBT-freundlicher und ist ein Vorreiter in Afrika, wenn es um die Anerkennung der Rechte der LGBT+-Gemeinschaft geht. LGBT+-Rechte in Kap Verde Gleichgeschlechtliche Beziehungen zwischen M\u00e4nnern und Frauen sind in dem Land seit 2004 legal. Es war das zweite afrikanische Gebiet, das dieses Recht anerkannte [...]<\/p>","protected":false},"author":1,"featured_media":0,"parent":0,"menu_order":0,"comment_status":"closed","ping_status":"closed","template":"","meta":{"footnotes":""},"categories":[],"tags":[],"class_list":["post-1057","page","type-page","status-publish","hentry"],"_links":{"self":[{"href":"https:\/\/feelcaboverde.com\/de\/wp-json\/wp\/v2\/pages\/1057","targetHints":{"allow":["GET"]}}],"collection":[{"href":"https:\/\/feelcaboverde.com\/de\/wp-json\/wp\/v2\/pages"}],"about":[{"href":"https:\/\/feelcaboverde.com\/de\/wp-json\/wp\/v2\/types\/page"}],"author":[{"embeddable":true,"href":"https:\/\/feelcaboverde.com\/de\/wp-json\/wp\/v2\/users\/1"}],"replies":[{"embeddable":true,"href":"https:\/\/feelcaboverde.com\/de\/wp-json\/wp\/v2\/comments?post=1057"}],"version-history":[{"count":15,"href":"https:\/\/feelcaboverde.com\/de\/wp-json\/wp\/v2\/pages\/1057\/revisions"}],"predecessor-version":[{"id":4890,"href":"https:\/\/feelcaboverde.com\/de\/wp-json\/wp\/v2\/pages\/1057\/revisions\/4890"}],"wp:attachment":[{"href":"https:\/\/feelcaboverde.com\/de\/wp-json\/wp\/v2\/media?parent=1057"}],"wp:term":[{"taxonomy":"category","embeddable":true,"href":"https:\/\/feelcaboverde.com\/de\/wp-json\/wp\/v2\/categories?post=1057"},{"taxonomy":"post_tag","embeddable":true,"href":"https:\/\/feelcaboverde.com\/de\/wp-json\/wp\/v2\/tags?post=1057"}],"curies":[{"name":"wp","href":"https:\/\/api.w.org\/{rel}","templated":true}]}}