{"id":1045,"date":"2022-05-27T13:45:54","date_gmt":"2022-05-27T13:45:54","guid":{"rendered":"https:\/\/feelcaboverde.com\/?page_id=1045"},"modified":"2023-04-02T18:07:02","modified_gmt":"2023-04-02T18:07:02","slug":"internet","status":"publish","type":"page","link":"https:\/\/feelcaboverde.com\/de\/internet-in-kap-verde\/","title":{"rendered":"Internet"},"content":{"rendered":"<div data-elementor-type=\"wp-page\" data-elementor-id=\"1045\" class=\"elementor elementor-1045\">\n\t\t\t\t\t\t\t\t\t<section data-particle_enable=\"false\" data-particle-mobile-disabled=\"false\" class=\"elementor-section elementor-top-section elementor-element elementor-element-43b54aea elementor-section-boxed elementor-section-height-default elementor-section-height-default\" data-id=\"43b54aea\" data-element_type=\"section\">\n\t\t\t\t\t\t<div class=\"elementor-container elementor-column-gap-default\">\n\t\t\t\t\t<div class=\"elementor-column elementor-col-100 elementor-top-column elementor-element elementor-element-6e42e8a5\" data-id=\"6e42e8a5\" data-element_type=\"column\">\n\t\t\t<div class=\"elementor-widget-wrap elementor-element-populated\">\n\t\t\t\t\t\t\t\t<div class=\"elementor-element elementor-element-56626ddb elementor-widget elementor-widget-text-editor\" data-id=\"56626ddb\" data-element_type=\"widget\" data-widget_type=\"text-editor.default\">\n\t\t\t\t<div class=\"elementor-widget-container\">\n\t\t\t<style>\/*! elementor - v3.7.1 - 14-08-2022 *\/\n.elementor-widget-text-editor.elementor-drop-cap-view-stacked .elementor-drop-cap{background-color:#818a91;color:#fff}.elementor-widget-text-editor.elementor-drop-cap-view-framed .elementor-drop-cap{color:#818a91;border:3px solid;background-color:transparent}.elementor-widget-text-editor:not(.elementor-drop-cap-view-default) .elementor-drop-cap{margin-top:8px}.elementor-widget-text-editor:not(.elementor-drop-cap-view-default) .elementor-drop-cap-letter{width:1em;height:1em}.elementor-widget-text-editor .elementor-drop-cap{float:left;text-align:center;line-height:1;font-size:50px}.elementor-widget-text-editor .elementor-drop-cap-letter{display:inline-block}<\/style>\t\t\t\t<h3>Internet auf Kap Verde<\/h3><p>Kap Verde hat Internet \u00fcber mobile Daten, WiFi und Festnetz-Breitband.<\/p><p>Die Internet-Penetrationsrate (Zugangsniveau) im Lande liegt bei 80%, laut der <a href=\"https:\/\/www.arme.cv\/index.php?option=com_jdownloads&amp;task=download.send&amp;id=842&amp;catid=47&amp;m=0&amp;Itemid=741\" rel=\"nofollow noopener\" target=\"_blank\">Regulierungsagentur f\u00fcr wirtschaftliche Aktivit\u00e4ten<\/a> (ARME). Kap Verde verf\u00fcgt derzeit \u00fcber 3G- und 4G-Netze.<\/p><p>Beim Festnetz-Breitband liegt die durchschnittliche Download-Geschwindigkeit bei 14,16 Mbit\/Sekunde. Die Internetqualit\u00e4t, d. h. Signalschwankungen und Latenzzeiten, betr\u00e4gt im Durchschnitt 16 Millisekunden.<\/p><figure id=\"attachment_4362\" aria-describedby=\"caption-attachment-4362\" style=\"width: 361px\" class=\"wp-caption aligncenter\"><img decoding=\"async\" class=\"wp-image-4362\" src=\"http:\/\/feelcaboverde.com\/wp-content\/uploads\/2023\/04\/speed-test-cabo-verde.png\" alt=\"cape verde internet durchschnittliche geschwindigkeit\" width=\"361\" height=\"406\" srcset=\"https:\/\/feelcaboverde.com\/wp-content\/uploads\/2023\/04\/speed-test-cabo-verde.png 676w, https:\/\/feelcaboverde.com\/wp-content\/uploads\/2023\/04\/speed-test-cabo-verde-266x300.png 266w\" sizes=\"(max-width: 361px) 100vw, 361px\" \/><figcaption id=\"caption-attachment-4362\" class=\"wp-caption-text\">Durchschnittliche Breitband-Internetgeschwindigkeit in Kap Verde, 2022.\u00a0<a style=\"font-family: var( --e-global-typography-text-font-family ), Sans-serif; font-weight: var( --e-global-typography-text-font-weight ); text-align: var(--text-align); font-size: 1rem; background-color: #ffffff;\" href=\"https:\/\/www.speedtest.net\/global-index\/cape-verde\" rel=\"nofollow noopener\" target=\"_blank\">Geschwindigkeitstest<\/a><span style=\"color: var( --e-global-color-text ); font-family: var( --e-global-typography-text-font-family ), Sans-serif; font-weight: var( --e-global-typography-text-font-weight ); text-align: var(--text-align); font-size: 1rem;\">.<\/span><\/figcaption><\/figure><div><div><h3>\u00a0Internetzugang auf Kap Verde<\/h3><p>Der Internetzugang in Kap Verde ist an den meisten Orten gut, sei es \u00fcber mobile Daten, WiFi in Caf\u00e9s, Bars, Restaurants und einigen \u00f6ffentlichen Bereichen wie Pl\u00e4tzen. In d\u00fcnn besiedelten Gebieten kann die mobile Datenabdeckung l\u00fcckenhaft sein und es gibt weniger Orte mit WiFi.<\/p><p>Flugh\u00e4fen und die meisten Hotels und anderen Unterk\u00fcnfte verf\u00fcgen \u00fcber WiFi. Wenn das Internet f\u00fcr Sie jedoch ein Muss ist, sollten Sie sich vor der Buchung vergewissern, dass die gew\u00fcnschte Unterkunft \u00fcber einen Zugang verf\u00fcgt.\u00a0<\/p><p>\u00a0<\/p><h3>Mobiles Internet auf Kap Verde<\/h3><p>Wenn Sie planen, mehrere Tage im Land zu bleiben und h\u00e4ufig auf das Internet zugreifen m\u00fcssen, k\u00f6nnen Sie eine SIM-Karte mit Prepaid-Mobilinternet kaufen.<\/p><p>Der Preis f\u00fcr eine SIM-Karte betr\u00e4gt 100 ECV f\u00fcr beide nationalen Betreiber (<a href=\"http:\/\/www.cvmovel.cv\/\" rel=\"nofollow noopener\" target=\"_blank\">Mobiler Lebenslauf<\/a> e <a href=\"https:\/\/www.uniteltmais.cv\/\" rel=\"nofollow noopener\" target=\"_blank\">Unitel T+<\/a>). Der Preis f\u00fcr 5000 MB betr\u00e4gt etwa 1000 ECV (10 Euro), g\u00fcltig f\u00fcr einen Monat. Die genauen Preise finden Sie auf den Websites von CV M\u00f3vel und Unitel T+.<\/p><p>\u00a0<\/p><h3><span style=\"color: inherit; font-family: inherit; font-size: 1.75rem; text-align: var(--text-align);\">Fazit<\/span><\/h3><p>Das Internet in Kap Verde ist \u00fcber eine Vielzahl von Optionen verf\u00fcgbar, darunter mobile Daten, WiFi und Festnetz-Breitband. Die Internet-Penetrationsrate im Land liegt bei 80%, mit einer durchschnittlichen Download-Geschwindigkeit von 14,60 Mbit\/Sekunde und angemessener Signalqualit\u00e4t und Latenz.<\/p><p>Obwohl die meisten Orte \u00fcber einen Internetzugang verf\u00fcgen, ist es wichtig, die Verf\u00fcgbarkeit an bestimmten Orten zu pr\u00fcfen, bevor man eine Unterkunft bucht. F\u00fcr diejenigen, die w\u00e4hrend ihres Aufenthalts h\u00e4ufig einen Internetzugang ben\u00f6tigen, ist es m\u00f6glich, eine SIM-Karte mit vorausbezahltem mobilem Internet zu erschwinglichen Preisen zu kaufen.<\/p><\/div><\/div>\t\t\t\t\t\t<\/div>\n\t\t\t\t<\/div>\n\t\t\t\t\t<\/div>\n\t\t<\/div>\n\t\t\t\t\t\t\t<\/div>\n\t\t<\/section>\n\t\t\t\t\t\t\t<\/div>","protected":false},"excerpt":{"rendered":"<p>Kap Verde verf\u00fcgt \u00fcber Internet \u00fcber mobile Daten, WiFi und Festnetz-Breitband. Nach Angaben der Regulierungsbeh\u00f6rde f\u00fcr wirtschaftliche Aktivit\u00e4ten (ARME) liegt die Internet-Penetrationsrate (Zugangsniveau) im Land bei 80%. Kap Verde verf\u00fcgt derzeit \u00fcber 3G- und 4G-Netze. Beim Festnetz-Breitband ist die durchschnittliche Download-Geschwindigkeit [...]<\/p>","protected":false},"author":1,"featured_media":0,"parent":0,"menu_order":0,"comment_status":"closed","ping_status":"closed","template":"","meta":{"footnotes":""},"categories":[],"tags":[],"class_list":["post-1045","page","type-page","status-publish","hentry"],"_links":{"self":[{"href":"https:\/\/feelcaboverde.com\/de\/wp-json\/wp\/v2\/pages\/1045","targetHints":{"allow":["GET"]}}],"collection":[{"href":"https:\/\/feelcaboverde.com\/de\/wp-json\/wp\/v2\/pages"}],"about":[{"href":"https:\/\/feelcaboverde.com\/de\/wp-json\/wp\/v2\/types\/page"}],"author":[{"embeddable":true,"href":"https:\/\/feelcaboverde.com\/de\/wp-json\/wp\/v2\/users\/1"}],"replies":[{"embeddable":true,"href":"https:\/\/feelcaboverde.com\/de\/wp-json\/wp\/v2\/comments?post=1045"}],"version-history":[{"count":45,"href":"https:\/\/feelcaboverde.com\/de\/wp-json\/wp\/v2\/pages\/1045\/revisions"}],"predecessor-version":[{"id":4400,"href":"https:\/\/feelcaboverde.com\/de\/wp-json\/wp\/v2\/pages\/1045\/revisions\/4400"}],"wp:attachment":[{"href":"https:\/\/feelcaboverde.com\/de\/wp-json\/wp\/v2\/media?parent=1045"}],"wp:term":[{"taxonomy":"category","embeddable":true,"href":"https:\/\/feelcaboverde.com\/de\/wp-json\/wp\/v2\/categories?post=1045"},{"taxonomy":"post_tag","embeddable":true,"href":"https:\/\/feelcaboverde.com\/de\/wp-json\/wp\/v2\/tags?post=1045"}],"curies":[{"name":"wp","href":"https:\/\/api.w.org\/{rel}","templated":true}]}}