{"id":1037,"date":"2022-05-27T13:43:56","date_gmt":"2022-05-27T13:43:56","guid":{"rendered":"https:\/\/feelcaboverde.com\/?page_id=1037"},"modified":"2025-03-03T17:49:48","modified_gmt":"2025-03-03T17:49:48","slug":"impostos-e-taxas-para-visitantes","status":"publish","type":"page","link":"https:\/\/feelcaboverde.com\/de\/steuern-und-gebuehren-fuer-besucher\/","title":{"rendered":"Flughafensicherheitssteuer (TSA) und kapverdische Touristensteuer"},"content":{"rendered":"<div data-elementor-type=\"wp-page\" data-elementor-id=\"1037\" class=\"elementor elementor-1037\">\n\t\t\t\t\t\t\t\t\t<section data-particle_enable=\"false\" data-particle-mobile-disabled=\"false\" class=\"elementor-section elementor-top-section elementor-element elementor-element-43b54aea elementor-section-boxed elementor-section-height-default elementor-section-height-default\" data-id=\"43b54aea\" data-element_type=\"section\">\n\t\t\t\t\t\t<div class=\"elementor-container elementor-column-gap-default\">\n\t\t\t\t\t<div class=\"elementor-column elementor-col-100 elementor-top-column elementor-element elementor-element-6e42e8a5\" data-id=\"6e42e8a5\" data-element_type=\"column\">\n\t\t\t<div class=\"elementor-widget-wrap elementor-element-populated\">\n\t\t\t\t\t\t\t\t<div class=\"elementor-element elementor-element-56626ddb elementor-widget elementor-widget-text-editor\" data-id=\"56626ddb\" data-element_type=\"widget\" data-widget_type=\"text-editor.default\">\n\t\t\t\t<div class=\"elementor-widget-container\">\n\t\t\t<style>\/*! elementor - v3.7.1 - 14-08-2022 *\/\n.elementor-widget-text-editor.elementor-drop-cap-view-stacked .elementor-drop-cap{background-color:#818a91;color:#fff}.elementor-widget-text-editor.elementor-drop-cap-view-framed .elementor-drop-cap{color:#818a91;border:3px solid;background-color:transparent}.elementor-widget-text-editor:not(.elementor-drop-cap-view-default) .elementor-drop-cap{margin-top:8px}.elementor-widget-text-editor:not(.elementor-drop-cap-view-default) .elementor-drop-cap-letter{width:1em;height:1em}.elementor-widget-text-editor .elementor-drop-cap{float:left;text-align:center;line-height:1;font-size:50px}.elementor-widget-text-editor .elementor-drop-cap-letter{display:inline-block}<\/style>\t\t\t\t<p><span style=\"color: var( --e-global-color-text ); font-family: var( --e-global-typography-text-font-family ), Sans-serif; font-weight: var( --e-global-typography-text-font-weight ); text-align: var(--text-align); font-size: 1rem;\">Wenn Sie eine Reise nach Kap Verde planen, ist es wichtig, die obligatorischen Steuern zu kennen, die f\u00fcr Besucher anfallen k\u00f6nnen. In diesem Artikel erkl\u00e4ren wir alles \u00fcber die kapverdische Flughafensicherheitssteuer (TSA) und die Touristensteuer, einschlie\u00dflich der Betr\u00e4ge, der Zahlungsmodalit\u00e4ten, der Steuerbefreiung und vieles mehr.<\/span><\/p><p><span style=\"color: var( --e-global-color-text ); font-family: var( --e-global-typography-text-font-family ), Sans-serif; font-weight: var( --e-global-typography-text-font-weight ); text-align: var(--text-align); font-size: 1rem;\">\u00a0<\/span><\/p><p><b style=\"color: inherit; font-family: inherit; font-size: 1.75rem; text-align: var(--text-align);\">Kap Verdes Flughafensicherheitssteuer (TSA)<\/b><\/p><p><img decoding=\"async\" class=\"size-medium wp-image-5461 alignleft\" src=\"http:\/\/feelcaboverde.com\/wp-content\/uploads\/2025\/03\/Taxa-de-Seguranca-Aeroportuaria-Cabo-Verde-300x300.jpg\" alt=\"Kap Verde Flughafen-Sicherheitsabgabe. Kap Verde Flughafensteuer\" width=\"300\" height=\"300\" srcset=\"https:\/\/feelcaboverde.com\/wp-content\/uploads\/2025\/03\/Taxa-de-Seguranca-Aeroportuaria-Cabo-Verde-300x300.jpg 300w, https:\/\/feelcaboverde.com\/wp-content\/uploads\/2025\/03\/Taxa-de-Seguranca-Aeroportuaria-Cabo-Verde-1024x1024.jpg 1024w, https:\/\/feelcaboverde.com\/wp-content\/uploads\/2025\/03\/Taxa-de-Seguranca-Aeroportuaria-Cabo-Verde-150x150.jpg 150w, https:\/\/feelcaboverde.com\/wp-content\/uploads\/2025\/03\/Taxa-de-Seguranca-Aeroportuaria-Cabo-Verde-768x768.jpg 768w, https:\/\/feelcaboverde.com\/wp-content\/uploads\/2025\/03\/Taxa-de-Seguranca-Aeroportuaria-Cabo-Verde-1536x1536.jpg 1536w, https:\/\/feelcaboverde.com\/wp-content\/uploads\/2025\/03\/Taxa-de-Seguranca-Aeroportuaria-Cabo-Verde-12x12.jpg 12w, https:\/\/feelcaboverde.com\/wp-content\/uploads\/2025\/03\/Taxa-de-Seguranca-Aeroportuaria-Cabo-Verde.jpg 2048w\" sizes=\"(max-width: 300px) 100vw, 300px\" \/><\/p><div><div><p><span style=\"color: var( --e-global-color-text ); text-align: var(--text-align); font-size: 1rem;\">Die\u00a0<\/span><a style=\"text-align: var(--text-align); background-color: #ffffff; font-size: 1rem;\" href=\"https:\/\/portalconsular.mnec.gov.cv\/perguntas-frequentes\" rel=\"nofollow noopener\" target=\"_blank\">Flughafen-Sicherheitssteuer<\/a><span style=\"color: var( --e-global-color-text ); text-align: var(--text-align); font-size: 1rem;\">\u00a0(TSA) ist eine Geb\u00fchr f\u00fcr Dienstleistungen, die f\u00fcr Flugg\u00e4ste erbracht werden, und dient zur Deckung der Kosten f\u00fcr Personal, Material und Informationssysteme im Zusammenhang mit der Grenz- und Flughafensicherheit.<\/span><\/p><\/div><h2><span style=\"font-size: 2rem; text-align: var(--text-align);\">1. H\u00f6he des Flughafensicherheitsentgelts\u00a0<\/span><\/h2><div><ul><li><span style=\"color: var( --e-global-color-text ); font-family: var( --e-global-typography-text-font-family ), Sans-serif; text-align: var(--text-align); font-size: 1rem;\"><b>Internationale Fl\u00fcge: 3.400 CVE <\/b><\/span><span style=\"color: var( --e-global-color-text ); font-family: var( --e-global-typography-text-font-family ), Sans-serif; font-weight: var( --e-global-typography-text-font-weight ); text-align: var(--text-align); font-size: 1rem;\">(etwa 31 \u20ac) pro Person.<\/span><\/li><li><span style=\"color: var( --e-global-color-text ); font-family: var( --e-global-typography-text-font-family ), Sans-serif; text-align: var(--text-align); font-size: 1rem;\"><b>Inlandsfl\u00fcge (insel\u00fcbergreifend): 150 CVE<\/b><\/span><span style=\"color: var( --e-global-color-text ); font-family: var( --e-global-typography-text-font-family ), Sans-serif; font-weight: var( --e-global-typography-text-font-weight ); text-align: var(--text-align); font-size: 1rem;\"> (etwa 1,50 \u20ac) pro Person.<\/span><\/li><\/ul><\/div><div><span style=\"color: var( --e-global-color-text ); font-family: var( --e-global-typography-text-font-family ), Sans-serif; font-weight: var( --e-global-typography-text-font-weight ); text-align: var(--text-align); font-size: 1rem;\">\u00a0<\/span><\/div><div>Wenn Sie mit einer Agentur oder einem Buchungsservice reisen, erkundigen Sie sich dort, ob die TSA-Geb\u00fchr bereits im Paket enthalten ist.<\/div><div><span style=\"color: var( --e-global-color-text ); font-family: var( --e-global-typography-text-font-family ), Sans-serif; font-weight: var( --e-global-typography-text-font-weight ); text-align: var(--text-align); font-size: 32px;\">\u00a0<\/span><\/div><h2><span style=\"color: var( --e-global-color-text ); font-family: var( --e-global-typography-text-font-family ), Sans-serif; font-weight: var( --e-global-typography-text-font-weight ); text-align: var(--text-align); font-size: 32px;\">2.\u00a0<\/span><span style=\"color: var( --e-global-color-text ); font-family: var( --e-global-typography-text-font-family ), Sans-serif; font-weight: var( --e-global-typography-text-font-weight ); text-align: var(--text-align); background-color: transparent; font-size: 2rem;\">Wie bezahlen?\u00a0<\/span><span style=\"color: inherit; font-family: inherit; font-weight: var( --e-global-typography-text-font-weight ); text-align: var(--text-align); font-size: 2rem;\">Flughafen-Sicherheitssteuer?<\/span><\/h2><p>Die Flughafensicherheitssteuer kann auf zwei Arten gezahlt werden:<\/p><ul><li><span style=\"color: var( --e-global-color-text ); font-family: var( --e-global-typography-text-font-family ), Sans-serif; text-align: var(--text-align); font-size: 1rem;\"><b>Online<\/b><\/span><span style=\"color: var( --e-global-color-text ); font-family: var( --e-global-typography-text-font-family ), Sans-serif; font-weight: var( --e-global-typography-text-font-weight ); text-align: var(--text-align); font-size: 1rem;\">\u00dcber die Plattform <a href=\"https:\/\/registration.cv.zetes.com\/\" rel=\"nofollow noopener\" target=\"_blank\">EASE<\/a>.\u00a0<\/span>Alle ausl\u00e4ndischen Staatsangeh\u00f6rigen, die nach Kap Verde reisen m\u00f6chten, m\u00fcssen das <a href=\"https:\/\/registration.cv.zetes.com\/\" rel=\"nofollow noopener\" target=\"_blank\">Vorregistrierung bis zu f\u00fcnf Tage im Voraus<\/a> Ihrer Einreise in das Land und zahlen die Flughafensicherheitssteuer.<\/li><li><span style=\"color: var( --e-global-color-text ); font-family: var( --e-global-typography-text-font-family ), Sans-serif; text-align: var(--text-align); font-size: 1rem;\"><b>Bei der Ankunft am Flughafen<\/b><\/span><span style=\"color: var( --e-global-color-text ); font-family: var( --e-global-typography-text-font-family ), Sans-serif; font-weight: var( --e-global-typography-text-font-weight ); text-align: var(--text-align); font-size: 1rem;\">Wenn Sie sich nicht im Voraus angemeldet und die Geb\u00fchr online bezahlt haben, k\u00f6nnen Sie dies bei Ihrer Ankunft direkt am Flughafen tun. Wir empfehlen jedoch, im Voraus zu bezahlen, um Warteschlangen zu vermeiden\u00a0<\/span><span style=\"color: var( --e-global-color-text ); font-family: var( --e-global-typography-text-font-family ), Sans-serif; font-weight: var( --e-global-typography-text-font-weight ); text-align: var(--text-align); font-size: 1rem;\">bei der Einwanderungsbeh\u00f6rde<\/span><span style=\"color: var( --e-global-color-text ); font-family: var( --e-global-typography-text-font-family ), Sans-serif; font-weight: var( --e-global-typography-text-font-weight ); text-align: var(--text-align); font-size: 1rem;\">. In Zukunft wird diese Option nicht mehr angeboten werden.<\/span>\u00a0<\/li><\/ul><\/div><h2>\u00a0<\/h2><h2>3. Wer muss die Flughafensicherheitssteuer zahlen?<\/h2><p>Alle Flugg\u00e4ste, die auf nationalen Flugh\u00e4fen und Flugpl\u00e4tzen der folgenden L\u00e4nder aussteigen<a href=\"https:\/\/feelcaboverde.com\/de\/kap-verde\/\"> Kap Verde<\/a> die TSA bezahlen m\u00fcssen.<\/p><p>Sie sind <strong>von der Zahlung der TSA befreit<\/strong>:<\/p><ul><li>Inhaber eines kapverdischen Reisepasses auf internationalen Fl\u00fcgen;<\/li><li>In Kap Verde geborene Personen sowie deren Ehegatten und Nachkommen;<\/li><li>In Kap Verde lebende Ausl\u00e4nder;<\/li><li>Kinder unter 2 Jahren, unabh\u00e4ngig von ihrer Nationalit\u00e4t;<\/li><li>Passagiere in offizieller Mission, die in einem Flugzeug des Staates Kap Verde oder eines ausl\u00e4ndischen Staates an Bord gehen;<\/li><li>Flugg\u00e4ste in Flugzeugen, die aus technischen oder meteorologischen Gr\u00fcnden oder aus anderen, ordnungsgem\u00e4\u00df nachgewiesenen Gr\u00fcnden h\u00f6herer Gewalt zwangsweise zur\u00fcckkehren m\u00fcssen.<\/li><\/ul><div><br \/><br \/><\/div><div><b style=\"color: inherit; font-family: inherit; text-align: var(--text-align); font-size: 1.75rem;\">Kurtaxe Kap Verde<\/b><\/div><p><span style=\"color: var( --e-global-color-text ); font-family: var( --e-global-typography-text-font-family ), Sans-serif; font-weight: var( --e-global-typography-text-font-weight ); text-align: var(--text-align); font-size: 1rem;\"><img decoding=\"async\" class=\"size-medium wp-image-5460 alignleft\" src=\"http:\/\/feelcaboverde.com\/wp-content\/uploads\/2025\/03\/Tourist-Tax_-Taxa-Turistica-Cabo-Verde-300x300.jpg\" alt=\"Kurtaxe Kap Verde. Kap Verde Touristensteuer\" width=\"300\" height=\"300\" srcset=\"https:\/\/feelcaboverde.com\/wp-content\/uploads\/2025\/03\/Tourist-Tax_-Taxa-Turistica-Cabo-Verde-300x300.jpg 300w, https:\/\/feelcaboverde.com\/wp-content\/uploads\/2025\/03\/Tourist-Tax_-Taxa-Turistica-Cabo-Verde-1024x1024.jpg 1024w, https:\/\/feelcaboverde.com\/wp-content\/uploads\/2025\/03\/Tourist-Tax_-Taxa-Turistica-Cabo-Verde-150x150.jpg 150w, https:\/\/feelcaboverde.com\/wp-content\/uploads\/2025\/03\/Tourist-Tax_-Taxa-Turistica-Cabo-Verde-768x768.jpg 768w, https:\/\/feelcaboverde.com\/wp-content\/uploads\/2025\/03\/Tourist-Tax_-Taxa-Turistica-Cabo-Verde-1536x1536.jpg 1536w, https:\/\/feelcaboverde.com\/wp-content\/uploads\/2025\/03\/Tourist-Tax_-Taxa-Turistica-Cabo-Verde-12x12.jpg 12w, https:\/\/feelcaboverde.com\/wp-content\/uploads\/2025\/03\/Tourist-Tax_-Taxa-Turistica-Cabo-Verde.jpg 2048w\" sizes=\"(max-width: 300px) 100vw, 300px\" \/><\/span><\/p><p><span style=\"color: var( --e-global-color-text ); font-family: var( --e-global-typography-text-font-family ), Sans-serif; font-weight: var( --e-global-typography-text-font-weight ); text-align: var(--text-align); font-size: 1rem;\">Die <\/span><span style=\"color: var( --e-global-color-text ); font-family: var( --e-global-typography-text-font-family ), Sans-serif; text-align: var(--text-align); font-size: 1rem;\"><b>Kurtaxe Kap Verde<\/b><\/span><span style=\"color: var( --e-global-color-text ); font-family: var( --e-global-typography-text-font-family ), Sans-serif; font-weight: var( --e-global-typography-text-font-weight ); text-align: var(--text-align); font-size: 1rem;\"> ist eine Steuer, die von allen Besuchern erhoben wird, die in kapverdischen Beherbergungsbetrieben wie Hotels, Herbergen, Wohnungen, Pensionen oder anderen Unterkunftsarten \u00fcbernachten. Der Zweck dieser Steuer ist die Finanzierung der Entwicklung und F\u00f6rderung des Tourismus im Land,\u00a0<\/span><span style=\"color: var( --e-global-color-text ); font-family: var( --e-global-typography-text-font-family ), Sans-serif; font-weight: var( --e-global-typography-text-font-weight ); text-align: var(--text-align); font-size: 1rem;\">die eine der wichtigsten (und wenigen) Einnahmequellen des Landes ist<\/span><span style=\"color: var( --e-global-color-text ); font-family: var( --e-global-typography-text-font-family ), Sans-serif; font-weight: var( --e-global-typography-text-font-weight ); text-align: var(--text-align); font-size: 1rem;\">.<\/span><\/p><h2><span style=\"color: inherit; font-family: inherit; text-align: var(--text-align); font-size: 2rem;\">1. Wert von\u00a0<\/span><span style=\"color: inherit; font-family: inherit; text-align: var(--text-align); font-size: 2rem;\">Kurtaxe Kap Verde<\/span><\/h2><div><div>Der Wert von<b> Die Kurtaxe auf den Kapverden betr\u00e4gt 2,50 \u20ac (276 CVE) pro Person und pro Nacht.<\/b>bis zu maximal 10 \u00dcbernachtungen (25 \u20ac pro Gast).<\/div><div>\u00a0<\/div><div>Besucher unter 16 Jahren sind von der Anmeldepflicht befreit.\u00a0<span style=\"color: var( --e-global-color-text ); font-family: var( --e-global-typography-text-font-family ), Sans-serif; font-weight: var( --e-global-typography-text-font-weight ); text-align: var(--text-align); font-size: 1rem;\">Kurtaxe<\/span><span style=\"color: var( --e-global-color-text ); font-family: var( --e-global-typography-text-font-family ), Sans-serif; font-weight: var( --e-global-typography-text-font-weight ); text-align: var(--text-align); font-size: 1rem;\">.<\/span><\/div><div><span style=\"color: var( --e-global-color-text ); font-family: var( --e-global-typography-text-font-family ), Sans-serif; font-weight: var( --e-global-typography-text-font-weight ); text-align: var(--text-align); font-size: 1rem;\">\u00a0<\/span><\/div><\/div><h2>2.\u00a0<span style=\"text-align: var(--text-align);\">Wie wird die Kurtaxe erhoben?<\/span><\/h2><div><span style=\"color: var( --e-global-color-text ); font-family: var( --e-global-typography-text-font-family ), Sans-serif; font-size: 1rem; font-weight: var( --e-global-typography-text-font-weight ); text-align: var(--text-align);\">Die Geb\u00fchr wird direkt vom Beherbergungsbetrieb erhoben, in der Regel beim Check-in oder Check-out.<\/span><\/div><div><div>\u00a0<\/div><div>In einigen F\u00e4llen ist der Betrag bereits im Preis der Buchung enthalten. Erkundigen Sie sich bei Ihrem Reiseb\u00fcro oder direkt beim Beherbergungsbetrieb, ob die Steuern bereits im Paket oder in der Buchung enthalten sind, um \u00dcberraschungen beim Check-in oder Check-out zu vermeiden.<\/div><div>\u00a0<\/div><\/div><h3><b>H\u00e4ufig gestellte Fragen (Q&amp;A)<\/b><\/h3><div><p><b>a) Was ist der Unterschied zwischen der TSA und der kapverdischen Touristensteuer?<\/b><\/p><div>Die Flughafensicherheitssteuer (TSA) wird von allen ausl\u00e4ndischen Passagieren erhoben, die in Kap Verde ankommen, um die Kosten f\u00fcr die Flughafensicherheit und die Instandhaltung der Infrastruktur zu decken. Die Touristensteuer wird von allen Besuchern erhoben, die in den Unterk\u00fcnften des Landes \u00fcbernachten, und dient der Finanzierung der Entwicklung des Tourismus.<\/div><div>\u00a0<\/div><\/div><p><span style=\"color: var( --e-global-color-text ); font-family: var( --e-global-typography-text-font-family ), Sans-serif; text-align: var(--text-align); font-size: 1rem;\"><b>b) Wie hoch ist die Flughafensicherheitssteuer (TSA)?<\/b><\/span><\/p><div><div>Internationale Fl\u00fcge: 3.400 CVE (rund 31 \u20ac) pro Person.<\/div><div><span style=\"color: var( --e-global-color-text ); font-family: var( --e-global-typography-text-font-family ), Sans-serif; font-weight: var( --e-global-typography-text-font-weight ); text-align: var(--text-align); font-size: 1rem;\">Inlandsfl\u00fcge (zwischen den Inseln): 150 CVE (etwa 1,50 \u20ac) pro Person.<\/span><\/div><div>\u00a0<\/div><p><b>c) Wie zahle ich die Flughafensicherheitssteuer?<\/b><\/p><div>Online: \u00dcber die Plattform <a href=\"https:\/\/registration.cv.zetes.com\/\" rel=\"nofollow noopener\" target=\"_blank\">EASE<\/a>mit Voranmeldung bis zu 5 Tage vor der Reise.<\/div><div><span style=\"color: var( --e-global-color-text ); font-family: var( --e-global-typography-text-font-family ), Sans-serif; font-weight: var( --e-global-typography-text-font-weight ); text-align: var(--text-align); font-size: 1rem;\">Am Flughafen: Wenn Sie nicht online bezahlt haben, k\u00f6nnen Sie bei Ihrer Ankunft direkt am Flughafen bezahlen.<\/span><\/div><div>\u00a0<\/div><p><b>d) Wer muss die Flughafensicherheitssteuer zahlen?<\/b><\/p><div><div>Alle ausl\u00e4ndischen Passagiere, au\u00dfer: t<span style=\"color: var( --e-global-color-text ); font-family: var( --e-global-typography-text-font-family ), Sans-serif; font-weight: var( --e-global-typography-text-font-weight ); text-align: var(--text-align); font-size: 1rem;\">Inhaber eines kapverdischen Reisepasses auf internationalen Fl\u00fcgen, c<\/span><span style=\"color: var( --e-global-color-text ); font-family: var( --e-global-typography-text-font-family ), Sans-serif; font-weight: var( --e-global-typography-text-font-weight ); text-align: var(--text-align); font-size: 1rem;\">Kinder unter 2 Jahren, und<\/span><span style=\"color: var( --e-global-color-text ); font-family: var( --e-global-typography-text-font-family ), Sans-serif; font-weight: var( --e-global-typography-text-font-weight ); text-align: var(--text-align); font-size: 1rem;\">in Kap Verde lebende Ausl\u00e4nder, p<\/span><span style=\"color: var( --e-global-color-text ); font-family: var( --e-global-typography-text-font-family ), Sans-serif; font-weight: var( --e-global-typography-text-font-weight ); text-align: var(--text-align); font-size: 1rem;\">Passagiere auf offiziellen Missionen oder Staatsfl\u00fcgen.<\/span><\/div><div>\u00a0<\/div><p><b>e) Wie g\u00fcltig ist die Zahlung der Flughafensicherheitssteuer?<\/b><\/p><div>Die TSA-Zahlung gilt f\u00fcr die Einreise in das Land an dem gew\u00e4hlten Datum.<\/div><\/div><\/div><div><span style=\"color: var( --e-global-color-text ); font-family: var( --e-global-typography-text-font-family ), Sans-serif; font-weight: var( --e-global-typography-text-font-weight ); text-align: var(--text-align); font-size: 1rem;\">\u00a0<\/span><\/div><p><b><span style=\"color: var( --e-global-color-text ); font-family: var( --e-global-typography-text-font-family ), Sans-serif; text-align: var(--text-align); font-size: 1rem;\">f) Wie hoch ist die kapverdische Touristensteuer?<\/span><\/b><\/p><p>2,50 \u20ac (276 CVE) pro Person, pro Nacht, bis zu einem Maximum von 10 N\u00e4chten (25 \u20ac insgesamt).<\/p><p><span style=\"color: var( --e-global-color-text ); font-family: var( --e-global-typography-text-font-family ), Sans-serif; font-size: 1rem; text-align: var(--text-align);\"><b>g) Ist die Kurtaxe im Preis der Buchung enthalten?<\/b><\/span><\/p><p>Das h\u00e4ngt von der jeweiligen Einrichtung oder dem Reiseb\u00fcro ab. Pr\u00fcfen Sie im Voraus, ob der Preis bereits in Ihrem Paket enthalten ist.<\/p><p><span style=\"color: var( --e-global-color-text ); font-family: var( --e-global-typography-text-font-family ), Sans-serif; text-align: var(--text-align); font-size: 1rem;\"><b>h) Gilt die Touristensteuer auch f\u00fcr Kinder?<\/b><\/span><\/p><p>Nein, Kinder unter 16 Jahren sind davon ausgenommen.<\/p><p><b>i<span style=\"color: var( --e-global-color-text ); font-family: var( --e-global-typography-text-font-family ), Sans-serif; text-align: var(--text-align); font-size: 1rem;\">) Muss ich f\u00fcr die Einreise nach Kap Verde eine Geb\u00fchr bezahlen?<\/span><\/b><\/p><p>Ja, alle ausl\u00e4ndischen Besucher m\u00fcssen die Flughafensicherheitssteuer (TSA) entrichten. Dar\u00fcber hinaus m\u00fcssen Sie bei einem Aufenthalt auch die Touristensteuer bezahlen.<\/p><div>\u00a0<\/div><h5><b style=\"color: inherit; font-family: inherit; text-align: var(--text-align); font-size: 1.75rem;\">Fazit<\/b><\/h5><div>Wenn Sie nach Kap Verde reisen, sollten Sie sich unbedingt \u00fcber die Steuern informieren, die f\u00fcr Besucher anfallen k\u00f6nnen, darunter die Flughafensicherheitssteuer und die kapverdische Touristensteuer. Die Flughafensicherheitssteuer muss von allen ausl\u00e4ndischen Staatsb\u00fcrgern, die nach Kap Verde reisen, entrichtet werden und dient zur Deckung der Kosten f\u00fcr die Flughafensicherheit.\u00a0<span style=\"color: var( --e-global-color-text ); font-family: var( --e-global-typography-text-font-family ), Sans-serif; font-weight: var( --e-global-typography-text-font-weight ); text-align: var(--text-align); font-size: 1rem;\">Die Fremdenverkehrsabgabe wird von allen Besuchern erhoben, die in Beherbergungsbetrieben \u00fcbernachten, und wird f\u00fcr die Entwicklung und F\u00f6rderung des Tourismus im Land verwendet. Erkundigen Sie sich bei Ihrem Reiseb\u00fcro oder Buchungsservice, ob diese Steuern bereits in Ihrem Reisepaket enthalten sind.\u00a0<\/span><\/div><div><span style=\"color: var( --e-global-color-text ); font-family: var( --e-global-typography-text-font-family ), Sans-serif; font-weight: var( --e-global-typography-text-font-weight ); text-align: var(--text-align); font-size: 1rem;\">\u00a0<\/span><\/div><h5><span style=\"text-align: var(--text-align);\"><b>Extra Tipps<\/b><\/span><\/h5><div><ul><li>Vorregistrierung <a href=\"https:\/\/registration.cv.zetes.com\/\" rel=\"nofollow noopener\" target=\"_blank\">online <\/a>von der TSA, um Warteschlangen am Flughafen zu vermeiden.<\/li><li>Bewahren Sie alle Zahlungsbelege auf.<\/li><li>Pr\u00fcfen Sie im Voraus, ob die Steuern in Ihrem Reisepaket enthalten sind.<\/li><\/ul><div>\u00a0<\/div><div>Weitere Informationen dar\u00fcber, was Sie vor einer Reise nach Deutschland wissen m\u00fcssen, finden Sie unter <a href=\"https:\/\/feelcaboverde.com\/de\/kap-verde\/\">Kap Verde<\/a>, konsultieren Sie unser <a href=\"https:\/\/feelcaboverde.com\/de\/vollstandige-reiseinformationen-kap-verde\/\">A-Z Reisef\u00fchrer<\/a>!<\/div><div>\u00a0<\/div><\/div>\t\t\t\t\t\t<\/div>\n\t\t\t\t<\/div>\n\t\t\t\t\t<\/div>\n\t\t<\/div>\n\t\t\t\t\t\t\t<\/div>\n\t\t<\/section>\n\t\t\t\t\t\t\t<\/div>","protected":false},"excerpt":{"rendered":"<p>Wenn Sie eine Reise nach Kap Verde planen, sollten Sie sich unbedingt \u00fcber die obligatorischen Steuern informieren, die f\u00fcr Besucher anfallen k\u00f6nnen. In diesem Artikel erkl\u00e4ren wir alles \u00fcber die Flughafensicherheitssteuer (TSA) und die kapverdische Touristensteuer, einschlie\u00dflich der Betr\u00e4ge, der Zahlungsmodalit\u00e4ten, der Steuerbefreiung und vieles mehr.   Flughafensicherheitssteuer (TSA) [...]<\/p>","protected":false},"author":1,"featured_media":0,"parent":0,"menu_order":0,"comment_status":"closed","ping_status":"closed","template":"","meta":{"footnotes":""},"categories":[],"tags":[],"class_list":["post-1037","page","type-page","status-publish","hentry"],"_links":{"self":[{"href":"https:\/\/feelcaboverde.com\/de\/wp-json\/wp\/v2\/pages\/1037","targetHints":{"allow":["GET"]}}],"collection":[{"href":"https:\/\/feelcaboverde.com\/de\/wp-json\/wp\/v2\/pages"}],"about":[{"href":"https:\/\/feelcaboverde.com\/de\/wp-json\/wp\/v2\/types\/page"}],"author":[{"embeddable":true,"href":"https:\/\/feelcaboverde.com\/de\/wp-json\/wp\/v2\/users\/1"}],"replies":[{"embeddable":true,"href":"https:\/\/feelcaboverde.com\/de\/wp-json\/wp\/v2\/comments?post=1037"}],"version-history":[{"count":73,"href":"https:\/\/feelcaboverde.com\/de\/wp-json\/wp\/v2\/pages\/1037\/revisions"}],"predecessor-version":[{"id":5479,"href":"https:\/\/feelcaboverde.com\/de\/wp-json\/wp\/v2\/pages\/1037\/revisions\/5479"}],"wp:attachment":[{"href":"https:\/\/feelcaboverde.com\/de\/wp-json\/wp\/v2\/media?parent=1037"}],"wp:term":[{"taxonomy":"category","embeddable":true,"href":"https:\/\/feelcaboverde.com\/de\/wp-json\/wp\/v2\/categories?post=1037"},{"taxonomy":"post_tag","embeddable":true,"href":"https:\/\/feelcaboverde.com\/de\/wp-json\/wp\/v2\/tags?post=1037"}],"curies":[{"name":"wp","href":"https:\/\/api.w.org\/{rel}","templated":true}]}}