{"id":1029,"date":"2022-05-27T13:42:42","date_gmt":"2022-05-27T13:42:42","guid":{"rendered":"https:\/\/feelcaboverde.com\/?page_id=1029"},"modified":"2023-04-02T16:48:51","modified_gmt":"2023-04-02T16:48:51","slug":"gorjeta","status":"publish","type":"page","link":"https:\/\/feelcaboverde.com\/de\/trinkgeld-in-kap-verde\/","title":{"rendered":"Tipp"},"content":{"rendered":"<div data-elementor-type=\"wp-page\" data-elementor-id=\"1029\" class=\"elementor elementor-1029\">\n\t\t\t\t\t\t\t\t\t<section data-particle_enable=\"false\" data-particle-mobile-disabled=\"false\" class=\"elementor-section elementor-top-section elementor-element elementor-element-43b54aea elementor-section-boxed elementor-section-height-default elementor-section-height-default\" data-id=\"43b54aea\" data-element_type=\"section\">\n\t\t\t\t\t\t<div class=\"elementor-container elementor-column-gap-default\">\n\t\t\t\t\t<div class=\"elementor-column elementor-col-100 elementor-top-column elementor-element elementor-element-6e42e8a5\" data-id=\"6e42e8a5\" data-element_type=\"column\">\n\t\t\t<div class=\"elementor-widget-wrap elementor-element-populated\">\n\t\t\t\t\t\t\t\t<div class=\"elementor-element elementor-element-56626ddb elementor-widget elementor-widget-text-editor\" data-id=\"56626ddb\" data-element_type=\"widget\" data-widget_type=\"text-editor.default\">\n\t\t\t\t<div class=\"elementor-widget-container\">\n\t\t\t<style>\/*! elementor - v3.7.1 - 14-08-2022 *\/\n.elementor-widget-text-editor.elementor-drop-cap-view-stacked .elementor-drop-cap{background-color:#818a91;color:#fff}.elementor-widget-text-editor.elementor-drop-cap-view-framed .elementor-drop-cap{color:#818a91;border:3px solid;background-color:transparent}.elementor-widget-text-editor:not(.elementor-drop-cap-view-default) .elementor-drop-cap{margin-top:8px}.elementor-widget-text-editor:not(.elementor-drop-cap-view-default) .elementor-drop-cap-letter{width:1em;height:1em}.elementor-widget-text-editor .elementor-drop-cap{float:left;text-align:center;line-height:1;font-size:50px}.elementor-widget-text-editor .elementor-drop-cap-letter{display:inline-block}<\/style>\t\t\t\t<h4><strong>Trinkgeld auf den Kapverden<\/strong><\/h4>\n<p><span style=\"color: var( --e-global-color-text ); font-family: var( --e-global-typography-text-font-family ), Sans-serif; font-weight: var( --e-global-typography-text-font-weight ); text-align: var(--text-align); font-size: 1rem;\">In vielen L\u00e4ndern ist es \u00fcblich, als Dankesch\u00f6n f\u00fcr die erbrachte Leistung ein Trinkgeld zu geben.<\/span><\/p>\n<p>Trinkgelder sind in Kap Verde jedoch nicht obligatorisch, so dass es keinen festen Satz oder Betrag gibt. Dennoch ist es weit verbreitet&nbsp;<span style=\"color: var( --e-global-color-text ); font-family: var( --e-global-typography-text-font-family ), Sans-serif; font-weight: var( --e-global-typography-text-font-weight ); text-align: var(--text-align); font-size: 1rem;\">Es wird gesch\u00e4tzt, wenn Kunden ein Trinkgeld hinterlassen.&nbsp;<\/span><\/p>\n<p>Wenn Sie also mit dem Service in einer Einrichtung (Restaurant, Taxi, Hotel und Dienstleistungen im Allgemeinen) zufrieden sind, k\u00f6nnen Sie nach Belieben einen Wert als Anerkennung f\u00fcr den geleisteten Service hinterlassen, der dankbar angenommen wird. Dies ist v\u00f6llig freiwillig und Sie werden nicht bestraft, wenn Sie es nicht tun.<\/p>\n<p><\/p>\t\t\t\t\t\t<\/div>\n\t\t\t\t<\/div>\n\t\t\t\t\t<\/div>\n\t\t<\/div>\n\t\t\t\t\t\t\t<\/div>\n\t\t<\/section>\n\t\t\t\t\t\t\t<\/div>","protected":false},"excerpt":{"rendered":"<p>Trinkgeld auf den Kapverden In vielen L\u00e4ndern ist es \u00fcblich, als Dankesch\u00f6n f\u00fcr die erbrachte Leistung ein Trinkgeld zu geben. In Kap Verde ist Trinkgeld jedoch nicht obligatorisch, und es gibt daher keinen festen Satz oder Betrag f\u00fcr Trinkgeld. Dennoch wird es sehr gesch\u00e4tzt, wenn Kunden ein Trinkgeld geben.  Wenn Sie also zufrieden sind [...]<\/p>","protected":false},"author":1,"featured_media":0,"parent":0,"menu_order":0,"comment_status":"closed","ping_status":"closed","template":"","meta":{"footnotes":""},"categories":[],"tags":[],"class_list":["post-1029","page","type-page","status-publish","hentry"],"_links":{"self":[{"href":"https:\/\/feelcaboverde.com\/de\/wp-json\/wp\/v2\/pages\/1029","targetHints":{"allow":["GET"]}}],"collection":[{"href":"https:\/\/feelcaboverde.com\/de\/wp-json\/wp\/v2\/pages"}],"about":[{"href":"https:\/\/feelcaboverde.com\/de\/wp-json\/wp\/v2\/types\/page"}],"author":[{"embeddable":true,"href":"https:\/\/feelcaboverde.com\/de\/wp-json\/wp\/v2\/users\/1"}],"replies":[{"embeddable":true,"href":"https:\/\/feelcaboverde.com\/de\/wp-json\/wp\/v2\/comments?post=1029"}],"version-history":[{"count":14,"href":"https:\/\/feelcaboverde.com\/de\/wp-json\/wp\/v2\/pages\/1029\/revisions"}],"predecessor-version":[{"id":4337,"href":"https:\/\/feelcaboverde.com\/de\/wp-json\/wp\/v2\/pages\/1029\/revisions\/4337"}],"wp:attachment":[{"href":"https:\/\/feelcaboverde.com\/de\/wp-json\/wp\/v2\/media?parent=1029"}],"wp:term":[{"taxonomy":"category","embeddable":true,"href":"https:\/\/feelcaboverde.com\/de\/wp-json\/wp\/v2\/categories?post=1029"},{"taxonomy":"post_tag","embeddable":true,"href":"https:\/\/feelcaboverde.com\/de\/wp-json\/wp\/v2\/tags?post=1029"}],"curies":[{"name":"wp","href":"https:\/\/api.w.org\/{rel}","templated":true}]}}